{"id":22911,"date":"2024-06-12T13:27:26","date_gmt":"2024-06-12T13:27:26","guid":{"rendered":"https:\/\/onthegosystems.com\/layouts-warenzeichenpolitik\/"},"modified":"2025-09-08T07:08:29","modified_gmt":"2025-09-08T07:08:29","slug":"layouts-warenzeichenpolitik","status":"publish","type":"page","link":"https:\/\/onthegosystems.com\/de\/legal\/layouts-warenzeichenpolitik\/","title":{"rendered":"Layouts-Markenrichtlinie"},"content":{"rendered":"<p><strong>Grunds\u00e4tze f\u00fcr die Verwendung der Marke Layouts (Logo)<\/strong><\/p>\n<p>OnTheGoSystems Limited besitzt und \u00fcberwacht die Marke Layouts (Logo). Daher ist jede Verwendung des Namens als Teil eines Projekts, Produkts, einer Dienstleistung, Domain oder eines Firmennamens, die mit der Marke Layouts (Logo) identisch oder \u00e4hnlich ist, unbefugt. <\/p>\n<p>OnTheGoSystems Limited wendet jedoch mehrere Grunds\u00e4tze an, um die Verwendung der Marke zu gestatten.<\/p>\n<p>Im Folgenden wird erl\u00e4utert, wie mit OnTheGoSystems verbundene Unternehmen und Projekte den Namen Layouts (Logo) verwenden d\u00fcrfen und wie nicht.<\/p>\n<ol>\n<li>OnTheGoSystems Limited ist daran interessiert, dass andere die Marke Layouts (Logo) in einer Weise verwenden, die das Gesch\u00e4ft von OnTheGoSystems Limited f\u00f6rdert.<\/li>\n<li>OnTheGoSystems Limited ist daran interessiert, jedem die Verwendung des Namens Layouts (Logo) zu verweigern, um sich unlauter zu bereichern oder diejenigen zu verwirren, die nach offiziellen OnTheGoSystems-Ressourcen suchen.<\/li>\n<\/ol>\n<p><strong>Richtlinie zur Verwendung der Marke Layouts (Logo)<\/strong><\/p>\n<p>OnTheGoSystems Limited wird die unbefugte Verwendung des Namens als Teil eines Projekts, Produkts, einer Dienstleistung, Domain oder eines Firmennamens, die mit der Marke Layouts (Logo) identisch oder \u00e4hnlich ist, verhindern.<\/p>\n<p>OnTheGoSystems Limited kann jedoch einer Person oder einem Unternehmen (im Folgenden \u201eBenutzer\u201c) die Erlaubnis erteilen, den Namen Layouts (Logo) f\u00fcr Projekte zu verwenden, die alle folgenden Kriterien erf\u00fcllen:<\/p>\n<ul>\n<li>Das Projekt des Benutzers wirbt f\u00fcr Produkte und Dienstleistungen von OnTheGoSystems<\/li>\n<li>Das Projekt des Benutzers ist nichtkommerzieller Natur, mit Ausnahme der Deckung von Kosten oder der Unterst\u00fctzung von gemeinn\u00fctzigen Organisationen. Die Verwendung der Marke Layouts (Logo) f\u00fcr Projekte, die auf Gewinn ausgerichtet sind, gilt als unbefugte Nutzung. <\/li>\n<li>Das Projekt des Benutzers wirbt nicht f\u00fcr Unternehmen, die die GPL-Lizenz (General Public License) nicht einhalten.<\/li>\n<li>Das Projekt des Benutzers steht in keiner Verbindung zu Unternehmen, die die GPL-Lizenz nicht einhalten.<\/li>\n<\/ul>\n<p><strong>Zul\u00e4ssige Verwendung der Marke Layouts (Logo)<\/strong><\/p>\n<p>Wenn das Projekt des Benutzers alle diese Kriterien erf\u00fcllt, erlaubt OnTheGoSystems Limited die Verwendung des Namens Layouts (Logo) f\u00fcr jede Verwendung, die nicht Teil eines Domainnamens ist.<\/p>\n<p>Die zul\u00e4ssige Verwendung des Namens Layouts (Logo) dient nur dem Verweis auf die Dienstleistungen des Benutzers und\/oder der Erl\u00e4uterung dieser. Es ist dem Benutzer nicht gestattet, den Namen Layouts (Logo) als Teil eines Produkts, Projekts, einer Dienstleistung, Domain oder eines Firmennamens zu verwenden. Es ist dem Benutzer nicht gestattet, den Namen Layouts (Logo) in einer Weise zu verwenden, die eine Zugeh\u00f6rigkeit zu OnTheGoSystems Limited oder dem OnTheGoSystems Open-Source-Projekt oder eine Billigung durch diese suggeriert.  <\/p>\n<p><strong>Beispiele f\u00fcr die zul\u00e4ssige Verwendung der Marke Layouts (Logo)<\/strong><\/p>\n<p>Ein Beratungsunternehmen kann beispielsweise sein Gesch\u00e4ft als Webdienstleistungsunternehmen beschreiben, das Produkte oder Dienstleistungen unter Layouts (Logo) Consulting f\u00fcr kleine Unternehmen anbietet; dem Beratungsunternehmen ist es <span style=\"text-decoration: underline;\">nicht<\/span> gestattet, sein Unternehmen \u201eThe Layouts (Logo) Consulting Company\u201c zu nennen.<\/p>\n<p>Ein Benutzer darf den Namen Layouts (Logo) als Teil einer Seite erw\u00e4hnen, die die Produkte oder Dienstleistungen des Benutzers beschreibt; der Benutzer darf den Namen Layouts (Logo) <span style=\"text-decoration: underline;\">nicht<\/span> als Teil des Unternehmens- oder Produkt-Brandings des Benutzers selbst verwenden.<\/p>\n<p>Kein Benutzer darf den Namen Layouts (Logo) als Teil eines Domainnamens verwenden oder die Marke in der Werbung einsetzen.<\/p>\n<p><strong>Zusammenfassung<\/strong><\/p>\n<p>Die Richtlinie soll die kommerziellen Aktivit\u00e4ten rund um OnTheGoSystems nicht einschr\u00e4nken. OnTheGoSystems f\u00f6rdert OnTheGoSystems-basierte Unternehmen, und viele von ihnen florieren in \u00dcbereinstimmung mit dieser Richtlinie. <\/p>\n<p>Die Abk\u00fcrzung \u201eTP\u201c ist nicht durch die Marke Layouts (Logo) gesch\u00fctzt und kann frei verwendet werden.<\/p>\n<p>Wenn Sie Zweifel an Ihrer Verwendung des Namens Layouts (Logo) haben, wenden Sie sich bitte an <a title=\"Kontakt\" href=\"https:\/\/onthegosystems.com\/de\/kontakt\/\">OnTheGoSystems Limited<\/a>, um eine Kl\u00e4rung zu erhalten.<\/p>\n","protected":false},"excerpt":{"rendered":"<p>Grunds\u00e4tze f\u00fcr die Verwendung der Marke Layouts (Logo) OnTheGoSystems Limited besitzt und \u00fcberwacht die Marke Layouts (Logo). Daher ist jede Verwendung des Namens als Teil eines Projekts, Produkts, einer Dienstleistung, Domain oder eines Firmennamens, die mit der Marke Layouts (Logo) identisch oder \u00e4hnlich ist, unbefugt. OnTheGoSystems Limited wendet jedoch mehrere Grunds\u00e4tze an, um die Verwendung [&hellip;]<\/p>\n","protected":false},"author":19,"featured_media":0,"parent":22963,"menu_order":0,"comment_status":"closed","ping_status":"closed","template":"","meta":{"footnotes":""},"class_list":["post-22911","page","type-page","status-publish","hentry"],"yoast_head":"<!-- This site is optimized with the Yoast SEO plugin v27.3 - https:\/\/yoast.com\/product\/yoast-seo-wordpress\/ -->\n<title>Layouts-Markenrichtlinie - OnTheGoSystems<\/title>\n<meta name=\"robots\" content=\"index, follow, max-snippet:-1, max-image-preview:large, max-video-preview:-1\" \/>\n<link rel=\"canonical\" href=\"https:\/\/onthegosystems.com\/de\/legal\/layouts-warenzeichenpolitik\/\" \/>\n<meta property=\"og:locale\" content=\"de_DE\" \/>\n<meta property=\"og:type\" content=\"article\" \/>\n<meta property=\"og:title\" content=\"Layouts-Markenrichtlinie - OnTheGoSystems\" \/>\n<meta property=\"og:description\" content=\"Grunds\u00e4tze f\u00fcr die Verwendung der Marke Layouts (Logo) OnTheGoSystems Limited besitzt und \u00fcberwacht die Marke Layouts (Logo). Daher ist jede Verwendung des Namens als Teil eines Projekts, Produkts, einer Dienstleistung, Domain oder eines Firmennamens, die mit der Marke Layouts (Logo) identisch oder \u00e4hnlich ist, unbefugt. OnTheGoSystems Limited wendet jedoch mehrere Grunds\u00e4tze an, um die Verwendung [&hellip;]\" \/>\n<meta property=\"og:url\" content=\"https:\/\/onthegosystems.com\/de\/legal\/layouts-warenzeichenpolitik\/\" \/>\n<meta property=\"og:site_name\" content=\"OnTheGoSystems\" \/>\n<meta property=\"article:modified_time\" content=\"2025-09-08T07:08:29+00:00\" \/>\n<meta name=\"twitter:card\" content=\"summary_large_image\" \/>\n<meta name=\"twitter:label1\" content=\"Gesch\u00e4tzte Lesezeit\" \/>\n\t<meta name=\"twitter:data1\" content=\"3\u00a0Minuten\" \/>\n<script type=\"application\/ld+json\" class=\"yoast-schema-graph\">{\"@context\":\"https:\\\/\\\/schema.org\",\"@graph\":[{\"@type\":\"WebPage\",\"@id\":\"https:\\\/\\\/onthegosystems.com\\\/de\\\/legal\\\/layouts-warenzeichenpolitik\\\/\",\"url\":\"https:\\\/\\\/onthegosystems.com\\\/de\\\/legal\\\/layouts-warenzeichenpolitik\\\/\",\"name\":\"Layouts-Markenrichtlinie - OnTheGoSystems\",\"isPartOf\":{\"@id\":\"https:\\\/\\\/onthegosystems.com\\\/de\\\/#website\"},\"datePublished\":\"2024-06-12T13:27:26+00:00\",\"dateModified\":\"2025-09-08T07:08:29+00:00\",\"breadcrumb\":{\"@id\":\"https:\\\/\\\/onthegosystems.com\\\/de\\\/legal\\\/layouts-warenzeichenpolitik\\\/#breadcrumb\"},\"inLanguage\":\"de\",\"potentialAction\":[{\"@type\":\"ReadAction\",\"target\":[\"https:\\\/\\\/onthegosystems.com\\\/de\\\/legal\\\/layouts-warenzeichenpolitik\\\/\"]}]},{\"@type\":\"BreadcrumbList\",\"@id\":\"https:\\\/\\\/onthegosystems.com\\\/de\\\/legal\\\/layouts-warenzeichenpolitik\\\/#breadcrumb\",\"itemListElement\":[{\"@type\":\"ListItem\",\"position\":1,\"name\":\"Home\",\"item\":\"https:\\\/\\\/onthegosystems.com\\\/de\\\/\"},{\"@type\":\"ListItem\",\"position\":2,\"name\":\"Rechtliches\",\"item\":\"https:\\\/\\\/onthegosystems.com\\\/de\\\/legal\\\/\"},{\"@type\":\"ListItem\",\"position\":3,\"name\":\"Layouts-Markenrichtlinie\"}]},{\"@type\":\"WebSite\",\"@id\":\"https:\\\/\\\/onthegosystems.com\\\/de\\\/#website\",\"url\":\"https:\\\/\\\/onthegosystems.com\\\/de\\\/\",\"name\":\"OnTheGoSystems\",\"description\":\"WordPress plugins and professional translation\",\"publisher\":{\"@id\":\"https:\\\/\\\/onthegosystems.com\\\/de\\\/#organization\"},\"potentialAction\":[{\"@type\":\"SearchAction\",\"target\":{\"@type\":\"EntryPoint\",\"urlTemplate\":\"https:\\\/\\\/onthegosystems.com\\\/de\\\/?s={search_term_string}\"},\"query-input\":{\"@type\":\"PropertyValueSpecification\",\"valueRequired\":true,\"valueName\":\"search_term_string\"}}],\"inLanguage\":\"de\"},{\"@type\":\"Organization\",\"@id\":\"https:\\\/\\\/onthegosystems.com\\\/de\\\/#organization\",\"name\":\"OnTheGoSystems\",\"url\":\"https:\\\/\\\/onthegosystems.com\\\/de\\\/\",\"logo\":{\"@type\":\"ImageObject\",\"inLanguage\":\"de\",\"@id\":\"https:\\\/\\\/onthegosystems.com\\\/de\\\/#\\\/schema\\\/logo\\\/image\\\/\",\"url\":\"https:\\\/\\\/onthegosystems.com\\\/wp-content\\\/uploads\\\/2020\\\/07\\\/cropped-favicon.png\",\"contentUrl\":\"https:\\\/\\\/onthegosystems.com\\\/wp-content\\\/uploads\\\/2020\\\/07\\\/cropped-favicon.png\",\"width\":512,\"height\":512,\"caption\":\"OnTheGoSystems\"},\"image\":{\"@id\":\"https:\\\/\\\/onthegosystems.com\\\/de\\\/#\\\/schema\\\/logo\\\/image\\\/\"}}]}<\/script>\n<!-- \/ Yoast SEO plugin. -->","yoast_head_json":{"title":"Layouts-Markenrichtlinie - OnTheGoSystems","robots":{"index":"index","follow":"follow","max-snippet":"max-snippet:-1","max-image-preview":"max-image-preview:large","max-video-preview":"max-video-preview:-1"},"canonical":"https:\/\/onthegosystems.com\/de\/legal\/layouts-warenzeichenpolitik\/","og_locale":"de_DE","og_type":"article","og_title":"Layouts-Markenrichtlinie - OnTheGoSystems","og_description":"Grunds\u00e4tze f\u00fcr die Verwendung der Marke Layouts (Logo) OnTheGoSystems Limited besitzt und \u00fcberwacht die Marke Layouts (Logo). Daher ist jede Verwendung des Namens als Teil eines Projekts, Produkts, einer Dienstleistung, Domain oder eines Firmennamens, die mit der Marke Layouts (Logo) identisch oder \u00e4hnlich ist, unbefugt. OnTheGoSystems Limited wendet jedoch mehrere Grunds\u00e4tze an, um die Verwendung [&hellip;]","og_url":"https:\/\/onthegosystems.com\/de\/legal\/layouts-warenzeichenpolitik\/","og_site_name":"OnTheGoSystems","article_modified_time":"2025-09-08T07:08:29+00:00","twitter_card":"summary_large_image","twitter_misc":{"Gesch\u00e4tzte Lesezeit":"3\u00a0Minuten"},"schema":{"@context":"https:\/\/schema.org","@graph":[{"@type":"WebPage","@id":"https:\/\/onthegosystems.com\/de\/legal\/layouts-warenzeichenpolitik\/","url":"https:\/\/onthegosystems.com\/de\/legal\/layouts-warenzeichenpolitik\/","name":"Layouts-Markenrichtlinie - OnTheGoSystems","isPartOf":{"@id":"https:\/\/onthegosystems.com\/de\/#website"},"datePublished":"2024-06-12T13:27:26+00:00","dateModified":"2025-09-08T07:08:29+00:00","breadcrumb":{"@id":"https:\/\/onthegosystems.com\/de\/legal\/layouts-warenzeichenpolitik\/#breadcrumb"},"inLanguage":"de","potentialAction":[{"@type":"ReadAction","target":["https:\/\/onthegosystems.com\/de\/legal\/layouts-warenzeichenpolitik\/"]}]},{"@type":"BreadcrumbList","@id":"https:\/\/onthegosystems.com\/de\/legal\/layouts-warenzeichenpolitik\/#breadcrumb","itemListElement":[{"@type":"ListItem","position":1,"name":"Home","item":"https:\/\/onthegosystems.com\/de\/"},{"@type":"ListItem","position":2,"name":"Rechtliches","item":"https:\/\/onthegosystems.com\/de\/legal\/"},{"@type":"ListItem","position":3,"name":"Layouts-Markenrichtlinie"}]},{"@type":"WebSite","@id":"https:\/\/onthegosystems.com\/de\/#website","url":"https:\/\/onthegosystems.com\/de\/","name":"OnTheGoSystems","description":"WordPress plugins and professional translation","publisher":{"@id":"https:\/\/onthegosystems.com\/de\/#organization"},"potentialAction":[{"@type":"SearchAction","target":{"@type":"EntryPoint","urlTemplate":"https:\/\/onthegosystems.com\/de\/?s={search_term_string}"},"query-input":{"@type":"PropertyValueSpecification","valueRequired":true,"valueName":"search_term_string"}}],"inLanguage":"de"},{"@type":"Organization","@id":"https:\/\/onthegosystems.com\/de\/#organization","name":"OnTheGoSystems","url":"https:\/\/onthegosystems.com\/de\/","logo":{"@type":"ImageObject","inLanguage":"de","@id":"https:\/\/onthegosystems.com\/de\/#\/schema\/logo\/image\/","url":"https:\/\/onthegosystems.com\/wp-content\/uploads\/2020\/07\/cropped-favicon.png","contentUrl":"https:\/\/onthegosystems.com\/wp-content\/uploads\/2020\/07\/cropped-favicon.png","width":512,"height":512,"caption":"OnTheGoSystems"},"image":{"@id":"https:\/\/onthegosystems.com\/de\/#\/schema\/logo\/image\/"}}]}},"_links":{"self":[{"href":"https:\/\/onthegosystems.com\/de\/wp-json\/wp\/v2\/pages\/22911","targetHints":{"allow":["GET"]}}],"collection":[{"href":"https:\/\/onthegosystems.com\/de\/wp-json\/wp\/v2\/pages"}],"about":[{"href":"https:\/\/onthegosystems.com\/de\/wp-json\/wp\/v2\/types\/page"}],"author":[{"embeddable":true,"href":"https:\/\/onthegosystems.com\/de\/wp-json\/wp\/v2\/users\/19"}],"replies":[{"embeddable":true,"href":"https:\/\/onthegosystems.com\/de\/wp-json\/wp\/v2\/comments?post=22911"}],"version-history":[{"count":3,"href":"https:\/\/onthegosystems.com\/de\/wp-json\/wp\/v2\/pages\/22911\/revisions"}],"predecessor-version":[{"id":28878,"href":"https:\/\/onthegosystems.com\/de\/wp-json\/wp\/v2\/pages\/22911\/revisions\/28878"}],"up":[{"embeddable":true,"href":"https:\/\/onthegosystems.com\/de\/wp-json\/wp\/v2\/pages\/22963"}],"wp:attachment":[{"href":"https:\/\/onthegosystems.com\/de\/wp-json\/wp\/v2\/media?parent=22911"}],"curies":[{"name":"wp","href":"https:\/\/api.w.org\/{rel}","templated":true}]}}