{"id":22980,"date":"2024-06-12T13:28:36","date_gmt":"2024-06-12T13:28:36","guid":{"rendered":"https:\/\/onthegosystems.com\/otgs-kunst-wettbewerb\/"},"modified":"2025-09-08T07:08:07","modified_gmt":"2025-09-08T07:08:07","slug":"otgs-kunst-wettbewerb","status":"publish","type":"page","link":"https:\/\/onthegosystems.com\/de\/onthegosystems-nachrichten\/otgs-kunst-wettbewerb\/","title":{"rendered":"OTGS-Kunstwettbewerb"},"content":{"rendered":"\n<p>Der erste OTGS-Kunstwettbewerb fand vom 19. August 2019 bis zum 27. September 2019 statt.<\/p>\n\n<h2 class=\"wp-block-heading\">Einreichung Nr. 1<\/h2>\n\n<div class=\"wp-block-columns has-2-columns is-layout-flex wp-container-core-columns-is-layout-9d6595d7 wp-block-columns-is-layout-flex\">\n<div class=\"wp-block-column is-layout-flow wp-block-column-is-layout-flow\">\n<p><strong>Aufgeschlossenheit &amp; Kreativit\u00e4t<\/strong><\/p>\n\n\n\n<p> \u2013 Ich habe eine normale Spieluhr genommen, Sie wissen schon, die, die man kaufen kann und die beim Drehen des Griffs eine bestimmte Melodie spielt.<br\/>\u2013 Ich habe meine Aufnahmeausr\u00fcstung aufgebaut und jede Note der Spieluhr einzeln aufgenommen.<br\/>\u2013 Dann habe ich alle diese Noten geschnitten und in separate Samples verwandelt.<br\/>\u2013 Dann habe ich mein eigenes benutzerdefiniertes \u201eVST-Instrument\u201c auf der Grundlage meiner Samples erstellt. Im Grunde ist ein VST-Instrument eine Software, die man in eine Musikproduktionssoftware (Cubase, Ableton Live usw.) einf\u00fcgen und wie ein Instrument spielen kann. <br\/>\u2013 Es funktioniert also folgenderma\u00dfen: Man startet seine Hauptmusikproduktionssoftware, l\u00e4dt das virtuelle Instrument und spielt es dann mit einem Keyboard, das an den Computer angeschlossen ist. Wenn man eine Note auf dem Keyboard dr\u00fcckt, wird eines der Samples abgespielt, die ich durch die Aufnahme meiner Spieluhr erstellt habe. <br\/>\u2013 Das Beste daran ist, dass ich das VST-Instrument mit jedem teilen kann und er es verwenden kann, um seine eigene Musik zu erstellen.<\/p>\n\n\n\n<div class=\"wp-block-image\"><figure class=\"alignleft is-resized\"><img decoding=\"async\" data-src=\"https:\/\/onthegosystems.com\/wp-content\/uploads\/2014\/04\/dario2-wpcf_145x145.jpg\" alt=\"\" class=\"wp-image-5974 lazyload\" width=\"60\" height=\"60\" src=\"data:image\/svg+xml;base64,PHN2ZyB3aWR0aD0iMSIgaGVpZ2h0PSIxIiB4bWxucz0iaHR0cDovL3d3dy53My5vcmcvMjAwMC9zdmciPjwvc3ZnPg==\" style=\"--smush-placeholder-width: 60px; --smush-placeholder-aspect-ratio: 60\/60;\" \/><\/figure><\/div>\n\n\n\n<p><strong>Dario jazbec hrvatin<\/strong> <br\/>Dokumentation<\/p>\n<\/div>\n\n\n\n<div class=\"wp-block-column is-layout-flow wp-block-column-is-layout-flow\">\n<figure class=\"wp-block-audio\"><audio controls=\"\" src=\"https:\/\/onthegosystems.com\/wp-content\/uploads\/2019\/10\/Toy-In-The-Rain.mp3\"><\/audio><figcaption>Spielzeug im Regen<\/figcaption><\/figure>\n<\/div>\n<\/div>\n\n<h2 class=\"wp-block-heading\">Einreichung Nr. 2<\/h2>\n\n<div class=\"wp-block-columns has-2-columns is-layout-flex wp-container-core-columns-is-layout-9d6595d7 wp-block-columns-is-layout-flex\">\n<div class=\"wp-block-column is-layout-flow wp-block-column-is-layout-flow\">\n<figure class=\"wp-block-image\"><img decoding=\"async\" width=\"1024\" height=\"1024\" data-src=\"https:\/\/onthegosystems.com\/wp-content\/uploads\/2019\/10\/sand-table-1024x1024.jpg\" alt=\"\" class=\"wp-image-6225 lazyload\" data-srcset=\"https:\/\/onthegosystems.com\/wp-content\/uploads\/2019\/10\/sand-table-1024x1024.jpg 1024w, https:\/\/onthegosystems.com\/wp-content\/uploads\/2019\/10\/sand-table-1024x1024-150x150.jpg 150w, https:\/\/onthegosystems.com\/wp-content\/uploads\/2019\/10\/sand-table-1024x1024-300x300.jpg 300w, https:\/\/onthegosystems.com\/wp-content\/uploads\/2019\/10\/sand-table-1024x1024-400x400.jpg 400w, https:\/\/onthegosystems.com\/wp-content\/uploads\/2019\/10\/sand-table-1024x1024-600x600.jpg 600w\" data-sizes=\"(max-width: 1024px) 100vw, 1024px\" src=\"data:image\/svg+xml;base64,PHN2ZyB3aWR0aD0iMSIgaGVpZ2h0PSIxIiB4bWxucz0iaHR0cDovL3d3dy53My5vcmcvMjAwMC9zdmciPjwvc3ZnPg==\" style=\"--smush-placeholder-width: 1024px; --smush-placeholder-aspect-ratio: 1024\/1024;\" \/><\/figure>\n<\/div>\n\n\n\n<div class=\"wp-block-column is-layout-flow wp-block-column-is-layout-flow\">\n<p><strong>#Qualit\u00e4t zuerst<\/strong><br\/>Dieses Projekt umfasste detaillierte Ingenieursarbeit, das Erlernen neuer manueller und technologischer F\u00e4higkeiten sowie MATHEMATIK, um sch\u00f6ne Muster zu erzeugen.<\/p>\n\n\n\n<p><strong>#Aufgeschlossenheit und Kreativit\u00e4t<\/strong><br\/>Als ich damit anfing, wusste ich nicht, wie es ausgehen w\u00fcrde. Wann immer es einen Stolperstein gab, musste ich L\u00f6sungen finden, um weiter voranzukommen. Insgesamt ist das Ergebnis viel besser, als ich es mir vorgestellt hatte.   <\/p>\n\n\n\n<div class=\"wp-block-image\"><figure class=\"alignleft is-resized\"><img decoding=\"async\" data-src=\"https:\/\/onthegosystems.com\/wp-content\/uploads\/2013\/10\/Bruce2-wpcf_145x145.jpg\" alt=\"\" class=\"wp-image-5980 lazyload\" width=\"50\" height=\"50\" src=\"data:image\/svg+xml;base64,PHN2ZyB3aWR0aD0iMSIgaGVpZ2h0PSIxIiB4bWxucz0iaHR0cDovL3d3dy53My5vcmcvMjAwMC9zdmciPjwvc3ZnPg==\" style=\"--smush-placeholder-width: 50px; --smush-placeholder-aspect-ratio: 50\/50;\" \/><\/figure><\/div>\n\n\n\n<p><strong>Bruce Pearson<\/strong> <br\/>WPML-Entwickler<\/p>\n<\/div>\n<\/div>\n\n<h2 class=\"wp-block-heading\">Einreichung Nr. 3<\/h2>\n\n<div class=\"wp-block-columns has-2-columns is-layout-flex wp-container-core-columns-is-layout-9d6595d7 wp-block-columns-is-layout-flex\">\n<div class=\"wp-block-column is-layout-flow wp-block-column-is-layout-flow\">\n<p><\/p>\n\n\n\n<figure class=\"wp-block-audio\"><audio controls=\"\" src=\"https:\/\/onthegosystems.com\/wp-content\/uploads\/2019\/10\/Company-values.mp3\"><\/audio><figcaption>Unternehmenswerte<\/figcaption><\/figure>\n<\/div>\n\n\n\n<div class=\"wp-block-column is-layout-flow wp-block-column-is-layout-flow\">\n<p><strong>#Qualit\u00e4t zuerst<br\/>#Exzellenter Support<br\/>#Aufgeschlossenheit und Kreativit\u00e4t<br\/>#Positive Einstellung<br\/>#Ehrlichkeit <\/strong><\/p>\n\n\n\n<p>Eine meiner F\u00e4higkeiten ist Musik, also dachte ich, es w\u00e4re eine sch\u00f6ne Herausforderung f\u00fcr mich, zu versuchen, ein Lied zu schreiben, das \u00fcber die Werte unseres Unternehmens spricht. Ich wollte es auch lustig und praktisch gestalten. <br\/><br\/>Also nahm ich meine Gitarre und verbrachte einige Zeit damit, eine instrumentale Idee zu finden \u2013 w\u00e4hrend ich dies tat, versuchte ich auch, ein paar Texte zusammenzubekommen, die gut zu dem Instrumental passen und sich gut reimen w\u00fcrden.<br\/><br\/>Ich wollte nicht, dass das Lied ein zu schnelles Tempo hat, aber ich wollte auch nicht, dass es super langsam und langweilig ist. Nachdem ich ein paar Stunden daran gearbeitet hatte (vielleicht 2-3 insgesamt, um alles zusammenzubekommen) und nachdem ich es ein paar Mal aufgenommen hatte, bis ich zu einer Version kam, die mir gefiel (ich glaube, ich habe insgesamt etwa 1 Stunde damit verbracht), kam ich zu dieser Idee.<\/p>\n\n\n\n<div class=\"wp-block-image\"><figure class=\"alignleft is-resized\"><img decoding=\"async\" data-src=\"https:\/\/onthegosystems.com\/wp-content\/uploads\/2018\/07\/Mihai-Apetrei-wpcf_145x145.jpg\" alt=\"\" class=\"wp-image-5956 lazyload\" width=\"50\" height=\"50\" src=\"data:image\/svg+xml;base64,PHN2ZyB3aWR0aD0iMSIgaGVpZ2h0PSIxIiB4bWxucz0iaHR0cDovL3d3dy53My5vcmcvMjAwMC9zdmciPjwvc3ZnPg==\" style=\"--smush-placeholder-width: 50px; --smush-placeholder-aspect-ratio: 50\/50;\" \/><\/figure><\/div>\n\n\n\n<p><strong>Mihai apetrei<br\/><\/strong>WPML-Support<\/p>\n<\/div>\n<\/div>\n\n<h2 class=\"wp-block-heading\">Einreichung Nr. 4<\/h2>\n\n<div class=\"wp-block-columns has-2-columns is-layout-flex wp-container-core-columns-is-layout-9d6595d7 wp-block-columns-is-layout-flex\">\n<div class=\"wp-block-column is-layout-flow wp-block-column-is-layout-flow\">\n<p><strong>#Qualit\u00e4t zuerst<br\/>#Exzellenter Support<br\/>#Aufgeschlossenheit und Kreativit\u00e4t<br\/>#Positive Einstellung<br\/>#Ehrlichkeit<\/strong><br\/>Alle Werte sind auf ein Baby anwendbar. :D  <\/p>\n\n\n\n<div class=\"wp-block-image\"><figure class=\"alignleft is-resized\"><img decoding=\"async\" data-src=\"https:\/\/onthegosystems.com\/wp-content\/uploads\/2014\/03\/Vuk1-wpcf_145x145.jpg\" alt=\"\" class=\"wp-image-5935 lazyload\" width=\"50\" height=\"50\" src=\"data:image\/svg+xml;base64,PHN2ZyB3aWR0aD0iMSIgaGVpZ2h0PSIxIiB4bWxucz0iaHR0cDovL3d3dy53My5vcmcvMjAwMC9zdmciPjwvc3ZnPg==\" style=\"--smush-placeholder-width: 50px; --smush-placeholder-aspect-ratio: 50\/50;\" \/><\/figure><\/div>\n\n\n\n<p><strong>Vuk vukovic<\/strong> <br\/>Kompatibilit\u00e4t<\/p>\n<\/div>\n\n\n\n<div class=\"wp-block-column is-layout-flow wp-block-column-is-layout-flow\">\n<figure class=\"wp-block-image\"><a href=\"https:\/\/ourblog.onthegosystems.com\/wp-content\/uploads\/2019\/10\/baby.jpg\"><img decoding=\"async\" width=\"1024\" height=\"683\" data-src=\"https:\/\/onthegosystems.com\/wp-content\/uploads\/2019\/10\/baby-1024x683.jpg\" alt=\"\" class=\"wp-image-6230 lazyload\" data-srcset=\"https:\/\/onthegosystems.com\/wp-content\/uploads\/2019\/10\/baby-1024x683.jpg 1024w, https:\/\/onthegosystems.com\/wp-content\/uploads\/2019\/10\/baby-300x200.jpg 300w, https:\/\/onthegosystems.com\/wp-content\/uploads\/2019\/10\/baby-600x400.jpg 600w, https:\/\/onthegosystems.com\/wp-content\/uploads\/2019\/10\/baby.jpg 2000w\" data-sizes=\"(max-width: 1024px) 100vw, 1024px\" src=\"data:image\/svg+xml;base64,PHN2ZyB3aWR0aD0iMSIgaGVpZ2h0PSIxIiB4bWxucz0iaHR0cDovL3d3dy53My5vcmcvMjAwMC9zdmciPjwvc3ZnPg==\" style=\"--smush-placeholder-width: 1024px; --smush-placeholder-aspect-ratio: 1024\/683;\" \/><\/a><figcaption>Baby<\/figcaption><\/figure>\n<\/div>\n<\/div>\n\n<h2 class=\"wp-block-heading\">Einreichung Nr. 5<\/h2>\n\n<div class=\"wp-block-columns has-2-columns is-layout-flex wp-container-core-columns-is-layout-9d6595d7 wp-block-columns-is-layout-flex\">\n<div class=\"wp-block-column is-layout-flow wp-block-column-is-layout-flow\">\n<figure class=\"wp-block-audio\"><audio controls=\"\" src=\"https:\/\/onthegosystems.com\/wp-content\/uploads\/2019\/10\/Moses-Pelham-BGMB-Jocire-Remix.mp3\"><\/audio><figcaption> Moses Pelham &#8211; BGMB jocire Remix <\/figcaption><\/figure>\n<\/div>\n\n\n\n<div class=\"wp-block-column is-layout-flow wp-block-column-is-layout-flow\">\n<p><strong>#Creativity<\/strong><\/p>\n\n\n\n<p>Ich habe vor etwa 2 Jahren an einem Wettbewerb teilgenommen, um einen Remix zu erstellen. <br\/><br\/>Wir bekamen ein Acapella von einem ziemlich ber\u00fchmten deutschen Rapper und mussten ein ganz neues Instrumental darum herum erstellen &#8211; leider habe ich den Wettbewerb nicht gewonnen, aber ich mag die Produktion immer noch sehr. Ich habe ihm einen neuen Mix gegeben und m\u00f6chte ihn unter dem Kernwert \u201eKreativit\u00e4t\u201c einreichen.  <\/p>\n\n\n\n<div class=\"wp-block-image\"><figure class=\"alignleft is-resized\"><img decoding=\"async\" data-src=\"https:\/\/onthegosystems.com\/wp-content\/uploads\/2018\/11\/andreas-wpcf_145x145.jpg\" alt=\"\" class=\"wp-image-5983 lazyload\" width=\"50\" height=\"50\" src=\"data:image\/svg+xml;base64,PHN2ZyB3aWR0aD0iMSIgaGVpZ2h0PSIxIiB4bWxucz0iaHR0cDovL3d3dy53My5vcmcvMjAwMC9zdmciPjwvc3ZnPg==\" style=\"--smush-placeholder-width: 50px; --smush-placeholder-aspect-ratio: 50\/50;\" \/><\/figure><\/div>\n\n\n\n<p><strong>Andreas walter<\/strong><br\/>WPML-Support<\/p>\n<\/div>\n<\/div>\n","protected":false},"excerpt":{"rendered":"<p>Der erste OTGS-Kunstwettbewerb fand vom 19. August 2019 bis zum 27. September 2019 statt. Einreichung Nr. 1 Aufgeschlossenheit &amp; Kreativit\u00e4t \u2013 Ich habe eine normale Spieluhr genommen, Sie wissen schon, die, die man kaufen kann und die beim Drehen des Griffs eine bestimmte Melodie spielt.\u2013 Ich habe meine Aufnahmeausr\u00fcstung aufgebaut und jede Note der Spieluhr [&hellip;]<\/p>\n","protected":false},"author":19,"featured_media":0,"parent":23004,"menu_order":0,"comment_status":"closed","ping_status":"closed","template":"","meta":{"footnotes":""},"class_list":["post-22980","page","type-page","status-publish","hentry"],"yoast_head":"<!-- This site is optimized with the Yoast SEO plugin v27.4 - https:\/\/yoast.com\/product\/yoast-seo-wordpress\/ -->\n<title>OTGS-Kunstwettbewerb - OnTheGoSystems<\/title>\n<meta name=\"robots\" content=\"noindex, nofollow\" \/>\n<meta property=\"og:locale\" content=\"de_DE\" \/>\n<meta property=\"og:type\" content=\"article\" \/>\n<meta property=\"og:title\" content=\"OTGS-Kunstwettbewerb - OnTheGoSystems\" \/>\n<meta property=\"og:description\" content=\"Der erste OTGS-Kunstwettbewerb fand vom 19. August 2019 bis zum 27. September 2019 statt. Einreichung Nr. 1 Aufgeschlossenheit &amp; Kreativit\u00e4t \u2013 Ich habe eine normale Spieluhr genommen, Sie wissen schon, die, die man kaufen kann und die beim Drehen des Griffs eine bestimmte Melodie spielt.\u2013 Ich habe meine Aufnahmeausr\u00fcstung aufgebaut und jede Note der Spieluhr [&hellip;]\" \/>\n<meta property=\"og:url\" content=\"https:\/\/onthegosystems.com\/de\/onthegosystems-nachrichten\/otgs-kunst-wettbewerb\/\" \/>\n<meta property=\"og:site_name\" content=\"OnTheGoSystems\" \/>\n<meta property=\"article:modified_time\" content=\"2025-09-08T07:08:07+00:00\" \/>\n<meta property=\"og:image\" content=\"https:\/\/onthegosystems.com\/wp-content\/uploads\/2014\/04\/dario2-wpcf_145x145.jpg\" \/>\n\t<meta property=\"og:image:width\" content=\"145\" \/>\n\t<meta property=\"og:image:height\" content=\"145\" \/>\n\t<meta property=\"og:image:type\" content=\"image\/jpeg\" \/>\n<meta name=\"twitter:card\" content=\"summary_large_image\" \/>\n<meta name=\"twitter:label1\" content=\"Gesch\u00e4tzte Lesezeit\" \/>\n\t<meta name=\"twitter:data1\" content=\"3\u00a0Minuten\" \/>\n<script type=\"application\/ld+json\" class=\"yoast-schema-graph\">{\"@context\":\"https:\\\/\\\/schema.org\",\"@graph\":[{\"@type\":\"WebPage\",\"@id\":\"https:\\\/\\\/onthegosystems.com\\\/de\\\/onthegosystems-nachrichten\\\/otgs-kunst-wettbewerb\\\/\",\"url\":\"https:\\\/\\\/onthegosystems.com\\\/de\\\/onthegosystems-nachrichten\\\/otgs-kunst-wettbewerb\\\/\",\"name\":\"OTGS-Kunstwettbewerb - OnTheGoSystems\",\"isPartOf\":{\"@id\":\"https:\\\/\\\/onthegosystems.com\\\/de\\\/#website\"},\"primaryImageOfPage\":{\"@id\":\"https:\\\/\\\/onthegosystems.com\\\/de\\\/onthegosystems-nachrichten\\\/otgs-kunst-wettbewerb\\\/#primaryimage\"},\"image\":{\"@id\":\"https:\\\/\\\/onthegosystems.com\\\/de\\\/onthegosystems-nachrichten\\\/otgs-kunst-wettbewerb\\\/#primaryimage\"},\"thumbnailUrl\":\"https:\\\/\\\/onthegosystems.com\\\/wp-content\\\/uploads\\\/2014\\\/04\\\/dario2-wpcf_145x145.jpg\",\"datePublished\":\"2024-06-12T13:28:36+00:00\",\"dateModified\":\"2025-09-08T07:08:07+00:00\",\"breadcrumb\":{\"@id\":\"https:\\\/\\\/onthegosystems.com\\\/de\\\/onthegosystems-nachrichten\\\/otgs-kunst-wettbewerb\\\/#breadcrumb\"},\"inLanguage\":\"de\",\"potentialAction\":[{\"@type\":\"ReadAction\",\"target\":[\"https:\\\/\\\/onthegosystems.com\\\/de\\\/onthegosystems-nachrichten\\\/otgs-kunst-wettbewerb\\\/\"]}]},{\"@type\":\"ImageObject\",\"inLanguage\":\"de\",\"@id\":\"https:\\\/\\\/onthegosystems.com\\\/de\\\/onthegosystems-nachrichten\\\/otgs-kunst-wettbewerb\\\/#primaryimage\",\"url\":\"https:\\\/\\\/onthegosystems.com\\\/wp-content\\\/uploads\\\/2014\\\/04\\\/dario2-wpcf_145x145.jpg\",\"contentUrl\":\"https:\\\/\\\/onthegosystems.com\\\/wp-content\\\/uploads\\\/2014\\\/04\\\/dario2-wpcf_145x145.jpg\"},{\"@type\":\"BreadcrumbList\",\"@id\":\"https:\\\/\\\/onthegosystems.com\\\/de\\\/onthegosystems-nachrichten\\\/otgs-kunst-wettbewerb\\\/#breadcrumb\",\"itemListElement\":[{\"@type\":\"ListItem\",\"position\":1,\"name\":\"Home\",\"item\":\"https:\\\/\\\/onthegosystems.com\\\/de\\\/\"},{\"@type\":\"ListItem\",\"position\":2,\"name\":\"Neuigkeiten von OnTheGoSystems\",\"item\":\"https:\\\/\\\/onthegosystems.com\\\/de\\\/onthegosystems-nachrichten\\\/\"},{\"@type\":\"ListItem\",\"position\":3,\"name\":\"OTGS-Kunstwettbewerb\"}]},{\"@type\":\"WebSite\",\"@id\":\"https:\\\/\\\/onthegosystems.com\\\/de\\\/#website\",\"url\":\"https:\\\/\\\/onthegosystems.com\\\/de\\\/\",\"name\":\"OnTheGoSystems\",\"description\":\"WordPress plugins and professional translation\",\"publisher\":{\"@id\":\"https:\\\/\\\/onthegosystems.com\\\/de\\\/#organization\"},\"potentialAction\":[{\"@type\":\"SearchAction\",\"target\":{\"@type\":\"EntryPoint\",\"urlTemplate\":\"https:\\\/\\\/onthegosystems.com\\\/de\\\/?s={search_term_string}\"},\"query-input\":{\"@type\":\"PropertyValueSpecification\",\"valueRequired\":true,\"valueName\":\"search_term_string\"}}],\"inLanguage\":\"de\"},{\"@type\":\"Organization\",\"@id\":\"https:\\\/\\\/onthegosystems.com\\\/de\\\/#organization\",\"name\":\"OnTheGoSystems\",\"url\":\"https:\\\/\\\/onthegosystems.com\\\/de\\\/\",\"logo\":{\"@type\":\"ImageObject\",\"inLanguage\":\"de\",\"@id\":\"https:\\\/\\\/onthegosystems.com\\\/de\\\/#\\\/schema\\\/logo\\\/image\\\/\",\"url\":\"https:\\\/\\\/onthegosystems.com\\\/wp-content\\\/uploads\\\/2020\\\/07\\\/cropped-favicon.png\",\"contentUrl\":\"https:\\\/\\\/onthegosystems.com\\\/wp-content\\\/uploads\\\/2020\\\/07\\\/cropped-favicon.png\",\"width\":512,\"height\":512,\"caption\":\"OnTheGoSystems\"},\"image\":{\"@id\":\"https:\\\/\\\/onthegosystems.com\\\/de\\\/#\\\/schema\\\/logo\\\/image\\\/\"}}]}<\/script>\n<!-- \/ Yoast SEO plugin. -->","yoast_head_json":{"title":"OTGS-Kunstwettbewerb - OnTheGoSystems","robots":{"index":"noindex","follow":"nofollow"},"og_locale":"de_DE","og_type":"article","og_title":"OTGS-Kunstwettbewerb - OnTheGoSystems","og_description":"Der erste OTGS-Kunstwettbewerb fand vom 19. August 2019 bis zum 27. September 2019 statt. Einreichung Nr. 1 Aufgeschlossenheit &amp; Kreativit\u00e4t \u2013 Ich habe eine normale Spieluhr genommen, Sie wissen schon, die, die man kaufen kann und die beim Drehen des Griffs eine bestimmte Melodie spielt.\u2013 Ich habe meine Aufnahmeausr\u00fcstung aufgebaut und jede Note der Spieluhr [&hellip;]","og_url":"https:\/\/onthegosystems.com\/de\/onthegosystems-nachrichten\/otgs-kunst-wettbewerb\/","og_site_name":"OnTheGoSystems","article_modified_time":"2025-09-08T07:08:07+00:00","og_image":[{"width":145,"height":145,"url":"https:\/\/onthegosystems.com\/wp-content\/uploads\/2014\/04\/dario2-wpcf_145x145.jpg","type":"image\/jpeg"}],"twitter_card":"summary_large_image","twitter_misc":{"Gesch\u00e4tzte Lesezeit":"3\u00a0Minuten"},"schema":{"@context":"https:\/\/schema.org","@graph":[{"@type":"WebPage","@id":"https:\/\/onthegosystems.com\/de\/onthegosystems-nachrichten\/otgs-kunst-wettbewerb\/","url":"https:\/\/onthegosystems.com\/de\/onthegosystems-nachrichten\/otgs-kunst-wettbewerb\/","name":"OTGS-Kunstwettbewerb - OnTheGoSystems","isPartOf":{"@id":"https:\/\/onthegosystems.com\/de\/#website"},"primaryImageOfPage":{"@id":"https:\/\/onthegosystems.com\/de\/onthegosystems-nachrichten\/otgs-kunst-wettbewerb\/#primaryimage"},"image":{"@id":"https:\/\/onthegosystems.com\/de\/onthegosystems-nachrichten\/otgs-kunst-wettbewerb\/#primaryimage"},"thumbnailUrl":"https:\/\/onthegosystems.com\/wp-content\/uploads\/2014\/04\/dario2-wpcf_145x145.jpg","datePublished":"2024-06-12T13:28:36+00:00","dateModified":"2025-09-08T07:08:07+00:00","breadcrumb":{"@id":"https:\/\/onthegosystems.com\/de\/onthegosystems-nachrichten\/otgs-kunst-wettbewerb\/#breadcrumb"},"inLanguage":"de","potentialAction":[{"@type":"ReadAction","target":["https:\/\/onthegosystems.com\/de\/onthegosystems-nachrichten\/otgs-kunst-wettbewerb\/"]}]},{"@type":"ImageObject","inLanguage":"de","@id":"https:\/\/onthegosystems.com\/de\/onthegosystems-nachrichten\/otgs-kunst-wettbewerb\/#primaryimage","url":"https:\/\/onthegosystems.com\/wp-content\/uploads\/2014\/04\/dario2-wpcf_145x145.jpg","contentUrl":"https:\/\/onthegosystems.com\/wp-content\/uploads\/2014\/04\/dario2-wpcf_145x145.jpg"},{"@type":"BreadcrumbList","@id":"https:\/\/onthegosystems.com\/de\/onthegosystems-nachrichten\/otgs-kunst-wettbewerb\/#breadcrumb","itemListElement":[{"@type":"ListItem","position":1,"name":"Home","item":"https:\/\/onthegosystems.com\/de\/"},{"@type":"ListItem","position":2,"name":"Neuigkeiten von OnTheGoSystems","item":"https:\/\/onthegosystems.com\/de\/onthegosystems-nachrichten\/"},{"@type":"ListItem","position":3,"name":"OTGS-Kunstwettbewerb"}]},{"@type":"WebSite","@id":"https:\/\/onthegosystems.com\/de\/#website","url":"https:\/\/onthegosystems.com\/de\/","name":"OnTheGoSystems","description":"WordPress plugins and professional translation","publisher":{"@id":"https:\/\/onthegosystems.com\/de\/#organization"},"potentialAction":[{"@type":"SearchAction","target":{"@type":"EntryPoint","urlTemplate":"https:\/\/onthegosystems.com\/de\/?s={search_term_string}"},"query-input":{"@type":"PropertyValueSpecification","valueRequired":true,"valueName":"search_term_string"}}],"inLanguage":"de"},{"@type":"Organization","@id":"https:\/\/onthegosystems.com\/de\/#organization","name":"OnTheGoSystems","url":"https:\/\/onthegosystems.com\/de\/","logo":{"@type":"ImageObject","inLanguage":"de","@id":"https:\/\/onthegosystems.com\/de\/#\/schema\/logo\/image\/","url":"https:\/\/onthegosystems.com\/wp-content\/uploads\/2020\/07\/cropped-favicon.png","contentUrl":"https:\/\/onthegosystems.com\/wp-content\/uploads\/2020\/07\/cropped-favicon.png","width":512,"height":512,"caption":"OnTheGoSystems"},"image":{"@id":"https:\/\/onthegosystems.com\/de\/#\/schema\/logo\/image\/"}}]}},"_links":{"self":[{"href":"https:\/\/onthegosystems.com\/de\/wp-json\/wp\/v2\/pages\/22980","targetHints":{"allow":["GET"]}}],"collection":[{"href":"https:\/\/onthegosystems.com\/de\/wp-json\/wp\/v2\/pages"}],"about":[{"href":"https:\/\/onthegosystems.com\/de\/wp-json\/wp\/v2\/types\/page"}],"author":[{"embeddable":true,"href":"https:\/\/onthegosystems.com\/de\/wp-json\/wp\/v2\/users\/19"}],"replies":[{"embeddable":true,"href":"https:\/\/onthegosystems.com\/de\/wp-json\/wp\/v2\/comments?post=22980"}],"version-history":[{"count":4,"href":"https:\/\/onthegosystems.com\/de\/wp-json\/wp\/v2\/pages\/22980\/revisions"}],"predecessor-version":[{"id":28872,"href":"https:\/\/onthegosystems.com\/de\/wp-json\/wp\/v2\/pages\/22980\/revisions\/28872"}],"up":[{"embeddable":true,"href":"https:\/\/onthegosystems.com\/de\/wp-json\/wp\/v2\/pages\/23004"}],"wp:attachment":[{"href":"https:\/\/onthegosystems.com\/de\/wp-json\/wp\/v2\/media?parent=22980"}],"curies":[{"name":"wp","href":"https:\/\/api.w.org\/{rel}","templated":true}]}}