{"id":22983,"date":"2024-06-12T13:28:36","date_gmt":"2024-06-12T13:28:36","guid":{"rendered":"https:\/\/onthegosystems.com\/legal\/discover-wp-warenzeichenpolitik\/"},"modified":"2025-09-08T07:09:34","modified_gmt":"2025-09-08T07:09:34","slug":"discover-wp-warenzeichenpolitik","status":"publish","type":"page","link":"https:\/\/onthegosystems.com\/de\/legal\/discover-wp-warenzeichenpolitik\/","title":{"rendered":"Discover-WP-Markenrichtlinie"},"content":{"rendered":"<p><strong>Grunds\u00e4tze f\u00fcr die Verwendung der Marke Discover-WP<\/strong><\/p>\n<p>OnTheGoSystems Limited besitzt und \u00fcberwacht die Marke Discover-WP. Daher ist jede Verwendung des Namens als Teil eines Projekts, Produkts, einer Dienstleistung, Domain oder eines Firmennamens, die mit der Marke Discover-WP identisch oder \u00e4hnlich ist, unbefugt. OnTheGoSystems Limited wendet jedoch verschiedene Grunds\u00e4tze an, um die Verwendung der Marke zu gestatten.  <\/p>\n<p>OnTheGoSystems Limited wendet jedoch mehrere Grunds\u00e4tze an, um die Verwendung der Marke zu gestatten.<\/p>\n<p>Im Folgenden wird erl\u00e4utert, wie mit OnTheGoSystems verbundene Unternehmen und Projekte den Namen Discover-WP verwenden d\u00fcrfen und wie nicht.<\/p>\n<ol>\n<li>OnTheGoSystems Limited ist daran interessiert, dass andere die Marke Discover-WP in einer Weise verwenden, die das Gesch\u00e4ft von OnTheGoSystems Limited f\u00f6rdert.<\/li>\n<li>OnTheGoSystems Limited ist daran interessiert, jedem die Verwendung des Namens Discover-WP zu verweigern, um sich unlauter zu bereichern oder diejenigen zu verwirren, die nach offiziellen OnTheGoSystems-Ressourcen suchen.<\/li>\n<\/ol>\n<p><strong>Richtlinie zur Verwendung der Marke Discover-WP<\/strong><\/p>\n<p>OnTheGoSystems Limited wird die unbefugte Verwendung des Namens als Teil eines Projekts, Produkts, einer Dienstleistung, Domain oder eines Firmennamens, die mit der Marke Discover-WP identisch oder \u00e4hnlich ist, verhindern.<\/p>\n<p>OnTheGoSystems Limited kann jedoch einer Person oder einem Unternehmen (im Folgenden \u201eBenutzer\u201c) die Erlaubnis erteilen, den Namen Discover-WP f\u00fcr Projekte zu verwenden, die ALLE der folgenden Kriterien erf\u00fcllen:<\/p>\n<ul>\n<li>Das Projekt des Benutzers bewirbt Produkte und Dienstleistungen von OnTheGoSystems<\/li>\n<li>Das Projekt des Benutzers ist nichtkommerzieller Natur, mit Ausnahme der Deckung von Kosten oder der Unterst\u00fctzung von gemeinn\u00fctzigen Organisationen. Die Verwendung der Marke Discover-WP f\u00fcr Projekte, die auf Gewinn ausgerichtet sind, gilt als unbefugte Nutzung. <\/li>\n<li>Das Projekt des Benutzers bewirbt keine Unternehmen, die die GPL-Lizenz (General Public License) nicht einhalten.<\/li>\n<li>Das Projekt des Benutzers ist nicht mit Unternehmen verbunden, die die GPL-Lizenz nicht einhalten.<\/li>\n<\/ul>\n<p><strong>Zul\u00e4ssige Verwendung der Marke Discover-WP<\/strong><\/p>\n<p>Wenn das Projekt des Benutzers alle diese Kriterien erf\u00fcllt, gestattet OnTheGoSystems Limited die Verwendung des Namens Discover-WP f\u00fcr jede Verwendung, die nicht Teil eines Domainnamens ist.<\/p>\n<p>Die zul\u00e4ssige Verwendung des Namens Discover-WP dient nur dem Verweis auf die Dienstleistungen des Benutzers und\/oder der Erl\u00e4uterung dieser. Es ist dem Benutzer nicht gestattet, den Namen Discover-WP als Teil eines Produkts, Projekts, einer Dienstleistung, Domain oder eines Firmennamens zu verwenden. Es ist dem Benutzer nicht gestattet, den Namen Discover-WP in einer Weise zu verwenden, die eine Zugeh\u00f6rigkeit zu OnTheGoSystems Limited oder dem OnTheGoSystems Open-Source-Projekt oder eine Billigung durch diese suggeriert.  <\/p>\n<p><strong>Beispiele f\u00fcr die zul\u00e4ssige Verwendung der Marke Discover-WP<\/strong><\/p>\n<p>Ein Benutzer, der ein Beratungsunternehmen ist, darf sein Gesch\u00e4ft beispielsweise als Webdienstleistungsunternehmen beschreiben, das Produkte oder Dienstleistungen unter Discover-WP-Beratung f\u00fcr kleine Unternehmen anbietet; der Benutzer, der ein Beratungsunternehmen ist, darf sein Unternehmen nicht \u201eThe Discover-WP Consulting Company\u201c nennen.<\/p>\n<p>Ein Benutzer darf den Namen Discover-WP im Rahmen einer Seite erw\u00e4hnen, die die Produkte oder Dienstleistungen des Benutzers beschreibt; der Benutzer darf den Namen Discover-WP nicht als Teil des Brandings des Unternehmens oder des Produkts des Benutzers selbst verwenden.<\/p>\n<p>Kein Benutzer darf den Namen Discover-WP als Teil eines Domainnamens verwenden oder die Marke in der Werbung verwenden.<\/p>\n<p><strong>Zusammenfassung<\/strong><\/p>\n<p>Die Richtlinie soll die kommerziellen Aktivit\u00e4ten rund um OnTheGoSystems nicht einschr\u00e4nken. OnTheGoSystems f\u00f6rdert OnTheGoSystems-basierte Unternehmen, und viele von ihnen florieren in \u00dcbereinstimmung mit dieser Richtlinie. <\/p>\n<p>Die Abk\u00fcrzung \u201eWP\u201c ist nicht durch die Marke Discover-WP gesch\u00fctzt und kann frei verwendet werden.<\/p>\n<p>Wenn Sie Zweifel an Ihrer Verwendung des Namens Discover-WP haben, wenden Sie sich bitte an <a title=\"Kontaktieren Sie uns\" href=\"https:\/\/onthegosystems.com\/de\/kontakt\/\">kontaktieren<\/a> Sie OnTheGoSystems Limited, um dies zu kl\u00e4ren.<\/p>\n","protected":false},"excerpt":{"rendered":"<p>Grunds\u00e4tze f\u00fcr die Verwendung der Marke Discover-WP OnTheGoSystems Limited besitzt und \u00fcberwacht die Marke Discover-WP. Daher ist jede Verwendung des Namens als Teil eines Projekts, Produkts, einer Dienstleistung, Domain oder eines Firmennamens, die mit der Marke Discover-WP identisch oder \u00e4hnlich ist, unbefugt. OnTheGoSystems Limited wendet jedoch verschiedene Grunds\u00e4tze an, um die Verwendung der Marke zu [&hellip;]<\/p>\n","protected":false},"author":3,"featured_media":0,"parent":22963,"menu_order":0,"comment_status":"closed","ping_status":"open","template":"","meta":{"footnotes":""},"class_list":["post-22983","page","type-page","status-publish","hentry"],"yoast_head":"<!-- This site is optimized with the Yoast SEO plugin v27.3 - https:\/\/yoast.com\/product\/yoast-seo-wordpress\/ -->\n<title>Discover-WP-Markenrichtlinie - OnTheGoSystems<\/title>\n<meta name=\"robots\" content=\"index, follow, max-snippet:-1, max-image-preview:large, max-video-preview:-1\" \/>\n<link rel=\"canonical\" href=\"https:\/\/onthegosystems.com\/de\/legal\/discover-wp-warenzeichenpolitik\/\" \/>\n<meta property=\"og:locale\" content=\"de_DE\" \/>\n<meta property=\"og:type\" content=\"article\" \/>\n<meta property=\"og:title\" content=\"Discover-WP-Markenrichtlinie - OnTheGoSystems\" \/>\n<meta property=\"og:description\" content=\"Grunds\u00e4tze f\u00fcr die Verwendung der Marke Discover-WP OnTheGoSystems Limited besitzt und \u00fcberwacht die Marke Discover-WP. Daher ist jede Verwendung des Namens als Teil eines Projekts, Produkts, einer Dienstleistung, Domain oder eines Firmennamens, die mit der Marke Discover-WP identisch oder \u00e4hnlich ist, unbefugt. OnTheGoSystems Limited wendet jedoch verschiedene Grunds\u00e4tze an, um die Verwendung der Marke zu [&hellip;]\" \/>\n<meta property=\"og:url\" content=\"https:\/\/onthegosystems.com\/de\/legal\/discover-wp-warenzeichenpolitik\/\" \/>\n<meta property=\"og:site_name\" content=\"OnTheGoSystems\" \/>\n<meta property=\"article:modified_time\" content=\"2025-09-08T07:09:34+00:00\" \/>\n<meta name=\"twitter:card\" content=\"summary_large_image\" \/>\n<meta name=\"twitter:label1\" content=\"Gesch\u00e4tzte Lesezeit\" \/>\n\t<meta name=\"twitter:data1\" content=\"3\u00a0Minuten\" \/>\n<script type=\"application\/ld+json\" class=\"yoast-schema-graph\">{\"@context\":\"https:\\\/\\\/schema.org\",\"@graph\":[{\"@type\":\"WebPage\",\"@id\":\"https:\\\/\\\/onthegosystems.com\\\/de\\\/legal\\\/discover-wp-warenzeichenpolitik\\\/\",\"url\":\"https:\\\/\\\/onthegosystems.com\\\/de\\\/legal\\\/discover-wp-warenzeichenpolitik\\\/\",\"name\":\"Discover-WP-Markenrichtlinie - OnTheGoSystems\",\"isPartOf\":{\"@id\":\"https:\\\/\\\/onthegosystems.com\\\/de\\\/#website\"},\"datePublished\":\"2024-06-12T13:28:36+00:00\",\"dateModified\":\"2025-09-08T07:09:34+00:00\",\"breadcrumb\":{\"@id\":\"https:\\\/\\\/onthegosystems.com\\\/de\\\/legal\\\/discover-wp-warenzeichenpolitik\\\/#breadcrumb\"},\"inLanguage\":\"de\",\"potentialAction\":[{\"@type\":\"ReadAction\",\"target\":[\"https:\\\/\\\/onthegosystems.com\\\/de\\\/legal\\\/discover-wp-warenzeichenpolitik\\\/\"]}]},{\"@type\":\"BreadcrumbList\",\"@id\":\"https:\\\/\\\/onthegosystems.com\\\/de\\\/legal\\\/discover-wp-warenzeichenpolitik\\\/#breadcrumb\",\"itemListElement\":[{\"@type\":\"ListItem\",\"position\":1,\"name\":\"Home\",\"item\":\"https:\\\/\\\/onthegosystems.com\\\/de\\\/\"},{\"@type\":\"ListItem\",\"position\":2,\"name\":\"Rechtliches\",\"item\":\"https:\\\/\\\/onthegosystems.com\\\/de\\\/legal\\\/\"},{\"@type\":\"ListItem\",\"position\":3,\"name\":\"Discover-WP-Markenrichtlinie\"}]},{\"@type\":\"WebSite\",\"@id\":\"https:\\\/\\\/onthegosystems.com\\\/de\\\/#website\",\"url\":\"https:\\\/\\\/onthegosystems.com\\\/de\\\/\",\"name\":\"OnTheGoSystems\",\"description\":\"WordPress plugins and professional translation\",\"publisher\":{\"@id\":\"https:\\\/\\\/onthegosystems.com\\\/de\\\/#organization\"},\"potentialAction\":[{\"@type\":\"SearchAction\",\"target\":{\"@type\":\"EntryPoint\",\"urlTemplate\":\"https:\\\/\\\/onthegosystems.com\\\/de\\\/?s={search_term_string}\"},\"query-input\":{\"@type\":\"PropertyValueSpecification\",\"valueRequired\":true,\"valueName\":\"search_term_string\"}}],\"inLanguage\":\"de\"},{\"@type\":\"Organization\",\"@id\":\"https:\\\/\\\/onthegosystems.com\\\/de\\\/#organization\",\"name\":\"OnTheGoSystems\",\"url\":\"https:\\\/\\\/onthegosystems.com\\\/de\\\/\",\"logo\":{\"@type\":\"ImageObject\",\"inLanguage\":\"de\",\"@id\":\"https:\\\/\\\/onthegosystems.com\\\/de\\\/#\\\/schema\\\/logo\\\/image\\\/\",\"url\":\"https:\\\/\\\/onthegosystems.com\\\/wp-content\\\/uploads\\\/2020\\\/07\\\/cropped-favicon.png\",\"contentUrl\":\"https:\\\/\\\/onthegosystems.com\\\/wp-content\\\/uploads\\\/2020\\\/07\\\/cropped-favicon.png\",\"width\":512,\"height\":512,\"caption\":\"OnTheGoSystems\"},\"image\":{\"@id\":\"https:\\\/\\\/onthegosystems.com\\\/de\\\/#\\\/schema\\\/logo\\\/image\\\/\"}}]}<\/script>\n<!-- \/ Yoast SEO plugin. -->","yoast_head_json":{"title":"Discover-WP-Markenrichtlinie - OnTheGoSystems","robots":{"index":"index","follow":"follow","max-snippet":"max-snippet:-1","max-image-preview":"max-image-preview:large","max-video-preview":"max-video-preview:-1"},"canonical":"https:\/\/onthegosystems.com\/de\/legal\/discover-wp-warenzeichenpolitik\/","og_locale":"de_DE","og_type":"article","og_title":"Discover-WP-Markenrichtlinie - OnTheGoSystems","og_description":"Grunds\u00e4tze f\u00fcr die Verwendung der Marke Discover-WP OnTheGoSystems Limited besitzt und \u00fcberwacht die Marke Discover-WP. Daher ist jede Verwendung des Namens als Teil eines Projekts, Produkts, einer Dienstleistung, Domain oder eines Firmennamens, die mit der Marke Discover-WP identisch oder \u00e4hnlich ist, unbefugt. OnTheGoSystems Limited wendet jedoch verschiedene Grunds\u00e4tze an, um die Verwendung der Marke zu [&hellip;]","og_url":"https:\/\/onthegosystems.com\/de\/legal\/discover-wp-warenzeichenpolitik\/","og_site_name":"OnTheGoSystems","article_modified_time":"2025-09-08T07:09:34+00:00","twitter_card":"summary_large_image","twitter_misc":{"Gesch\u00e4tzte Lesezeit":"3\u00a0Minuten"},"schema":{"@context":"https:\/\/schema.org","@graph":[{"@type":"WebPage","@id":"https:\/\/onthegosystems.com\/de\/legal\/discover-wp-warenzeichenpolitik\/","url":"https:\/\/onthegosystems.com\/de\/legal\/discover-wp-warenzeichenpolitik\/","name":"Discover-WP-Markenrichtlinie - OnTheGoSystems","isPartOf":{"@id":"https:\/\/onthegosystems.com\/de\/#website"},"datePublished":"2024-06-12T13:28:36+00:00","dateModified":"2025-09-08T07:09:34+00:00","breadcrumb":{"@id":"https:\/\/onthegosystems.com\/de\/legal\/discover-wp-warenzeichenpolitik\/#breadcrumb"},"inLanguage":"de","potentialAction":[{"@type":"ReadAction","target":["https:\/\/onthegosystems.com\/de\/legal\/discover-wp-warenzeichenpolitik\/"]}]},{"@type":"BreadcrumbList","@id":"https:\/\/onthegosystems.com\/de\/legal\/discover-wp-warenzeichenpolitik\/#breadcrumb","itemListElement":[{"@type":"ListItem","position":1,"name":"Home","item":"https:\/\/onthegosystems.com\/de\/"},{"@type":"ListItem","position":2,"name":"Rechtliches","item":"https:\/\/onthegosystems.com\/de\/legal\/"},{"@type":"ListItem","position":3,"name":"Discover-WP-Markenrichtlinie"}]},{"@type":"WebSite","@id":"https:\/\/onthegosystems.com\/de\/#website","url":"https:\/\/onthegosystems.com\/de\/","name":"OnTheGoSystems","description":"WordPress plugins and professional translation","publisher":{"@id":"https:\/\/onthegosystems.com\/de\/#organization"},"potentialAction":[{"@type":"SearchAction","target":{"@type":"EntryPoint","urlTemplate":"https:\/\/onthegosystems.com\/de\/?s={search_term_string}"},"query-input":{"@type":"PropertyValueSpecification","valueRequired":true,"valueName":"search_term_string"}}],"inLanguage":"de"},{"@type":"Organization","@id":"https:\/\/onthegosystems.com\/de\/#organization","name":"OnTheGoSystems","url":"https:\/\/onthegosystems.com\/de\/","logo":{"@type":"ImageObject","inLanguage":"de","@id":"https:\/\/onthegosystems.com\/de\/#\/schema\/logo\/image\/","url":"https:\/\/onthegosystems.com\/wp-content\/uploads\/2020\/07\/cropped-favicon.png","contentUrl":"https:\/\/onthegosystems.com\/wp-content\/uploads\/2020\/07\/cropped-favicon.png","width":512,"height":512,"caption":"OnTheGoSystems"},"image":{"@id":"https:\/\/onthegosystems.com\/de\/#\/schema\/logo\/image\/"}}]}},"_links":{"self":[{"href":"https:\/\/onthegosystems.com\/de\/wp-json\/wp\/v2\/pages\/22983","targetHints":{"allow":["GET"]}}],"collection":[{"href":"https:\/\/onthegosystems.com\/de\/wp-json\/wp\/v2\/pages"}],"about":[{"href":"https:\/\/onthegosystems.com\/de\/wp-json\/wp\/v2\/types\/page"}],"author":[{"embeddable":true,"href":"https:\/\/onthegosystems.com\/de\/wp-json\/wp\/v2\/users\/3"}],"replies":[{"embeddable":true,"href":"https:\/\/onthegosystems.com\/de\/wp-json\/wp\/v2\/comments?post=22983"}],"version-history":[{"count":2,"href":"https:\/\/onthegosystems.com\/de\/wp-json\/wp\/v2\/pages\/22983\/revisions"}],"predecessor-version":[{"id":28896,"href":"https:\/\/onthegosystems.com\/de\/wp-json\/wp\/v2\/pages\/22983\/revisions\/28896"}],"up":[{"embeddable":true,"href":"https:\/\/onthegosystems.com\/de\/wp-json\/wp\/v2\/pages\/22963"}],"wp:attachment":[{"href":"https:\/\/onthegosystems.com\/de\/wp-json\/wp\/v2\/media?parent=22983"}],"curies":[{"name":"wp","href":"https:\/\/api.w.org\/{rel}","templated":true}]}}