{"id":24990,"date":"2025-01-23T15:05:24","date_gmt":"2025-01-23T15:05:24","guid":{"rendered":"https:\/\/onthegosystems.com\/onthegosystems-fuehrungsprinzipien\/"},"modified":"2025-09-08T07:03:57","modified_gmt":"2025-09-08T07:03:57","slug":"onthegosystems-fuehrungsprinzipien","status":"publish","type":"page","link":"https:\/\/onthegosystems.com\/de\/onthegosystems-fuehrungsprinzipien\/","title":{"rendered":"Die F\u00fchrungsprinzipien von OnTheGoSystems"},"content":{"rendered":"\n<div class=\"wp-block-toolset-blocks-grid tb-grid\" data-toolset-blocks-grid=\"b8c014b8b8d5ace6679f922147d2eca3\">\n<div class=\"wp-block-toolset-blocks-grid-column tb-grid-column tb-grid-align-top\" data-toolset-blocks-grid-column=\"3034fbe886c11054e95b46b09d3e4112\">\n<div class=\"tb-fields-and-text\" data-toolset-blocks-fields-and-text=\"4c30f06475affe4238d332be7da1b010\"><p>Diese Prinzipien definieren, wie wir bei OnTheGoSystems arbeiten.<br\/> Sie leiten unsere Entscheidungen und unsere Kultur in einem schnell wachsenden, vollst\u00e4ndig dezentralen Unternehmen.<\/p><\/div>\n\n\n\n<h3 class=\"wp-block-heading\" id=\"customers-first\">\n  <a href=\"#customers-first\">\n    <strong>\n      <mark>\n  1. Der Kunde zuerst\n      <\/mark>\n    <\/strong>\n  <\/a>\n<\/h3>\n\n\n\n<p>Wir beginnen mit unseren Kunden \u2013 Software- und Website-Entwicklern \u2013 indem wir ihre Bed\u00fcrfnisse verstehen. Jede Entscheidung, die wir treffen, vom Produktdesign \u00fcber die Dokumentation und den Support bis hin zur Werbung, ist darauf ausgerichtet, unseren Kunden die bestm\u00f6gliche Erfahrung zu bieten. <\/p>\n\n\n\n<h3 class=\"wp-block-heading\" id=\"deliver-results\">\n  <a href=\"#deliver-results\">\n    <strong>\n      <mark>2. Ergebnisse liefern<\/mark>\n    <\/strong>\n  <\/a>\n<\/h3>\n\n\n\n<p>Absichten und Anstrengungen sind gut, aber wir messen uns an Ergebnissen. Trotz R\u00fcckschl\u00e4gen und Herausforderungen bleiben wir widerstandsf\u00e4hig, passen uns an und machen weiter, bis wir Erfolg haben. <\/p>\n\n\n\n<h3 class=\"wp-block-heading\" id=\"own-it-perfect-it\">\n  <a href=\"#own-it-perfect-it\">\n    <strong>\n      <mark>3. Eigenverantwortung \u00fcbernehmen, perfektionieren<\/mark>\n    <\/strong>\n  <\/a>\n<\/h3>\n\n\n\n<p>Wir \u00fcbernehmen die volle Verantwortung f\u00fcr unsere Arbeit und ihre langfristigen Auswirkungen. Wir schieben Probleme nicht auf andere ab \u2013 wir l\u00f6sen sie. Das bedeutet, dass wir auf die Details achten, unsere Arbeit gr\u00fcndlich testen und sicherstellen, dass unsere Entscheidungen auf realen Daten basieren.  <\/p>\n\n\n\n<h3 class=\"wp-block-heading\" id=\"take-initiative\">\n  <a href=\"#take-initiative\">\n    <strong>\n      <mark>4. Initiative ergreifen<\/mark>\n    <\/strong>\n  <\/a>\n<\/h3>\n\n\n\n<p>Wir warten nicht darauf, dass jemand anderes handelt. Wenn etwas Wichtiges getan werden muss, werden wir aktiv \u2013 unabh\u00e4ngig davon, ob es zu unserer offiziellen Rolle geh\u00f6rt oder nicht. Wir helfen, wo wir k\u00f6nnen, ergreifen die Initiative und \u00fcberwinden Hindernisse, um den Erfolg sicherzustellen.  <\/p>\n\n\n\n<h3 class=\"wp-block-heading\" id=\"set-high-standards-stay-tolerant\">\n  <a href=\"#set-high-standards-stay-tolerant\">\n    <strong>\n      <mark>5. Hohe Standards setzen, tolerant bleiben<\/mark>\n    <\/strong>\n  <\/a>\n<\/h3>\n\n\n\n<p>Wir setzen die h\u00f6chsten Standards f\u00fcr unsere eigene Arbeit und streben stets nach Exzellenz. Gleichzeitig erkennen wir an, dass unsere Kollegen ihr Bestes geben. Wir unterst\u00fctzen sie geduldig und pflegen gleichzeitig eine Kultur der Verantwortlichkeit.  <\/p>\n\n\n\n<h3 class=\"wp-block-heading\" id=\"respect-time-work-smart\">\n  <a href=\"#respect-time-work-smart\">\n    <strong>\n      <mark>6. Zeit respektieren, intelligent arbeiten<\/mark>\n    <\/strong>\n  <\/a>\n<\/h3>\n\n\n\n<p>Wir legen Wert auf Effizienz, Zusammenarbeit und Konzentration. Wir erledigen unsere Arbeit, aber niemals auf Kosten der F\u00e4higkeit unserer Kollegen, ihre Arbeit zu erledigen. Wir respektieren die Zeit der anderen in Besprechungen, in der Kommunikation und in den Arbeitsabl\u00e4ufen und stellen sicher, dass jeder produktiv und effektiv sein kann.  <\/p>\n\n\n\n<h3 class=\"wp-block-heading\" id=\"innovate-and-simplify\">\n  <a href=\"#innovate-and-simplify\">\n    <strong>\n      <mark>7. Innovation und Vereinfachung<\/mark>\n    <\/strong>\n  <\/a>\n<\/h3>\n\n\n\n<p>Wir hinterfragen Annahmen, nehmen neue Ideen an und suchen nach M\u00f6glichkeiten, Prozesse sowohl f\u00fcr unsere Kunden als auch f\u00fcr uns selbst zu vereinfachen. Wir erkennen an, dass Innovation Experimente erfordert, und sind bereit, kalkulierte Risiken einzugehen, um unsere Produkte und Arbeitsabl\u00e4ufe zu verbessern. <\/p>\n\n\n\n<h3 class=\"wp-block-heading\" id=\"win-with-partners\">\n  <a href=\"#win-with-partners\"><strong><mark>8. Mit Partnern gewinnen<\/mark><\/strong><\/a>\n<\/h3>\n\n\n\n<p>Unser Erfolg ist eng mit dem Erfolg unserer Partner verbunden. Wir verfolgen einen langfristigen Ansatz, indem wir das Umfeld, in dem wir t\u00e4tig sind, verstehen, die Zusammenarbeit f\u00f6rdern und Synergien schaffen. Durch die enge Zusammenarbeit mit unseren Partnern schaffen wir einen gr\u00f6\u00dferen Mehrwert f\u00fcr unsere Kunden.  <\/p>\n<\/div>\n\n\n\n<div class=\"wp-block-toolset-blocks-grid-column tb-grid-column tb-grid-align-top\" data-toolset-blocks-grid-column=\"1f03a892d2a437b578e6201c8aafdc51\"><\/div>\n<\/div>\n","protected":false},"excerpt":{"rendered":"","protected":false},"author":9,"featured_media":0,"parent":0,"menu_order":0,"comment_status":"closed","ping_status":"closed","template":"","meta":{"footnotes":""},"class_list":["post-24990","page","type-page","status-publish","hentry"],"yoast_head":"<!-- This site is optimized with the Yoast SEO plugin v27.3 - https:\/\/yoast.com\/product\/yoast-seo-wordpress\/ -->\n<title>Die F\u00fchrungsprinzipien von OnTheGoSystems - OnTheGoSystems<\/title>\n<meta name=\"robots\" content=\"index, follow, max-snippet:-1, max-image-preview:large, max-video-preview:-1\" \/>\n<link rel=\"canonical\" href=\"https:\/\/onthegosystems.com\/de\/onthegosystems-fuehrungsprinzipien\/\" \/>\n<meta property=\"og:locale\" content=\"de_DE\" \/>\n<meta property=\"og:type\" content=\"article\" \/>\n<meta property=\"og:title\" content=\"Die F\u00fchrungsprinzipien von OnTheGoSystems - OnTheGoSystems\" \/>\n<meta property=\"og:url\" content=\"https:\/\/onthegosystems.com\/de\/onthegosystems-fuehrungsprinzipien\/\" \/>\n<meta property=\"og:site_name\" content=\"OnTheGoSystems\" \/>\n<meta property=\"article:modified_time\" content=\"2025-09-08T07:03:57+00:00\" \/>\n<meta name=\"twitter:card\" content=\"summary_large_image\" \/>\n<meta name=\"twitter:label1\" content=\"Gesch\u00e4tzte Lesezeit\" \/>\n\t<meta name=\"twitter:data1\" content=\"2\u00a0Minuten\" \/>\n<script type=\"application\/ld+json\" class=\"yoast-schema-graph\">{\"@context\":\"https:\\\/\\\/schema.org\",\"@graph\":[{\"@type\":\"WebPage\",\"@id\":\"https:\\\/\\\/onthegosystems.com\\\/de\\\/onthegosystems-fuehrungsprinzipien\\\/\",\"url\":\"https:\\\/\\\/onthegosystems.com\\\/de\\\/onthegosystems-fuehrungsprinzipien\\\/\",\"name\":\"Die F\u00fchrungsprinzipien von OnTheGoSystems - OnTheGoSystems\",\"isPartOf\":{\"@id\":\"https:\\\/\\\/onthegosystems.com\\\/de\\\/#website\"},\"datePublished\":\"2025-01-23T15:05:24+00:00\",\"dateModified\":\"2025-09-08T07:03:57+00:00\",\"breadcrumb\":{\"@id\":\"https:\\\/\\\/onthegosystems.com\\\/de\\\/onthegosystems-fuehrungsprinzipien\\\/#breadcrumb\"},\"inLanguage\":\"de\",\"potentialAction\":[{\"@type\":\"ReadAction\",\"target\":[\"https:\\\/\\\/onthegosystems.com\\\/de\\\/onthegosystems-fuehrungsprinzipien\\\/\"]}]},{\"@type\":\"BreadcrumbList\",\"@id\":\"https:\\\/\\\/onthegosystems.com\\\/de\\\/onthegosystems-fuehrungsprinzipien\\\/#breadcrumb\",\"itemListElement\":[{\"@type\":\"ListItem\",\"position\":1,\"name\":\"Home\",\"item\":\"https:\\\/\\\/onthegosystems.com\\\/de\\\/\"},{\"@type\":\"ListItem\",\"position\":2,\"name\":\"Die F\u00fchrungsprinzipien von OnTheGoSystems\"}]},{\"@type\":\"WebSite\",\"@id\":\"https:\\\/\\\/onthegosystems.com\\\/de\\\/#website\",\"url\":\"https:\\\/\\\/onthegosystems.com\\\/de\\\/\",\"name\":\"OnTheGoSystems\",\"description\":\"WordPress plugins and professional translation\",\"publisher\":{\"@id\":\"https:\\\/\\\/onthegosystems.com\\\/de\\\/#organization\"},\"potentialAction\":[{\"@type\":\"SearchAction\",\"target\":{\"@type\":\"EntryPoint\",\"urlTemplate\":\"https:\\\/\\\/onthegosystems.com\\\/de\\\/?s={search_term_string}\"},\"query-input\":{\"@type\":\"PropertyValueSpecification\",\"valueRequired\":true,\"valueName\":\"search_term_string\"}}],\"inLanguage\":\"de\"},{\"@type\":\"Organization\",\"@id\":\"https:\\\/\\\/onthegosystems.com\\\/de\\\/#organization\",\"name\":\"OnTheGoSystems\",\"url\":\"https:\\\/\\\/onthegosystems.com\\\/de\\\/\",\"logo\":{\"@type\":\"ImageObject\",\"inLanguage\":\"de\",\"@id\":\"https:\\\/\\\/onthegosystems.com\\\/de\\\/#\\\/schema\\\/logo\\\/image\\\/\",\"url\":\"https:\\\/\\\/onthegosystems.com\\\/wp-content\\\/uploads\\\/2020\\\/07\\\/cropped-favicon.png\",\"contentUrl\":\"https:\\\/\\\/onthegosystems.com\\\/wp-content\\\/uploads\\\/2020\\\/07\\\/cropped-favicon.png\",\"width\":512,\"height\":512,\"caption\":\"OnTheGoSystems\"},\"image\":{\"@id\":\"https:\\\/\\\/onthegosystems.com\\\/de\\\/#\\\/schema\\\/logo\\\/image\\\/\"}}]}<\/script>\n<!-- \/ Yoast SEO plugin. -->","yoast_head_json":{"title":"Die F\u00fchrungsprinzipien von OnTheGoSystems - OnTheGoSystems","robots":{"index":"index","follow":"follow","max-snippet":"max-snippet:-1","max-image-preview":"max-image-preview:large","max-video-preview":"max-video-preview:-1"},"canonical":"https:\/\/onthegosystems.com\/de\/onthegosystems-fuehrungsprinzipien\/","og_locale":"de_DE","og_type":"article","og_title":"Die F\u00fchrungsprinzipien von OnTheGoSystems - OnTheGoSystems","og_url":"https:\/\/onthegosystems.com\/de\/onthegosystems-fuehrungsprinzipien\/","og_site_name":"OnTheGoSystems","article_modified_time":"2025-09-08T07:03:57+00:00","twitter_card":"summary_large_image","twitter_misc":{"Gesch\u00e4tzte Lesezeit":"2\u00a0Minuten"},"schema":{"@context":"https:\/\/schema.org","@graph":[{"@type":"WebPage","@id":"https:\/\/onthegosystems.com\/de\/onthegosystems-fuehrungsprinzipien\/","url":"https:\/\/onthegosystems.com\/de\/onthegosystems-fuehrungsprinzipien\/","name":"Die F\u00fchrungsprinzipien von OnTheGoSystems - OnTheGoSystems","isPartOf":{"@id":"https:\/\/onthegosystems.com\/de\/#website"},"datePublished":"2025-01-23T15:05:24+00:00","dateModified":"2025-09-08T07:03:57+00:00","breadcrumb":{"@id":"https:\/\/onthegosystems.com\/de\/onthegosystems-fuehrungsprinzipien\/#breadcrumb"},"inLanguage":"de","potentialAction":[{"@type":"ReadAction","target":["https:\/\/onthegosystems.com\/de\/onthegosystems-fuehrungsprinzipien\/"]}]},{"@type":"BreadcrumbList","@id":"https:\/\/onthegosystems.com\/de\/onthegosystems-fuehrungsprinzipien\/#breadcrumb","itemListElement":[{"@type":"ListItem","position":1,"name":"Home","item":"https:\/\/onthegosystems.com\/de\/"},{"@type":"ListItem","position":2,"name":"Die F\u00fchrungsprinzipien von OnTheGoSystems"}]},{"@type":"WebSite","@id":"https:\/\/onthegosystems.com\/de\/#website","url":"https:\/\/onthegosystems.com\/de\/","name":"OnTheGoSystems","description":"WordPress plugins and professional translation","publisher":{"@id":"https:\/\/onthegosystems.com\/de\/#organization"},"potentialAction":[{"@type":"SearchAction","target":{"@type":"EntryPoint","urlTemplate":"https:\/\/onthegosystems.com\/de\/?s={search_term_string}"},"query-input":{"@type":"PropertyValueSpecification","valueRequired":true,"valueName":"search_term_string"}}],"inLanguage":"de"},{"@type":"Organization","@id":"https:\/\/onthegosystems.com\/de\/#organization","name":"OnTheGoSystems","url":"https:\/\/onthegosystems.com\/de\/","logo":{"@type":"ImageObject","inLanguage":"de","@id":"https:\/\/onthegosystems.com\/de\/#\/schema\/logo\/image\/","url":"https:\/\/onthegosystems.com\/wp-content\/uploads\/2020\/07\/cropped-favicon.png","contentUrl":"https:\/\/onthegosystems.com\/wp-content\/uploads\/2020\/07\/cropped-favicon.png","width":512,"height":512,"caption":"OnTheGoSystems"},"image":{"@id":"https:\/\/onthegosystems.com\/de\/#\/schema\/logo\/image\/"}}]}},"_links":{"self":[{"href":"https:\/\/onthegosystems.com\/de\/wp-json\/wp\/v2\/pages\/24990","targetHints":{"allow":["GET"]}}],"collection":[{"href":"https:\/\/onthegosystems.com\/de\/wp-json\/wp\/v2\/pages"}],"about":[{"href":"https:\/\/onthegosystems.com\/de\/wp-json\/wp\/v2\/types\/page"}],"author":[{"embeddable":true,"href":"https:\/\/onthegosystems.com\/de\/wp-json\/wp\/v2\/users\/9"}],"replies":[{"embeddable":true,"href":"https:\/\/onthegosystems.com\/de\/wp-json\/wp\/v2\/comments?post=24990"}],"version-history":[{"count":8,"href":"https:\/\/onthegosystems.com\/de\/wp-json\/wp\/v2\/pages\/24990\/revisions"}],"predecessor-version":[{"id":28828,"href":"https:\/\/onthegosystems.com\/de\/wp-json\/wp\/v2\/pages\/24990\/revisions\/28828"}],"wp:attachment":[{"href":"https:\/\/onthegosystems.com\/de\/wp-json\/wp\/v2\/media?parent=24990"}],"curies":[{"name":"wp","href":"https:\/\/api.w.org\/{rel}","templated":true}]}}