{"id":25609,"date":"2025-03-27T09:02:58","date_gmt":"2025-03-27T09:02:58","guid":{"rendered":"https:\/\/onthegosystems.com\/teams-und-projekte\/ptc\/"},"modified":"2025-10-03T08:52:55","modified_gmt":"2025-10-03T08:52:55","slug":"ptc","status":"publish","type":"page","link":"https:\/\/onthegosystems.com\/de\/teams-und-projekte\/ptc\/","title":{"rendered":"PTC"},"content":{"rendered":"\n<div class=\"wp-block-toolset-blocks-container tb-container alignfull\" data-toolset-blocks-container=\"d5b13fe0f15750ee8935945a6520de17\"><div class=\"tb-container-inner\">\n<div class=\"wp-block-toolset-blocks-container tb-container\" data-toolset-blocks-container=\"cf3061bf66e90cd7d320c1ae98d9739e\">\n<div class=\"wp-block-toolset-blocks-grid tb-grid\" data-toolset-blocks-grid=\"1ef7b967bec47466a3dcfeb9b520e178\">\n<div class=\"wp-block-toolset-blocks-grid-column tb-grid-column tb-grid-align-top\" data-toolset-blocks-grid-column=\"3034fbe886c11054e95b46b09d3e4112\">\n<figure class=\"wp-block-image tb-image tb-image-dynamic tb-image-frame-none\" data-toolset-blocks-image=\"7f99547068f87161b8785c89d1a5995c\"><img decoding=\"async\" width=\"152\" height=\"152\" data-src=\"https:\/\/onthegosystems.com\/wp-content\/uploads\/2025\/03\/Logo.png\" alt=\"\" class=\"wp-image-25273 lazyload\" data-srcset=\"https:\/\/onthegosystems.com\/wp-content\/uploads\/2025\/03\/Logo.png 152w, https:\/\/onthegosystems.com\/wp-content\/uploads\/2025\/03\/Logo-150x150.png 150w\" data-sizes=\"auto, (max-width: 152px) 100vw, 152px\" src=\"data:image\/svg+xml;base64,PHN2ZyB3aWR0aD0iMSIgaGVpZ2h0PSIxIiB4bWxucz0iaHR0cDovL3d3dy53My5vcmcvMjAwMC9zdmciPjwvc3ZnPg==\" style=\"--smush-placeholder-width: 152px; --smush-placeholder-aspect-ratio: 152\/152;\" \/><\/figure>\n\n\n\n<h1 class=\"tb-heading has-text-color\" data-toolset-blocks-heading=\"483c6abd8ead45808a4116412e13bee3\" data-last-update=\"1.4\">Die \u00dcbersetzung neu erfinden \u2013 wollen Sie dabei sein?<\/h1>\n\n\n\n<p class=\"tb-heading has-text-color\" data-toolset-blocks-heading=\"c741422f696519177cf746f89c137505\" data-last-update=\"1.4\"><a href=\"https:\/\/ptc.wpml.org\/de\/ueber\/\" target=\"_blank\" rel=\"noreferrer noopener\"><strong>Private Translation Cloud<\/strong> (PTC)<\/a> ist ein webbasierter Dienst, der Software \u00fcbersetzt. Wir haben damit begonnen, eine \u201ebessere als menschliche\u201c \u00dcbersetzung anzustreben. Nachdem wir dies nun erreicht haben, streben wir noch h\u00f6here Qualit\u00e4t an, die selbst die besten menschlichen \u00dcbersetzer nicht erreichen k\u00f6nnen.  <\/p>\n<\/div>\n\n\n\n<div class=\"wp-block-toolset-blocks-grid-column tb-grid-column tb-grid-align-top\" data-toolset-blocks-grid-column=\"3034fbe886c11054e95b46b09d3e4112\"><\/div>\n<\/div>\n<\/div>\n<\/div><\/div>\n\n<div class=\"wp-block-toolset-blocks-container tb-container alignfull\" data-toolset-blocks-container=\"9cfd88b8b276254826641b9c88971d62\"><div class=\"tb-container-inner\">\n<div class=\"wp-block-toolset-blocks-grid tb-grid\" data-toolset-blocks-grid=\"04acaa22fda71f1629b6da44af4eaa3e\">\n<div class=\"wp-block-toolset-blocks-grid-column tb-grid-column tb-grid-align-top\" data-toolset-blocks-grid-column=\"3034fbe886c11054e95b46b09d3e4112\">\n<h2 class=\"tb-heading has-text-color\" data-toolset-blocks-heading=\"e6b49bc46231e3a61ceda025bc36584a\" data-last-update=\"1.4\">Warum das wichtig ist<\/h2>\n\n\n\n<p class=\"tb-heading\" data-toolset-blocks-heading=\"7a80f99f053dcfdc94c212c98e4698a3\" data-last-update=\"1.4\">Software\u00fcbersetzung ist schwierig \u2013 teuer, langsam und frustrierend. Deshalb ist es ein gro\u00dfartiges Gesch\u00e4ft. Mittelm\u00e4\u00dfige maschinelle \u00dcbersetzung reicht nicht aus, und die \u00dcbersetzung durch menschliche Experten ist immer noch kostspielig und oft entt\u00e4uschend. Viele Unternehmen ben\u00f6tigen eine echte L\u00f6sung, um global zu agieren.   <\/p>\n<\/div>\n\n\n\n<div class=\"wp-block-toolset-blocks-grid-column tb-grid-column tb-grid-align-top\" data-toolset-blocks-grid-column=\"3034fbe886c11054e95b46b09d3e4112\"><\/div>\n<\/div>\n\n\n\n<div class=\"wp-block-toolset-blocks-grid tb-grid\" data-toolset-blocks-grid=\"4639a0bfe14bb54092419c92029faa5c\">\n<div class=\"wp-block-toolset-blocks-grid-column tb-grid-column\" data-toolset-blocks-grid-column=\"c777ff47b88bccde2288392889584581\">\n<div class=\"wp-block-toolset-blocks-container tb-container\" data-toolset-blocks-container=\"01b93eab7b92e2d138b3d109f87a2b41\"><\/div>\n<\/div>\n\n\n\n<div class=\"wp-block-toolset-blocks-grid-column tb-grid-column tb-grid-align-center\" data-toolset-blocks-grid-column=\"5c90cbc0e579dc6511ccb4ae42faf52d\">\n<h3 class=\"tb-heading has-text-color has-background wa\" data-toolset-blocks-heading=\"70167636c124965d6f41237f13df8f2f\" data-last-update=\"1.4\"><strong>Wo wir stehen<\/strong><\/h3>\n\n\n\n<p class=\"tb-heading\" data-toolset-blocks-heading=\"7a80f99f053dcfdc94c212c98e4698a3\" data-last-update=\"1.4\">Unser System funktioniert. Die Kunden lieben es. Wir haben die \u00dcbersetzungskosten von Tausenden auf nahezu Null reduziert und die Lieferzeit von Wochen auf Minuten.  <\/p>\n\n\n\n<h3 class=\"tb-heading has-text-color has-background wa\" data-toolset-blocks-heading=\"028b22063056ab75f025b0113600f936\" data-last-update=\"1.4\"><strong><strong>Wo wir hinwollen<\/strong><\/strong><\/h3>\n\n\n\n<p class=\"tb-heading\" data-toolset-blocks-heading=\"7a80f99f053dcfdc94c212c98e4698a3\" data-last-update=\"1.4\">In einem Jahr wollen wir erreichen, dass viele Tausend Unternehmen auf PTC setzen. Es wird unser dritter gro\u00dfer Erfolg nach <a href=\"https:\/\/wpml.org\/de\/\" target=\"_blank\" rel=\"noreferrer noopener\">WPML<\/a> und <a href=\"https:\/\/wpml.org\/documentation\/automatic-translation\/wpml-ai-wordpress-translation\/\" target=\"_blank\" rel=\"noreferrer noopener\">KI-\u00dcbersetzung f\u00fcr WordPress<\/a> sein. Unsere bestehenden Produkte bedienen bereits mehr als 250.000 zufriedene Kunden. PTC ist der n\u00e4chste Schritt.   <\/p>\n<\/div>\n<\/div>\n\n\n\n<p class=\"tb-heading\" data-toolset-blocks-heading=\"d2c5b3cbfd07fa6be7331b79a4fff836\" data-last-update=\"1.4\"><strong>Wir m\u00fcssen keine Investoren zufriedenstellen, haben keine kurzfristigen Ziele und keine Pr\u00e4sentationen vorzubereiten.<br\/>Wir entwickeln solide Produkte f\u00fcr zufriedene Kunden<spam class=\"otgs-hightlight\">.<\/spam><\/strong><\/p>\n<\/div><\/div>\n\n<div class=\"wp-block-toolset-blocks-container tb-container alignfull\" data-toolset-blocks-container=\"ccd4ef76a39c8237ecc21840b994d2ad\"><div class=\"tb-container-inner\">\n<div class=\"wp-block-toolset-blocks-grid tb-grid\" data-toolset-blocks-grid=\"661de5295f27bf741908eff42357ddea\">\n<div class=\"wp-block-toolset-blocks-grid-column tb-grid-column tb-grid-align-center\" data-toolset-blocks-grid-column=\"f586ff7bfe1d7317c63162ec7b7039ed\">\n<h2 class=\"tb-heading has-text-color\" data-toolset-blocks-heading=\"df92eec2473d99c8947e5efe1a4d649b\" data-last-update=\"1.4\">Die Technik<\/h2>\n\n\n\n<p class=\"tb-heading\" data-toolset-blocks-heading=\"7a80f99f053dcfdc94c212c98e4698a3\" data-last-update=\"1.4\">PTC l\u00e4uft auf RoR (Backend) und React (Frontend). Wir haben RoR wegen seiner starken Konventionen, der integrierten Tests und des vollst\u00e4ndigen Frameworks gew\u00e4hlt. <\/p>\n\n\n\n<p class=\"tb-heading\" data-toolset-blocks-heading=\"7a80f99f053dcfdc94c212c98e4698a3\" data-last-update=\"1.4\">An diesen Problemen arbeiten wir:<br\/><\/p>\n\n\n\n<ul style=\"font-size:18px\" class=\"wp-block-list\">\n<li>Sprachmuster und wie man sie systematisch behandelt<\/li>\n\n\n\n<li>Effiziente automatische Skalierung f\u00fcr verz\u00f6gerte Job-Worker<\/li>\n\n\n\n<li>Ressourcenpriorisierung f\u00fcr Live- und Hintergrund-Clients<\/li>\n\n\n\n<li>Automatisierte Tests f\u00fcr ein nicht-deterministisches System<\/li>\n\n\n\n<li>Wie man komplexen Themen f\u00fcr nicht-fachkundige Benutzer erkl\u00e4rt<\/li>\n\n\n\n<li>Und vieles mehr\u2026<\/li>\n<\/ul>\n\n\n\n<p class=\"tb-heading\" data-toolset-blocks-heading=\"7a80f99f053dcfdc94c212c98e4698a3\" data-last-update=\"1.4\">Die Infrastruktur befindet sich auf AWS ECS. Es ist kosteng\u00fcnstig und flexibel f\u00fcr eine schnelle Entwicklung. <\/p>\n\n\n\n<div class=\"wp-block-toolset-blocks-grid tb-grid\" data-toolset-blocks-grid=\"08c5a7834b29e339a2d75fe264e74b31\">\n<div class=\"wp-block-toolset-blocks-grid-column tb-grid-column tb-grid-align-top\" data-toolset-blocks-grid-column=\"3034fbe886c11054e95b46b09d3e4112\">\n<div class=\"wp-block-toolset-blocks-container tb-container\" data-toolset-blocks-container=\"ecd48b165fa0142d040ddc87b22bb190\"><div class=\"wp-block-image\">\n<figure class=\" tb-image tb-image-dynamic tb-image-frame-none aligncenter\" data-toolset-blocks-image=\"57ea648dad6542e262e02c63996e5a29\"><img decoding=\"async\" width=\"90\" height=\"32\" data-src=\"https:\/\/onthegosystems.com\/wp-content\/uploads\/2023\/04\/ror.svg\" alt=\"Ruby on Rails\" class=\"wp-image-27680 lazyload\" src=\"data:image\/svg+xml;base64,PHN2ZyB3aWR0aD0iMSIgaGVpZ2h0PSIxIiB4bWxucz0iaHR0cDovL3d3dy53My5vcmcvMjAwMC9zdmciPjwvc3ZnPg==\" style=\"--smush-placeholder-width: 90px; --smush-placeholder-aspect-ratio: 90\/32;\" \/><figcaption><div class=\"tb-image-caption\">RoR<\/div><\/figcaption><\/figure>\n<\/div><\/div>\n<\/div>\n\n\n\n<div class=\"wp-block-toolset-blocks-grid-column tb-grid-column tb-grid-align-top\" data-toolset-blocks-grid-column=\"3034fbe886c11054e95b46b09d3e4112\">\n<div class=\"wp-block-toolset-blocks-container tb-container\" data-toolset-blocks-container=\"ecd48b165fa0142d040ddc87b22bb190\"><div class=\"wp-block-image\">\n<figure class=\" tb-image tb-image-media tb-image-frame-none aligncenter\" data-toolset-blocks-image=\"5e3cd56829c7eaef9abe4dd8121d632b\"><img decoding=\"async\" width=\"598\" height=\"533\" data-src=\"https:\/\/onthegosystems.com\/wp-content\/uploads\/2020\/06\/react.png\" alt=\"React\" class=\"wp-image-23926 lazyload\" data-srcset=\"https:\/\/onthegosystems.com\/wp-content\/uploads\/2020\/06\/react.png 598w, https:\/\/onthegosystems.com\/wp-content\/uploads\/2020\/06\/react-300x267.png 300w\" data-sizes=\"auto, (max-width: 598px) 100vw, 598px\" src=\"data:image\/svg+xml;base64,PHN2ZyB3aWR0aD0iMSIgaGVpZ2h0PSIxIiB4bWxucz0iaHR0cDovL3d3dy53My5vcmcvMjAwMC9zdmciPjwvc3ZnPg==\" style=\"--smush-placeholder-width: 598px; --smush-placeholder-aspect-ratio: 598\/533;\" \/><figcaption><div class=\"tb-image-caption\">React<\/div><\/figcaption><\/figure>\n<\/div><\/div>\n<\/div>\n<\/div>\n<\/div>\n\n\n\n<div class=\"wp-block-toolset-blocks-grid-column tb-grid-column\" data-toolset-blocks-grid-column=\"a6e73c9bcfb6574667bd3043cd1e8d9d\">\n<div class=\"wp-block-toolset-blocks-container tb-container\" data-toolset-blocks-container=\"0461b7d2a691dae3d93aaa67d276bccc\">\n<h2 class=\"tb-heading has-text-color\" data-toolset-blocks-heading=\"df92eec2473d99c8947e5efe1a4d649b\" data-last-update=\"1.4\">Das Team<\/h2>\n\n\n\n<figure class=\"wp-block-image tb-image tb-image-dynamic tb-image-frame-none\" data-toolset-blocks-image=\"ebf8b73b664c670f19e68db6b12ff71a\"><img decoding=\"async\" width=\"512\" height=\"129\" data-src=\"https:\/\/onthegosystems.com\/wp-content\/uploads\/2025\/03\/team-1-1-min.png\" alt=\"\" class=\"wp-image-25499 lazyload\" data-srcset=\"https:\/\/onthegosystems.com\/wp-content\/uploads\/2025\/03\/team-1-1-min.png 512w, https:\/\/onthegosystems.com\/wp-content\/uploads\/2025\/03\/team-1-1-min-300x76.png 300w\" data-sizes=\"auto, (max-width: 512px) 100vw, 512px\" src=\"data:image\/svg+xml;base64,PHN2ZyB3aWR0aD0iMSIgaGVpZ2h0PSIxIiB4bWxucz0iaHR0cDovL3d3dy53My5vcmcvMjAwMC9zdmciPjwvc3ZnPg==\" style=\"--smush-placeholder-width: 512px; --smush-placeholder-aspect-ratio: 512\/129;\" \/><\/figure>\n\n\n\n<p class=\"tb-heading\" data-toolset-blocks-heading=\"7a80f99f053dcfdc94c212c98e4698a3\" data-last-update=\"1.4\">Wir arbeiten remote, mit hohen Standards und starker Zusammenarbeit. Feste Arbeitszeiten bedeuten, dass Ihre Teamkollegen da sind, wenn Sie sie brauchen. Wir streben nach Exzellenz, lernen aus Fehlern und verbessern uns schnell.  <\/p>\n\n\n\n<p class=\"tb-heading\" data-toolset-blocks-heading=\"7a80f99f053dcfdc94c212c98e4698a3\" data-last-update=\"1.4\">Jeder in unserem Team ist ein Full-Stack-Entwickler. Neben dem Schreiben von gro\u00dfartigem Code und vollst\u00e4ndigen Tests ist jeder willkommen, sich an Architektur, Algorithmen und Workflows zu beteiligen. <\/p>\n<\/div>\n<\/div>\n<\/div>\n\n\n\n<h2 class=\"tb-heading has-text-color\" data-toolset-blocks-heading=\"6897679d9711eee240554b7252d6861c\" data-last-update=\"1.4\"><strong>Wie wir arbeiten<\/strong><\/h2>\n\n\n\n<div class=\"wp-block-toolset-blocks-grid tb-grid\" data-toolset-blocks-grid=\"40035f3d184782c8ad7b78bdef69e411\">\n<div class=\"wp-block-toolset-blocks-grid-column tb-grid-column tb-grid-align-top\" data-toolset-blocks-grid-column=\"7508472afafd47a4a34ef8e2596f6f1d\">\n<p class=\"tb-heading has-text-color\" data-toolset-blocks-heading=\"cd965d022c9520f69ac92fef677d3733\" data-last-update=\"1.4\"><strong>01<\/strong><\/p>\n\n\n\n<p class=\"tb-heading has-text-color\" data-toolset-blocks-heading=\"5d81157abf819ea8dd0b6cb5fd797bd8\" data-last-update=\"1.4\"><strong>T\u00e4gliche kurze Synchronisierungen mit vorab verfassten Statusaktualisierungen<\/strong><\/p>\n<\/div>\n\n\n\n<div class=\"wp-block-toolset-blocks-grid-column tb-grid-column tb-grid-align-top\" data-toolset-blocks-grid-column=\"7508472afafd47a4a34ef8e2596f6f1d\">\n<p class=\"tb-heading has-text-color\" data-toolset-blocks-heading=\"cd965d022c9520f69ac92fef677d3733\" data-last-update=\"1.4\"><strong>02<\/strong><\/p>\n\n\n\n<p class=\"tb-heading has-text-color\" data-toolset-blocks-heading=\"5d81157abf819ea8dd0b6cb5fd797bd8\" data-last-update=\"1.4\"><strong>Klare Sprintziele<\/strong><\/p>\n<\/div>\n\n\n\n<div class=\"wp-block-toolset-blocks-grid-column tb-grid-column tb-grid-align-top\" data-toolset-blocks-grid-column=\"7508472afafd47a4a34ef8e2596f6f1d\">\n<p class=\"tb-heading has-text-color\" data-toolset-blocks-heading=\"cd965d022c9520f69ac92fef677d3733\" data-last-update=\"1.4\"><strong>03<\/strong><\/p>\n\n\n\n<p class=\"tb-heading has-text-color\" data-toolset-blocks-heading=\"5d81157abf819ea8dd0b6cb5fd797bd8\" data-last-update=\"1.4\"><strong>Ad-hoc-Demos, wenn Meilensteine erreicht werden<\/strong><\/p>\n<\/div>\n<\/div>\n\n\n\n<div class=\"wp-block-toolset-blocks-grid tb-grid\" data-toolset-blocks-grid=\"49a0902d0d4d1dbe468c94fbb6812a9d\">\n<div class=\"wp-block-toolset-blocks-grid-column tb-grid-column tb-grid-align-top\" data-toolset-blocks-grid-column=\"7508472afafd47a4a34ef8e2596f6f1d\">\n<p class=\"tb-heading has-text-color\" data-toolset-blocks-heading=\"cd965d022c9520f69ac92fef677d3733\" data-last-update=\"1.4\"><strong>0<\/strong>4<\/p>\n\n\n\n<p class=\"tb-heading has-text-color\" data-toolset-blocks-heading=\"5d81157abf819ea8dd0b6cb5fd797bd8\" data-last-update=\"1.4\"><strong>Transparente Problemverfolgung anstelle von \u201eStatus\u201c-E-Mails<\/strong><\/p>\n<\/div>\n\n\n\n<div class=\"wp-block-toolset-blocks-grid-column tb-grid-column tb-grid-align-top\" data-toolset-blocks-grid-column=\"7508472afafd47a4a34ef8e2596f6f1d\">\n<p class=\"tb-heading has-text-color\" data-toolset-blocks-heading=\"cd965d022c9520f69ac92fef677d3733\" data-last-update=\"1.4\"><strong>0<\/strong>5<\/p>\n\n\n\n<p class=\"tb-heading has-text-color\" data-toolset-blocks-heading=\"5d81157abf819ea8dd0b6cb5fd797bd8\" data-last-update=\"1.4\"><strong>Keine Code-Reviews oder QA-Team. Wir verlassen uns auf Linters, CI\/CD und viel Verantwortung <\/strong><\/p>\n<\/div>\n\n\n\n<div class=\"wp-block-toolset-blocks-grid-column tb-grid-column tb-grid-align-top\" data-toolset-blocks-grid-column=\"7508472afafd47a4a34ef8e2596f6f1d\">\n<p class=\"tb-heading has-text-color\" data-toolset-blocks-heading=\"cd965d022c9520f69ac92fef677d3733\" data-last-update=\"1.4\"><strong>0<\/strong>6<\/p>\n\n\n\n<p class=\"tb-heading has-text-color\" data-toolset-blocks-heading=\"5d81157abf819ea8dd0b6cb5fd797bd8\" data-last-update=\"1.4\"><strong>Wir sch\u00e4tzen Autonomie und bleiben als Team aufeinander abgestimmt<\/strong><\/p>\n<\/div>\n<\/div>\n\n\n\n<div class=\"wp-block-toolset-blocks-container tb-container\" data-toolset-blocks-container=\"91c6fc397b45cb91573384905a1897da\">\n<h2 class=\"tb-heading has-text-color\" data-toolset-blocks-heading=\"eef3bf0fcf9c4dc07759847e2965e3b5\" data-last-update=\"1.4\">Klingt das nach Ihrem Team?<\/h2>\n\n\n\n<div class=\"tb-button\" data-toolset-blocks-button=\"745ee6c5e3f3d835bb5e33e65881bf55\"><a class=\"tb-button__link\" href=\"https:\/\/onthegosystems.com\/de\/jobs\/senior-rorreact-entwickler\/\"><i class=\"tb-button__icon\"><\/i><span class=\"tb-button__content\">Jetzt bewerben<\/span><\/a><\/div>\n<\/div>\n<\/div><\/div>\n","protected":false},"excerpt":{"rendered":"","protected":false},"author":34,"featured_media":0,"parent":25604,"menu_order":0,"comment_status":"closed","ping_status":"closed","template":"","meta":{"footnotes":""},"class_list":["post-25609","page","type-page","status-publish","hentry"],"yoast_head":"<!-- This site is optimized with the Yoast SEO plugin v27.4 - https:\/\/yoast.com\/product\/yoast-seo-wordpress\/ -->\n<title>PTC-Team \u2013 OnTheGoSystems<\/title>\n<meta name=\"robots\" content=\"index, follow, max-snippet:-1, max-image-preview:large, max-video-preview:-1\" \/>\n<link rel=\"canonical\" href=\"https:\/\/onthegosystems.com\/de\/teams-und-projekte\/ptc\/\" \/>\n<meta property=\"og:locale\" content=\"de_DE\" \/>\n<meta property=\"og:type\" content=\"article\" \/>\n<meta property=\"og:title\" content=\"PTC-Team \u2013 OnTheGoSystems\" \/>\n<meta property=\"og:url\" content=\"https:\/\/onthegosystems.com\/de\/teams-und-projekte\/ptc\/\" \/>\n<meta property=\"og:site_name\" content=\"OnTheGoSystems\" \/>\n<meta property=\"article:modified_time\" content=\"2025-10-03T08:52:55+00:00\" \/>\n<meta property=\"og:image\" content=\"https:\/\/onthegosystems.com\/wp-content\/uploads\/2025\/03\/Logo.png\" \/>\n\t<meta property=\"og:image:width\" content=\"152\" \/>\n\t<meta property=\"og:image:height\" content=\"152\" \/>\n\t<meta property=\"og:image:type\" content=\"image\/png\" \/>\n<meta name=\"twitter:card\" content=\"summary_large_image\" \/>\n<meta name=\"twitter:label1\" content=\"Gesch\u00e4tzte Lesezeit\" \/>\n\t<meta name=\"twitter:data1\" content=\"2\u00a0Minuten\" \/>\n<script type=\"application\/ld+json\" class=\"yoast-schema-graph\">{\"@context\":\"https:\\\/\\\/schema.org\",\"@graph\":[{\"@type\":\"WebPage\",\"@id\":\"https:\\\/\\\/onthegosystems.com\\\/de\\\/teams-und-projekte\\\/ptc\\\/\",\"url\":\"https:\\\/\\\/onthegosystems.com\\\/de\\\/teams-und-projekte\\\/ptc\\\/\",\"name\":\"PTC-Team \u2013 OnTheGoSystems\",\"isPartOf\":{\"@id\":\"https:\\\/\\\/onthegosystems.com\\\/de\\\/#website\"},\"primaryImageOfPage\":{\"@id\":\"https:\\\/\\\/onthegosystems.com\\\/de\\\/teams-und-projekte\\\/ptc\\\/#primaryimage\"},\"image\":{\"@id\":\"https:\\\/\\\/onthegosystems.com\\\/de\\\/teams-und-projekte\\\/ptc\\\/#primaryimage\"},\"thumbnailUrl\":\"https:\\\/\\\/onthegosystems.com\\\/wp-content\\\/uploads\\\/2025\\\/03\\\/Logo.png\",\"datePublished\":\"2025-03-27T09:02:58+00:00\",\"dateModified\":\"2025-10-03T08:52:55+00:00\",\"breadcrumb\":{\"@id\":\"https:\\\/\\\/onthegosystems.com\\\/de\\\/teams-und-projekte\\\/ptc\\\/#breadcrumb\"},\"inLanguage\":\"de\",\"potentialAction\":[{\"@type\":\"ReadAction\",\"target\":[\"https:\\\/\\\/onthegosystems.com\\\/de\\\/teams-und-projekte\\\/ptc\\\/\"]}]},{\"@type\":\"ImageObject\",\"inLanguage\":\"de\",\"@id\":\"https:\\\/\\\/onthegosystems.com\\\/de\\\/teams-und-projekte\\\/ptc\\\/#primaryimage\",\"url\":\"https:\\\/\\\/onthegosystems.com\\\/wp-content\\\/uploads\\\/2025\\\/03\\\/Logo.png\",\"contentUrl\":\"https:\\\/\\\/onthegosystems.com\\\/wp-content\\\/uploads\\\/2025\\\/03\\\/Logo.png\"},{\"@type\":\"BreadcrumbList\",\"@id\":\"https:\\\/\\\/onthegosystems.com\\\/de\\\/teams-und-projekte\\\/ptc\\\/#breadcrumb\",\"itemListElement\":[{\"@type\":\"ListItem\",\"position\":1,\"name\":\"Home\",\"item\":\"https:\\\/\\\/onthegosystems.com\\\/de\\\/\"},{\"@type\":\"ListItem\",\"position\":2,\"name\":\"Teams und Projekte\",\"item\":\"https:\\\/\\\/onthegosystems.com\\\/de\\\/teams-und-projekte\\\/\"},{\"@type\":\"ListItem\",\"position\":3,\"name\":\"PTC\"}]},{\"@type\":\"WebSite\",\"@id\":\"https:\\\/\\\/onthegosystems.com\\\/de\\\/#website\",\"url\":\"https:\\\/\\\/onthegosystems.com\\\/de\\\/\",\"name\":\"OnTheGoSystems\",\"description\":\"WordPress plugins and professional translation\",\"publisher\":{\"@id\":\"https:\\\/\\\/onthegosystems.com\\\/de\\\/#organization\"},\"potentialAction\":[{\"@type\":\"SearchAction\",\"target\":{\"@type\":\"EntryPoint\",\"urlTemplate\":\"https:\\\/\\\/onthegosystems.com\\\/de\\\/?s={search_term_string}\"},\"query-input\":{\"@type\":\"PropertyValueSpecification\",\"valueRequired\":true,\"valueName\":\"search_term_string\"}}],\"inLanguage\":\"de\"},{\"@type\":\"Organization\",\"@id\":\"https:\\\/\\\/onthegosystems.com\\\/de\\\/#organization\",\"name\":\"OnTheGoSystems\",\"url\":\"https:\\\/\\\/onthegosystems.com\\\/de\\\/\",\"logo\":{\"@type\":\"ImageObject\",\"inLanguage\":\"de\",\"@id\":\"https:\\\/\\\/onthegosystems.com\\\/de\\\/#\\\/schema\\\/logo\\\/image\\\/\",\"url\":\"https:\\\/\\\/onthegosystems.com\\\/wp-content\\\/uploads\\\/2020\\\/07\\\/cropped-favicon.png\",\"contentUrl\":\"https:\\\/\\\/onthegosystems.com\\\/wp-content\\\/uploads\\\/2020\\\/07\\\/cropped-favicon.png\",\"width\":512,\"height\":512,\"caption\":\"OnTheGoSystems\"},\"image\":{\"@id\":\"https:\\\/\\\/onthegosystems.com\\\/de\\\/#\\\/schema\\\/logo\\\/image\\\/\"}}]}<\/script>\n<!-- \/ Yoast SEO plugin. -->","yoast_head_json":{"title":"PTC-Team \u2013 OnTheGoSystems","robots":{"index":"index","follow":"follow","max-snippet":"max-snippet:-1","max-image-preview":"max-image-preview:large","max-video-preview":"max-video-preview:-1"},"canonical":"https:\/\/onthegosystems.com\/de\/teams-und-projekte\/ptc\/","og_locale":"de_DE","og_type":"article","og_title":"PTC-Team \u2013 OnTheGoSystems","og_url":"https:\/\/onthegosystems.com\/de\/teams-und-projekte\/ptc\/","og_site_name":"OnTheGoSystems","article_modified_time":"2025-10-03T08:52:55+00:00","og_image":[{"width":152,"height":152,"url":"https:\/\/onthegosystems.com\/wp-content\/uploads\/2025\/03\/Logo.png","type":"image\/png"}],"twitter_card":"summary_large_image","twitter_misc":{"Gesch\u00e4tzte Lesezeit":"2\u00a0Minuten"},"schema":{"@context":"https:\/\/schema.org","@graph":[{"@type":"WebPage","@id":"https:\/\/onthegosystems.com\/de\/teams-und-projekte\/ptc\/","url":"https:\/\/onthegosystems.com\/de\/teams-und-projekte\/ptc\/","name":"PTC-Team \u2013 OnTheGoSystems","isPartOf":{"@id":"https:\/\/onthegosystems.com\/de\/#website"},"primaryImageOfPage":{"@id":"https:\/\/onthegosystems.com\/de\/teams-und-projekte\/ptc\/#primaryimage"},"image":{"@id":"https:\/\/onthegosystems.com\/de\/teams-und-projekte\/ptc\/#primaryimage"},"thumbnailUrl":"https:\/\/onthegosystems.com\/wp-content\/uploads\/2025\/03\/Logo.png","datePublished":"2025-03-27T09:02:58+00:00","dateModified":"2025-10-03T08:52:55+00:00","breadcrumb":{"@id":"https:\/\/onthegosystems.com\/de\/teams-und-projekte\/ptc\/#breadcrumb"},"inLanguage":"de","potentialAction":[{"@type":"ReadAction","target":["https:\/\/onthegosystems.com\/de\/teams-und-projekte\/ptc\/"]}]},{"@type":"ImageObject","inLanguage":"de","@id":"https:\/\/onthegosystems.com\/de\/teams-und-projekte\/ptc\/#primaryimage","url":"https:\/\/onthegosystems.com\/wp-content\/uploads\/2025\/03\/Logo.png","contentUrl":"https:\/\/onthegosystems.com\/wp-content\/uploads\/2025\/03\/Logo.png"},{"@type":"BreadcrumbList","@id":"https:\/\/onthegosystems.com\/de\/teams-und-projekte\/ptc\/#breadcrumb","itemListElement":[{"@type":"ListItem","position":1,"name":"Home","item":"https:\/\/onthegosystems.com\/de\/"},{"@type":"ListItem","position":2,"name":"Teams und Projekte","item":"https:\/\/onthegosystems.com\/de\/teams-und-projekte\/"},{"@type":"ListItem","position":3,"name":"PTC"}]},{"@type":"WebSite","@id":"https:\/\/onthegosystems.com\/de\/#website","url":"https:\/\/onthegosystems.com\/de\/","name":"OnTheGoSystems","description":"WordPress plugins and professional translation","publisher":{"@id":"https:\/\/onthegosystems.com\/de\/#organization"},"potentialAction":[{"@type":"SearchAction","target":{"@type":"EntryPoint","urlTemplate":"https:\/\/onthegosystems.com\/de\/?s={search_term_string}"},"query-input":{"@type":"PropertyValueSpecification","valueRequired":true,"valueName":"search_term_string"}}],"inLanguage":"de"},{"@type":"Organization","@id":"https:\/\/onthegosystems.com\/de\/#organization","name":"OnTheGoSystems","url":"https:\/\/onthegosystems.com\/de\/","logo":{"@type":"ImageObject","inLanguage":"de","@id":"https:\/\/onthegosystems.com\/de\/#\/schema\/logo\/image\/","url":"https:\/\/onthegosystems.com\/wp-content\/uploads\/2020\/07\/cropped-favicon.png","contentUrl":"https:\/\/onthegosystems.com\/wp-content\/uploads\/2020\/07\/cropped-favicon.png","width":512,"height":512,"caption":"OnTheGoSystems"},"image":{"@id":"https:\/\/onthegosystems.com\/de\/#\/schema\/logo\/image\/"}}]}},"_links":{"self":[{"href":"https:\/\/onthegosystems.com\/de\/wp-json\/wp\/v2\/pages\/25609","targetHints":{"allow":["GET"]}}],"collection":[{"href":"https:\/\/onthegosystems.com\/de\/wp-json\/wp\/v2\/pages"}],"about":[{"href":"https:\/\/onthegosystems.com\/de\/wp-json\/wp\/v2\/types\/page"}],"author":[{"embeddable":true,"href":"https:\/\/onthegosystems.com\/de\/wp-json\/wp\/v2\/users\/34"}],"replies":[{"embeddable":true,"href":"https:\/\/onthegosystems.com\/de\/wp-json\/wp\/v2\/comments?post=25609"}],"version-history":[{"count":8,"href":"https:\/\/onthegosystems.com\/de\/wp-json\/wp\/v2\/pages\/25609\/revisions"}],"predecessor-version":[{"id":29553,"href":"https:\/\/onthegosystems.com\/de\/wp-json\/wp\/v2\/pages\/25609\/revisions\/29553"}],"up":[{"embeddable":true,"href":"https:\/\/onthegosystems.com\/de\/wp-json\/wp\/v2\/pages\/25604"}],"wp:attachment":[{"href":"https:\/\/onthegosystems.com\/de\/wp-json\/wp\/v2\/media?parent=25609"}],"curies":[{"name":"wp","href":"https:\/\/api.w.org\/{rel}","templated":true}]}}