{"id":26439,"date":"2025-04-03T12:35:37","date_gmt":"2025-04-03T12:35:37","guid":{"rendered":"https:\/\/onthegosystems.com\/teams-und-projekte\/ate\/"},"modified":"2025-09-08T07:03:52","modified_gmt":"2025-09-08T07:03:52","slug":"ate","status":"publish","type":"page","link":"https:\/\/onthegosystems.com\/de\/teams-und-projekte\/ate\/","title":{"rendered":"Erweiterter \u00dcbersetzungs-Editor (Advanced Translation Editor)"},"content":{"rendered":"\n<div class=\"wp-block-toolset-blocks-container tb-container alignfull\" data-toolset-blocks-container=\"415a96af6c03b77a50b0648961475809\"><div class=\"tb-container-inner\">\n<div class=\"wp-block-toolset-blocks-container tb-container\" data-toolset-blocks-container=\"162eb68dad895c86ef1ceea914d984a9\">\n<div class=\"wp-block-toolset-blocks-grid tb-grid\" data-toolset-blocks-grid=\"6da33db267cf184132f00cb96b73157c\">\n<div class=\"wp-block-toolset-blocks-grid-column tb-grid-column tb-grid-align-center\" data-toolset-blocks-grid-column=\"f586ff7bfe1d7317c63162ec7b7039ed\">\n<figure class=\"wp-block-image tb-image tb-image-dynamic tb-image-frame-none\" data-toolset-blocks-image=\"fb861d21474c124915fe68757a9149f0\"><img decoding=\"async\" width=\"308\" height=\"124\" data-src=\"https:\/\/onthegosystems.com\/wp-content\/uploads\/2025\/04\/ATE-sm.png\" alt=\"\" class=\"wp-image-26164 lazyload\" data-srcset=\"https:\/\/onthegosystems.com\/wp-content\/uploads\/2025\/04\/ATE-sm.png 308w, https:\/\/onthegosystems.com\/wp-content\/uploads\/2025\/04\/ATE-sm-300x121.png 300w\" data-sizes=\"auto, (max-width: 308px) 100vw, 308px\" src=\"data:image\/svg+xml;base64,PHN2ZyB3aWR0aD0iMSIgaGVpZ2h0PSIxIiB4bWxucz0iaHR0cDovL3d3dy53My5vcmcvMjAwMC9zdmciPjwvc3ZnPg==\" style=\"--smush-placeholder-width: 308px; --smush-placeholder-aspect-ratio: 308\/124;\" \/><\/figure>\n\n\n\n<h1 class=\"tb-heading\" data-toolset-blocks-heading=\"be632ea89e1e8f7e7ed67c1c958dfe19\" data-last-update=\"1.4\">Erweiterter \u00dcbersetzungs-Editor (Advanced Translation Editor): Skalierbarkeit, Einfachheit und solides Engineering<\/h1>\n\n\n\n<p class=\"tb-heading\" data-toolset-blocks-heading=\"494e5627f6af006936f7b95deef537b9\" data-last-update=\"1.4\"><strong>Der Erweiterte \u00dcbersetzungs-Editor (Advanced Translation Editor, ATE) von WPML<\/strong> ist ein leistungsstarkes \u00dcbersetzungstool mit einer eleganten Oberfl\u00e4che. Tausende von Menschen nutzen es t\u00e4glich und produzieren jeden Monat Gigabytes an \u00fcbersetzten Inhalten. <\/p>\n<\/div>\n\n\n\n<div class=\"wp-block-toolset-blocks-grid-column tb-grid-column tb-grid-align-center\" data-toolset-blocks-grid-column=\"f586ff7bfe1d7317c63162ec7b7039ed\"><\/div>\n<\/div>\n<\/div>\n<\/div><\/div>\n\n<div class=\"wp-block-toolset-blocks-container tb-container alignfull\" data-toolset-blocks-container=\"3141fb03a3373fad70d2b1c173da7269\"><div class=\"tb-container-inner\">\n<div class=\"wp-block-toolset-blocks-grid tb-grid\" data-toolset-blocks-grid=\"094b54db175f97b72953a405fd18e1d1\">\n<div class=\"wp-block-toolset-blocks-grid-column tb-grid-column tb-grid-align-top\" data-toolset-blocks-grid-column=\"3034fbe886c11054e95b46b09d3e4112\">\n<h2 class=\"tb-heading has-text-color\" data-toolset-blocks-heading=\"e6b49bc46231e3a61ceda025bc36584a\" data-last-update=\"1.4\">Was den Advanced Translation Editor (ATE) so interessant macht<\/h2>\n\n\n\n<p class=\"tb-heading\" data-toolset-blocks-heading=\"7a80f99f053dcfdc94c212c98e4698a3\" data-last-update=\"1.4\">Der Erweiterte \u00dcbersetzungs-Editor (Advanced Translation Editor, ATE) l\u00e4sst eine komplexe Aufgabe einfach aussehen. Im Hintergrund liefert er automatische und menschliche \u00dcbersetzungen in gro\u00dfem Umfang. Um dies zu erm\u00f6glichen, haben wir eine Infrastruktur aufgebaut, die massive Traffic-Spitzen, Bearbeitung mit niedriger Latenz und hohen Durchsatz bew\u00e4ltigt \u2013 und das alles hocheffizient, damit wir unseren Kunden g\u00fcnstige Preise anbieten k\u00f6nnen.  <\/p>\n<\/div>\n\n\n\n<div class=\"wp-block-toolset-blocks-grid-column tb-grid-column tb-grid-align-top\" data-toolset-blocks-grid-column=\"3034fbe886c11054e95b46b09d3e4112\"><\/div>\n<\/div>\n\n\n\n<div class=\"wp-block-toolset-blocks-grid tb-grid\" data-toolset-blocks-grid=\"4639a0bfe14bb54092419c92029faa5c\">\n<div class=\"wp-block-toolset-blocks-grid-column tb-grid-column\" data-toolset-blocks-grid-column=\"c777ff47b88bccde2288392889584581\">\n<div class=\"wp-block-toolset-blocks-container tb-container\" data-toolset-blocks-container=\"f5ca076d016205bac28da2bb3a0a4320\"><\/div>\n<\/div>\n\n\n\n<div class=\"wp-block-toolset-blocks-grid-column tb-grid-column tb-grid-align-center\" data-toolset-blocks-grid-column=\"5c90cbc0e579dc6511ccb4ae42faf52d\">\n<h3 class=\"tb-heading has-text-color has-background wa\" data-toolset-blocks-heading=\"013ddf8122382834d40ca92889a89d29\" data-last-update=\"1.4\"><strong>Wo wir jetzt stehen<\/strong><\/h3>\n\n\n\n<p class=\"tb-heading\" data-toolset-blocks-heading=\"7a80f99f053dcfdc94c212c98e4698a3\" data-last-update=\"1.4\">Der Erweiterte \u00dcbersetzungs-Editor (Advanced Translation Editor, ATE) ist seit Jahren in Betrieb und unterst\u00fctzt Hunderttausende von Websites. Es ist ein ausgereiftes Produkt, das gerade erst mit seiner n\u00e4chsten gro\u00dfen Wachstumsphase beginnt. <\/p>\n\n\n\n<h3 class=\"tb-heading has-text-color has-background wa\" data-toolset-blocks-heading=\"fbd7141021e133feb87085a13826b182\" data-last-update=\"1.4\"><strong><strong>Wohin wir uns entwickeln<\/strong><\/strong><\/h3>\n\n\n\n<p class=\"tb-heading\" data-toolset-blocks-heading=\"7a80f99f053dcfdc94c212c98e4698a3\" data-last-update=\"1.4\">Wir wollen die Nutzung im n\u00e4chsten Jahr verf\u00fcnffachen. Das bedeutet, dass wir neue Infrastruktur, Algorithmen und Code entwickeln m\u00fcssen. Wir befinden uns genau am Wendepunkt f\u00fcr echtes Wachstum.  <\/p>\n<\/div>\n<\/div>\n\n\n\n<p class=\"tb-heading\" data-toolset-blocks-heading=\"d2c5b3cbfd07fa6be7331b79a4fff836\" data-last-update=\"1.4\"><strong>Keine Investoren. Keine falschen Fristen. Kein Konzern-Unsinn.<br\/>Nur solide Produkte f\u00fcr zufriedene Kunden.  <\/strong><\/p>\n<\/div><\/div>\n\n<div class=\"wp-block-toolset-blocks-container tb-container alignfull\" data-toolset-blocks-container=\"ccd4ef76a39c8237ecc21840b994d2ad\"><div class=\"tb-container-inner\">\n<div class=\"wp-block-toolset-blocks-grid tb-grid\" data-toolset-blocks-grid=\"661de5295f27bf741908eff42357ddea\">\n<div class=\"wp-block-toolset-blocks-grid-column tb-grid-column tb-grid-align-center\" data-toolset-blocks-grid-column=\"f586ff7bfe1d7317c63162ec7b7039ed\">\n<h2 class=\"tb-heading has-text-color\" data-toolset-blocks-heading=\"df92eec2473d99c8947e5efe1a4d649b\" data-last-update=\"1.4\">Der Tech-Stack<\/h2>\n\n\n\n<p class=\"tb-heading\" data-toolset-blocks-heading=\"7a80f99f053dcfdc94c212c98e4698a3\" data-last-update=\"1.4\">Der Erweiterte \u00dcbersetzungs-Editor (Advanced Translation Editor, ATE) l\u00e4uft auf Ruby on Rails (Backend) und React (Frontend). Wir haben uns f\u00fcr Rails wegen seiner starken Konventionen, der eingebauten Tests und des All-in-One-Frameworks entschieden. <\/p>\n\n\n\n<p class=\"tb-heading\" data-toolset-blocks-heading=\"7a80f99f053dcfdc94c212c98e4698a3\" data-last-update=\"1.4\">Hier ist einiges von dem, woran wir arbeiten:<\/p>\n\n\n\n<ul style=\"font-size:18px\" class=\"wp-block-list\">\n<li>Optimierung von Datenbankabfragen f\u00fcr Tabellen, die Milliarden von Daten enthalten<\/li>\n\n\n\n<li>Entwicklung und Pflege unseres eigenen Frameworks f\u00fcr skalierbare Hintergrundverarbeitung<\/li>\n\n\n\n<li>Aufrechterhaltung von Zero-Downtime-Deployments<\/li>\n\n\n\n<li>Anwendung fortschrittlicher Praktiken f\u00fcr hochbelastbare, skalierbare Systeme<\/li>\n\n\n\n<li>Entwicklung von Sprachanalyse- und \u00dcbersetzungsalgorithmen<\/li>\n\n\n\n<li>Erstellung automatisierter Tests f\u00fcr nicht-deterministische Systeme<\/li>\n\n\n\n<li>React auf langsamen Low-End-Browsern schnell laufen lassen<\/li>\n\n\n\n<li>Intelligente JS-Analysetechniken<\/li>\n\n\n\n<li>Und noch vieles mehr&#8230;<\/li>\n<\/ul>\n\n\n\n<p class=\"tb-heading\" data-toolset-blocks-heading=\"7a80f99f053dcfdc94c212c98e4698a3\" data-last-update=\"1.4\">Wir verlagern unsere Infrastruktur zu AWS ECS \u2013 schnell, flexibel und kosteng\u00fcnstig f\u00fcr Dev-Teams.<\/p>\n\n\n\n<div class=\"wp-block-toolset-blocks-grid tb-grid\" data-toolset-blocks-grid=\"08c5a7834b29e339a2d75fe264e74b31\">\n<div class=\"wp-block-toolset-blocks-grid-column tb-grid-column tb-grid-align-top\" data-toolset-blocks-grid-column=\"3034fbe886c11054e95b46b09d3e4112\">\n<div class=\"wp-block-toolset-blocks-container tb-container\" data-toolset-blocks-container=\"ecd48b165fa0142d040ddc87b22bb190\"><div class=\"wp-block-image\">\n<figure class=\" tb-image tb-image-dynamic tb-image-frame-none aligncenter\" data-toolset-blocks-image=\"57ea648dad6542e262e02c63996e5a29\"><img decoding=\"async\" width=\"90\" height=\"32\" data-src=\"https:\/\/onthegosystems.com\/wp-content\/uploads\/2023\/04\/ror.svg\" alt=\"Ruby on Rails\" class=\"wp-image-27680 lazyload\" src=\"data:image\/svg+xml;base64,PHN2ZyB3aWR0aD0iMSIgaGVpZ2h0PSIxIiB4bWxucz0iaHR0cDovL3d3dy53My5vcmcvMjAwMC9zdmciPjwvc3ZnPg==\" style=\"--smush-placeholder-width: 90px; --smush-placeholder-aspect-ratio: 90\/32;\" \/><figcaption><div class=\"tb-image-caption\">RoR<\/div><\/figcaption><\/figure>\n<\/div><\/div>\n<\/div>\n\n\n\n<div class=\"wp-block-toolset-blocks-grid-column tb-grid-column tb-grid-align-top\" data-toolset-blocks-grid-column=\"3034fbe886c11054e95b46b09d3e4112\">\n<div class=\"wp-block-toolset-blocks-container tb-container\" data-toolset-blocks-container=\"ecd48b165fa0142d040ddc87b22bb190\"><div class=\"wp-block-image\">\n<figure class=\" tb-image tb-image-media tb-image-frame-none aligncenter\" data-toolset-blocks-image=\"5e3cd56829c7eaef9abe4dd8121d632b\"><img decoding=\"async\" width=\"598\" height=\"533\" data-src=\"https:\/\/onthegosystems.com\/wp-content\/uploads\/2020\/06\/react.png\" alt=\"React\" class=\"wp-image-23926 lazyload\" data-srcset=\"https:\/\/onthegosystems.com\/wp-content\/uploads\/2020\/06\/react.png 598w, https:\/\/onthegosystems.com\/wp-content\/uploads\/2020\/06\/react-300x267.png 300w\" data-sizes=\"auto, (max-width: 598px) 100vw, 598px\" src=\"data:image\/svg+xml;base64,PHN2ZyB3aWR0aD0iMSIgaGVpZ2h0PSIxIiB4bWxucz0iaHR0cDovL3d3dy53My5vcmcvMjAwMC9zdmciPjwvc3ZnPg==\" style=\"--smush-placeholder-width: 598px; --smush-placeholder-aspect-ratio: 598\/533;\" \/><figcaption><div class=\"tb-image-caption\">React<\/div><\/figcaption><\/figure>\n<\/div><\/div>\n<\/div>\n<\/div>\n<\/div>\n\n\n\n<div class=\"wp-block-toolset-blocks-grid-column tb-grid-column tb-grid-align-top\" data-toolset-blocks-grid-column=\"3034fbe886c11054e95b46b09d3e4112\">\n<div class=\"wp-block-toolset-blocks-container tb-container\" data-toolset-blocks-container=\"6a6a6a02f861219f113e6c470558af04\">\n<h2 class=\"tb-heading has-text-color\" data-toolset-blocks-heading=\"df92eec2473d99c8947e5efe1a4d649b\" data-last-update=\"1.4\">Das Team<\/h2>\n\n\n\n<figure class=\"wp-block-image tb-image tb-image-dynamic tb-image-frame-none\" data-toolset-blocks-image=\"d085b6ef5ac24706c8f2717b4f6dbee6\"><img decoding=\"async\" width=\"600\" height=\"151\" data-src=\"https:\/\/onthegosystems.com\/wp-content\/uploads\/2025\/03\/team-1-min.png\" alt=\"\" class=\"wp-image-26051 lazyload\" data-srcset=\"https:\/\/onthegosystems.com\/wp-content\/uploads\/2025\/03\/team-1-min.png 600w, https:\/\/onthegosystems.com\/wp-content\/uploads\/2025\/03\/team-1-min-300x76.png 300w\" data-sizes=\"auto, (max-width: 600px) 100vw, 600px\" src=\"data:image\/svg+xml;base64,PHN2ZyB3aWR0aD0iMSIgaGVpZ2h0PSIxIiB4bWxucz0iaHR0cDovL3d3dy53My5vcmcvMjAwMC9zdmciPjwvc3ZnPg==\" style=\"--smush-placeholder-width: 600px; --smush-placeholder-aspect-ratio: 600\/151;\" \/><\/figure>\n\n\n\n<p class=\"tb-heading\" data-toolset-blocks-heading=\"7a80f99f053dcfdc94c212c98e4698a3\" data-last-update=\"1.4\">Wir sind ein Remote-Team, das intelligent arbeitet und hohe Standards hat. Feste Arbeitszeiten bedeuten, dass Sie online sind, wenn Ihre Teamkollegen es sind. Wir streben nach Exzellenz, lernen aus Fehlern und verbessern uns schnell.  <\/p>\n\n\n\n<p class=\"tb-heading\" data-toolset-blocks-heading=\"7a80f99f053dcfdc94c212c98e4698a3\" data-last-update=\"1.4\">Jeder im Team ist ein Full-Stack-Entwickler. \u00dcber das Schreiben von solidem Code und Tests hinaus werden Sie ermutigt, zu Architektur, Algorithmen und Workflows beizutragen. <\/p>\n<\/div>\n<\/div>\n<\/div>\n\n\n\n<div class=\"wp-block-toolset-blocks-container tb-container\" data-toolset-blocks-container=\"600a8df47779db32f41f2b9b46e94917\">\n<h2 class=\"tb-heading\" data-toolset-blocks-heading=\"388d4c0101c5047112a5df81a09cc8e2\" data-last-update=\"1.4\">Klingt das nach Ihrem Team?<\/h2>\n\n\n\n<div class=\"tb-button\" data-toolset-blocks-button=\"2950286422b40a0f0a4ef23cb77883fc\"><a class=\"tb-button__link\" href=\"https:\/\/onthegosystems.com\/de\/jobs\/senior-rorreact-entwickler\/\"><i class=\"tb-button__icon\"><\/i><span class=\"tb-button__content\">Jetzt bewerben<\/span><\/a><\/div>\n<\/div>\n<\/div><\/div>\n","protected":false},"excerpt":{"rendered":"","protected":false},"author":34,"featured_media":0,"parent":25604,"menu_order":0,"comment_status":"closed","ping_status":"closed","template":"","meta":{"footnotes":""},"class_list":["post-26439","page","type-page","status-publish","hentry"],"yoast_head":"<!-- This site is optimized with the Yoast SEO plugin v27.5 - https:\/\/yoast.com\/product\/yoast-seo-wordpress\/ -->\n<title>ATE-Team - OnTheGoSystems<\/title>\n<meta name=\"robots\" content=\"index, follow, max-snippet:-1, max-image-preview:large, max-video-preview:-1\" \/>\n<link rel=\"canonical\" href=\"https:\/\/onthegosystems.com\/de\/teams-und-projekte\/ate\/\" \/>\n<meta property=\"og:locale\" content=\"de_DE\" \/>\n<meta property=\"og:type\" content=\"article\" \/>\n<meta property=\"og:title\" content=\"ATE-Team - OnTheGoSystems\" \/>\n<meta property=\"og:url\" content=\"https:\/\/onthegosystems.com\/de\/teams-und-projekte\/ate\/\" \/>\n<meta property=\"og:site_name\" content=\"OnTheGoSystems\" \/>\n<meta property=\"article:modified_time\" content=\"2025-09-08T07:03:52+00:00\" \/>\n<meta property=\"og:image\" content=\"https:\/\/onthegosystems.com\/wp-content\/uploads\/2025\/04\/ATE-sm.png\" \/>\n\t<meta property=\"og:image:width\" content=\"308\" \/>\n\t<meta property=\"og:image:height\" content=\"124\" \/>\n\t<meta property=\"og:image:type\" content=\"image\/png\" \/>\n<meta name=\"twitter:card\" content=\"summary_large_image\" \/>\n<meta name=\"twitter:label1\" content=\"Gesch\u00e4tzte Lesezeit\" \/>\n\t<meta name=\"twitter:data1\" content=\"2\u00a0Minuten\" \/>\n<script type=\"application\/ld+json\" class=\"yoast-schema-graph\">{\"@context\":\"https:\\\/\\\/schema.org\",\"@graph\":[{\"@type\":\"WebPage\",\"@id\":\"https:\\\/\\\/onthegosystems.com\\\/de\\\/teams-und-projekte\\\/ate\\\/\",\"url\":\"https:\\\/\\\/onthegosystems.com\\\/de\\\/teams-und-projekte\\\/ate\\\/\",\"name\":\"ATE-Team - OnTheGoSystems\",\"isPartOf\":{\"@id\":\"https:\\\/\\\/onthegosystems.com\\\/de\\\/#website\"},\"primaryImageOfPage\":{\"@id\":\"https:\\\/\\\/onthegosystems.com\\\/de\\\/teams-und-projekte\\\/ate\\\/#primaryimage\"},\"image\":{\"@id\":\"https:\\\/\\\/onthegosystems.com\\\/de\\\/teams-und-projekte\\\/ate\\\/#primaryimage\"},\"thumbnailUrl\":\"https:\\\/\\\/onthegosystems.com\\\/wp-content\\\/uploads\\\/2025\\\/04\\\/ATE-sm.png\",\"datePublished\":\"2025-04-03T12:35:37+00:00\",\"dateModified\":\"2025-09-08T07:03:52+00:00\",\"breadcrumb\":{\"@id\":\"https:\\\/\\\/onthegosystems.com\\\/de\\\/teams-und-projekte\\\/ate\\\/#breadcrumb\"},\"inLanguage\":\"de\",\"potentialAction\":[{\"@type\":\"ReadAction\",\"target\":[\"https:\\\/\\\/onthegosystems.com\\\/de\\\/teams-und-projekte\\\/ate\\\/\"]}]},{\"@type\":\"ImageObject\",\"inLanguage\":\"de\",\"@id\":\"https:\\\/\\\/onthegosystems.com\\\/de\\\/teams-und-projekte\\\/ate\\\/#primaryimage\",\"url\":\"https:\\\/\\\/onthegosystems.com\\\/wp-content\\\/uploads\\\/2025\\\/04\\\/ATE-sm.png\",\"contentUrl\":\"https:\\\/\\\/onthegosystems.com\\\/wp-content\\\/uploads\\\/2025\\\/04\\\/ATE-sm.png\"},{\"@type\":\"BreadcrumbList\",\"@id\":\"https:\\\/\\\/onthegosystems.com\\\/de\\\/teams-und-projekte\\\/ate\\\/#breadcrumb\",\"itemListElement\":[{\"@type\":\"ListItem\",\"position\":1,\"name\":\"Home\",\"item\":\"https:\\\/\\\/onthegosystems.com\\\/de\\\/\"},{\"@type\":\"ListItem\",\"position\":2,\"name\":\"Teams und Projekte\",\"item\":\"https:\\\/\\\/onthegosystems.com\\\/de\\\/teams-und-projekte\\\/\"},{\"@type\":\"ListItem\",\"position\":3,\"name\":\"Erweiterter \u00dcbersetzungs-Editor (Advanced Translation Editor)\"}]},{\"@type\":\"WebSite\",\"@id\":\"https:\\\/\\\/onthegosystems.com\\\/de\\\/#website\",\"url\":\"https:\\\/\\\/onthegosystems.com\\\/de\\\/\",\"name\":\"OnTheGoSystems\",\"description\":\"WordPress plugins and professional translation\",\"publisher\":{\"@id\":\"https:\\\/\\\/onthegosystems.com\\\/de\\\/#organization\"},\"potentialAction\":[{\"@type\":\"SearchAction\",\"target\":{\"@type\":\"EntryPoint\",\"urlTemplate\":\"https:\\\/\\\/onthegosystems.com\\\/de\\\/?s={search_term_string}\"},\"query-input\":{\"@type\":\"PropertyValueSpecification\",\"valueRequired\":true,\"valueName\":\"search_term_string\"}}],\"inLanguage\":\"de\"},{\"@type\":\"Organization\",\"@id\":\"https:\\\/\\\/onthegosystems.com\\\/de\\\/#organization\",\"name\":\"OnTheGoSystems\",\"url\":\"https:\\\/\\\/onthegosystems.com\\\/de\\\/\",\"logo\":{\"@type\":\"ImageObject\",\"inLanguage\":\"de\",\"@id\":\"https:\\\/\\\/onthegosystems.com\\\/de\\\/#\\\/schema\\\/logo\\\/image\\\/\",\"url\":\"https:\\\/\\\/onthegosystems.com\\\/wp-content\\\/uploads\\\/2020\\\/07\\\/cropped-favicon.png\",\"contentUrl\":\"https:\\\/\\\/onthegosystems.com\\\/wp-content\\\/uploads\\\/2020\\\/07\\\/cropped-favicon.png\",\"width\":512,\"height\":512,\"caption\":\"OnTheGoSystems\"},\"image\":{\"@id\":\"https:\\\/\\\/onthegosystems.com\\\/de\\\/#\\\/schema\\\/logo\\\/image\\\/\"}}]}<\/script>\n<!-- \/ Yoast SEO plugin. -->","yoast_head_json":{"title":"ATE-Team - OnTheGoSystems","robots":{"index":"index","follow":"follow","max-snippet":"max-snippet:-1","max-image-preview":"max-image-preview:large","max-video-preview":"max-video-preview:-1"},"canonical":"https:\/\/onthegosystems.com\/de\/teams-und-projekte\/ate\/","og_locale":"de_DE","og_type":"article","og_title":"ATE-Team - OnTheGoSystems","og_url":"https:\/\/onthegosystems.com\/de\/teams-und-projekte\/ate\/","og_site_name":"OnTheGoSystems","article_modified_time":"2025-09-08T07:03:52+00:00","og_image":[{"width":308,"height":124,"url":"https:\/\/onthegosystems.com\/wp-content\/uploads\/2025\/04\/ATE-sm.png","type":"image\/png"}],"twitter_card":"summary_large_image","twitter_misc":{"Gesch\u00e4tzte Lesezeit":"2\u00a0Minuten"},"schema":{"@context":"https:\/\/schema.org","@graph":[{"@type":"WebPage","@id":"https:\/\/onthegosystems.com\/de\/teams-und-projekte\/ate\/","url":"https:\/\/onthegosystems.com\/de\/teams-und-projekte\/ate\/","name":"ATE-Team - OnTheGoSystems","isPartOf":{"@id":"https:\/\/onthegosystems.com\/de\/#website"},"primaryImageOfPage":{"@id":"https:\/\/onthegosystems.com\/de\/teams-und-projekte\/ate\/#primaryimage"},"image":{"@id":"https:\/\/onthegosystems.com\/de\/teams-und-projekte\/ate\/#primaryimage"},"thumbnailUrl":"https:\/\/onthegosystems.com\/wp-content\/uploads\/2025\/04\/ATE-sm.png","datePublished":"2025-04-03T12:35:37+00:00","dateModified":"2025-09-08T07:03:52+00:00","breadcrumb":{"@id":"https:\/\/onthegosystems.com\/de\/teams-und-projekte\/ate\/#breadcrumb"},"inLanguage":"de","potentialAction":[{"@type":"ReadAction","target":["https:\/\/onthegosystems.com\/de\/teams-und-projekte\/ate\/"]}]},{"@type":"ImageObject","inLanguage":"de","@id":"https:\/\/onthegosystems.com\/de\/teams-und-projekte\/ate\/#primaryimage","url":"https:\/\/onthegosystems.com\/wp-content\/uploads\/2025\/04\/ATE-sm.png","contentUrl":"https:\/\/onthegosystems.com\/wp-content\/uploads\/2025\/04\/ATE-sm.png"},{"@type":"BreadcrumbList","@id":"https:\/\/onthegosystems.com\/de\/teams-und-projekte\/ate\/#breadcrumb","itemListElement":[{"@type":"ListItem","position":1,"name":"Home","item":"https:\/\/onthegosystems.com\/de\/"},{"@type":"ListItem","position":2,"name":"Teams und Projekte","item":"https:\/\/onthegosystems.com\/de\/teams-und-projekte\/"},{"@type":"ListItem","position":3,"name":"Erweiterter \u00dcbersetzungs-Editor (Advanced Translation Editor)"}]},{"@type":"WebSite","@id":"https:\/\/onthegosystems.com\/de\/#website","url":"https:\/\/onthegosystems.com\/de\/","name":"OnTheGoSystems","description":"WordPress plugins and professional translation","publisher":{"@id":"https:\/\/onthegosystems.com\/de\/#organization"},"potentialAction":[{"@type":"SearchAction","target":{"@type":"EntryPoint","urlTemplate":"https:\/\/onthegosystems.com\/de\/?s={search_term_string}"},"query-input":{"@type":"PropertyValueSpecification","valueRequired":true,"valueName":"search_term_string"}}],"inLanguage":"de"},{"@type":"Organization","@id":"https:\/\/onthegosystems.com\/de\/#organization","name":"OnTheGoSystems","url":"https:\/\/onthegosystems.com\/de\/","logo":{"@type":"ImageObject","inLanguage":"de","@id":"https:\/\/onthegosystems.com\/de\/#\/schema\/logo\/image\/","url":"https:\/\/onthegosystems.com\/wp-content\/uploads\/2020\/07\/cropped-favicon.png","contentUrl":"https:\/\/onthegosystems.com\/wp-content\/uploads\/2020\/07\/cropped-favicon.png","width":512,"height":512,"caption":"OnTheGoSystems"},"image":{"@id":"https:\/\/onthegosystems.com\/de\/#\/schema\/logo\/image\/"}}]}},"_links":{"self":[{"href":"https:\/\/onthegosystems.com\/de\/wp-json\/wp\/v2\/pages\/26439","targetHints":{"allow":["GET"]}}],"collection":[{"href":"https:\/\/onthegosystems.com\/de\/wp-json\/wp\/v2\/pages"}],"about":[{"href":"https:\/\/onthegosystems.com\/de\/wp-json\/wp\/v2\/types\/page"}],"author":[{"embeddable":true,"href":"https:\/\/onthegosystems.com\/de\/wp-json\/wp\/v2\/users\/34"}],"replies":[{"embeddable":true,"href":"https:\/\/onthegosystems.com\/de\/wp-json\/wp\/v2\/comments?post=26439"}],"version-history":[{"count":8,"href":"https:\/\/onthegosystems.com\/de\/wp-json\/wp\/v2\/pages\/26439\/revisions"}],"predecessor-version":[{"id":28826,"href":"https:\/\/onthegosystems.com\/de\/wp-json\/wp\/v2\/pages\/26439\/revisions\/28826"}],"up":[{"embeddable":true,"href":"https:\/\/onthegosystems.com\/de\/wp-json\/wp\/v2\/pages\/25604"}],"wp:attachment":[{"href":"https:\/\/onthegosystems.com\/de\/wp-json\/wp\/v2\/media?parent=26439"}],"curies":[{"name":"wp","href":"https:\/\/api.w.org\/{rel}","templated":true}]}}