{"id":26635,"date":"2025-04-03T12:34:44","date_gmt":"2025-04-03T12:34:44","guid":{"rendered":"https:\/\/onthegosystems.com\/teams-und-projekte\/systeme\/"},"modified":"2025-09-08T07:07:08","modified_gmt":"2025-09-08T07:07:08","slug":"systeme","status":"publish","type":"page","link":"https:\/\/onthegosystems.com\/de\/teams-und-projekte\/systeme\/","title":{"rendered":"Systeme"},"content":{"rendered":"\n<div class=\"wp-block-toolset-blocks-container tb-container alignfull\" data-toolset-blocks-container=\"5e798a12eeb02b3fe605dccc7450c31b\"><div class=\"tb-container-inner\">\n<div class=\"wp-block-toolset-blocks-container tb-container\" data-toolset-blocks-container=\"e39c7ae81f1ddf679bf1db473ccf659b\">\n<div class=\"wp-block-toolset-blocks-grid tb-grid\" data-toolset-blocks-grid=\"b15a6619db80649be02c8d3106aba7a9\">\n<div class=\"wp-block-toolset-blocks-grid-column tb-grid-column tb-grid-align-top\" data-toolset-blocks-grid-column=\"3034fbe886c11054e95b46b09d3e4112\">\n<figure class=\"wp-block-image tb-image tb-image-dynamic tb-image-frame-none\" data-toolset-blocks-image=\"31beb2a4e825eed36e8dbe5672de89c4\"><img decoding=\"async\" width=\"152\" height=\"158\" data-src=\"https:\/\/onthegosystems.com\/wp-content\/uploads\/2025\/04\/WPML-Logo-min.png\" alt=\"\" class=\"wp-image-26251 lazyload\" src=\"data:image\/svg+xml;base64,PHN2ZyB3aWR0aD0iMSIgaGVpZ2h0PSIxIiB4bWxucz0iaHR0cDovL3d3dy53My5vcmcvMjAwMC9zdmciPjwvc3ZnPg==\" style=\"--smush-placeholder-width: 152px; --smush-placeholder-aspect-ratio: 152\/158;\" \/><\/figure>\n\n\n\n<h1 class=\"tb-heading has-text-color\" data-toolset-blocks-heading=\"483c6abd8ead45808a4116412e13bee3\" data-last-update=\"1.4\">WPML.org \u2013 eine der anspruchsvollsten Websites im Web<\/h1>\n\n\n\n<p class=\"tb-heading has-text-color\" data-toolset-blocks-heading=\"c741422f696519177cf746f89c137505\" data-last-update=\"1.4\">Das WPML-Plugin unterst\u00fctzt \u00fcber 1,5 Millionen mehrsprachige Websites. WPML.org unterst\u00fctzt t\u00e4glich Tausende von Kunden und geh\u00f6rt damit zu den komplexesten und meistbesuchten Websites im Internet. <\/p>\n<\/div>\n\n\n\n<div class=\"wp-block-toolset-blocks-grid-column tb-grid-column tb-grid-align-top\" data-toolset-blocks-grid-column=\"3034fbe886c11054e95b46b09d3e4112\"><\/div>\n<\/div>\n<\/div>\n<\/div><\/div>\n\n<div class=\"wp-block-toolset-blocks-container tb-container alignfull\" data-toolset-blocks-container=\"3141fb03a3373fad70d2b1c173da7269\"><div class=\"tb-container-inner\">\n<div class=\"wp-block-toolset-blocks-grid tb-grid\" data-toolset-blocks-grid=\"f7f99e7e9cf5b13fbbdf620e1c734519\">\n<div class=\"wp-block-toolset-blocks-grid-column tb-grid-column tb-grid-align-top\" data-toolset-blocks-grid-column=\"3034fbe886c11054e95b46b09d3e4112\">\n<h2 class=\"tb-heading has-text-color\" data-toolset-blocks-heading=\"e6b49bc46231e3a61ceda025bc36584a\" data-last-update=\"1.4\">WPML.org \u2013 E-Commerce \/ CRM \/ Marketing-Automatisierung \/ Business Intelligence<\/h2>\n\n\n\n<p class=\"tb-heading\" data-toolset-blocks-heading=\"7a80f99f053dcfdc94c212c98e4698a3\" data-last-update=\"1.4\">Wir m\u00f6chten, dass sowohl unsere Kunden als auch unser Team von m\u00f6glichst optimierten und effizienten Prozessen profitieren. Deshalb haben wir unser gesamtes Backend-System individuell aufgebaut. <\/p>\n\n\n\n<ul class=\"wp-block-list\">\n<li>Ein angepasster Zahlungsprozess f\u00fcr eine breite Palette verschiedener Produkte<\/li>\n\n\n\n<li>Ein vollst\u00e4ndig integriertes Supportsystem<\/li>\n\n\n\n<li>Data Intelligence zur Steuerung von Gesch\u00e4ftsentscheidungen<\/li>\n\n\n\n<li>Integration zwischen Support und Projektmanagement<\/li>\n\n\n\n<li>Automatisierungen, die komplexe Prozesse unbeaufsichtigt ablaufen lassen<\/li>\n<\/ul>\n\n\n\n<p class=\"tb-heading\" data-toolset-blocks-heading=\"7a80f99f053dcfdc94c212c98e4698a3\" data-last-update=\"1.4\">Und nat\u00fcrlich wird alles durch automatisierte Tests abgesichert, sodass wir wissen, dass es nach dem Testen auch weiterhin funktioniert.<br\/>An folgenden Dingen werden Sie unter anderem arbeiten:<\/p>\n\n\n\n<ul class=\"wp-block-list\">\n<li>Integration von KI in alle Bereiche unseres Gesch\u00e4fts \u2013 von der Automatisierung von Supportprozessen \u00fcber die Datenanalyse bis hin zur Unterst\u00fctzung der Entscheidungsfindung<\/li>\n\n\n\n<li>Entwicklung neuer Abl\u00e4ufe und Automatisierungen<\/li>\n\n\n\n<li>Performance-Optimierungen \u2013 Analyse und Verbesserung einer der meistbesuchten WordPress-Websites im Web<\/li>\n\n\n\n<li>Und vieles mehr\u2026<\/li>\n<\/ul>\n<\/div>\n\n\n\n<div class=\"wp-block-toolset-blocks-grid-column tb-grid-column tb-grid-align-top\" data-toolset-blocks-grid-column=\"3034fbe886c11054e95b46b09d3e4112\"><\/div>\n<\/div>\n\n\n\n<div class=\"wp-block-toolset-blocks-grid tb-grid\" data-toolset-blocks-grid=\"4639a0bfe14bb54092419c92029faa5c\">\n<div class=\"wp-block-toolset-blocks-grid-column tb-grid-column\" data-toolset-blocks-grid-column=\"c777ff47b88bccde2288392889584581\">\n<div class=\"wp-block-toolset-blocks-container tb-container\" data-toolset-blocks-container=\"6f7cf607a1542babac0db741a94d9dba\"><\/div>\n<\/div>\n\n\n\n<div class=\"wp-block-toolset-blocks-grid-column tb-grid-column tb-grid-align-center\" data-toolset-blocks-grid-column=\"5c90cbc0e579dc6511ccb4ae42faf52d\">\n<h3 class=\"tb-heading has-text-color has-background wa\" data-toolset-blocks-heading=\"013ddf8122382834d40ca92889a89d29\" data-last-update=\"1.4\"><strong><strong>Wo wir stehen<\/strong><\/strong><\/h3>\n\n\n\n<p class=\"tb-heading\" data-toolset-blocks-heading=\"7a80f99f053dcfdc94c212c98e4698a3\" data-last-update=\"1.4\">WPML ist seit \u00fcber einem Jahrzehnt der Branchenstandard. Unser System hat sich von einer einfachen WordPress-Site zu einem robusten Portal entwickelt, das t\u00e4glich reibungslos viele Tausend Kunden bedient. <\/p>\n\n\n\n<h3 class=\"tb-heading has-text-color has-background wa\" data-toolset-blocks-heading=\"cd88cbc5a434f828ce9eb52699644c02\" data-last-update=\"1.4\"><strong><strong>Wohin wir uns entwickeln<\/strong><\/strong><\/h3>\n\n\n\n<p class=\"tb-heading\" data-toolset-blocks-heading=\"7a80f99f053dcfdc94c212c98e4698a3\" data-last-update=\"1.4\">Wir fangen gerade erst an! Im Zuge unseres Wachstums ver\u00e4ndern wir Architekturen und bauen Teile unseres Systems um. In einem Jahr wollen wir noch mehr Menschen unterst\u00fctzen und noch komplexere Aufgaben auf unserer Website erledigen.  <\/p>\n<\/div>\n<\/div>\n<\/div><\/div>\n\n<div class=\"wp-block-toolset-blocks-container tb-container alignfull\" data-toolset-blocks-container=\"ccd4ef76a39c8237ecc21840b994d2ad\"><div class=\"tb-container-inner\">\n<div class=\"wp-block-toolset-blocks-grid tb-grid\" data-toolset-blocks-grid=\"661de5295f27bf741908eff42357ddea\">\n<div class=\"wp-block-toolset-blocks-grid-column tb-grid-column tb-grid-align-center\" data-toolset-blocks-grid-column=\"f586ff7bfe1d7317c63162ec7b7039ed\">\n<h2 class=\"tb-heading has-text-color\" data-toolset-blocks-heading=\"df92eec2473d99c8947e5efe1a4d649b\" data-last-update=\"1.4\">Unser Tech-Stack<\/h2>\n\n\n\n<p class=\"tb-heading\" data-toolset-blocks-heading=\"7a80f99f053dcfdc94c212c98e4698a3\" data-last-update=\"1.4\">Wir verwenden eine Kombination von Tools, um die Dinge bestm\u00f6glich zu erledigen. Unser in WordPress integrierter Code verwendet PHP und React. Unser Stand-Alone-Code verwendet Node und RoR. Unsere Codebasis ist felderprobt und verf\u00fcgt \u00fcber eine hervorragende Testabdeckung durch Unit-, Integrations- und End-to-End-Tests.   <\/p>\n\n\n\n<p class=\"tb-heading\" data-toolset-blocks-heading=\"7a80f99f053dcfdc94c212c98e4698a3\" data-last-update=\"1.4\">Wir verwenden AWS und ECS f\u00fcr eine schnelle und effiziente Bereitstellung und Skalierung.<\/p>\n\n\n\n<div class=\"wp-block-toolset-blocks-grid tb-grid\" data-toolset-blocks-grid=\"7d0203ac155054728dbc0cd3bddb7dc4\">\n<div class=\"wp-block-toolset-blocks-grid-column tb-grid-column tb-grid-align-top\" data-toolset-blocks-grid-column=\"3034fbe886c11054e95b46b09d3e4112\">\n<div class=\"wp-block-toolset-blocks-container tb-container\" data-toolset-blocks-container=\"ecd48b165fa0142d040ddc87b22bb190\"><div class=\"wp-block-image\">\n<figure class=\" tb-image tb-image-dynamic tb-image-frame-none aligncenter\" data-toolset-blocks-image=\"927bcced2ef5afff94a2f1c4d6b99451\"><img decoding=\"async\" width=\"200\" height=\"99\" data-src=\"https:\/\/onthegosystems.com\/wp-content\/uploads\/2020\/07\/php.png\" alt=\"\" class=\"wp-image-8225 lazyload\" src=\"data:image\/svg+xml;base64,PHN2ZyB3aWR0aD0iMSIgaGVpZ2h0PSIxIiB4bWxucz0iaHR0cDovL3d3dy53My5vcmcvMjAwMC9zdmciPjwvc3ZnPg==\" style=\"--smush-placeholder-width: 200px; --smush-placeholder-aspect-ratio: 200\/99;\" \/><figcaption><div class=\"tb-image-caption\">PHP<\/div><\/figcaption><\/figure>\n<\/div><\/div>\n<\/div>\n\n\n\n<div class=\"wp-block-toolset-blocks-grid-column tb-grid-column tb-grid-align-top\" data-toolset-blocks-grid-column=\"3034fbe886c11054e95b46b09d3e4112\">\n<div class=\"wp-block-toolset-blocks-container tb-container\" data-toolset-blocks-container=\"ecd48b165fa0142d040ddc87b22bb190\"><div class=\"wp-block-image\">\n<figure class=\" tb-image tb-image-media tb-image-frame-none aligncenter\" data-toolset-blocks-image=\"5e3cd56829c7eaef9abe4dd8121d632b\"><img decoding=\"async\" width=\"598\" height=\"533\" data-src=\"https:\/\/onthegosystems.com\/wp-content\/uploads\/2020\/06\/react.png\" alt=\"React\" class=\"wp-image-23926 lazyload\" data-srcset=\"https:\/\/onthegosystems.com\/wp-content\/uploads\/2020\/06\/react.png 598w, https:\/\/onthegosystems.com\/wp-content\/uploads\/2020\/06\/react-300x267.png 300w\" data-sizes=\"auto, (max-width: 598px) 100vw, 598px\" src=\"data:image\/svg+xml;base64,PHN2ZyB3aWR0aD0iMSIgaGVpZ2h0PSIxIiB4bWxucz0iaHR0cDovL3d3dy53My5vcmcvMjAwMC9zdmciPjwvc3ZnPg==\" style=\"--smush-placeholder-width: 598px; --smush-placeholder-aspect-ratio: 598\/533;\" \/><figcaption><div class=\"tb-image-caption\">React<\/div><\/figcaption><\/figure>\n<\/div><\/div>\n<\/div>\n\n\n\n<div class=\"wp-block-toolset-blocks-grid-column tb-grid-column tb-grid-align-top\" data-toolset-blocks-grid-column=\"3034fbe886c11054e95b46b09d3e4112\">\n<div class=\"wp-block-toolset-blocks-container tb-container\" data-toolset-blocks-container=\"ecd48b165fa0142d040ddc87b22bb190\"><div class=\"wp-block-image\">\n<figure class=\" tb-image tb-image-dynamic tb-image-frame-none aligncenter\" data-toolset-blocks-image=\"c1d6a7fdabf259e16cc85ce527b13006\"><img decoding=\"async\" width=\"1200\" height=\"734\" data-src=\"https:\/\/onthegosystems.com\/wp-content\/uploads\/2020\/06\/Node-js.png\" alt=\"\" class=\"wp-image-23925 lazyload\" data-srcset=\"https:\/\/onthegosystems.com\/wp-content\/uploads\/2020\/06\/Node-js.png 1200w, https:\/\/onthegosystems.com\/wp-content\/uploads\/2020\/06\/Node-js-300x184.png 300w, https:\/\/onthegosystems.com\/wp-content\/uploads\/2020\/06\/Node-js-1024x626.png 1024w\" data-sizes=\"auto, (max-width: 1200px) 100vw, 1200px\" src=\"data:image\/svg+xml;base64,PHN2ZyB3aWR0aD0iMSIgaGVpZ2h0PSIxIiB4bWxucz0iaHR0cDovL3d3dy53My5vcmcvMjAwMC9zdmciPjwvc3ZnPg==\" style=\"--smush-placeholder-width: 1200px; --smush-placeholder-aspect-ratio: 1200\/734;\" \/><figcaption><div class=\"tb-image-caption\">Node<\/div><\/figcaption><\/figure>\n<\/div><\/div>\n<\/div>\n\n\n\n<div class=\"wp-block-toolset-blocks-grid-column tb-grid-column tb-grid-align-top\" data-toolset-blocks-grid-column=\"3034fbe886c11054e95b46b09d3e4112\">\n<div class=\"wp-block-toolset-blocks-container tb-container\" data-toolset-blocks-container=\"ecd48b165fa0142d040ddc87b22bb190\"><div class=\"wp-block-image\">\n<figure class=\" tb-image tb-image-dynamic tb-image-frame-none aligncenter\" data-toolset-blocks-image=\"57ea648dad6542e262e02c63996e5a29\"><img decoding=\"async\" width=\"90\" height=\"32\" data-src=\"https:\/\/onthegosystems.com\/wp-content\/uploads\/2023\/04\/ror.svg\" alt=\"Ruby on Rails\" class=\"wp-image-27680 lazyload\" src=\"data:image\/svg+xml;base64,PHN2ZyB3aWR0aD0iMSIgaGVpZ2h0PSIxIiB4bWxucz0iaHR0cDovL3d3dy53My5vcmcvMjAwMC9zdmciPjwvc3ZnPg==\" style=\"--smush-placeholder-width: 90px; --smush-placeholder-aspect-ratio: 90\/32;\" \/><figcaption><div class=\"tb-image-caption\">RoR<\/div><\/figcaption><\/figure>\n<\/div><\/div>\n<\/div>\n<\/div>\n<\/div>\n\n\n\n<div class=\"wp-block-toolset-blocks-grid-column tb-grid-column tb-grid-align-top\" data-toolset-blocks-grid-column=\"3034fbe886c11054e95b46b09d3e4112\">\n<div class=\"wp-block-toolset-blocks-container tb-container\" data-toolset-blocks-container=\"6a6a6a02f861219f113e6c470558af04\">\n<h2 class=\"tb-heading has-text-color\" data-toolset-blocks-heading=\"df92eec2473d99c8947e5efe1a4d649b\" data-last-update=\"1.4\">Das Team<\/h2>\n\n\n\n<figure class=\"wp-block-image tb-image tb-image-dynamic tb-image-frame-none\" data-toolset-blocks-image=\"d085b6ef5ac24706c8f2717b4f6dbee6\"><img decoding=\"async\" width=\"600\" height=\"151\" data-src=\"https:\/\/onthegosystems.com\/wp-content\/uploads\/2025\/03\/team-1-min.png\" alt=\"\" class=\"wp-image-26051 lazyload\" data-srcset=\"https:\/\/onthegosystems.com\/wp-content\/uploads\/2025\/03\/team-1-min.png 600w, https:\/\/onthegosystems.com\/wp-content\/uploads\/2025\/03\/team-1-min-300x76.png 300w\" data-sizes=\"auto, (max-width: 600px) 100vw, 600px\" src=\"data:image\/svg+xml;base64,PHN2ZyB3aWR0aD0iMSIgaGVpZ2h0PSIxIiB4bWxucz0iaHR0cDovL3d3dy53My5vcmcvMjAwMC9zdmciPjwvc3ZnPg==\" style=\"--smush-placeholder-width: 600px; --smush-placeholder-aspect-ratio: 600\/151;\" \/><\/figure>\n\n\n\n<p class=\"tb-heading\" data-toolset-blocks-heading=\"7a80f99f053dcfdc94c212c98e4698a3\" data-last-update=\"1.4\">Wir sind ein Remote-Team aus intelligenten, kollaborativen Full-Stack-Entwicklern. Wir arbeiten zu festen Zeiten, um synchron zu bleiben. Jeder im Team schreibt soliden Code und Tests, tr\u00e4gt zur Architektur bei und hilft bei der Definition von Workflows.  <\/p>\n\n\n\n<p class=\"tb-heading\" data-toolset-blocks-heading=\"7a80f99f053dcfdc94c212c98e4698a3\" data-last-update=\"1.4\">Wir sch\u00e4tzen:<\/p>\n\n\n\n<ul class=\"wp-block-list\">\n<li>Klares Denken und einfache L\u00f6sungen<\/li>\n\n\n\n<li>Schnelles Lernen aus Fehlern<\/li>\n\n\n\n<li>Verantwortung f\u00fcr Funktionen und Ergebnisse<\/li>\n\n\n\n<li>Kollaborative Arbeit mit einer konstruktiven Denkweise<\/li>\n<\/ul>\n<\/div>\n<\/div>\n<\/div>\n\n\n\n<div class=\"wp-block-toolset-blocks-container tb-container\" data-toolset-blocks-container=\"600a8df47779db32f41f2b9b46e94917\">\n<p class=\"tb-heading\" data-toolset-blocks-heading=\"dcd7c1993f7c90270061023c52075e01\" data-last-update=\"1.4\">Wenn Sie die Art von Entwickler sind, die gro\u00dfe Herausforderungen, klare Auswirkungen und ein starkes Team sch\u00e4tzt, werden Sie sich hier wie zu Hause f\u00fchlen.<\/p>\n\n\n\n<div class=\"tb-button\" data-toolset-blocks-button=\"c5f17070ac74f0baf0092102bbe14bbb\"><a class=\"tb-button__link\" href=\"https:\/\/onthegosystems.com\/de\/jobs\/full-stack-entwickler\/\"><i class=\"tb-button__icon\"><\/i><span class=\"tb-button__content\">Jetzt bewerben<\/span><\/a><\/div>\n<\/div>\n<\/div><\/div>\n","protected":false},"excerpt":{"rendered":"","protected":false},"author":34,"featured_media":0,"parent":25604,"menu_order":0,"comment_status":"closed","ping_status":"closed","template":"","meta":{"footnotes":""},"class_list":["post-26635","page","type-page","status-publish","hentry"],"yoast_head":"<!-- This site is optimized with the Yoast SEO plugin v27.4 - https:\/\/yoast.com\/product\/yoast-seo-wordpress\/ -->\n<title>Systemteam \u2013 OnTheGoSystems<\/title>\n<meta name=\"robots\" content=\"index, follow, max-snippet:-1, max-image-preview:large, max-video-preview:-1\" \/>\n<link rel=\"canonical\" href=\"https:\/\/onthegosystems.com\/de\/teams-und-projekte\/systeme\/\" \/>\n<meta property=\"og:locale\" content=\"de_DE\" \/>\n<meta property=\"og:type\" content=\"article\" \/>\n<meta property=\"og:title\" content=\"Systemteam \u2013 OnTheGoSystems\" \/>\n<meta property=\"og:url\" content=\"https:\/\/onthegosystems.com\/de\/teams-und-projekte\/systeme\/\" \/>\n<meta property=\"og:site_name\" content=\"OnTheGoSystems\" \/>\n<meta property=\"article:modified_time\" content=\"2025-09-08T07:07:08+00:00\" \/>\n<meta property=\"og:image\" content=\"https:\/\/onthegosystems.com\/wp-content\/uploads\/2025\/04\/WPML-Logo-min.png\" \/>\n\t<meta property=\"og:image:width\" content=\"152\" \/>\n\t<meta property=\"og:image:height\" content=\"158\" \/>\n\t<meta property=\"og:image:type\" content=\"image\/png\" \/>\n<meta name=\"twitter:card\" content=\"summary_large_image\" \/>\n<meta name=\"twitter:label1\" content=\"Gesch\u00e4tzte Lesezeit\" \/>\n\t<meta name=\"twitter:data1\" content=\"2\u00a0Minuten\" \/>\n<script type=\"application\/ld+json\" class=\"yoast-schema-graph\">{\"@context\":\"https:\\\/\\\/schema.org\",\"@graph\":[{\"@type\":\"WebPage\",\"@id\":\"https:\\\/\\\/onthegosystems.com\\\/de\\\/teams-und-projekte\\\/systeme\\\/\",\"url\":\"https:\\\/\\\/onthegosystems.com\\\/de\\\/teams-und-projekte\\\/systeme\\\/\",\"name\":\"Systemteam \u2013 OnTheGoSystems\",\"isPartOf\":{\"@id\":\"https:\\\/\\\/onthegosystems.com\\\/de\\\/#website\"},\"primaryImageOfPage\":{\"@id\":\"https:\\\/\\\/onthegosystems.com\\\/de\\\/teams-und-projekte\\\/systeme\\\/#primaryimage\"},\"image\":{\"@id\":\"https:\\\/\\\/onthegosystems.com\\\/de\\\/teams-und-projekte\\\/systeme\\\/#primaryimage\"},\"thumbnailUrl\":\"https:\\\/\\\/onthegosystems.com\\\/wp-content\\\/uploads\\\/2025\\\/04\\\/WPML-Logo-min.png\",\"datePublished\":\"2025-04-03T12:34:44+00:00\",\"dateModified\":\"2025-09-08T07:07:08+00:00\",\"breadcrumb\":{\"@id\":\"https:\\\/\\\/onthegosystems.com\\\/de\\\/teams-und-projekte\\\/systeme\\\/#breadcrumb\"},\"inLanguage\":\"de\",\"potentialAction\":[{\"@type\":\"ReadAction\",\"target\":[\"https:\\\/\\\/onthegosystems.com\\\/de\\\/teams-und-projekte\\\/systeme\\\/\"]}]},{\"@type\":\"ImageObject\",\"inLanguage\":\"de\",\"@id\":\"https:\\\/\\\/onthegosystems.com\\\/de\\\/teams-und-projekte\\\/systeme\\\/#primaryimage\",\"url\":\"https:\\\/\\\/onthegosystems.com\\\/wp-content\\\/uploads\\\/2025\\\/04\\\/WPML-Logo-min.png\",\"contentUrl\":\"https:\\\/\\\/onthegosystems.com\\\/wp-content\\\/uploads\\\/2025\\\/04\\\/WPML-Logo-min.png\"},{\"@type\":\"BreadcrumbList\",\"@id\":\"https:\\\/\\\/onthegosystems.com\\\/de\\\/teams-und-projekte\\\/systeme\\\/#breadcrumb\",\"itemListElement\":[{\"@type\":\"ListItem\",\"position\":1,\"name\":\"Home\",\"item\":\"https:\\\/\\\/onthegosystems.com\\\/de\\\/\"},{\"@type\":\"ListItem\",\"position\":2,\"name\":\"Teams und Projekte\",\"item\":\"https:\\\/\\\/onthegosystems.com\\\/de\\\/teams-und-projekte\\\/\"},{\"@type\":\"ListItem\",\"position\":3,\"name\":\"Systeme\"}]},{\"@type\":\"WebSite\",\"@id\":\"https:\\\/\\\/onthegosystems.com\\\/de\\\/#website\",\"url\":\"https:\\\/\\\/onthegosystems.com\\\/de\\\/\",\"name\":\"OnTheGoSystems\",\"description\":\"WordPress plugins and professional translation\",\"publisher\":{\"@id\":\"https:\\\/\\\/onthegosystems.com\\\/de\\\/#organization\"},\"potentialAction\":[{\"@type\":\"SearchAction\",\"target\":{\"@type\":\"EntryPoint\",\"urlTemplate\":\"https:\\\/\\\/onthegosystems.com\\\/de\\\/?s={search_term_string}\"},\"query-input\":{\"@type\":\"PropertyValueSpecification\",\"valueRequired\":true,\"valueName\":\"search_term_string\"}}],\"inLanguage\":\"de\"},{\"@type\":\"Organization\",\"@id\":\"https:\\\/\\\/onthegosystems.com\\\/de\\\/#organization\",\"name\":\"OnTheGoSystems\",\"url\":\"https:\\\/\\\/onthegosystems.com\\\/de\\\/\",\"logo\":{\"@type\":\"ImageObject\",\"inLanguage\":\"de\",\"@id\":\"https:\\\/\\\/onthegosystems.com\\\/de\\\/#\\\/schema\\\/logo\\\/image\\\/\",\"url\":\"https:\\\/\\\/onthegosystems.com\\\/wp-content\\\/uploads\\\/2020\\\/07\\\/cropped-favicon.png\",\"contentUrl\":\"https:\\\/\\\/onthegosystems.com\\\/wp-content\\\/uploads\\\/2020\\\/07\\\/cropped-favicon.png\",\"width\":512,\"height\":512,\"caption\":\"OnTheGoSystems\"},\"image\":{\"@id\":\"https:\\\/\\\/onthegosystems.com\\\/de\\\/#\\\/schema\\\/logo\\\/image\\\/\"}}]}<\/script>\n<!-- \/ Yoast SEO plugin. -->","yoast_head_json":{"title":"Systemteam \u2013 OnTheGoSystems","robots":{"index":"index","follow":"follow","max-snippet":"max-snippet:-1","max-image-preview":"max-image-preview:large","max-video-preview":"max-video-preview:-1"},"canonical":"https:\/\/onthegosystems.com\/de\/teams-und-projekte\/systeme\/","og_locale":"de_DE","og_type":"article","og_title":"Systemteam \u2013 OnTheGoSystems","og_url":"https:\/\/onthegosystems.com\/de\/teams-und-projekte\/systeme\/","og_site_name":"OnTheGoSystems","article_modified_time":"2025-09-08T07:07:08+00:00","og_image":[{"width":152,"height":158,"url":"https:\/\/onthegosystems.com\/wp-content\/uploads\/2025\/04\/WPML-Logo-min.png","type":"image\/png"}],"twitter_card":"summary_large_image","twitter_misc":{"Gesch\u00e4tzte Lesezeit":"2\u00a0Minuten"},"schema":{"@context":"https:\/\/schema.org","@graph":[{"@type":"WebPage","@id":"https:\/\/onthegosystems.com\/de\/teams-und-projekte\/systeme\/","url":"https:\/\/onthegosystems.com\/de\/teams-und-projekte\/systeme\/","name":"Systemteam \u2013 OnTheGoSystems","isPartOf":{"@id":"https:\/\/onthegosystems.com\/de\/#website"},"primaryImageOfPage":{"@id":"https:\/\/onthegosystems.com\/de\/teams-und-projekte\/systeme\/#primaryimage"},"image":{"@id":"https:\/\/onthegosystems.com\/de\/teams-und-projekte\/systeme\/#primaryimage"},"thumbnailUrl":"https:\/\/onthegosystems.com\/wp-content\/uploads\/2025\/04\/WPML-Logo-min.png","datePublished":"2025-04-03T12:34:44+00:00","dateModified":"2025-09-08T07:07:08+00:00","breadcrumb":{"@id":"https:\/\/onthegosystems.com\/de\/teams-und-projekte\/systeme\/#breadcrumb"},"inLanguage":"de","potentialAction":[{"@type":"ReadAction","target":["https:\/\/onthegosystems.com\/de\/teams-und-projekte\/systeme\/"]}]},{"@type":"ImageObject","inLanguage":"de","@id":"https:\/\/onthegosystems.com\/de\/teams-und-projekte\/systeme\/#primaryimage","url":"https:\/\/onthegosystems.com\/wp-content\/uploads\/2025\/04\/WPML-Logo-min.png","contentUrl":"https:\/\/onthegosystems.com\/wp-content\/uploads\/2025\/04\/WPML-Logo-min.png"},{"@type":"BreadcrumbList","@id":"https:\/\/onthegosystems.com\/de\/teams-und-projekte\/systeme\/#breadcrumb","itemListElement":[{"@type":"ListItem","position":1,"name":"Home","item":"https:\/\/onthegosystems.com\/de\/"},{"@type":"ListItem","position":2,"name":"Teams und Projekte","item":"https:\/\/onthegosystems.com\/de\/teams-und-projekte\/"},{"@type":"ListItem","position":3,"name":"Systeme"}]},{"@type":"WebSite","@id":"https:\/\/onthegosystems.com\/de\/#website","url":"https:\/\/onthegosystems.com\/de\/","name":"OnTheGoSystems","description":"WordPress plugins and professional translation","publisher":{"@id":"https:\/\/onthegosystems.com\/de\/#organization"},"potentialAction":[{"@type":"SearchAction","target":{"@type":"EntryPoint","urlTemplate":"https:\/\/onthegosystems.com\/de\/?s={search_term_string}"},"query-input":{"@type":"PropertyValueSpecification","valueRequired":true,"valueName":"search_term_string"}}],"inLanguage":"de"},{"@type":"Organization","@id":"https:\/\/onthegosystems.com\/de\/#organization","name":"OnTheGoSystems","url":"https:\/\/onthegosystems.com\/de\/","logo":{"@type":"ImageObject","inLanguage":"de","@id":"https:\/\/onthegosystems.com\/de\/#\/schema\/logo\/image\/","url":"https:\/\/onthegosystems.com\/wp-content\/uploads\/2020\/07\/cropped-favicon.png","contentUrl":"https:\/\/onthegosystems.com\/wp-content\/uploads\/2020\/07\/cropped-favicon.png","width":512,"height":512,"caption":"OnTheGoSystems"},"image":{"@id":"https:\/\/onthegosystems.com\/de\/#\/schema\/logo\/image\/"}}]}},"_links":{"self":[{"href":"https:\/\/onthegosystems.com\/de\/wp-json\/wp\/v2\/pages\/26635","targetHints":{"allow":["GET"]}}],"collection":[{"href":"https:\/\/onthegosystems.com\/de\/wp-json\/wp\/v2\/pages"}],"about":[{"href":"https:\/\/onthegosystems.com\/de\/wp-json\/wp\/v2\/types\/page"}],"author":[{"embeddable":true,"href":"https:\/\/onthegosystems.com\/de\/wp-json\/wp\/v2\/users\/34"}],"replies":[{"embeddable":true,"href":"https:\/\/onthegosystems.com\/de\/wp-json\/wp\/v2\/comments?post=26635"}],"version-history":[{"count":6,"href":"https:\/\/onthegosystems.com\/de\/wp-json\/wp\/v2\/pages\/26635\/revisions"}],"predecessor-version":[{"id":28857,"href":"https:\/\/onthegosystems.com\/de\/wp-json\/wp\/v2\/pages\/26635\/revisions\/28857"}],"up":[{"embeddable":true,"href":"https:\/\/onthegosystems.com\/de\/wp-json\/wp\/v2\/pages\/25604"}],"wp:attachment":[{"href":"https:\/\/onthegosystems.com\/de\/wp-json\/wp\/v2\/media?parent=26635"}],"curies":[{"name":"wp","href":"https:\/\/api.w.org\/{rel}","templated":true}]}}