{"id":22899,"date":"2024-06-12T13:27:22","date_gmt":"2024-06-12T13:27:22","guid":{"rendered":"https:\/\/onthegosystems.com\/politica-de-marcas-de-cred\/"},"modified":"2025-09-08T07:08:28","modified_gmt":"2025-09-08T07:08:28","slug":"politica-de-marcas-de-cred","status":"publish","type":"page","link":"https:\/\/onthegosystems.com\/es\/legal\/politica-de-marcas-de-cred\/","title":{"rendered":"Pol\u00edtica de la marca comercial CRED"},"content":{"rendered":"<p><strong>Principios de uso de la marca comercial CRED<\/strong><\/p>\n<p>OnTheGoSystems Limited posee y supervisa la marca comercial CRED. Por lo tanto, cualquier uso del nombre como parte de cualquier proyecto, producto, servicio, dominio o nombre de empresa que sea igual o similar a la marca comercial CRED no est\u00e1 autorizado. Sin embargo, OnTheGoSystems Limited aplica varios principios para permitir el uso de la marca.  <\/p>\n<p>A continuaci\u00f3n, se aclara c\u00f3mo las empresas y los proyectos relacionados con OnTheGoSystems pueden usar el nombre CRED y c\u00f3mo no pueden hacerlo.<\/p>\n<ol>\n<li>A OnTheGoSystems Limited le interesa que otros utilicen la marca comercial CRED de una manera que promueva el negocio de OnTheGoSystems Limited.<\/li>\n<li>A OnTheGoSystems Limited le interesa negar a cualquiera el uso del nombre CRED para obtener beneficios injustos o confundir a aquellos que buscan recursos oficiales de OnTheGoSystems.<\/li>\n<\/ol>\n<p><strong>Pol\u00edtica de uso de la marca comercial CRED<\/strong><\/p>\n<p>OnTheGoSystems Limited evitar\u00e1 el uso no autorizado del nombre como parte de cualquier proyecto, producto, servicio, dominio o nombre de empresa que sea igual o similar a la marca comercial CRED.<\/p>\n<p>Sin embargo, OnTheGoSystems Limited puede otorgar permiso a una persona o a una corporaci\u00f3n (en adelante, \u00abusuario\u00bb) para usar el nombre CRED para proyectos que cumplan TODOS los siguientes criterios:<\/p>\n<ul>\n<li>El proyecto del usuario promociona los productos y servicios de OnTheGoSystems<\/li>\n<li>El proyecto del usuario es de naturaleza no comercial, excluyendo la cobertura de costes o la contribuci\u00f3n a entidades sin \u00e1nimo de lucro. El uso de la marca CRED para cualquier proyecto que se ejecute con fines de lucro se considera un uso no autorizado. <\/li>\n<li>El proyecto del usuario no promociona entidades que no cumplan con la licencia GPL (Licencia P\u00fablica General).<\/li>\n<li>El proyecto del usuario no est\u00e1 asociado con entidades que no cumplan con la licencia GPL.<\/li>\n<\/ul>\n<p><strong>Uso permitido de la marca comercial CRED<\/strong><br \/>\nSi el proyecto del usuario cumple con todos estos criterios, OnTheGoSystems Limited permite el uso del nombre CRED para cualquier uso que no sea como parte de un nombre de dominio.<\/p>\n<p>El uso permitido del nombre CRED es solo para referirse a los servicios del usuario y\/o explicarlos. No se permite al usuario utilizar el nombre CRED como parte de un producto, proyecto, servicio, dominio o nombre de empresa. No se permite al usuario utilizar el nombre CRED de ninguna manera que sugiera una afiliaci\u00f3n o respaldo por parte de OnTheGoSystems Limited o el proyecto de c\u00f3digo abierto de OnTheGoSystems.  <\/p>\n<p><strong>Ejemplos de uso permitido de la marca comercial CRED<\/strong><\/p>\n<p>Por ejemplo, un usuario que sea una empresa de consultor\u00eda puede describir su negocio como una empresa de servicios web, que ofrece productos o servicios bajo la consultor\u00eda CRED para peque\u00f1as empresas; el usuario que sea una empresa de consultor\u00eda no puede llamar a su negocio \u00abThe CRED Consulting Company\u00bb.<\/p>\n<p>Un usuario puede mencionar el nombre CRED como parte de una p\u00e1gina que describe los productos o servicios del usuario; el usuario no puede utilizar el nombre CRED como parte de la propia marca de la empresa o del producto del usuario.<br \/>\nNing\u00fan usuario puede utilizar el nombre CRED como parte de un nombre de dominio, ni utilizar la marca comercial en publicidad.<\/p>\n<p><strong>Resumen<\/strong><\/p>\n<p>La pol\u00edtica no pretende limitar la actividad comercial en torno a OnTheGoSystems. OnTheGoSystems anima a las empresas basadas en OnTheGoSystems, y muchas de ellas est\u00e1n prosperando en cumplimiento de esta pol\u00edtica. <\/p>\n<p>La abreviatura \u00abWP\u00bb no est\u00e1 cubierta por la marca comercial CRED y es de uso libre de cualquier forma.<\/p>\n<p>Si tiene dudas sobre el uso del nombre CRED, p\u00f3ngase en <a title=\"Contacte con nosotros\" href=\"https:\/\/onthegosystems.com\/es\/contacto\/\">contacto<\/a> con OnTheGoSystems Limited para obtener una aclaraci\u00f3n.<\/p>\n","protected":false},"excerpt":{"rendered":"<p>Principios de uso de la marca comercial CRED OnTheGoSystems Limited posee y supervisa la marca comercial CRED. Por lo tanto, cualquier uso del nombre como parte de cualquier proyecto, producto, servicio, dominio o nombre de empresa que sea igual o similar a la marca comercial CRED no est\u00e1 autorizado. Sin embargo, OnTheGoSystems Limited aplica varios [&hellip;]<\/p>\n","protected":false},"author":3,"featured_media":0,"parent":22954,"menu_order":0,"comment_status":"closed","ping_status":"open","template":"","meta":{"footnotes":""},"class_list":["post-22899","page","type-page","status-publish","hentry"],"yoast_head":"<!-- This site is optimized with the Yoast SEO plugin v27.3 - https:\/\/yoast.com\/product\/yoast-seo-wordpress\/ -->\n<title>Pol\u00edtica de la marca comercial CRED - OnTheGoSystems<\/title>\n<meta name=\"robots\" content=\"index, follow, max-snippet:-1, max-image-preview:large, max-video-preview:-1\" \/>\n<link rel=\"canonical\" href=\"https:\/\/onthegosystems.com\/es\/legal\/politica-de-marcas-de-cred\/\" \/>\n<meta property=\"og:locale\" content=\"es_ES\" \/>\n<meta property=\"og:type\" content=\"article\" \/>\n<meta property=\"og:title\" content=\"Pol\u00edtica de la marca comercial CRED - OnTheGoSystems\" \/>\n<meta property=\"og:description\" content=\"Principios de uso de la marca comercial CRED OnTheGoSystems Limited posee y supervisa la marca comercial CRED. Por lo tanto, cualquier uso del nombre como parte de cualquier proyecto, producto, servicio, dominio o nombre de empresa que sea igual o similar a la marca comercial CRED no est\u00e1 autorizado. Sin embargo, OnTheGoSystems Limited aplica varios [&hellip;]\" \/>\n<meta property=\"og:url\" content=\"https:\/\/onthegosystems.com\/es\/legal\/politica-de-marcas-de-cred\/\" \/>\n<meta property=\"og:site_name\" content=\"OnTheGoSystems\" \/>\n<meta property=\"article:modified_time\" content=\"2025-09-08T07:08:28+00:00\" \/>\n<meta name=\"twitter:card\" content=\"summary_large_image\" \/>\n<meta name=\"twitter:label1\" content=\"Tiempo de lectura\" \/>\n\t<meta name=\"twitter:data1\" content=\"3 minutos\" \/>\n<script type=\"application\/ld+json\" class=\"yoast-schema-graph\">{\"@context\":\"https:\\\/\\\/schema.org\",\"@graph\":[{\"@type\":\"WebPage\",\"@id\":\"https:\\\/\\\/onthegosystems.com\\\/es\\\/legal\\\/politica-de-marcas-de-cred\\\/\",\"url\":\"https:\\\/\\\/onthegosystems.com\\\/es\\\/legal\\\/politica-de-marcas-de-cred\\\/\",\"name\":\"Pol\u00edtica de la marca comercial CRED - OnTheGoSystems\",\"isPartOf\":{\"@id\":\"https:\\\/\\\/onthegosystems.com\\\/es\\\/#website\"},\"datePublished\":\"2024-06-12T13:27:22+00:00\",\"dateModified\":\"2025-09-08T07:08:28+00:00\",\"breadcrumb\":{\"@id\":\"https:\\\/\\\/onthegosystems.com\\\/es\\\/legal\\\/politica-de-marcas-de-cred\\\/#breadcrumb\"},\"inLanguage\":\"es\",\"potentialAction\":[{\"@type\":\"ReadAction\",\"target\":[\"https:\\\/\\\/onthegosystems.com\\\/es\\\/legal\\\/politica-de-marcas-de-cred\\\/\"]}]},{\"@type\":\"BreadcrumbList\",\"@id\":\"https:\\\/\\\/onthegosystems.com\\\/es\\\/legal\\\/politica-de-marcas-de-cred\\\/#breadcrumb\",\"itemListElement\":[{\"@type\":\"ListItem\",\"position\":1,\"name\":\"Home\",\"item\":\"https:\\\/\\\/onthegosystems.com\\\/es\\\/pagina-de-inicio\\\/\"},{\"@type\":\"ListItem\",\"position\":2,\"name\":\"Aviso legal\",\"item\":\"https:\\\/\\\/onthegosystems.com\\\/es\\\/legal\\\/\"},{\"@type\":\"ListItem\",\"position\":3,\"name\":\"Pol\u00edtica de la marca comercial CRED\"}]},{\"@type\":\"WebSite\",\"@id\":\"https:\\\/\\\/onthegosystems.com\\\/es\\\/#website\",\"url\":\"https:\\\/\\\/onthegosystems.com\\\/es\\\/\",\"name\":\"OnTheGoSystems\",\"description\":\"WordPress plugins and professional translation\",\"publisher\":{\"@id\":\"https:\\\/\\\/onthegosystems.com\\\/es\\\/#organization\"},\"potentialAction\":[{\"@type\":\"SearchAction\",\"target\":{\"@type\":\"EntryPoint\",\"urlTemplate\":\"https:\\\/\\\/onthegosystems.com\\\/es\\\/?s={search_term_string}\"},\"query-input\":{\"@type\":\"PropertyValueSpecification\",\"valueRequired\":true,\"valueName\":\"search_term_string\"}}],\"inLanguage\":\"es\"},{\"@type\":\"Organization\",\"@id\":\"https:\\\/\\\/onthegosystems.com\\\/es\\\/#organization\",\"name\":\"OnTheGoSystems\",\"url\":\"https:\\\/\\\/onthegosystems.com\\\/es\\\/\",\"logo\":{\"@type\":\"ImageObject\",\"inLanguage\":\"es\",\"@id\":\"https:\\\/\\\/onthegosystems.com\\\/es\\\/#\\\/schema\\\/logo\\\/image\\\/\",\"url\":\"https:\\\/\\\/onthegosystems.com\\\/wp-content\\\/uploads\\\/2020\\\/07\\\/cropped-favicon.png\",\"contentUrl\":\"https:\\\/\\\/onthegosystems.com\\\/wp-content\\\/uploads\\\/2020\\\/07\\\/cropped-favicon.png\",\"width\":512,\"height\":512,\"caption\":\"OnTheGoSystems\"},\"image\":{\"@id\":\"https:\\\/\\\/onthegosystems.com\\\/es\\\/#\\\/schema\\\/logo\\\/image\\\/\"}}]}<\/script>\n<!-- \/ Yoast SEO plugin. -->","yoast_head_json":{"title":"Pol\u00edtica de la marca comercial CRED - OnTheGoSystems","robots":{"index":"index","follow":"follow","max-snippet":"max-snippet:-1","max-image-preview":"max-image-preview:large","max-video-preview":"max-video-preview:-1"},"canonical":"https:\/\/onthegosystems.com\/es\/legal\/politica-de-marcas-de-cred\/","og_locale":"es_ES","og_type":"article","og_title":"Pol\u00edtica de la marca comercial CRED - OnTheGoSystems","og_description":"Principios de uso de la marca comercial CRED OnTheGoSystems Limited posee y supervisa la marca comercial CRED. Por lo tanto, cualquier uso del nombre como parte de cualquier proyecto, producto, servicio, dominio o nombre de empresa que sea igual o similar a la marca comercial CRED no est\u00e1 autorizado. Sin embargo, OnTheGoSystems Limited aplica varios [&hellip;]","og_url":"https:\/\/onthegosystems.com\/es\/legal\/politica-de-marcas-de-cred\/","og_site_name":"OnTheGoSystems","article_modified_time":"2025-09-08T07:08:28+00:00","twitter_card":"summary_large_image","twitter_misc":{"Tiempo de lectura":"3 minutos"},"schema":{"@context":"https:\/\/schema.org","@graph":[{"@type":"WebPage","@id":"https:\/\/onthegosystems.com\/es\/legal\/politica-de-marcas-de-cred\/","url":"https:\/\/onthegosystems.com\/es\/legal\/politica-de-marcas-de-cred\/","name":"Pol\u00edtica de la marca comercial CRED - OnTheGoSystems","isPartOf":{"@id":"https:\/\/onthegosystems.com\/es\/#website"},"datePublished":"2024-06-12T13:27:22+00:00","dateModified":"2025-09-08T07:08:28+00:00","breadcrumb":{"@id":"https:\/\/onthegosystems.com\/es\/legal\/politica-de-marcas-de-cred\/#breadcrumb"},"inLanguage":"es","potentialAction":[{"@type":"ReadAction","target":["https:\/\/onthegosystems.com\/es\/legal\/politica-de-marcas-de-cred\/"]}]},{"@type":"BreadcrumbList","@id":"https:\/\/onthegosystems.com\/es\/legal\/politica-de-marcas-de-cred\/#breadcrumb","itemListElement":[{"@type":"ListItem","position":1,"name":"Home","item":"https:\/\/onthegosystems.com\/es\/pagina-de-inicio\/"},{"@type":"ListItem","position":2,"name":"Aviso legal","item":"https:\/\/onthegosystems.com\/es\/legal\/"},{"@type":"ListItem","position":3,"name":"Pol\u00edtica de la marca comercial CRED"}]},{"@type":"WebSite","@id":"https:\/\/onthegosystems.com\/es\/#website","url":"https:\/\/onthegosystems.com\/es\/","name":"OnTheGoSystems","description":"WordPress plugins and professional translation","publisher":{"@id":"https:\/\/onthegosystems.com\/es\/#organization"},"potentialAction":[{"@type":"SearchAction","target":{"@type":"EntryPoint","urlTemplate":"https:\/\/onthegosystems.com\/es\/?s={search_term_string}"},"query-input":{"@type":"PropertyValueSpecification","valueRequired":true,"valueName":"search_term_string"}}],"inLanguage":"es"},{"@type":"Organization","@id":"https:\/\/onthegosystems.com\/es\/#organization","name":"OnTheGoSystems","url":"https:\/\/onthegosystems.com\/es\/","logo":{"@type":"ImageObject","inLanguage":"es","@id":"https:\/\/onthegosystems.com\/es\/#\/schema\/logo\/image\/","url":"https:\/\/onthegosystems.com\/wp-content\/uploads\/2020\/07\/cropped-favicon.png","contentUrl":"https:\/\/onthegosystems.com\/wp-content\/uploads\/2020\/07\/cropped-favicon.png","width":512,"height":512,"caption":"OnTheGoSystems"},"image":{"@id":"https:\/\/onthegosystems.com\/es\/#\/schema\/logo\/image\/"}}]}},"_links":{"self":[{"href":"https:\/\/onthegosystems.com\/es\/wp-json\/wp\/v2\/pages\/22899","targetHints":{"allow":["GET"]}}],"collection":[{"href":"https:\/\/onthegosystems.com\/es\/wp-json\/wp\/v2\/pages"}],"about":[{"href":"https:\/\/onthegosystems.com\/es\/wp-json\/wp\/v2\/types\/page"}],"author":[{"embeddable":true,"href":"https:\/\/onthegosystems.com\/es\/wp-json\/wp\/v2\/users\/3"}],"replies":[{"embeddable":true,"href":"https:\/\/onthegosystems.com\/es\/wp-json\/wp\/v2\/comments?post=22899"}],"version-history":[{"count":3,"href":"https:\/\/onthegosystems.com\/es\/wp-json\/wp\/v2\/pages\/22899\/revisions"}],"predecessor-version":[{"id":28876,"href":"https:\/\/onthegosystems.com\/es\/wp-json\/wp\/v2\/pages\/22899\/revisions\/28876"}],"up":[{"embeddable":true,"href":"https:\/\/onthegosystems.com\/es\/wp-json\/wp\/v2\/pages\/22954"}],"wp:attachment":[{"href":"https:\/\/onthegosystems.com\/es\/wp-json\/wp\/v2\/media?parent=22899"}],"curies":[{"name":"wp","href":"https:\/\/api.w.org\/{rel}","templated":true}]}}