{"id":22931,"date":"2020-10-15T09:34:13","date_gmt":"2020-10-15T09:34:13","guid":{"rendered":"https:\/\/onthegosystems.com\/nuestros-productos\/"},"modified":"2026-01-08T13:37:18","modified_gmt":"2026-01-08T13:37:18","slug":"nuestros-productos","status":"publish","type":"page","link":"https:\/\/onthegosystems.com\/es\/nuestros-productos\/","title":{"rendered":"Nuestros productos"},"content":{"rendered":"\n<div class=\"tb-fields-and-text\" data-toolset-blocks-fields-and-text=\"b828824ac38b8afa0f37cf60c3ce1035\"><p><span style=\"font-weight: 400;\">OnTheGoSystems es el orgulloso autor de los populares plugins de WordPress WPML y Toolset, adem\u00e1s de <a href=\"http:\/\/ptc.wpml.org\/es\/\" target=\"_blank\" rel=\"noopener\">Private Translation Cloud (PTC)<\/a>, un nuevo sistema de traducci\u00f3n de software impulsado por IA.<\/span><\/p><\/div>\n\n<div class=\"wp-block-toolset-blocks-grid tb-grid\" data-toolset-blocks-grid=\"264b2069f7d48efe2d7f4e39ee38aafa\">\n<div class=\"wp-block-toolset-blocks-grid-column tb-grid-column\" data-toolset-blocks-grid-column=\"a6e73c9bcfb6574667bd3043cd1e8d9d\">\n<div class=\"wp-block-toolset-blocks-container tb-container\" data-toolset-blocks-container=\"70c893e4785da75bb81c7a8b9210d84d\">\n<div class=\"wp-block-toolset-blocks-container tb-container\" data-toolset-blocks-container=\"31feb04e6ee1f685a7db207f2a763aef\">\n<figure class=\"wp-block-image tb-image tb-image-dynamic tb-image-frame-none\" data-toolset-blocks-image=\"41f58039967689d2ee980c1540779895\"><a href=\"https:\/\/wpml.org\/es\" target=\"_blank\" rel=\"noreferrer noopener\"><img decoding=\"async\" data-src=\"https:\/\/onthegosystems.com\/wp-content\/uploads\/2013\/06\/300px.svg\" src=\"data:image\/svg+xml;base64,PHN2ZyB3aWR0aD0iMSIgaGVpZ2h0PSIxIiB4bWxucz0iaHR0cDovL3d3dy53My5vcmcvMjAwMC9zdmciPjwvc3ZnPg==\" class=\"lazyload\" \/><\/a><\/figure>\n\n\n\n<div class=\"tb-fields-and-text\" data-toolset-blocks-fields-and-text=\"6a6c35abfae13cc64cdd44d75dcf730b\"><p><span style=\"font-weight: 400;\">WPML es el plugin de WordPress m\u00e1s popular para crear sitios multiling\u00fces. Actualmente, impulsa m\u00e1s de un mill\u00f3n de sitios comerciales en todo el mundo. <\/span><\/p><\/div>\n\n\n\n<div class=\"tb-button\" data-toolset-blocks-button=\"4799f6c222b5414697982fd7e360a8d9\"><a class=\"tb-button__link\" href=\"https:\/\/wpml.org\/es\" target=\"_blank\" rel=\"noopener\"><i class=\"tb-button__icon\"><\/i><span class=\"tb-button__content\">Visitar el sitio web<\/span><\/a><\/div>\n\n\n\n<p class=\"tb-heading\" data-toolset-blocks-heading=\"28c6692de67df461d1816f7a242f19be\" data-last-update=\"1.4\"><a href=\"https:\/\/onthegosystems.com\/es\/equipos-y-proyectos\/wpml\/\">M\u00e1s informaci\u00f3n sobre el equipo de WPML<\/a><\/p>\n<\/div>\n<\/div>\n<\/div>\n\n\n\n<div class=\"wp-block-toolset-blocks-grid-column tb-grid-column\" data-toolset-blocks-grid-column=\"a6e73c9bcfb6574667bd3043cd1e8d9d\">\n<div class=\"wp-block-toolset-blocks-container tb-container\" data-toolset-blocks-container=\"e9321fb645a7d03fb0c294aa5fc153c9\">\n<div class=\"wp-block-toolset-blocks-container tb-container\" data-toolset-blocks-container=\"31feb04e6ee1f685a7db207f2a763aef\">\n<figure class=\"wp-block-image tb-image tb-image-dynamic tb-image-frame-none\" data-toolset-blocks-image=\"8a6ab8914b1ff77d4e4e2a1ec64a3763\"><a href=\"https:\/\/ptc.wpml.org\/es\/\" target=\"_blank\" rel=\"noreferrer noopener\"><img decoding=\"async\" data-src=\"https:\/\/onthegosystems.com\/wp-content\/uploads\/2024\/05\/logo-dark.svg\" alt=\"\" class=\"wp-image-18470 lazyload\" src=\"data:image\/svg+xml;base64,PHN2ZyB3aWR0aD0iMSIgaGVpZ2h0PSIxIiB4bWxucz0iaHR0cDovL3d3dy53My5vcmcvMjAwMC9zdmciPjwvc3ZnPg==\" \/><\/a><\/figure>\n\n\n\n<div class=\"tb-fields-and-text\" data-toolset-blocks-fields-and-text=\"f8b936523b306a192b37733b05e9d1a7\"><p><span style=\"font-weight: 400;\"><a href=\"https:\/\/ptc.wpml.org\/es\/acerca-de\/\" target=\"_blank\">Private Translation Cloud (PTC)<\/a> es el sistema de traducci\u00f3n de IA que impulsa tanto WPML (para sitios de WordPress) como nuestro traductor de software independiente.<\/span><\/p><\/div>\n\n\n\n<div class=\"tb-button\" data-toolset-blocks-button=\"dd8377b24acea44ba72a790f022db53f\"><a class=\"tb-button__link\" href=\"http:\/\/ptc.wpml.org\/es\/\" target=\"_blank\" rel=\"noopener\"><i class=\"tb-button__icon\"><\/i><span class=\"tb-button__content\">Visitar el sitio web<\/span><\/a><\/div>\n<\/div>\n\n\n\n<p class=\"tb-heading\" data-toolset-blocks-heading=\"28c6692de67df461d1816f7a242f19be\" data-last-update=\"1.4\"><a href=\"https:\/\/onthegosystems.com\/es\/equipos-y-proyectos\/ptc\/\">M\u00e1s informaci\u00f3n sobre el equipo de PTC<\/a><\/p>\n<\/div>\n<\/div>\n<\/div>\n\n<div class=\"wp-block-toolset-blocks-grid tb-grid\" data-toolset-blocks-grid=\"9569f5fc56d2305f38eb72a262d2c715\">\n<div class=\"wp-block-toolset-blocks-grid-column tb-grid-column\" data-toolset-blocks-grid-column=\"a6e73c9bcfb6574667bd3043cd1e8d9d\">\n<div class=\"wp-block-toolset-blocks-container tb-container\" data-toolset-blocks-container=\"6dcc830720d243497d526fa549d6aca1\">\n<div class=\"wp-block-toolset-blocks-container tb-container\" data-toolset-blocks-container=\"31feb04e6ee1f685a7db207f2a763aef\">\n<figure class=\"wp-block-image tb-image tb-image-dynamic tb-image-frame-none\" data-toolset-blocks-image=\"f3e1bc97d656f2645b3b4a17bfbe25df\"><a href=\"https:\/\/toolset.com\/es\/\" target=\"_blank\" rel=\"noreferrer noopener\"><img decoding=\"async\" data-src=\"https:\/\/onthegosystems.com\/wp-content\/uploads\/2013\/06\/Toolset-logo-svg-300.svg\" src=\"data:image\/svg+xml;base64,PHN2ZyB3aWR0aD0iMSIgaGVpZ2h0PSIxIiB4bWxucz0iaHR0cDovL3d3dy53My5vcmcvMjAwMC9zdmciPjwvc3ZnPg==\" class=\"lazyload\" \/><\/a><\/figure>\n\n\n\n<div class=\"tb-fields-and-text\" data-toolset-blocks-fields-and-text=\"f8b936523b306a192b37733b05e9d1a7\"><p><span style=\"font-weight: 400;\">Toolset permite a cualquiera crear sitios din\u00e1micos de WordPress sin necesidad de programar.<\/span><\/p><\/div>\n\n\n\n<div class=\"tb-button\" data-toolset-blocks-button=\"f9668eea6b8bfe37a85b79b8c79af921\"><a class=\"tb-button__link\" href=\"https:\/\/toolset.com\/es\/\" target=\"_blank\" rel=\"noopener\"><i class=\"tb-button__icon\"><\/i><span class=\"tb-button__content\">Visitar el sitio web<\/span><\/a><\/div>\n<\/div>\n<\/div>\n<\/div>\n\n\n\n<div class=\"wp-block-toolset-blocks-grid-column tb-grid-column\" data-toolset-blocks-grid-column=\"a6e73c9bcfb6574667bd3043cd1e8d9d\"><\/div>\n<\/div>\n\n<h3 class=\"tb-heading has-text-color\" data-toolset-blocks-heading=\"4cf7ab82cbb691a99d1a4a75aa69cb87\" data-last-update=\"1.4\">C\u00f3mo construimos nuestros productos<br\/><br\/><\/h3>\n\n<div class=\"tb-fields-and-text\" data-toolset-blocks-fields-and-text=\"5e3a0c2779405dc0b53fddb07493749f\"><p><span style=\"font-weight: 400;\">Como empresa totalmente remota, disfrutamos de equipos diversos que aportan ideas frescas y nuevas. Trabajamos juntos en el c\u00f3digo a trav\u00e9s de Git y colaboramos mediante reuniones por video, mensajes de chat y comentarios en tickets. Por supuesto, tambi\u00e9n nos aseguramos de <a href=\"https:\/\/onthegosystems.com\/es\/2022\/03\/establecer-conexiones-virtuales-en-el-lugar-de-trabajo-a-distancia\/\">dejar tiempo para divertirnos<\/a>.  <\/span><\/p><\/div>\n\n<div class=\"wp-block-toolset-blocks-container tb-container\" data-toolset-blocks-container=\"60aea9b3f9b053d63eab0050712d4c44\">\n<h3 class=\"tb-heading has-text-color\" data-toolset-blocks-heading=\"4cf7ab82cbb691a99d1a4a75aa69cb87\" data-last-update=\"1.4\">Tecnolog\u00edas que utilizamos<\/h3>\n\n\n\n<div class=\"tb-fields-and-text\" data-toolset-blocks-fields-and-text=\"7af7f6e56753c5793a3f3a145cdd1a27\"><p><span style=\"font-weight: 400;\">Utilizamos las \u00faltimas tecnolog\u00edas y software para construir nuestros productos, incluyendo:<\/span><\/p><\/div>\n\n\n\n<div class=\"wp-block-toolset-blocks-grid tb-grid\" data-toolset-blocks-grid=\"0b6bd29c077e6c76a5560e72983ef1c2\">\n<div class=\"wp-block-toolset-blocks-grid-column tb-grid-column tb-grid-align-undefined\" data-toolset-blocks-grid-column=\"dbcd0c0241c1be44ef25ded5ddde44f7\">\n<div class=\"wp-block-toolset-blocks-container tb-container\" data-toolset-blocks-container=\"7ea04396f982f5bc044876fc66614411\"><div class=\"wp-block-image\">\n<figure class=\" tb-image tb-image-dynamic tb-image-frame-none aligncenter\" data-toolset-blocks-image=\"31939904a1dcc59ff739a451e2860a35\"><img decoding=\"async\" data-src=\"https:\/\/onthegosystems.com\/wp-content\/uploads\/2020\/07\/php.png\" src=\"data:image\/svg+xml;base64,PHN2ZyB3aWR0aD0iMSIgaGVpZ2h0PSIxIiB4bWxucz0iaHR0cDovL3d3dy53My5vcmcvMjAwMC9zdmciPjwvc3ZnPg==\" class=\"lazyload\" style=\"--smush-placeholder-width: 200px; --smush-placeholder-aspect-ratio: 200\/99;\" \/><figcaption><div class=\"tb-image-caption\">PHP<\/div><\/figcaption><\/figure>\n<\/div><\/div>\n<\/div>\n\n\n\n<div class=\"wp-block-toolset-blocks-grid-column tb-grid-column tb-grid-align-undefined\" data-toolset-blocks-grid-column=\"e08d9898fdb7749d1f239790efa63106\">\n<div class=\"wp-block-toolset-blocks-container tb-container\" data-toolset-blocks-container=\"599b69b05afc713224264e65d965aa06\"><div class=\"wp-block-image\">\n<figure class=\" tb-image tb-image-media tb-image-frame-none aligncenter\" data-toolset-blocks-image=\"95f918f8ccac5bea8e62e66681518248\"><img decoding=\"async\" width=\"598\" height=\"533\" data-src=\"https:\/\/onthegosystems.com\/wp-content\/uploads\/2020\/06\/react.png\" alt=\"React\" class=\"wp-image-10083 lazyload\" data-srcset=\"https:\/\/onthegosystems.com\/wp-content\/uploads\/2020\/06\/react.png 598w, https:\/\/onthegosystems.com\/wp-content\/uploads\/2020\/06\/react-300x267.png 300w\" data-sizes=\"auto, (max-width: 598px) 100vw, 598px\" src=\"data:image\/svg+xml;base64,PHN2ZyB3aWR0aD0iMSIgaGVpZ2h0PSIxIiB4bWxucz0iaHR0cDovL3d3dy53My5vcmcvMjAwMC9zdmciPjwvc3ZnPg==\" style=\"--smush-placeholder-width: 598px; --smush-placeholder-aspect-ratio: 598\/533;\" \/><figcaption><div class=\"tb-image-caption\">React<\/div><\/figcaption><\/figure>\n<\/div><\/div>\n<\/div>\n\n\n\n<div class=\"wp-block-toolset-blocks-grid-column tb-grid-column tb-grid-align-undefined\" data-toolset-blocks-grid-column=\"e08d9898fdb7749d1f239790efa63106\">\n<div class=\"wp-block-toolset-blocks-container tb-container\" data-toolset-blocks-container=\"cde81455adb3dd98c4fcbe78c107c811\"><div class=\"wp-block-image\">\n<figure class=\" tb-image tb-image-dynamic tb-image-frame-none aligncenter\" data-toolset-blocks-image=\"bbd5ce2edd30944d736b28d68cdfebcc\"><img decoding=\"async\" data-src=\"https:\/\/onthegosystems.com\/wp-content\/uploads\/2020\/08\/MySQL_logo.png\" src=\"data:image\/svg+xml;base64,PHN2ZyB3aWR0aD0iMSIgaGVpZ2h0PSIxIiB4bWxucz0iaHR0cDovL3d3dy53My5vcmcvMjAwMC9zdmciPjwvc3ZnPg==\" class=\"lazyload\" style=\"--smush-placeholder-width: 386px; --smush-placeholder-aspect-ratio: 386\/200;\" \/><figcaption><div class=\"tb-image-caption\">MySQL<\/div><\/figcaption><\/figure>\n<\/div><\/div>\n<\/div>\n\n\n\n<div class=\"wp-block-toolset-blocks-grid-column tb-grid-column tb-grid-align-undefined\" data-toolset-blocks-grid-column=\"e08d9898fdb7749d1f239790efa63106\">\n<div class=\"wp-block-toolset-blocks-container tb-container\" data-toolset-blocks-container=\"599b69b05afc713224264e65d965aa06\"><div class=\"wp-block-image\">\n<figure class=\" tb-image tb-image-dynamic tb-image-frame-none aligncenter\" data-toolset-blocks-image=\"008a1ec2ebacc930cbadbed8da9f0a40\"><img decoding=\"async\" data-src=\"https:\/\/onthegosystems.com\/wp-content\/uploads\/2020\/06\/Codeception@4x.png\" src=\"data:image\/svg+xml;base64,PHN2ZyB3aWR0aD0iMSIgaGVpZ2h0PSIxIiB4bWxucz0iaHR0cDovL3d3dy53My5vcmcvMjAwMC9zdmciPjwvc3ZnPg==\" class=\"lazyload\" style=\"--smush-placeholder-width: 147px; --smush-placeholder-aspect-ratio: 147\/110;\" \/><figcaption><div class=\"tb-image-caption\">Codeception<\/div><\/figcaption><\/figure>\n<\/div><\/div>\n<\/div>\n<\/div>\n\n\n\n<div class=\"wp-block-toolset-blocks-grid tb-grid\" data-toolset-blocks-grid=\"59f3757211f270a55c1c3667e98211f3\">\n<div class=\"wp-block-toolset-blocks-grid-column tb-grid-column tb-grid-align-undefined\" data-toolset-blocks-grid-column=\"dbcd0c0241c1be44ef25ded5ddde44f7\">\n<div class=\"wp-block-toolset-blocks-container tb-container\" data-toolset-blocks-container=\"599b69b05afc713224264e65d965aa06\"><div class=\"wp-block-image\">\n<figure class=\" tb-image tb-image-dynamic tb-image-frame-none aligncenter\" data-toolset-blocks-image=\"0603e621fa8f870892126cece4c43513\"><img decoding=\"async\" data-src=\"https:\/\/onthegosystems.com\/wp-content\/uploads\/2020\/07\/git.png\" src=\"data:image\/svg+xml;base64,PHN2ZyB3aWR0aD0iMSIgaGVpZ2h0PSIxIiB4bWxucz0iaHR0cDovL3d3dy53My5vcmcvMjAwMC9zdmciPjwvc3ZnPg==\" class=\"lazyload\" style=\"--smush-placeholder-width: 300px; --smush-placeholder-aspect-ratio: 300\/300;\" \/><figcaption><div class=\"tb-image-caption\">Git<\/div><\/figcaption><\/figure>\n<\/div><\/div>\n<\/div>\n\n\n\n<div class=\"wp-block-toolset-blocks-grid-column tb-grid-column tb-grid-align-undefined\" data-toolset-blocks-grid-column=\"e08d9898fdb7749d1f239790efa63106\">\n<div class=\"wp-block-toolset-blocks-container tb-container\" data-toolset-blocks-container=\"7ea04396f982f5bc044876fc66614411\"><div class=\"wp-block-image\">\n<figure class=\" tb-image tb-image-dynamic tb-image-frame-none aligncenter\" data-toolset-blocks-image=\"3689f1411fd6724bd606f0ddd13673f8\"><img decoding=\"async\" data-src=\"https:\/\/onthegosystems.com\/wp-content\/uploads\/2020\/07\/wp.png\" src=\"data:image\/svg+xml;base64,PHN2ZyB3aWR0aD0iMSIgaGVpZ2h0PSIxIiB4bWxucz0iaHR0cDovL3d3dy53My5vcmcvMjAwMC9zdmciPjwvc3ZnPg==\" class=\"lazyload\" style=\"--smush-placeholder-width: 200px; --smush-placeholder-aspect-ratio: 200\/200;\" \/><figcaption><div class=\"tb-image-caption\">WordPress<\/div><\/figcaption><\/figure>\n<\/div><\/div>\n<\/div>\n\n\n\n<div class=\"wp-block-toolset-blocks-grid-column tb-grid-column tb-grid-align-top tb-grid-align-undefined\" data-toolset-blocks-grid-column=\"8b183ebe0d54b8673cd2e25f25488186\"><\/div>\n\n\n\n<div class=\"wp-block-toolset-blocks-grid-column tb-grid-column tb-grid-align-top tb-grid-align-undefined\" data-toolset-blocks-grid-column=\"8b183ebe0d54b8673cd2e25f25488186\"><\/div>\n<\/div>\n<\/div>\n\n<h3 class=\"tb-heading has-text-color\" data-toolset-blocks-heading=\"4cf7ab82cbb691a99d1a4a75aa69cb87\" data-last-update=\"1.4\">C\u00f3mo ofrecemos Soporte para nuestros productos<\/h3>\n\n<div class=\"tb-fields-and-text\" data-toolset-blocks-fields-and-text=\"7af7f6e56753c5793a3f3a145cdd1a27\"><p><span style=\"font-weight: 400;\">Nos enorgullecemos del Soporte de primera clase que brindamos a nuestros clientes. Estamos aqu\u00ed para darles Soporte en cada paso del camino mientras utilizan nuestros productos. Nuestro Soporte est\u00e1 disponible:  <\/span><\/p><\/div>\n\n<div class=\"wp-block-toolset-blocks-grid tb-grid\" data-toolset-blocks-grid=\"0cfd02d0805a80744f0cad644da73c0e\">\n<div class=\"wp-block-toolset-blocks-grid-column tb-grid-column tb-grid-align-top\" data-toolset-blocks-grid-column=\"3034fbe886c11054e95b46b09d3e4112\">\n<h4 class=\"tb-heading has-text-color\" data-toolset-blocks-heading=\"a2a39c81c51775872988e75f41a8b50b\" data-last-update=\"1.4\">6<\/h4>\n\n\n\n<div class=\"tb-fields-and-text\" data-toolset-blocks-fields-and-text=\"b239583f94e1379467d78cf6fa506418\"><p style=\"text-align: center;\"><span style=\"font-weight: 400;\">d\u00edas a la semana<\/span><\/p><\/div>\n<\/div>\n\n\n\n<div class=\"wp-block-toolset-blocks-grid-column tb-grid-column tb-grid-align-top\" data-toolset-blocks-grid-column=\"3034fbe886c11054e95b46b09d3e4112\">\n<h4 class=\"tb-heading has-text-color\" data-toolset-blocks-heading=\"a2a39c81c51775872988e75f41a8b50b\" data-last-update=\"1.4\">19<\/h4>\n\n\n\n<div class=\"tb-fields-and-text\" data-toolset-blocks-fields-and-text=\"a489dcce575a4e0219de1ff0f67f8800\"><p style=\"text-align: center;\"><span style=\"font-weight: 400;\">horas al d\u00eda<\/span><\/p><\/div>\n<\/div>\n\n\n\n<div class=\"wp-block-toolset-blocks-grid-column tb-grid-column tb-grid-align-top\" data-toolset-blocks-grid-column=\"3034fbe886c11054e95b46b09d3e4112\">\n<h4 class=\"tb-heading has-text-color\" data-toolset-blocks-heading=\"a2a39c81c51775872988e75f41a8b50b\" data-last-update=\"1.4\">9<\/h4>\n\n\n\n<div class=\"tb-fields-and-text\" data-toolset-blocks-fields-and-text=\"a489dcce575a4e0219de1ff0f67f8800\"><p style=\"text-align: center;\"><span style=\"font-weight: 400;\">idiomas<\/span><\/p><\/div>\n<\/div>\n<\/div>\n\n<div class=\"tb-fields-and-text\" data-toolset-blocks-fields-and-text=\"6de95ac4e4af531bb7e52fe2e3542376\"><p><span style=\"font-weight: 400;\">Lea m\u00e1s sobre <a href=\"https:\/\/onthegosystems.com\/es\/2022\/07\/como-es-ser-un-colaborador-tecnico-de-wordpress-para-wpml\/\">lo que hace que trabajar como asistente en OnTheGoSystems sea diferente de otras empresas<\/a>. <\/span><\/p><\/div>\n\n<div class=\"wp-block-toolset-blocks-container tb-container\" data-toolset-blocks-container=\"449ebfe8f351256c5db384039241561b\">\n<h3 class=\"tb-heading has-text-color\" data-toolset-blocks-heading=\"1f91edfd5a324d5f24c29cd99e46b4d3\" data-last-update=\"1.4\">\u00danase a nosotros<\/h3>\n\n\n\n<div class=\"tb-fields-and-text\" data-toolset-blocks-fields-and-text=\"989e28281515a7243d62792c8de0ab77\"><p style=\"text-align: center;\"><span style=\"font-weight: 400;\">Siempre estamos buscando personas brillantes para unirse a nuestro equipo.<\/span><\/p><\/div>\n\n\n\n<div class=\"tb-button\" data-toolset-blocks-button=\"21f14e63007bf0f3e76cde5f855f6982\"><a class=\"tb-button__link\" href=\"https:\/\/onthegosystems.com\/es\/jobs\/\"><i class=\"tb-button__icon\"><\/i><span class=\"tb-button__content\">Ver puestos vacantes<\/span><\/a><\/div>\n<\/div>\n","protected":false},"excerpt":{"rendered":"","protected":false},"author":34,"featured_media":0,"parent":0,"menu_order":0,"comment_status":"closed","ping_status":"closed","template":"","meta":{"footnotes":""},"class_list":["post-22931","page","type-page","status-publish","hentry"],"yoast_head":"<!-- This site is optimized with the Yoast SEO plugin v27.4 - https:\/\/yoast.com\/product\/yoast-seo-wordpress\/ -->\n<title>Nuestros productos - OnTheGoSystems<\/title>\n<meta name=\"description\" content=\"OnTheGoSystems: autores de WPML, Toolset y sistema de traducci\u00f3n IA.\" \/>\n<meta name=\"robots\" content=\"index, follow, max-snippet:-1, max-image-preview:large, max-video-preview:-1\" \/>\n<link rel=\"canonical\" href=\"https:\/\/onthegosystems.com\/es\/nuestros-productos\/\" \/>\n<meta property=\"og:locale\" content=\"es_ES\" \/>\n<meta property=\"og:type\" content=\"article\" \/>\n<meta property=\"og:title\" content=\"Nuestros productos - OnTheGoSystems\" \/>\n<meta property=\"og:description\" content=\"OnTheGoSystems: autores de WPML, Toolset y sistema de traducci\u00f3n IA.\" \/>\n<meta property=\"og:url\" content=\"https:\/\/onthegosystems.com\/es\/nuestros-productos\/\" \/>\n<meta property=\"og:site_name\" content=\"OnTheGoSystems\" \/>\n<meta property=\"article:modified_time\" content=\"2026-01-08T13:37:18+00:00\" \/>\n<meta property=\"og:image\" content=\"https:\/\/onthegosystems.com\/wp-content\/uploads\/2013\/06\/300px.svg\" \/>\n<meta name=\"twitter:card\" content=\"summary_large_image\" \/>\n<meta name=\"twitter:label1\" content=\"Tiempo de lectura\" \/>\n\t<meta name=\"twitter:data1\" content=\"2 minutos\" \/>\n<script type=\"application\/ld+json\" class=\"yoast-schema-graph\">{\"@context\":\"https:\\\/\\\/schema.org\",\"@graph\":[{\"@type\":\"WebPage\",\"@id\":\"https:\\\/\\\/onthegosystems.com\\\/es\\\/nuestros-productos\\\/\",\"url\":\"https:\\\/\\\/onthegosystems.com\\\/es\\\/nuestros-productos\\\/\",\"name\":\"Nuestros productos - OnTheGoSystems\",\"isPartOf\":{\"@id\":\"https:\\\/\\\/onthegosystems.com\\\/es\\\/#website\"},\"primaryImageOfPage\":{\"@id\":\"https:\\\/\\\/onthegosystems.com\\\/es\\\/nuestros-productos\\\/#primaryimage\"},\"image\":{\"@id\":\"https:\\\/\\\/onthegosystems.com\\\/es\\\/nuestros-productos\\\/#primaryimage\"},\"thumbnailUrl\":\"https:\\\/\\\/onthegosystems.com\\\/wp-content\\\/uploads\\\/2013\\\/06\\\/300px.svg\",\"datePublished\":\"2020-10-15T09:34:13+00:00\",\"dateModified\":\"2026-01-08T13:37:18+00:00\",\"description\":\"OnTheGoSystems: autores de WPML, Toolset y sistema de traducci\u00f3n IA.\",\"breadcrumb\":{\"@id\":\"https:\\\/\\\/onthegosystems.com\\\/es\\\/nuestros-productos\\\/#breadcrumb\"},\"inLanguage\":\"es\",\"potentialAction\":[{\"@type\":\"ReadAction\",\"target\":[\"https:\\\/\\\/onthegosystems.com\\\/es\\\/nuestros-productos\\\/\"]}]},{\"@type\":\"ImageObject\",\"inLanguage\":\"es\",\"@id\":\"https:\\\/\\\/onthegosystems.com\\\/es\\\/nuestros-productos\\\/#primaryimage\",\"url\":\"https:\\\/\\\/onthegosystems.com\\\/wp-content\\\/uploads\\\/2013\\\/06\\\/300px.svg\",\"contentUrl\":\"https:\\\/\\\/onthegosystems.com\\\/wp-content\\\/uploads\\\/2013\\\/06\\\/300px.svg\"},{\"@type\":\"BreadcrumbList\",\"@id\":\"https:\\\/\\\/onthegosystems.com\\\/es\\\/nuestros-productos\\\/#breadcrumb\",\"itemListElement\":[{\"@type\":\"ListItem\",\"position\":1,\"name\":\"Home\",\"item\":\"https:\\\/\\\/onthegosystems.com\\\/es\\\/pagina-de-inicio\\\/\"},{\"@type\":\"ListItem\",\"position\":2,\"name\":\"Nuestros productos\"}]},{\"@type\":\"WebSite\",\"@id\":\"https:\\\/\\\/onthegosystems.com\\\/es\\\/#website\",\"url\":\"https:\\\/\\\/onthegosystems.com\\\/es\\\/\",\"name\":\"OnTheGoSystems\",\"description\":\"WordPress plugins and professional translation\",\"publisher\":{\"@id\":\"https:\\\/\\\/onthegosystems.com\\\/es\\\/#organization\"},\"potentialAction\":[{\"@type\":\"SearchAction\",\"target\":{\"@type\":\"EntryPoint\",\"urlTemplate\":\"https:\\\/\\\/onthegosystems.com\\\/es\\\/?s={search_term_string}\"},\"query-input\":{\"@type\":\"PropertyValueSpecification\",\"valueRequired\":true,\"valueName\":\"search_term_string\"}}],\"inLanguage\":\"es\"},{\"@type\":\"Organization\",\"@id\":\"https:\\\/\\\/onthegosystems.com\\\/es\\\/#organization\",\"name\":\"OnTheGoSystems\",\"url\":\"https:\\\/\\\/onthegosystems.com\\\/es\\\/\",\"logo\":{\"@type\":\"ImageObject\",\"inLanguage\":\"es\",\"@id\":\"https:\\\/\\\/onthegosystems.com\\\/es\\\/#\\\/schema\\\/logo\\\/image\\\/\",\"url\":\"https:\\\/\\\/onthegosystems.com\\\/wp-content\\\/uploads\\\/2020\\\/07\\\/cropped-favicon.png\",\"contentUrl\":\"https:\\\/\\\/onthegosystems.com\\\/wp-content\\\/uploads\\\/2020\\\/07\\\/cropped-favicon.png\",\"width\":512,\"height\":512,\"caption\":\"OnTheGoSystems\"},\"image\":{\"@id\":\"https:\\\/\\\/onthegosystems.com\\\/es\\\/#\\\/schema\\\/logo\\\/image\\\/\"}}]}<\/script>\n<!-- \/ Yoast SEO plugin. -->","yoast_head_json":{"title":"Nuestros productos - OnTheGoSystems","description":"OnTheGoSystems: autores de WPML, Toolset y sistema de traducci\u00f3n IA.","robots":{"index":"index","follow":"follow","max-snippet":"max-snippet:-1","max-image-preview":"max-image-preview:large","max-video-preview":"max-video-preview:-1"},"canonical":"https:\/\/onthegosystems.com\/es\/nuestros-productos\/","og_locale":"es_ES","og_type":"article","og_title":"Nuestros productos - OnTheGoSystems","og_description":"OnTheGoSystems: autores de WPML, Toolset y sistema de traducci\u00f3n IA.","og_url":"https:\/\/onthegosystems.com\/es\/nuestros-productos\/","og_site_name":"OnTheGoSystems","article_modified_time":"2026-01-08T13:37:18+00:00","og_image":[{"url":"https:\/\/onthegosystems.com\/wp-content\/uploads\/2013\/06\/300px.svg","type":"","width":"","height":""}],"twitter_card":"summary_large_image","twitter_misc":{"Tiempo de lectura":"2 minutos"},"schema":{"@context":"https:\/\/schema.org","@graph":[{"@type":"WebPage","@id":"https:\/\/onthegosystems.com\/es\/nuestros-productos\/","url":"https:\/\/onthegosystems.com\/es\/nuestros-productos\/","name":"Nuestros productos - OnTheGoSystems","isPartOf":{"@id":"https:\/\/onthegosystems.com\/es\/#website"},"primaryImageOfPage":{"@id":"https:\/\/onthegosystems.com\/es\/nuestros-productos\/#primaryimage"},"image":{"@id":"https:\/\/onthegosystems.com\/es\/nuestros-productos\/#primaryimage"},"thumbnailUrl":"https:\/\/onthegosystems.com\/wp-content\/uploads\/2013\/06\/300px.svg","datePublished":"2020-10-15T09:34:13+00:00","dateModified":"2026-01-08T13:37:18+00:00","description":"OnTheGoSystems: autores de WPML, Toolset y sistema de traducci\u00f3n IA.","breadcrumb":{"@id":"https:\/\/onthegosystems.com\/es\/nuestros-productos\/#breadcrumb"},"inLanguage":"es","potentialAction":[{"@type":"ReadAction","target":["https:\/\/onthegosystems.com\/es\/nuestros-productos\/"]}]},{"@type":"ImageObject","inLanguage":"es","@id":"https:\/\/onthegosystems.com\/es\/nuestros-productos\/#primaryimage","url":"https:\/\/onthegosystems.com\/wp-content\/uploads\/2013\/06\/300px.svg","contentUrl":"https:\/\/onthegosystems.com\/wp-content\/uploads\/2013\/06\/300px.svg"},{"@type":"BreadcrumbList","@id":"https:\/\/onthegosystems.com\/es\/nuestros-productos\/#breadcrumb","itemListElement":[{"@type":"ListItem","position":1,"name":"Home","item":"https:\/\/onthegosystems.com\/es\/pagina-de-inicio\/"},{"@type":"ListItem","position":2,"name":"Nuestros productos"}]},{"@type":"WebSite","@id":"https:\/\/onthegosystems.com\/es\/#website","url":"https:\/\/onthegosystems.com\/es\/","name":"OnTheGoSystems","description":"WordPress plugins and professional translation","publisher":{"@id":"https:\/\/onthegosystems.com\/es\/#organization"},"potentialAction":[{"@type":"SearchAction","target":{"@type":"EntryPoint","urlTemplate":"https:\/\/onthegosystems.com\/es\/?s={search_term_string}"},"query-input":{"@type":"PropertyValueSpecification","valueRequired":true,"valueName":"search_term_string"}}],"inLanguage":"es"},{"@type":"Organization","@id":"https:\/\/onthegosystems.com\/es\/#organization","name":"OnTheGoSystems","url":"https:\/\/onthegosystems.com\/es\/","logo":{"@type":"ImageObject","inLanguage":"es","@id":"https:\/\/onthegosystems.com\/es\/#\/schema\/logo\/image\/","url":"https:\/\/onthegosystems.com\/wp-content\/uploads\/2020\/07\/cropped-favicon.png","contentUrl":"https:\/\/onthegosystems.com\/wp-content\/uploads\/2020\/07\/cropped-favicon.png","width":512,"height":512,"caption":"OnTheGoSystems"},"image":{"@id":"https:\/\/onthegosystems.com\/es\/#\/schema\/logo\/image\/"}}]}},"_links":{"self":[{"href":"https:\/\/onthegosystems.com\/es\/wp-json\/wp\/v2\/pages\/22931","targetHints":{"allow":["GET"]}}],"collection":[{"href":"https:\/\/onthegosystems.com\/es\/wp-json\/wp\/v2\/pages"}],"about":[{"href":"https:\/\/onthegosystems.com\/es\/wp-json\/wp\/v2\/types\/page"}],"author":[{"embeddable":true,"href":"https:\/\/onthegosystems.com\/es\/wp-json\/wp\/v2\/users\/34"}],"replies":[{"embeddable":true,"href":"https:\/\/onthegosystems.com\/es\/wp-json\/wp\/v2\/comments?post=22931"}],"version-history":[{"count":8,"href":"https:\/\/onthegosystems.com\/es\/wp-json\/wp\/v2\/pages\/22931\/revisions"}],"predecessor-version":[{"id":29738,"href":"https:\/\/onthegosystems.com\/es\/wp-json\/wp\/v2\/pages\/22931\/revisions\/29738"}],"wp:attachment":[{"href":"https:\/\/onthegosystems.com\/es\/wp-json\/wp\/v2\/media?parent=22931"}],"curies":[{"name":"wp","href":"https:\/\/api.w.org\/{rel}","templated":true}]}}