{"id":22954,"date":"2024-06-12T13:28:31","date_gmt":"2024-06-12T13:28:31","guid":{"rendered":"https:\/\/onthegosystems.com\/legal\/"},"modified":"2025-09-08T07:08:56","modified_gmt":"2025-09-08T07:08:56","slug":"legal","status":"publish","type":"page","link":"https:\/\/onthegosystems.com\/es\/legal\/","title":{"rendered":"Aviso legal"},"content":{"rendered":"<ul>\n<li><a title=\"Pol\u00edtica de marcas comerciales de OnTheGo Systems\" href=\"https:\/\/onthegosystems.com\/es\/legal\/politica-de-marcas-de-onthego-systems\/\">Pol\u00edtica de marca registrada de OnTheGoSystems<\/a><\/li>\n<li><a title=\"Pol\u00edtica de marca registrada de ICanLocalize\" href=\"https:\/\/onthegosystems.com\/es\/legal\/politica-de-marcas-de-icanlocalize\/\">Pol\u00edtica de marca registrada de ICanLocalize<\/a><\/li>\n<li><a title=\"Pol\u00edtica de marcas comerciales de WPML\" href=\"https:\/\/onthegosystems.com\/es\/legal\/politica-de-marcas-de-wpml\/\">Pol\u00edtica de marca registrada de WPML<\/a><\/li>\n<li><a href=\"https:\/\/onthegosystems.com\/es\/legal\/politica-de-marcas-de-toolset\/\">Pol\u00edtica de marca registrada de Toolset<\/a><\/li>\n<li><a title=\"Pol\u00edtica de marca registrada de Types\" href=\"https:\/\/onthegosystems.com\/es\/legal\/tipos-politica-de-marcas\/\">Pol\u00edtica de marca registrada de Types<\/a><\/li>\n<li><a title=\"Pol\u00edtica de marca registrada de Views\" href=\"https:\/\/onthegosystems.com\/es\/legal\/opiniones-politica-de-marcas\/\">Pol\u00edtica de marca registrada de Views<\/a><\/li>\n<li><a href=\"https:\/\/onthegosystems.com\/es\/legal\/politica-de-marcas-de-cred\/\">Pol\u00edtica de la marca comercial CRED<\/a><\/li>\n<li><a href=\"https:\/\/onthegosystems.com\/es\/legal\/acceso-politica-de-marcas\/\">Pol\u00edtica de marca registrada de Access<\/a><\/li>\n<li><a href=\"https:\/\/onthegosystems.com\/es\/legal\/politica-de-marcas-de-discover-wp\/\">Pol\u00edtica de marca registrada de Discover-WP<\/a><\/li>\n<li><a href=\"https:\/\/onthegosystems.com\/es\/legal\/wp-compatibilidad-politica-de-marcas\/\">Pol\u00edtica de marcas comerciales de compatibilidad con WP<\/a><\/li>\n<li><a href=\"https:\/\/onthegosystems.com\/es\/legal\/politica-de-privacidad-y-cumplimiento-del-gdpr\/\">Pol\u00edtica de privacidad y cumplimiento del RGPD<\/a><\/li>\n<\/ul>\n","protected":false},"excerpt":{"rendered":"<p>Pol\u00edtica de marca registrada de OnTheGoSystems Pol\u00edtica de marca registrada de ICanLocalize Pol\u00edtica de marca registrada de WPML Pol\u00edtica de marca registrada de Toolset Pol\u00edtica de marca registrada de Types Pol\u00edtica de marca registrada de Views Pol\u00edtica de la marca comercial CRED Pol\u00edtica de marca registrada de Access Pol\u00edtica de marca registrada de Discover-WP Pol\u00edtica [&hellip;]<\/p>\n","protected":false},"author":3,"featured_media":0,"parent":0,"menu_order":0,"comment_status":"open","ping_status":"open","template":"","meta":{"footnotes":""},"class_list":["post-22954","page","type-page","status-publish","hentry"],"yoast_head":"<!-- This site is optimized with the Yoast SEO plugin v27.4 - https:\/\/yoast.com\/product\/yoast-seo-wordpress\/ -->\n<title>Aviso legal - OnTheGoSystems<\/title>\n<meta name=\"robots\" content=\"index, follow, max-snippet:-1, max-image-preview:large, max-video-preview:-1\" \/>\n<link rel=\"canonical\" href=\"https:\/\/onthegosystems.com\/es\/legal\/\" \/>\n<meta property=\"og:locale\" content=\"es_ES\" \/>\n<meta property=\"og:type\" content=\"article\" \/>\n<meta property=\"og:title\" content=\"Aviso legal - OnTheGoSystems\" \/>\n<meta property=\"og:description\" content=\"Pol\u00edtica de marca registrada de OnTheGoSystems Pol\u00edtica de marca registrada de ICanLocalize Pol\u00edtica de marca registrada de WPML Pol\u00edtica de marca registrada de Toolset Pol\u00edtica de marca registrada de Types Pol\u00edtica de marca registrada de Views Pol\u00edtica de la marca comercial CRED Pol\u00edtica de marca registrada de Access Pol\u00edtica de marca registrada de Discover-WP Pol\u00edtica [&hellip;]\" \/>\n<meta property=\"og:url\" content=\"https:\/\/onthegosystems.com\/es\/legal\/\" \/>\n<meta property=\"og:site_name\" content=\"OnTheGoSystems\" \/>\n<meta property=\"article:modified_time\" content=\"2025-09-08T07:08:56+00:00\" \/>\n<meta name=\"twitter:card\" content=\"summary_large_image\" \/>\n<script type=\"application\/ld+json\" class=\"yoast-schema-graph\">{\"@context\":\"https:\\\/\\\/schema.org\",\"@graph\":[{\"@type\":\"WebPage\",\"@id\":\"https:\\\/\\\/onthegosystems.com\\\/es\\\/legal\\\/\",\"url\":\"https:\\\/\\\/onthegosystems.com\\\/es\\\/legal\\\/\",\"name\":\"Aviso legal - OnTheGoSystems\",\"isPartOf\":{\"@id\":\"https:\\\/\\\/onthegosystems.com\\\/es\\\/#website\"},\"datePublished\":\"2024-06-12T13:28:31+00:00\",\"dateModified\":\"2025-09-08T07:08:56+00:00\",\"breadcrumb\":{\"@id\":\"https:\\\/\\\/onthegosystems.com\\\/es\\\/legal\\\/#breadcrumb\"},\"inLanguage\":\"es\",\"potentialAction\":[{\"@type\":\"ReadAction\",\"target\":[\"https:\\\/\\\/onthegosystems.com\\\/es\\\/legal\\\/\"]}]},{\"@type\":\"BreadcrumbList\",\"@id\":\"https:\\\/\\\/onthegosystems.com\\\/es\\\/legal\\\/#breadcrumb\",\"itemListElement\":[{\"@type\":\"ListItem\",\"position\":1,\"name\":\"Home\",\"item\":\"https:\\\/\\\/onthegosystems.com\\\/es\\\/pagina-de-inicio\\\/\"},{\"@type\":\"ListItem\",\"position\":2,\"name\":\"Aviso legal\"}]},{\"@type\":\"WebSite\",\"@id\":\"https:\\\/\\\/onthegosystems.com\\\/es\\\/#website\",\"url\":\"https:\\\/\\\/onthegosystems.com\\\/es\\\/\",\"name\":\"OnTheGoSystems\",\"description\":\"WordPress plugins and professional translation\",\"publisher\":{\"@id\":\"https:\\\/\\\/onthegosystems.com\\\/es\\\/#organization\"},\"potentialAction\":[{\"@type\":\"SearchAction\",\"target\":{\"@type\":\"EntryPoint\",\"urlTemplate\":\"https:\\\/\\\/onthegosystems.com\\\/es\\\/?s={search_term_string}\"},\"query-input\":{\"@type\":\"PropertyValueSpecification\",\"valueRequired\":true,\"valueName\":\"search_term_string\"}}],\"inLanguage\":\"es\"},{\"@type\":\"Organization\",\"@id\":\"https:\\\/\\\/onthegosystems.com\\\/es\\\/#organization\",\"name\":\"OnTheGoSystems\",\"url\":\"https:\\\/\\\/onthegosystems.com\\\/es\\\/\",\"logo\":{\"@type\":\"ImageObject\",\"inLanguage\":\"es\",\"@id\":\"https:\\\/\\\/onthegosystems.com\\\/es\\\/#\\\/schema\\\/logo\\\/image\\\/\",\"url\":\"https:\\\/\\\/onthegosystems.com\\\/wp-content\\\/uploads\\\/2020\\\/07\\\/cropped-favicon.png\",\"contentUrl\":\"https:\\\/\\\/onthegosystems.com\\\/wp-content\\\/uploads\\\/2020\\\/07\\\/cropped-favicon.png\",\"width\":512,\"height\":512,\"caption\":\"OnTheGoSystems\"},\"image\":{\"@id\":\"https:\\\/\\\/onthegosystems.com\\\/es\\\/#\\\/schema\\\/logo\\\/image\\\/\"}}]}<\/script>\n<!-- \/ Yoast SEO plugin. -->","yoast_head_json":{"title":"Aviso legal - OnTheGoSystems","robots":{"index":"index","follow":"follow","max-snippet":"max-snippet:-1","max-image-preview":"max-image-preview:large","max-video-preview":"max-video-preview:-1"},"canonical":"https:\/\/onthegosystems.com\/es\/legal\/","og_locale":"es_ES","og_type":"article","og_title":"Aviso legal - OnTheGoSystems","og_description":"Pol\u00edtica de marca registrada de OnTheGoSystems Pol\u00edtica de marca registrada de ICanLocalize Pol\u00edtica de marca registrada de WPML Pol\u00edtica de marca registrada de Toolset Pol\u00edtica de marca registrada de Types Pol\u00edtica de marca registrada de Views Pol\u00edtica de la marca comercial CRED Pol\u00edtica de marca registrada de Access Pol\u00edtica de marca registrada de Discover-WP Pol\u00edtica [&hellip;]","og_url":"https:\/\/onthegosystems.com\/es\/legal\/","og_site_name":"OnTheGoSystems","article_modified_time":"2025-09-08T07:08:56+00:00","twitter_card":"summary_large_image","schema":{"@context":"https:\/\/schema.org","@graph":[{"@type":"WebPage","@id":"https:\/\/onthegosystems.com\/es\/legal\/","url":"https:\/\/onthegosystems.com\/es\/legal\/","name":"Aviso legal - OnTheGoSystems","isPartOf":{"@id":"https:\/\/onthegosystems.com\/es\/#website"},"datePublished":"2024-06-12T13:28:31+00:00","dateModified":"2025-09-08T07:08:56+00:00","breadcrumb":{"@id":"https:\/\/onthegosystems.com\/es\/legal\/#breadcrumb"},"inLanguage":"es","potentialAction":[{"@type":"ReadAction","target":["https:\/\/onthegosystems.com\/es\/legal\/"]}]},{"@type":"BreadcrumbList","@id":"https:\/\/onthegosystems.com\/es\/legal\/#breadcrumb","itemListElement":[{"@type":"ListItem","position":1,"name":"Home","item":"https:\/\/onthegosystems.com\/es\/pagina-de-inicio\/"},{"@type":"ListItem","position":2,"name":"Aviso legal"}]},{"@type":"WebSite","@id":"https:\/\/onthegosystems.com\/es\/#website","url":"https:\/\/onthegosystems.com\/es\/","name":"OnTheGoSystems","description":"WordPress plugins and professional translation","publisher":{"@id":"https:\/\/onthegosystems.com\/es\/#organization"},"potentialAction":[{"@type":"SearchAction","target":{"@type":"EntryPoint","urlTemplate":"https:\/\/onthegosystems.com\/es\/?s={search_term_string}"},"query-input":{"@type":"PropertyValueSpecification","valueRequired":true,"valueName":"search_term_string"}}],"inLanguage":"es"},{"@type":"Organization","@id":"https:\/\/onthegosystems.com\/es\/#organization","name":"OnTheGoSystems","url":"https:\/\/onthegosystems.com\/es\/","logo":{"@type":"ImageObject","inLanguage":"es","@id":"https:\/\/onthegosystems.com\/es\/#\/schema\/logo\/image\/","url":"https:\/\/onthegosystems.com\/wp-content\/uploads\/2020\/07\/cropped-favicon.png","contentUrl":"https:\/\/onthegosystems.com\/wp-content\/uploads\/2020\/07\/cropped-favicon.png","width":512,"height":512,"caption":"OnTheGoSystems"},"image":{"@id":"https:\/\/onthegosystems.com\/es\/#\/schema\/logo\/image\/"}}]}},"_links":{"self":[{"href":"https:\/\/onthegosystems.com\/es\/wp-json\/wp\/v2\/pages\/22954","targetHints":{"allow":["GET"]}}],"collection":[{"href":"https:\/\/onthegosystems.com\/es\/wp-json\/wp\/v2\/pages"}],"about":[{"href":"https:\/\/onthegosystems.com\/es\/wp-json\/wp\/v2\/types\/page"}],"author":[{"embeddable":true,"href":"https:\/\/onthegosystems.com\/es\/wp-json\/wp\/v2\/users\/3"}],"replies":[{"embeddable":true,"href":"https:\/\/onthegosystems.com\/es\/wp-json\/wp\/v2\/comments?post=22954"}],"version-history":[{"count":2,"href":"https:\/\/onthegosystems.com\/es\/wp-json\/wp\/v2\/pages\/22954\/revisions"}],"predecessor-version":[{"id":28885,"href":"https:\/\/onthegosystems.com\/es\/wp-json\/wp\/v2\/pages\/22954\/revisions\/28885"}],"wp:attachment":[{"href":"https:\/\/onthegosystems.com\/es\/wp-json\/wp\/v2\/media?parent=22954"}],"curies":[{"name":"wp","href":"https:\/\/api.w.org\/{rel}","templated":true}]}}