{"id":22979,"date":"2024-06-12T13:28:36","date_gmt":"2024-06-12T13:28:36","guid":{"rendered":"https:\/\/onthegosystems.com\/legal\/politica-de-marcas-de-discover-wp\/"},"modified":"2025-09-08T07:08:38","modified_gmt":"2025-09-08T07:08:38","slug":"politica-de-marcas-de-discover-wp","status":"publish","type":"page","link":"https:\/\/onthegosystems.com\/es\/legal\/politica-de-marcas-de-discover-wp\/","title":{"rendered":"Pol\u00edtica de marca registrada de Discover-WP"},"content":{"rendered":"<p><strong>Principios de uso de la marca comercial Discover-WP<\/strong><\/p>\n<p>OnTheGoSystems Limited posee y supervisa la marca comercial Discover-WP. Por lo tanto, cualquier uso del nombre como parte de cualquier proyecto, producto, servicio, dominio o nombre de empresa que sea igual o similar a la marca comercial Discover-WP no est\u00e1 autorizado. Sin embargo, OnTheGoSystems Limited aplica varios principios para permitir el uso de la marca.  <\/p>\n<p>Sin embargo, OnTheGoSystems Limited aplica varios principios para permitir el uso de la marca.<\/p>\n<p>A continuaci\u00f3n, se aclara c\u00f3mo las empresas y los proyectos relacionados con OnTheGoSystems pueden usar el nombre Discover-WP y c\u00f3mo no pueden hacerlo.<\/p>\n<ol>\n<li>A OnTheGoSystems Limited le interesa que otros utilicen la marca comercial Discover-WP de una manera que promueva el negocio de OnTheGoSystems Limited.<\/li>\n<li>A OnTheGoSystems Limited le interesa impedir que nadie utilice el nombre Discover-WP para obtener beneficios injustos o confundir a quienes buscan recursos oficiales de OnTheGoSystems.<\/li>\n<\/ol>\n<p><strong>Pol\u00edtica de uso de la marca comercial Discover-WP<\/strong><\/p>\n<p>OnTheGoSystems Limited evitar\u00e1 el uso no autorizado del nombre como parte de cualquier proyecto, producto, servicio, dominio o nombre de empresa que sea igual o similar a la marca comercial Discover-WP.<\/p>\n<p>Sin embargo, OnTheGoSystems Limited puede otorgar permiso a una persona o a una corporaci\u00f3n (en adelante, \u00abusuario\u00bb) para usar el nombre Discover-WP para proyectos que cumplan TODOS los criterios siguientes:<\/p>\n<ul>\n<li>El proyecto del usuario promociona los productos y servicios de OnTheGoSystems<\/li>\n<li>El proyecto del usuario es de naturaleza no comercial, excluyendo la cobertura de costes o la contribuci\u00f3n a entidades sin \u00e1nimo de lucro. El uso de la marca Discover-WP para cualquier proyecto que se ejecute con fines de lucro se considera un uso no autorizado. <\/li>\n<li>El proyecto del usuario no promociona entidades que no cumplan con la licencia GPL (Licencia P\u00fablica General).<\/li>\n<li>El proyecto del usuario no est\u00e1 asociado con entidades que no cumplan con la licencia GPL.<\/li>\n<\/ul>\n<p><strong>Uso permitido de la marca comercial Discover-WP<\/strong><\/p>\n<p>Si el proyecto del usuario cumple todos estos criterios, OnTheGoSystems Limited permite el uso del nombre Discover-WP para cualquier uso que no forme parte de un nombre de dominio.<\/p>\n<p>El uso permitido del nombre Discover-WP es solo para referirse a los servicios del usuario y\/o explicarlos. No se permite al usuario utilizar el nombre Discover-WP como parte de un producto, proyecto, servicio, dominio o nombre de empresa. No se permite al usuario utilizar el nombre Discover-WP de ninguna manera que sugiera una afiliaci\u00f3n con OnTheGoSystems Limited o el proyecto de c\u00f3digo abierto de OnTheGoSystems, ni su respaldo.  <\/p>\n<p><strong>Ejemplos de uso permitido de la marca comercial Discover-WP<\/strong><\/p>\n<p>Por ejemplo, un usuario que sea una empresa de consultor\u00eda puede describir su negocio como una empresa de servicios web, que ofrece productos o servicios bajo la consultor\u00eda de Discover-WP para peque\u00f1as empresas; el usuario que sea una empresa de consultor\u00eda no puede llamar a su negocio \u00abThe Discover-WP Consulting Company\u00bb.<\/p>\n<p>Un usuario puede mencionar el nombre Discover-WP como parte de una p\u00e1gina que describe los productos o servicios del usuario; el usuario no puede utilizar el nombre Discover-WP como parte de la propia marca de la empresa o del producto del usuario.<\/p>\n<p>Ning\u00fan usuario puede utilizar el nombre Discover-WP como parte de un nombre de dominio, ni utilizar la marca comercial en publicidad.<\/p>\n<p><strong>Resumen<\/strong><\/p>\n<p>La pol\u00edtica no pretende limitar la actividad comercial en torno a OnTheGoSystems. OnTheGoSystems anima a las empresas basadas en OnTheGoSystems, y muchas de ellas est\u00e1n prosperando en cumplimiento de esta pol\u00edtica. <\/p>\n<p>La abreviatura \u00abWP\u00bb no est\u00e1 cubierta por la marca comercial Discover-WP y es de uso libre en cualquier forma.<\/p>\n<p>Si tiene dudas sobre el uso que hace del nombre Discover-WP, p\u00f3ngase en <a title=\"Contacte con nosotros\" href=\"https:\/\/onthegosystems.com\/es\/contacto\/\">contacto<\/a> con OnTheGoSystems Limited para obtener una aclaraci\u00f3n.<\/p>\n","protected":false},"excerpt":{"rendered":"<p>Principios de uso de la marca comercial Discover-WP OnTheGoSystems Limited posee y supervisa la marca comercial Discover-WP. Por lo tanto, cualquier uso del nombre como parte de cualquier proyecto, producto, servicio, dominio o nombre de empresa que sea igual o similar a la marca comercial Discover-WP no est\u00e1 autorizado. Sin embargo, OnTheGoSystems Limited aplica varios [&hellip;]<\/p>\n","protected":false},"author":3,"featured_media":0,"parent":22954,"menu_order":0,"comment_status":"closed","ping_status":"open","template":"","meta":{"footnotes":""},"class_list":["post-22979","page","type-page","status-publish","hentry"],"yoast_head":"<!-- This site is optimized with the Yoast SEO plugin v27.4 - https:\/\/yoast.com\/product\/yoast-seo-wordpress\/ -->\n<title>Pol\u00edtica de marca registrada de Discover-WP - OnTheGoSystems<\/title>\n<meta name=\"robots\" content=\"index, follow, max-snippet:-1, max-image-preview:large, max-video-preview:-1\" \/>\n<link rel=\"canonical\" href=\"https:\/\/onthegosystems.com\/es\/legal\/politica-de-marcas-de-discover-wp\/\" \/>\n<meta property=\"og:locale\" content=\"es_ES\" \/>\n<meta property=\"og:type\" content=\"article\" \/>\n<meta property=\"og:title\" content=\"Pol\u00edtica de marca registrada de Discover-WP - OnTheGoSystems\" \/>\n<meta property=\"og:description\" content=\"Principios de uso de la marca comercial Discover-WP OnTheGoSystems Limited posee y supervisa la marca comercial Discover-WP. Por lo tanto, cualquier uso del nombre como parte de cualquier proyecto, producto, servicio, dominio o nombre de empresa que sea igual o similar a la marca comercial Discover-WP no est\u00e1 autorizado. Sin embargo, OnTheGoSystems Limited aplica varios [&hellip;]\" \/>\n<meta property=\"og:url\" content=\"https:\/\/onthegosystems.com\/es\/legal\/politica-de-marcas-de-discover-wp\/\" \/>\n<meta property=\"og:site_name\" content=\"OnTheGoSystems\" \/>\n<meta property=\"article:modified_time\" content=\"2025-09-08T07:08:38+00:00\" \/>\n<meta name=\"twitter:card\" content=\"summary_large_image\" \/>\n<meta name=\"twitter:label1\" content=\"Tiempo de lectura\" \/>\n\t<meta name=\"twitter:data1\" content=\"3 minutos\" \/>\n<script type=\"application\/ld+json\" class=\"yoast-schema-graph\">{\"@context\":\"https:\\\/\\\/schema.org\",\"@graph\":[{\"@type\":\"WebPage\",\"@id\":\"https:\\\/\\\/onthegosystems.com\\\/es\\\/legal\\\/politica-de-marcas-de-discover-wp\\\/\",\"url\":\"https:\\\/\\\/onthegosystems.com\\\/es\\\/legal\\\/politica-de-marcas-de-discover-wp\\\/\",\"name\":\"Pol\u00edtica de marca registrada de Discover-WP - OnTheGoSystems\",\"isPartOf\":{\"@id\":\"https:\\\/\\\/onthegosystems.com\\\/es\\\/#website\"},\"datePublished\":\"2024-06-12T13:28:36+00:00\",\"dateModified\":\"2025-09-08T07:08:38+00:00\",\"breadcrumb\":{\"@id\":\"https:\\\/\\\/onthegosystems.com\\\/es\\\/legal\\\/politica-de-marcas-de-discover-wp\\\/#breadcrumb\"},\"inLanguage\":\"es\",\"potentialAction\":[{\"@type\":\"ReadAction\",\"target\":[\"https:\\\/\\\/onthegosystems.com\\\/es\\\/legal\\\/politica-de-marcas-de-discover-wp\\\/\"]}]},{\"@type\":\"BreadcrumbList\",\"@id\":\"https:\\\/\\\/onthegosystems.com\\\/es\\\/legal\\\/politica-de-marcas-de-discover-wp\\\/#breadcrumb\",\"itemListElement\":[{\"@type\":\"ListItem\",\"position\":1,\"name\":\"Home\",\"item\":\"https:\\\/\\\/onthegosystems.com\\\/es\\\/pagina-de-inicio\\\/\"},{\"@type\":\"ListItem\",\"position\":2,\"name\":\"Aviso legal\",\"item\":\"https:\\\/\\\/onthegosystems.com\\\/es\\\/legal\\\/\"},{\"@type\":\"ListItem\",\"position\":3,\"name\":\"Pol\u00edtica de marca registrada de Discover-WP\"}]},{\"@type\":\"WebSite\",\"@id\":\"https:\\\/\\\/onthegosystems.com\\\/es\\\/#website\",\"url\":\"https:\\\/\\\/onthegosystems.com\\\/es\\\/\",\"name\":\"OnTheGoSystems\",\"description\":\"WordPress plugins and professional translation\",\"publisher\":{\"@id\":\"https:\\\/\\\/onthegosystems.com\\\/es\\\/#organization\"},\"potentialAction\":[{\"@type\":\"SearchAction\",\"target\":{\"@type\":\"EntryPoint\",\"urlTemplate\":\"https:\\\/\\\/onthegosystems.com\\\/es\\\/?s={search_term_string}\"},\"query-input\":{\"@type\":\"PropertyValueSpecification\",\"valueRequired\":true,\"valueName\":\"search_term_string\"}}],\"inLanguage\":\"es\"},{\"@type\":\"Organization\",\"@id\":\"https:\\\/\\\/onthegosystems.com\\\/es\\\/#organization\",\"name\":\"OnTheGoSystems\",\"url\":\"https:\\\/\\\/onthegosystems.com\\\/es\\\/\",\"logo\":{\"@type\":\"ImageObject\",\"inLanguage\":\"es\",\"@id\":\"https:\\\/\\\/onthegosystems.com\\\/es\\\/#\\\/schema\\\/logo\\\/image\\\/\",\"url\":\"https:\\\/\\\/onthegosystems.com\\\/wp-content\\\/uploads\\\/2020\\\/07\\\/cropped-favicon.png\",\"contentUrl\":\"https:\\\/\\\/onthegosystems.com\\\/wp-content\\\/uploads\\\/2020\\\/07\\\/cropped-favicon.png\",\"width\":512,\"height\":512,\"caption\":\"OnTheGoSystems\"},\"image\":{\"@id\":\"https:\\\/\\\/onthegosystems.com\\\/es\\\/#\\\/schema\\\/logo\\\/image\\\/\"}}]}<\/script>\n<!-- \/ Yoast SEO plugin. -->","yoast_head_json":{"title":"Pol\u00edtica de marca registrada de Discover-WP - OnTheGoSystems","robots":{"index":"index","follow":"follow","max-snippet":"max-snippet:-1","max-image-preview":"max-image-preview:large","max-video-preview":"max-video-preview:-1"},"canonical":"https:\/\/onthegosystems.com\/es\/legal\/politica-de-marcas-de-discover-wp\/","og_locale":"es_ES","og_type":"article","og_title":"Pol\u00edtica de marca registrada de Discover-WP - OnTheGoSystems","og_description":"Principios de uso de la marca comercial Discover-WP OnTheGoSystems Limited posee y supervisa la marca comercial Discover-WP. Por lo tanto, cualquier uso del nombre como parte de cualquier proyecto, producto, servicio, dominio o nombre de empresa que sea igual o similar a la marca comercial Discover-WP no est\u00e1 autorizado. Sin embargo, OnTheGoSystems Limited aplica varios [&hellip;]","og_url":"https:\/\/onthegosystems.com\/es\/legal\/politica-de-marcas-de-discover-wp\/","og_site_name":"OnTheGoSystems","article_modified_time":"2025-09-08T07:08:38+00:00","twitter_card":"summary_large_image","twitter_misc":{"Tiempo de lectura":"3 minutos"},"schema":{"@context":"https:\/\/schema.org","@graph":[{"@type":"WebPage","@id":"https:\/\/onthegosystems.com\/es\/legal\/politica-de-marcas-de-discover-wp\/","url":"https:\/\/onthegosystems.com\/es\/legal\/politica-de-marcas-de-discover-wp\/","name":"Pol\u00edtica de marca registrada de Discover-WP - OnTheGoSystems","isPartOf":{"@id":"https:\/\/onthegosystems.com\/es\/#website"},"datePublished":"2024-06-12T13:28:36+00:00","dateModified":"2025-09-08T07:08:38+00:00","breadcrumb":{"@id":"https:\/\/onthegosystems.com\/es\/legal\/politica-de-marcas-de-discover-wp\/#breadcrumb"},"inLanguage":"es","potentialAction":[{"@type":"ReadAction","target":["https:\/\/onthegosystems.com\/es\/legal\/politica-de-marcas-de-discover-wp\/"]}]},{"@type":"BreadcrumbList","@id":"https:\/\/onthegosystems.com\/es\/legal\/politica-de-marcas-de-discover-wp\/#breadcrumb","itemListElement":[{"@type":"ListItem","position":1,"name":"Home","item":"https:\/\/onthegosystems.com\/es\/pagina-de-inicio\/"},{"@type":"ListItem","position":2,"name":"Aviso legal","item":"https:\/\/onthegosystems.com\/es\/legal\/"},{"@type":"ListItem","position":3,"name":"Pol\u00edtica de marca registrada de Discover-WP"}]},{"@type":"WebSite","@id":"https:\/\/onthegosystems.com\/es\/#website","url":"https:\/\/onthegosystems.com\/es\/","name":"OnTheGoSystems","description":"WordPress plugins and professional translation","publisher":{"@id":"https:\/\/onthegosystems.com\/es\/#organization"},"potentialAction":[{"@type":"SearchAction","target":{"@type":"EntryPoint","urlTemplate":"https:\/\/onthegosystems.com\/es\/?s={search_term_string}"},"query-input":{"@type":"PropertyValueSpecification","valueRequired":true,"valueName":"search_term_string"}}],"inLanguage":"es"},{"@type":"Organization","@id":"https:\/\/onthegosystems.com\/es\/#organization","name":"OnTheGoSystems","url":"https:\/\/onthegosystems.com\/es\/","logo":{"@type":"ImageObject","inLanguage":"es","@id":"https:\/\/onthegosystems.com\/es\/#\/schema\/logo\/image\/","url":"https:\/\/onthegosystems.com\/wp-content\/uploads\/2020\/07\/cropped-favicon.png","contentUrl":"https:\/\/onthegosystems.com\/wp-content\/uploads\/2020\/07\/cropped-favicon.png","width":512,"height":512,"caption":"OnTheGoSystems"},"image":{"@id":"https:\/\/onthegosystems.com\/es\/#\/schema\/logo\/image\/"}}]}},"_links":{"self":[{"href":"https:\/\/onthegosystems.com\/es\/wp-json\/wp\/v2\/pages\/22979","targetHints":{"allow":["GET"]}}],"collection":[{"href":"https:\/\/onthegosystems.com\/es\/wp-json\/wp\/v2\/pages"}],"about":[{"href":"https:\/\/onthegosystems.com\/es\/wp-json\/wp\/v2\/types\/page"}],"author":[{"embeddable":true,"href":"https:\/\/onthegosystems.com\/es\/wp-json\/wp\/v2\/users\/3"}],"replies":[{"embeddable":true,"href":"https:\/\/onthegosystems.com\/es\/wp-json\/wp\/v2\/comments?post=22979"}],"version-history":[{"count":2,"href":"https:\/\/onthegosystems.com\/es\/wp-json\/wp\/v2\/pages\/22979\/revisions"}],"predecessor-version":[{"id":28880,"href":"https:\/\/onthegosystems.com\/es\/wp-json\/wp\/v2\/pages\/22979\/revisions\/28880"}],"up":[{"embeddable":true,"href":"https:\/\/onthegosystems.com\/es\/wp-json\/wp\/v2\/pages\/22954"}],"wp:attachment":[{"href":"https:\/\/onthegosystems.com\/es\/wp-json\/wp\/v2\/media?parent=22979"}],"curies":[{"name":"wp","href":"https:\/\/api.w.org\/{rel}","templated":true}]}}