{"id":22990,"date":"2024-06-12T13:28:38","date_gmt":"2024-06-12T13:28:38","guid":{"rendered":"https:\/\/onthegosystems.com\/concurso-de-arte-otgs\/"},"modified":"2025-09-08T07:08:18","modified_gmt":"2025-09-08T07:08:18","slug":"concurso-de-arte-otgs","status":"publish","type":"page","link":"https:\/\/onthegosystems.com\/es\/noticias-de-onthegosystems\/concurso-de-arte-otgs\/","title":{"rendered":"Concurso de arte de OTGS"},"content":{"rendered":"\n<p>El primer concurso de arte de OTGS se llev\u00f3 a cabo entre el 19 de agosto de 2019 y el 27 de septiembre de 2019.<\/p>\n\n<h2 class=\"wp-block-heading\">Env\u00edo #1<\/h2>\n\n<div class=\"wp-block-columns has-2-columns is-layout-flex wp-container-core-columns-is-layout-9d6595d7 wp-block-columns-is-layout-flex\">\n<div class=\"wp-block-column is-layout-flow wp-block-column-is-layout-flow\">\n<p><strong>Mentalidad abierta y creatividad<\/strong><\/p>\n\n\n\n<p>  &#8211; Cog\u00ed una caja de m\u00fasica normal, ya sabes, de esas que puedes comprar con una melod\u00eda determinada que suena al girar la manivela.<br\/>&#8211; Prepar\u00e9 mi equipo de grabaci\u00f3n y grab\u00e9 cada una de las notas de la caja de m\u00fasica, una por una, por separado.<br\/>&#8211; Luego cort\u00e9 todas estas notas y las convert\u00ed en muestras separadas.<br\/>&#8211; Despu\u00e9s, cre\u00e9 mi propio \u00abinstrumento VST\u00bb personalizado basado en mis muestras. B\u00e1sicamente, un instrumento VST es una pieza de software que puedes insertar en un software de creaci\u00f3n musical (Cubase, Ableton Live, etc.) y tocarlo como un instrumento. <br\/>&#8211; Entonces, la forma en que funciona es esta: inicias tu software principal de creaci\u00f3n musical, cargas el instrumento virtual y luego usas un teclado conectado a tu ordenador para tocar ese instrumento. Al presionar una nota en el teclado, se activa la reproducci\u00f3n de una de las muestras que cre\u00e9 al grabar mi caja de m\u00fasica. <br\/>&#8211; La mejor parte es que puedo compartir el instrumento VST con cualquiera y pueden usarlo para crear su propia m\u00fasica.<\/p>\n\n\n\n<div class=\"wp-block-image\"><figure class=\"alignleft is-resized\"><img decoding=\"async\" data-src=\"https:\/\/onthegosystems.com\/wp-content\/uploads\/2014\/04\/dario2-wpcf_145x145.jpg\" alt=\"\" class=\"wp-image-5974 lazyload\" width=\"60\" height=\"60\" src=\"data:image\/svg+xml;base64,PHN2ZyB3aWR0aD0iMSIgaGVpZ2h0PSIxIiB4bWxucz0iaHR0cDovL3d3dy53My5vcmcvMjAwMC9zdmciPjwvc3ZnPg==\" style=\"--smush-placeholder-width: 60px; --smush-placeholder-aspect-ratio: 60\/60;\" \/><\/figure><\/div>\n\n\n\n<p><strong>Dario jazbec hrvatin<\/strong> <br\/>documentaci\u00f3n<\/p>\n<\/div>\n\n\n\n<div class=\"wp-block-column is-layout-flow wp-block-column-is-layout-flow\">\n<figure class=\"wp-block-audio\"><audio controls=\"\" src=\"https:\/\/onthegosystems.com\/wp-content\/uploads\/2019\/10\/Toy-In-The-Rain.mp3\"><\/audio><figcaption>Juguete bajo la lluvia<\/figcaption><\/figure>\n<\/div>\n<\/div>\n\n<h2 class=\"wp-block-heading\">Env\u00edo #2<\/h2>\n\n<div class=\"wp-block-columns has-2-columns is-layout-flex wp-container-core-columns-is-layout-9d6595d7 wp-block-columns-is-layout-flex\">\n<div class=\"wp-block-column is-layout-flow wp-block-column-is-layout-flow\">\n<figure class=\"wp-block-image\"><img decoding=\"async\" width=\"1024\" height=\"1024\" data-src=\"https:\/\/onthegosystems.com\/wp-content\/uploads\/2019\/10\/sand-table-1024x1024.jpg\" alt=\"\" class=\"wp-image-6225 lazyload\" data-srcset=\"https:\/\/onthegosystems.com\/wp-content\/uploads\/2019\/10\/sand-table-1024x1024.jpg 1024w, https:\/\/onthegosystems.com\/wp-content\/uploads\/2019\/10\/sand-table-1024x1024-150x150.jpg 150w, https:\/\/onthegosystems.com\/wp-content\/uploads\/2019\/10\/sand-table-1024x1024-300x300.jpg 300w, https:\/\/onthegosystems.com\/wp-content\/uploads\/2019\/10\/sand-table-1024x1024-400x400.jpg 400w, https:\/\/onthegosystems.com\/wp-content\/uploads\/2019\/10\/sand-table-1024x1024-600x600.jpg 600w\" data-sizes=\"(max-width: 1024px) 100vw, 1024px\" src=\"data:image\/svg+xml;base64,PHN2ZyB3aWR0aD0iMSIgaGVpZ2h0PSIxIiB4bWxucz0iaHR0cDovL3d3dy53My5vcmcvMjAwMC9zdmciPjwvc3ZnPg==\" style=\"--smush-placeholder-width: 1024px; --smush-placeholder-aspect-ratio: 1024\/1024;\" \/><\/figure>\n<\/div>\n\n\n\n<div class=\"wp-block-column is-layout-flow wp-block-column-is-layout-flow\">\n<p><strong>#calidad primero <\/strong><br\/>Este proyecto implic\u00f3 una ingenier\u00eda detallada, el aprendizaje de nuevas habilidades tanto manuales como tecnol\u00f3gicas, y MATEM\u00c1TICAS para producir patrones hermosos.<\/p>\n\n\n\n<p><strong>#mentalidad abierta y creatividad <\/strong><br\/>Cuando empec\u00e9 esto no sab\u00eda c\u00f3mo iba a resultar. Cada vez que hab\u00eda un obst\u00e1culo, necesitaba encontrar soluciones para seguir avanzando. En general, el resultado es mucho mejor de lo que imaginaba.   <\/p>\n\n\n\n<div class=\"wp-block-image\"><figure class=\"alignleft is-resized\"><img decoding=\"async\" data-src=\"https:\/\/onthegosystems.com\/wp-content\/uploads\/2013\/10\/Bruce2-wpcf_145x145.jpg\" alt=\"\" class=\"wp-image-5980 lazyload\" width=\"50\" height=\"50\" src=\"data:image\/svg+xml;base64,PHN2ZyB3aWR0aD0iMSIgaGVpZ2h0PSIxIiB4bWxucz0iaHR0cDovL3d3dy53My5vcmcvMjAwMC9zdmciPjwvc3ZnPg==\" style=\"--smush-placeholder-width: 50px; --smush-placeholder-aspect-ratio: 50\/50;\" \/><\/figure><\/div>\n\n\n\n<p><strong>Bruce Pearson<\/strong> <br\/>Desarrollador de WPML<\/p>\n<\/div>\n<\/div>\n\n<h2 class=\"wp-block-heading\">Env\u00edo #3<\/h2>\n\n<div class=\"wp-block-columns has-2-columns is-layout-flex wp-container-core-columns-is-layout-9d6595d7 wp-block-columns-is-layout-flex\">\n<div class=\"wp-block-column is-layout-flow wp-block-column-is-layout-flow\">\n<p><\/p>\n\n\n\n<figure class=\"wp-block-audio\"><audio controls=\"\" src=\"https:\/\/onthegosystems.com\/wp-content\/uploads\/2019\/10\/Company-values.mp3\"><\/audio><figcaption>Valores de la empresa<\/figcaption><\/figure>\n<\/div>\n\n\n\n<div class=\"wp-block-column is-layout-flow wp-block-column-is-layout-flow\">\n<p><strong>#Calidad primero<br\/>#Excelente Soporte<br\/>#Mentalidad abierta y creatividad<br\/>#Actitud positiva <br\/>#Honestidad  <\/strong><\/p>\n\n\n\n<p>Una de mis habilidades es la m\u00fasica, as\u00ed que pens\u00e9 que ser\u00eda un buen reto para m\u00ed intentar crear una canci\u00f3n que hablara de los valores de nuestra empresa. Tambi\u00e9n quer\u00eda que fuera divertida y pr\u00e1ctica. <br\/><br\/>As\u00ed que cog\u00ed mi guitarra y pas\u00e9 alg\u00fan tiempo buscando una idea instrumental; mientras hac\u00eda esto, tambi\u00e9n intentaba reunir algunas letras que encajaran y rimaran bien con el instrumental.<br\/><br\/>No quer\u00eda que la canci\u00f3n tuviera un ritmo demasiado r\u00e1pido, pero tampoco quer\u00eda que fuera s\u00faper lenta y aburrida, as\u00ed que despu\u00e9s de pasar unas horas en ella (tal vez 2-3 en total para juntarlo todo) y despu\u00e9s de grabarla un par de veces hasta que llegu\u00e9 a una versi\u00f3n que me gust\u00f3 (creo que pas\u00e9 alrededor de 1 hora en total), llegu\u00e9 a esta idea.<\/p>\n\n\n\n<div class=\"wp-block-image\"><figure class=\"alignleft is-resized\"><img decoding=\"async\" data-src=\"https:\/\/onthegosystems.com\/wp-content\/uploads\/2018\/07\/Mihai-Apetrei-wpcf_145x145.jpg\" alt=\"\" class=\"wp-image-5956 lazyload\" width=\"50\" height=\"50\" src=\"data:image\/svg+xml;base64,PHN2ZyB3aWR0aD0iMSIgaGVpZ2h0PSIxIiB4bWxucz0iaHR0cDovL3d3dy53My5vcmcvMjAwMC9zdmciPjwvc3ZnPg==\" style=\"--smush-placeholder-width: 50px; --smush-placeholder-aspect-ratio: 50\/50;\" \/><\/figure><\/div>\n\n\n\n<p><strong>Mihai apetrei<br\/><\/strong>Soporte de WPML<\/p>\n<\/div>\n<\/div>\n\n<h2 class=\"wp-block-heading\">Env\u00edo #4<\/h2>\n\n<div class=\"wp-block-columns has-2-columns is-layout-flex wp-container-core-columns-is-layout-9d6595d7 wp-block-columns-is-layout-flex\">\n<div class=\"wp-block-column is-layout-flow wp-block-column-is-layout-flow\">\n<p><strong>#Calidad primero<br\/>#Excelente Soporte<br\/>#Mentalidad abierta y creatividad<br\/>#Actitud positiva <br\/>#Honestidad <\/strong><br\/>Todos los valores son aplicables a un beb\u00e9. :D   <\/p>\n\n\n\n<div class=\"wp-block-image\"><figure class=\"alignleft is-resized\"><img decoding=\"async\" data-src=\"https:\/\/onthegosystems.com\/wp-content\/uploads\/2014\/03\/Vuk1-wpcf_145x145.jpg\" alt=\"\" class=\"wp-image-5935 lazyload\" width=\"50\" height=\"50\" src=\"data:image\/svg+xml;base64,PHN2ZyB3aWR0aD0iMSIgaGVpZ2h0PSIxIiB4bWxucz0iaHR0cDovL3d3dy53My5vcmcvMjAwMC9zdmciPjwvc3ZnPg==\" style=\"--smush-placeholder-width: 50px; --smush-placeholder-aspect-ratio: 50\/50;\" \/><\/figure><\/div>\n\n\n\n<p><strong>Vuk vukovic<\/strong> <br\/>compatibilidad<\/p>\n<\/div>\n\n\n\n<div class=\"wp-block-column is-layout-flow wp-block-column-is-layout-flow\">\n<figure class=\"wp-block-image\"><a href=\"https:\/\/ourblog.onthegosystems.com\/wp-content\/uploads\/2019\/10\/baby.jpg\"><img decoding=\"async\" width=\"1024\" height=\"683\" data-src=\"https:\/\/onthegosystems.com\/wp-content\/uploads\/2019\/10\/baby-1024x683.jpg\" alt=\"\" class=\"wp-image-6230 lazyload\" data-srcset=\"https:\/\/onthegosystems.com\/wp-content\/uploads\/2019\/10\/baby-1024x683.jpg 1024w, https:\/\/onthegosystems.com\/wp-content\/uploads\/2019\/10\/baby-300x200.jpg 300w, https:\/\/onthegosystems.com\/wp-content\/uploads\/2019\/10\/baby-600x400.jpg 600w, https:\/\/onthegosystems.com\/wp-content\/uploads\/2019\/10\/baby.jpg 2000w\" data-sizes=\"(max-width: 1024px) 100vw, 1024px\" src=\"data:image\/svg+xml;base64,PHN2ZyB3aWR0aD0iMSIgaGVpZ2h0PSIxIiB4bWxucz0iaHR0cDovL3d3dy53My5vcmcvMjAwMC9zdmciPjwvc3ZnPg==\" style=\"--smush-placeholder-width: 1024px; --smush-placeholder-aspect-ratio: 1024\/683;\" \/><\/a><figcaption>Beb\u00e9<\/figcaption><\/figure>\n<\/div>\n<\/div>\n\n<h2 class=\"wp-block-heading\">Env\u00edo #5<\/h2>\n\n<div class=\"wp-block-columns has-2-columns is-layout-flex wp-container-core-columns-is-layout-9d6595d7 wp-block-columns-is-layout-flex\">\n<div class=\"wp-block-column is-layout-flow wp-block-column-is-layout-flow\">\n<figure class=\"wp-block-audio\"><audio controls=\"\" src=\"https:\/\/onthegosystems.com\/wp-content\/uploads\/2019\/10\/Moses-Pelham-BGMB-Jocire-Remix.mp3\"><\/audio><figcaption>  Moses Pelham &#8211; BGMB jocire remix  <\/figcaption><\/figure>\n<\/div>\n\n\n\n<div class=\"wp-block-column is-layout-flow wp-block-column-is-layout-flow\">\n<p><strong>#Creativity<\/strong><\/p>\n\n\n\n<p>Particip\u00e9 en un concurso hace unos 2 a\u00f1os, con el fin de crear un Remix. <br\/><br\/>Sol\u00edamos recibir una Accapella de un rapero alem\u00e1n bastante famoso y ten\u00edamos que crear un instrumental completamente nuevo a su alrededor &#8211; lamentablemente no gan\u00e9 el concurso, pero todav\u00eda me gusta mucho la producci\u00f3n. Le di una nueva mezcla y me gustar\u00eda presentarla bajo el valor fundamental de la \u00abcreatividad\u00bb.   <\/p>\n\n\n\n<div class=\"wp-block-image\"><figure class=\"alignleft is-resized\"><img decoding=\"async\" data-src=\"https:\/\/onthegosystems.com\/wp-content\/uploads\/2018\/11\/andreas-wpcf_145x145.jpg\" alt=\"\" class=\"wp-image-5983 lazyload\" width=\"50\" height=\"50\" src=\"data:image\/svg+xml;base64,PHN2ZyB3aWR0aD0iMSIgaGVpZ2h0PSIxIiB4bWxucz0iaHR0cDovL3d3dy53My5vcmcvMjAwMC9zdmciPjwvc3ZnPg==\" style=\"--smush-placeholder-width: 50px; --smush-placeholder-aspect-ratio: 50\/50;\" \/><\/figure><\/div>\n\n\n\n<p><strong>Andreas walter<\/strong><br\/>Soporte de WPML<\/p>\n<\/div>\n<\/div>\n","protected":false},"excerpt":{"rendered":"<p>El primer concurso de arte de OTGS se llev\u00f3 a cabo entre el 19 de agosto de 2019 y el 27 de septiembre de 2019. Env\u00edo #1 Mentalidad abierta y creatividad &#8211; Cog\u00ed una caja de m\u00fasica normal, ya sabes, de esas que puedes comprar con una melod\u00eda determinada que suena al girar la manivela.&#8211; [&hellip;]<\/p>\n","protected":false},"author":19,"featured_media":0,"parent":23002,"menu_order":0,"comment_status":"closed","ping_status":"closed","template":"","meta":{"footnotes":""},"class_list":["post-22990","page","type-page","status-publish","hentry"],"yoast_head":"<!-- This site is optimized with the Yoast SEO plugin v27.4 - https:\/\/yoast.com\/product\/yoast-seo-wordpress\/ -->\n<title>Concurso de arte de OTGS - OnTheGoSystems<\/title>\n<meta name=\"robots\" content=\"noindex, nofollow\" \/>\n<meta property=\"og:locale\" content=\"es_ES\" \/>\n<meta property=\"og:type\" content=\"article\" \/>\n<meta property=\"og:title\" content=\"Concurso de arte de OTGS - OnTheGoSystems\" \/>\n<meta property=\"og:description\" content=\"El primer concurso de arte de OTGS se llev\u00f3 a cabo entre el 19 de agosto de 2019 y el 27 de septiembre de 2019. Env\u00edo #1 Mentalidad abierta y creatividad &#8211; Cog\u00ed una caja de m\u00fasica normal, ya sabes, de esas que puedes comprar con una melod\u00eda determinada que suena al girar la manivela.&#8211; [&hellip;]\" \/>\n<meta property=\"og:url\" content=\"https:\/\/onthegosystems.com\/es\/noticias-de-onthegosystems\/concurso-de-arte-otgs\/\" \/>\n<meta property=\"og:site_name\" content=\"OnTheGoSystems\" \/>\n<meta property=\"article:modified_time\" content=\"2025-09-08T07:08:18+00:00\" \/>\n<meta property=\"og:image\" content=\"https:\/\/onthegosystems.com\/wp-content\/uploads\/2014\/04\/dario2-wpcf_145x145.jpg\" \/>\n\t<meta property=\"og:image:width\" content=\"145\" \/>\n\t<meta property=\"og:image:height\" content=\"145\" \/>\n\t<meta property=\"og:image:type\" content=\"image\/jpeg\" \/>\n<meta name=\"twitter:card\" content=\"summary_large_image\" \/>\n<meta name=\"twitter:label1\" content=\"Tiempo de lectura\" \/>\n\t<meta name=\"twitter:data1\" content=\"3 minutos\" \/>\n<script type=\"application\/ld+json\" class=\"yoast-schema-graph\">{\"@context\":\"https:\\\/\\\/schema.org\",\"@graph\":[{\"@type\":\"WebPage\",\"@id\":\"https:\\\/\\\/onthegosystems.com\\\/es\\\/noticias-de-onthegosystems\\\/concurso-de-arte-otgs\\\/\",\"url\":\"https:\\\/\\\/onthegosystems.com\\\/es\\\/noticias-de-onthegosystems\\\/concurso-de-arte-otgs\\\/\",\"name\":\"Concurso de arte de OTGS - OnTheGoSystems\",\"isPartOf\":{\"@id\":\"https:\\\/\\\/onthegosystems.com\\\/es\\\/#website\"},\"primaryImageOfPage\":{\"@id\":\"https:\\\/\\\/onthegosystems.com\\\/es\\\/noticias-de-onthegosystems\\\/concurso-de-arte-otgs\\\/#primaryimage\"},\"image\":{\"@id\":\"https:\\\/\\\/onthegosystems.com\\\/es\\\/noticias-de-onthegosystems\\\/concurso-de-arte-otgs\\\/#primaryimage\"},\"thumbnailUrl\":\"https:\\\/\\\/onthegosystems.com\\\/wp-content\\\/uploads\\\/2014\\\/04\\\/dario2-wpcf_145x145.jpg\",\"datePublished\":\"2024-06-12T13:28:38+00:00\",\"dateModified\":\"2025-09-08T07:08:18+00:00\",\"breadcrumb\":{\"@id\":\"https:\\\/\\\/onthegosystems.com\\\/es\\\/noticias-de-onthegosystems\\\/concurso-de-arte-otgs\\\/#breadcrumb\"},\"inLanguage\":\"es\",\"potentialAction\":[{\"@type\":\"ReadAction\",\"target\":[\"https:\\\/\\\/onthegosystems.com\\\/es\\\/noticias-de-onthegosystems\\\/concurso-de-arte-otgs\\\/\"]}]},{\"@type\":\"ImageObject\",\"inLanguage\":\"es\",\"@id\":\"https:\\\/\\\/onthegosystems.com\\\/es\\\/noticias-de-onthegosystems\\\/concurso-de-arte-otgs\\\/#primaryimage\",\"url\":\"https:\\\/\\\/onthegosystems.com\\\/wp-content\\\/uploads\\\/2014\\\/04\\\/dario2-wpcf_145x145.jpg\",\"contentUrl\":\"https:\\\/\\\/onthegosystems.com\\\/wp-content\\\/uploads\\\/2014\\\/04\\\/dario2-wpcf_145x145.jpg\"},{\"@type\":\"BreadcrumbList\",\"@id\":\"https:\\\/\\\/onthegosystems.com\\\/es\\\/noticias-de-onthegosystems\\\/concurso-de-arte-otgs\\\/#breadcrumb\",\"itemListElement\":[{\"@type\":\"ListItem\",\"position\":1,\"name\":\"Home\",\"item\":\"https:\\\/\\\/onthegosystems.com\\\/es\\\/pagina-de-inicio\\\/\"},{\"@type\":\"ListItem\",\"position\":2,\"name\":\"Noticias de OnTheGoSystems\",\"item\":\"https:\\\/\\\/onthegosystems.com\\\/es\\\/noticias-de-onthegosystems\\\/\"},{\"@type\":\"ListItem\",\"position\":3,\"name\":\"Concurso de arte de OTGS\"}]},{\"@type\":\"WebSite\",\"@id\":\"https:\\\/\\\/onthegosystems.com\\\/es\\\/#website\",\"url\":\"https:\\\/\\\/onthegosystems.com\\\/es\\\/\",\"name\":\"OnTheGoSystems\",\"description\":\"WordPress plugins and professional translation\",\"publisher\":{\"@id\":\"https:\\\/\\\/onthegosystems.com\\\/es\\\/#organization\"},\"potentialAction\":[{\"@type\":\"SearchAction\",\"target\":{\"@type\":\"EntryPoint\",\"urlTemplate\":\"https:\\\/\\\/onthegosystems.com\\\/es\\\/?s={search_term_string}\"},\"query-input\":{\"@type\":\"PropertyValueSpecification\",\"valueRequired\":true,\"valueName\":\"search_term_string\"}}],\"inLanguage\":\"es\"},{\"@type\":\"Organization\",\"@id\":\"https:\\\/\\\/onthegosystems.com\\\/es\\\/#organization\",\"name\":\"OnTheGoSystems\",\"url\":\"https:\\\/\\\/onthegosystems.com\\\/es\\\/\",\"logo\":{\"@type\":\"ImageObject\",\"inLanguage\":\"es\",\"@id\":\"https:\\\/\\\/onthegosystems.com\\\/es\\\/#\\\/schema\\\/logo\\\/image\\\/\",\"url\":\"https:\\\/\\\/onthegosystems.com\\\/wp-content\\\/uploads\\\/2020\\\/07\\\/cropped-favicon.png\",\"contentUrl\":\"https:\\\/\\\/onthegosystems.com\\\/wp-content\\\/uploads\\\/2020\\\/07\\\/cropped-favicon.png\",\"width\":512,\"height\":512,\"caption\":\"OnTheGoSystems\"},\"image\":{\"@id\":\"https:\\\/\\\/onthegosystems.com\\\/es\\\/#\\\/schema\\\/logo\\\/image\\\/\"}}]}<\/script>\n<!-- \/ Yoast SEO plugin. -->","yoast_head_json":{"title":"Concurso de arte de OTGS - OnTheGoSystems","robots":{"index":"noindex","follow":"nofollow"},"og_locale":"es_ES","og_type":"article","og_title":"Concurso de arte de OTGS - OnTheGoSystems","og_description":"El primer concurso de arte de OTGS se llev\u00f3 a cabo entre el 19 de agosto de 2019 y el 27 de septiembre de 2019. Env\u00edo #1 Mentalidad abierta y creatividad &#8211; Cog\u00ed una caja de m\u00fasica normal, ya sabes, de esas que puedes comprar con una melod\u00eda determinada que suena al girar la manivela.&#8211; [&hellip;]","og_url":"https:\/\/onthegosystems.com\/es\/noticias-de-onthegosystems\/concurso-de-arte-otgs\/","og_site_name":"OnTheGoSystems","article_modified_time":"2025-09-08T07:08:18+00:00","og_image":[{"width":145,"height":145,"url":"https:\/\/onthegosystems.com\/wp-content\/uploads\/2014\/04\/dario2-wpcf_145x145.jpg","type":"image\/jpeg"}],"twitter_card":"summary_large_image","twitter_misc":{"Tiempo de lectura":"3 minutos"},"schema":{"@context":"https:\/\/schema.org","@graph":[{"@type":"WebPage","@id":"https:\/\/onthegosystems.com\/es\/noticias-de-onthegosystems\/concurso-de-arte-otgs\/","url":"https:\/\/onthegosystems.com\/es\/noticias-de-onthegosystems\/concurso-de-arte-otgs\/","name":"Concurso de arte de OTGS - OnTheGoSystems","isPartOf":{"@id":"https:\/\/onthegosystems.com\/es\/#website"},"primaryImageOfPage":{"@id":"https:\/\/onthegosystems.com\/es\/noticias-de-onthegosystems\/concurso-de-arte-otgs\/#primaryimage"},"image":{"@id":"https:\/\/onthegosystems.com\/es\/noticias-de-onthegosystems\/concurso-de-arte-otgs\/#primaryimage"},"thumbnailUrl":"https:\/\/onthegosystems.com\/wp-content\/uploads\/2014\/04\/dario2-wpcf_145x145.jpg","datePublished":"2024-06-12T13:28:38+00:00","dateModified":"2025-09-08T07:08:18+00:00","breadcrumb":{"@id":"https:\/\/onthegosystems.com\/es\/noticias-de-onthegosystems\/concurso-de-arte-otgs\/#breadcrumb"},"inLanguage":"es","potentialAction":[{"@type":"ReadAction","target":["https:\/\/onthegosystems.com\/es\/noticias-de-onthegosystems\/concurso-de-arte-otgs\/"]}]},{"@type":"ImageObject","inLanguage":"es","@id":"https:\/\/onthegosystems.com\/es\/noticias-de-onthegosystems\/concurso-de-arte-otgs\/#primaryimage","url":"https:\/\/onthegosystems.com\/wp-content\/uploads\/2014\/04\/dario2-wpcf_145x145.jpg","contentUrl":"https:\/\/onthegosystems.com\/wp-content\/uploads\/2014\/04\/dario2-wpcf_145x145.jpg"},{"@type":"BreadcrumbList","@id":"https:\/\/onthegosystems.com\/es\/noticias-de-onthegosystems\/concurso-de-arte-otgs\/#breadcrumb","itemListElement":[{"@type":"ListItem","position":1,"name":"Home","item":"https:\/\/onthegosystems.com\/es\/pagina-de-inicio\/"},{"@type":"ListItem","position":2,"name":"Noticias de OnTheGoSystems","item":"https:\/\/onthegosystems.com\/es\/noticias-de-onthegosystems\/"},{"@type":"ListItem","position":3,"name":"Concurso de arte de OTGS"}]},{"@type":"WebSite","@id":"https:\/\/onthegosystems.com\/es\/#website","url":"https:\/\/onthegosystems.com\/es\/","name":"OnTheGoSystems","description":"WordPress plugins and professional translation","publisher":{"@id":"https:\/\/onthegosystems.com\/es\/#organization"},"potentialAction":[{"@type":"SearchAction","target":{"@type":"EntryPoint","urlTemplate":"https:\/\/onthegosystems.com\/es\/?s={search_term_string}"},"query-input":{"@type":"PropertyValueSpecification","valueRequired":true,"valueName":"search_term_string"}}],"inLanguage":"es"},{"@type":"Organization","@id":"https:\/\/onthegosystems.com\/es\/#organization","name":"OnTheGoSystems","url":"https:\/\/onthegosystems.com\/es\/","logo":{"@type":"ImageObject","inLanguage":"es","@id":"https:\/\/onthegosystems.com\/es\/#\/schema\/logo\/image\/","url":"https:\/\/onthegosystems.com\/wp-content\/uploads\/2020\/07\/cropped-favicon.png","contentUrl":"https:\/\/onthegosystems.com\/wp-content\/uploads\/2020\/07\/cropped-favicon.png","width":512,"height":512,"caption":"OnTheGoSystems"},"image":{"@id":"https:\/\/onthegosystems.com\/es\/#\/schema\/logo\/image\/"}}]}},"_links":{"self":[{"href":"https:\/\/onthegosystems.com\/es\/wp-json\/wp\/v2\/pages\/22990","targetHints":{"allow":["GET"]}}],"collection":[{"href":"https:\/\/onthegosystems.com\/es\/wp-json\/wp\/v2\/pages"}],"about":[{"href":"https:\/\/onthegosystems.com\/es\/wp-json\/wp\/v2\/types\/page"}],"author":[{"embeddable":true,"href":"https:\/\/onthegosystems.com\/es\/wp-json\/wp\/v2\/users\/19"}],"replies":[{"embeddable":true,"href":"https:\/\/onthegosystems.com\/es\/wp-json\/wp\/v2\/comments?post=22990"}],"version-history":[{"count":4,"href":"https:\/\/onthegosystems.com\/es\/wp-json\/wp\/v2\/pages\/22990\/revisions"}],"predecessor-version":[{"id":28874,"href":"https:\/\/onthegosystems.com\/es\/wp-json\/wp\/v2\/pages\/22990\/revisions\/28874"}],"up":[{"embeddable":true,"href":"https:\/\/onthegosystems.com\/es\/wp-json\/wp\/v2\/pages\/23002"}],"wp:attachment":[{"href":"https:\/\/onthegosystems.com\/es\/wp-json\/wp\/v2\/media?parent=22990"}],"curies":[{"name":"wp","href":"https:\/\/api.w.org\/{rel}","templated":true}]}}