{"id":24988,"date":"2025-01-23T15:05:24","date_gmt":"2025-01-23T15:05:24","guid":{"rendered":"https:\/\/onthegosystems.com\/principios-de-liderazgo-de-onthegosystems\/"},"modified":"2025-09-08T07:03:59","modified_gmt":"2025-09-08T07:03:59","slug":"principios-de-liderazgo-de-onthegosystems","status":"publish","type":"page","link":"https:\/\/onthegosystems.com\/es\/principios-de-liderazgo-de-onthegosystems\/","title":{"rendered":"Principios de liderazgo de OnTheGoSystems"},"content":{"rendered":"\n<div class=\"wp-block-toolset-blocks-grid tb-grid\" data-toolset-blocks-grid=\"b8c014b8b8d5ace6679f922147d2eca3\">\n<div class=\"wp-block-toolset-blocks-grid-column tb-grid-column tb-grid-align-top\" data-toolset-blocks-grid-column=\"3034fbe886c11054e95b46b09d3e4112\">\n<div class=\"tb-fields-and-text\" data-toolset-blocks-fields-and-text=\"4c30f06475affe4238d332be7da1b010\"><p>Estos principios definen c\u00f3mo operamos en OnTheGoSystems.<br\/> Gu\u00edan nuestras decisiones y nuestra cultura en una empresa de r\u00e1pido crecimiento y totalmente remota.<\/p><\/div>\n\n\n\n<h3 class=\"wp-block-heading\" id=\"customers-first\">\n  <a href=\"#customers-first\">\n    <strong>\n      <mark>\n  1. Los clientes primero\n      <\/mark>\n    <\/strong>\n  <\/a>\n<\/h3>\n\n\n\n<p>Empezamos con nuestros clientes, desarrolladores de software y sitios web, entendiendo sus necesidades. Cada decisi\u00f3n que tomamos, desde el dise\u00f1o del producto, la documentaci\u00f3n, el soporte e incluso la publicidad, est\u00e1 dise\u00f1ada para ofrecer la mejor experiencia posible a nuestros clientes. <\/p>\n\n\n\n<h3 class=\"wp-block-heading\" id=\"deliver-results\">\n  <a href=\"#deliver-results\">\n    <strong>\n      <mark>2. Ofrecer resultados<\/mark>\n    <\/strong>\n  <\/a>\n<\/h3>\n\n\n\n<p>Las intenciones y el esfuerzo son importantes, pero nos medimos por los resultados. A pesar de los contratiempos y los desaf\u00edos, nos mantenemos resilientes, nos adaptamos y seguimos adelante hasta alcanzar el \u00e9xito. <\/p>\n\n\n\n<h3 class=\"wp-block-heading\" id=\"own-it-perfect-it\">\n  <a href=\"#own-it-perfect-it\">\n    <strong>\n      <mark>3. Adue\u00f1arse de ello, perfeccionarlo<\/mark>\n    <\/strong>\n  <\/a>\n<\/h3>\n\n\n\n<p>Asumimos toda la responsabilidad de nuestro trabajo y de su impacto a largo plazo. No pasamos los problemas a otros, los resolvemos nosotros. Esto significa prestar mucha atenci\u00f3n a los detalles, probar a fondo nuestro trabajo y garantizar que nuestras decisiones se basen en datos reales.  <\/p>\n\n\n\n<h3 class=\"wp-block-heading\" id=\"take-initiative\">\n  <a href=\"#take-initiative\">\n    <strong>\n      <mark>4. Tomar la iniciativa<\/mark>\n    <\/strong>\n  <\/a>\n<\/h3>\n\n\n\n<p>No esperamos a que otro act\u00fae. Cuando hay que hacer algo importante, damos un paso adelante, tanto si entra dentro de nuestra funci\u00f3n oficial como si no. Ayudamos en lo que podemos, tomamos la iniciativa y superamos los obst\u00e1culos para garantizar el \u00e9xito.  <\/p>\n\n\n\n<h3 class=\"wp-block-heading\" id=\"set-high-standards-stay-tolerant\">\n  <a href=\"#set-high-standards-stay-tolerant\">\n    <strong>\n      <mark>5. Establecer normas elevadas, ser tolerantes<\/mark>\n    <\/strong>\n  <\/a>\n<\/h3>\n\n\n\n<p>Establecemos los est\u00e1ndares m\u00e1s altos para nuestro propio trabajo, siempre esforz\u00e1ndonos por alcanzar la excelencia. Al mismo tiempo, reconocemos que nuestros compa\u00f1eros est\u00e1n haciendo su mejor esfuerzo. Les apoyamos con paciencia, manteniendo al mismo tiempo una cultura de responsabilidad.  <\/p>\n\n\n\n<h3 class=\"wp-block-heading\" id=\"respect-time-work-smart\">\n  <a href=\"#respect-time-work-smart\">\n    <strong>\n      <mark>6. Respetar el tiempo, trabajar de forma inteligente<\/mark>\n    <\/strong>\n  <\/a>\n<\/h3>\n\n\n\n<p>Valoramos la eficiencia, la colaboraci\u00f3n y la concentraci\u00f3n. Hacemos nuestro trabajo, pero nunca a expensas de la capacidad de nuestros compa\u00f1eros para hacer el suyo. Respetamos el tiempo de los dem\u00e1s en las reuniones, la comunicaci\u00f3n y los flujos de trabajo, garantizando que todos puedan ser productivos y eficaces.  <\/p>\n\n\n\n<h3 class=\"wp-block-heading\" id=\"innovate-and-simplify\">\n  <a href=\"#innovate-and-simplify\">\n    <strong>\n      <mark>7. Innovar y simplificar<\/mark>\n    <\/strong>\n  <\/a>\n<\/h3>\n\n\n\n<p>Cuestionamos las suposiciones, adoptamos nuevas ideas y buscamos formas de simplificar los procesos tanto para nuestros clientes como para nosotros mismos. Reconocemos que la innovaci\u00f3n requiere experimentaci\u00f3n y estamos dispuestos a asumir riesgos calculados para mejorar nuestros productos y flujos de trabajo. <\/p>\n\n\n\n<h3 class=\"wp-block-heading\" id=\"win-with-partners\">\n  <a href=\"#win-with-partners\"><strong><mark>8. Ganar con los socios<\/mark><\/strong><\/a>\n<\/h3>\n\n\n\n<p>Nuestro \u00e9xito est\u00e1 profundamente conectado con el \u00e9xito de nuestros socios. Adoptamos un enfoque a largo plazo entendiendo el entorno en el que operamos, fomentando la colaboraci\u00f3n y creando sinergias. Trabajando estrechamente con nuestros socios, creamos un mayor valor para nuestros clientes.  <\/p>\n<\/div>\n\n\n\n<div class=\"wp-block-toolset-blocks-grid-column tb-grid-column tb-grid-align-top\" data-toolset-blocks-grid-column=\"1f03a892d2a437b578e6201c8aafdc51\"><\/div>\n<\/div>\n","protected":false},"excerpt":{"rendered":"","protected":false},"author":9,"featured_media":0,"parent":0,"menu_order":0,"comment_status":"closed","ping_status":"closed","template":"","meta":{"footnotes":""},"class_list":["post-24988","page","type-page","status-publish","hentry"],"yoast_head":"<!-- This site is optimized with the Yoast SEO plugin v27.3 - https:\/\/yoast.com\/product\/yoast-seo-wordpress\/ -->\n<title>Principios de liderazgo de OnTheGoSystems - OnTheGoSystems<\/title>\n<meta name=\"robots\" content=\"index, follow, max-snippet:-1, max-image-preview:large, max-video-preview:-1\" \/>\n<link rel=\"canonical\" href=\"https:\/\/onthegosystems.com\/es\/principios-de-liderazgo-de-onthegosystems\/\" \/>\n<meta property=\"og:locale\" content=\"es_ES\" \/>\n<meta property=\"og:type\" content=\"article\" \/>\n<meta property=\"og:title\" content=\"Principios de liderazgo de OnTheGoSystems - OnTheGoSystems\" \/>\n<meta property=\"og:url\" content=\"https:\/\/onthegosystems.com\/es\/principios-de-liderazgo-de-onthegosystems\/\" \/>\n<meta property=\"og:site_name\" content=\"OnTheGoSystems\" \/>\n<meta property=\"article:modified_time\" content=\"2025-09-08T07:03:59+00:00\" \/>\n<meta name=\"twitter:card\" content=\"summary_large_image\" \/>\n<meta name=\"twitter:label1\" content=\"Tiempo de lectura\" \/>\n\t<meta name=\"twitter:data1\" content=\"2 minutos\" \/>\n<script type=\"application\/ld+json\" class=\"yoast-schema-graph\">{\"@context\":\"https:\\\/\\\/schema.org\",\"@graph\":[{\"@type\":\"WebPage\",\"@id\":\"https:\\\/\\\/onthegosystems.com\\\/es\\\/principios-de-liderazgo-de-onthegosystems\\\/\",\"url\":\"https:\\\/\\\/onthegosystems.com\\\/es\\\/principios-de-liderazgo-de-onthegosystems\\\/\",\"name\":\"Principios de liderazgo de OnTheGoSystems - OnTheGoSystems\",\"isPartOf\":{\"@id\":\"https:\\\/\\\/onthegosystems.com\\\/es\\\/#website\"},\"datePublished\":\"2025-01-23T15:05:24+00:00\",\"dateModified\":\"2025-09-08T07:03:59+00:00\",\"breadcrumb\":{\"@id\":\"https:\\\/\\\/onthegosystems.com\\\/es\\\/principios-de-liderazgo-de-onthegosystems\\\/#breadcrumb\"},\"inLanguage\":\"es\",\"potentialAction\":[{\"@type\":\"ReadAction\",\"target\":[\"https:\\\/\\\/onthegosystems.com\\\/es\\\/principios-de-liderazgo-de-onthegosystems\\\/\"]}]},{\"@type\":\"BreadcrumbList\",\"@id\":\"https:\\\/\\\/onthegosystems.com\\\/es\\\/principios-de-liderazgo-de-onthegosystems\\\/#breadcrumb\",\"itemListElement\":[{\"@type\":\"ListItem\",\"position\":1,\"name\":\"Home\",\"item\":\"https:\\\/\\\/onthegosystems.com\\\/es\\\/pagina-de-inicio\\\/\"},{\"@type\":\"ListItem\",\"position\":2,\"name\":\"Principios de liderazgo de OnTheGoSystems\"}]},{\"@type\":\"WebSite\",\"@id\":\"https:\\\/\\\/onthegosystems.com\\\/es\\\/#website\",\"url\":\"https:\\\/\\\/onthegosystems.com\\\/es\\\/\",\"name\":\"OnTheGoSystems\",\"description\":\"WordPress plugins and professional translation\",\"publisher\":{\"@id\":\"https:\\\/\\\/onthegosystems.com\\\/es\\\/#organization\"},\"potentialAction\":[{\"@type\":\"SearchAction\",\"target\":{\"@type\":\"EntryPoint\",\"urlTemplate\":\"https:\\\/\\\/onthegosystems.com\\\/es\\\/?s={search_term_string}\"},\"query-input\":{\"@type\":\"PropertyValueSpecification\",\"valueRequired\":true,\"valueName\":\"search_term_string\"}}],\"inLanguage\":\"es\"},{\"@type\":\"Organization\",\"@id\":\"https:\\\/\\\/onthegosystems.com\\\/es\\\/#organization\",\"name\":\"OnTheGoSystems\",\"url\":\"https:\\\/\\\/onthegosystems.com\\\/es\\\/\",\"logo\":{\"@type\":\"ImageObject\",\"inLanguage\":\"es\",\"@id\":\"https:\\\/\\\/onthegosystems.com\\\/es\\\/#\\\/schema\\\/logo\\\/image\\\/\",\"url\":\"https:\\\/\\\/onthegosystems.com\\\/wp-content\\\/uploads\\\/2020\\\/07\\\/cropped-favicon.png\",\"contentUrl\":\"https:\\\/\\\/onthegosystems.com\\\/wp-content\\\/uploads\\\/2020\\\/07\\\/cropped-favicon.png\",\"width\":512,\"height\":512,\"caption\":\"OnTheGoSystems\"},\"image\":{\"@id\":\"https:\\\/\\\/onthegosystems.com\\\/es\\\/#\\\/schema\\\/logo\\\/image\\\/\"}}]}<\/script>\n<!-- \/ Yoast SEO plugin. -->","yoast_head_json":{"title":"Principios de liderazgo de OnTheGoSystems - OnTheGoSystems","robots":{"index":"index","follow":"follow","max-snippet":"max-snippet:-1","max-image-preview":"max-image-preview:large","max-video-preview":"max-video-preview:-1"},"canonical":"https:\/\/onthegosystems.com\/es\/principios-de-liderazgo-de-onthegosystems\/","og_locale":"es_ES","og_type":"article","og_title":"Principios de liderazgo de OnTheGoSystems - OnTheGoSystems","og_url":"https:\/\/onthegosystems.com\/es\/principios-de-liderazgo-de-onthegosystems\/","og_site_name":"OnTheGoSystems","article_modified_time":"2025-09-08T07:03:59+00:00","twitter_card":"summary_large_image","twitter_misc":{"Tiempo de lectura":"2 minutos"},"schema":{"@context":"https:\/\/schema.org","@graph":[{"@type":"WebPage","@id":"https:\/\/onthegosystems.com\/es\/principios-de-liderazgo-de-onthegosystems\/","url":"https:\/\/onthegosystems.com\/es\/principios-de-liderazgo-de-onthegosystems\/","name":"Principios de liderazgo de OnTheGoSystems - OnTheGoSystems","isPartOf":{"@id":"https:\/\/onthegosystems.com\/es\/#website"},"datePublished":"2025-01-23T15:05:24+00:00","dateModified":"2025-09-08T07:03:59+00:00","breadcrumb":{"@id":"https:\/\/onthegosystems.com\/es\/principios-de-liderazgo-de-onthegosystems\/#breadcrumb"},"inLanguage":"es","potentialAction":[{"@type":"ReadAction","target":["https:\/\/onthegosystems.com\/es\/principios-de-liderazgo-de-onthegosystems\/"]}]},{"@type":"BreadcrumbList","@id":"https:\/\/onthegosystems.com\/es\/principios-de-liderazgo-de-onthegosystems\/#breadcrumb","itemListElement":[{"@type":"ListItem","position":1,"name":"Home","item":"https:\/\/onthegosystems.com\/es\/pagina-de-inicio\/"},{"@type":"ListItem","position":2,"name":"Principios de liderazgo de OnTheGoSystems"}]},{"@type":"WebSite","@id":"https:\/\/onthegosystems.com\/es\/#website","url":"https:\/\/onthegosystems.com\/es\/","name":"OnTheGoSystems","description":"WordPress plugins and professional translation","publisher":{"@id":"https:\/\/onthegosystems.com\/es\/#organization"},"potentialAction":[{"@type":"SearchAction","target":{"@type":"EntryPoint","urlTemplate":"https:\/\/onthegosystems.com\/es\/?s={search_term_string}"},"query-input":{"@type":"PropertyValueSpecification","valueRequired":true,"valueName":"search_term_string"}}],"inLanguage":"es"},{"@type":"Organization","@id":"https:\/\/onthegosystems.com\/es\/#organization","name":"OnTheGoSystems","url":"https:\/\/onthegosystems.com\/es\/","logo":{"@type":"ImageObject","inLanguage":"es","@id":"https:\/\/onthegosystems.com\/es\/#\/schema\/logo\/image\/","url":"https:\/\/onthegosystems.com\/wp-content\/uploads\/2020\/07\/cropped-favicon.png","contentUrl":"https:\/\/onthegosystems.com\/wp-content\/uploads\/2020\/07\/cropped-favicon.png","width":512,"height":512,"caption":"OnTheGoSystems"},"image":{"@id":"https:\/\/onthegosystems.com\/es\/#\/schema\/logo\/image\/"}}]}},"_links":{"self":[{"href":"https:\/\/onthegosystems.com\/es\/wp-json\/wp\/v2\/pages\/24988","targetHints":{"allow":["GET"]}}],"collection":[{"href":"https:\/\/onthegosystems.com\/es\/wp-json\/wp\/v2\/pages"}],"about":[{"href":"https:\/\/onthegosystems.com\/es\/wp-json\/wp\/v2\/types\/page"}],"author":[{"embeddable":true,"href":"https:\/\/onthegosystems.com\/es\/wp-json\/wp\/v2\/users\/9"}],"replies":[{"embeddable":true,"href":"https:\/\/onthegosystems.com\/es\/wp-json\/wp\/v2\/comments?post=24988"}],"version-history":[{"count":8,"href":"https:\/\/onthegosystems.com\/es\/wp-json\/wp\/v2\/pages\/24988\/revisions"}],"predecessor-version":[{"id":28829,"href":"https:\/\/onthegosystems.com\/es\/wp-json\/wp\/v2\/pages\/24988\/revisions\/28829"}],"wp:attachment":[{"href":"https:\/\/onthegosystems.com\/es\/wp-json\/wp\/v2\/media?parent=24988"}],"curies":[{"name":"wp","href":"https:\/\/api.w.org\/{rel}","templated":true}]}}