{"id":25607,"date":"2025-03-27T09:02:58","date_gmt":"2025-03-27T09:02:58","guid":{"rendered":"https:\/\/onthegosystems.com\/equipos-y-proyectos\/ptc\/"},"modified":"2025-10-03T08:52:59","modified_gmt":"2025-10-03T08:52:59","slug":"ptc","status":"publish","type":"page","link":"https:\/\/onthegosystems.com\/es\/equipos-y-proyectos\/ptc\/","title":{"rendered":"PTC"},"content":{"rendered":"\n<div class=\"wp-block-toolset-blocks-container tb-container alignfull\" data-toolset-blocks-container=\"d5b13fe0f15750ee8935945a6520de17\"><div class=\"tb-container-inner\">\n<div class=\"wp-block-toolset-blocks-container tb-container\" data-toolset-blocks-container=\"cf3061bf66e90cd7d320c1ae98d9739e\">\n<div class=\"wp-block-toolset-blocks-grid tb-grid\" data-toolset-blocks-grid=\"1ef7b967bec47466a3dcfeb9b520e178\">\n<div class=\"wp-block-toolset-blocks-grid-column tb-grid-column tb-grid-align-top\" data-toolset-blocks-grid-column=\"3034fbe886c11054e95b46b09d3e4112\">\n<figure class=\"wp-block-image tb-image tb-image-dynamic tb-image-frame-none\" data-toolset-blocks-image=\"7f99547068f87161b8785c89d1a5995c\"><img decoding=\"async\" width=\"152\" height=\"152\" data-src=\"https:\/\/onthegosystems.com\/wp-content\/uploads\/2025\/03\/Logo.png\" alt=\"\" class=\"wp-image-25274 lazyload\" data-srcset=\"https:\/\/onthegosystems.com\/wp-content\/uploads\/2025\/03\/Logo.png 152w, https:\/\/onthegosystems.com\/wp-content\/uploads\/2025\/03\/Logo-150x150.png 150w\" data-sizes=\"auto, (max-width: 152px) 100vw, 152px\" src=\"data:image\/svg+xml;base64,PHN2ZyB3aWR0aD0iMSIgaGVpZ2h0PSIxIiB4bWxucz0iaHR0cDovL3d3dy53My5vcmcvMjAwMC9zdmciPjwvc3ZnPg==\" style=\"--smush-placeholder-width: 152px; --smush-placeholder-aspect-ratio: 152\/152;\" \/><\/figure>\n\n\n\n<h1 class=\"tb-heading has-text-color\" data-toolset-blocks-heading=\"483c6abd8ead45808a4116412e13bee3\" data-last-update=\"1.4\">Reinventando la traducci\u00f3n: \u00bfquiere participar?<\/h1>\n\n\n\n<p class=\"tb-heading has-text-color\" data-toolset-blocks-heading=\"c741422f696519177cf746f89c137505\" data-last-update=\"1.4\"><a href=\"https:\/\/ptc.wpml.org\/es\/acerca-de\/\" target=\"_blank\" rel=\"noreferrer noopener\"><strong>Private Translation Cloud<\/strong> (PTC)<\/a> es un servicio web que traduce software. Empezamos con el objetivo de lograr una traducci\u00f3n \u201cmejor que la humana\u201d. Ahora que lo hemos conseguido, apuntamos a\u00fan m\u00e1s alto, a una calidad que ni siquiera los mejores traductores humanos pueden igualar.  <\/p>\n<\/div>\n\n\n\n<div class=\"wp-block-toolset-blocks-grid-column tb-grid-column tb-grid-align-top\" data-toolset-blocks-grid-column=\"3034fbe886c11054e95b46b09d3e4112\"><\/div>\n<\/div>\n<\/div>\n<\/div><\/div>\n\n<div class=\"wp-block-toolset-blocks-container tb-container alignfull\" data-toolset-blocks-container=\"9cfd88b8b276254826641b9c88971d62\"><div class=\"tb-container-inner\">\n<div class=\"wp-block-toolset-blocks-grid tb-grid\" data-toolset-blocks-grid=\"04acaa22fda71f1629b6da44af4eaa3e\">\n<div class=\"wp-block-toolset-blocks-grid-column tb-grid-column tb-grid-align-top\" data-toolset-blocks-grid-column=\"3034fbe886c11054e95b46b09d3e4112\">\n<h2 class=\"tb-heading has-text-color\" data-toolset-blocks-heading=\"e6b49bc46231e3a61ceda025bc36584a\" data-last-update=\"1.4\">Por qu\u00e9 es importante<\/h2>\n\n\n\n<p class=\"tb-heading\" data-toolset-blocks-heading=\"7a80f99f053dcfdc94c212c98e4698a3\" data-last-update=\"1.4\">La traducci\u00f3n de software es dif\u00edcil: costosa, lenta y frustrante. Por eso es un gran negocio. La traducci\u00f3n autom\u00e1tica mediocre no es suficiente, y la traducci\u00f3n humana experta sigue siendo costosa y, a menudo, decepcionante. Muchas empresas necesitan una soluci\u00f3n real para globalizarse.   <\/p>\n<\/div>\n\n\n\n<div class=\"wp-block-toolset-blocks-grid-column tb-grid-column tb-grid-align-top\" data-toolset-blocks-grid-column=\"3034fbe886c11054e95b46b09d3e4112\"><\/div>\n<\/div>\n\n\n\n<div class=\"wp-block-toolset-blocks-grid tb-grid\" data-toolset-blocks-grid=\"4639a0bfe14bb54092419c92029faa5c\">\n<div class=\"wp-block-toolset-blocks-grid-column tb-grid-column\" data-toolset-blocks-grid-column=\"c777ff47b88bccde2288392889584581\">\n<div class=\"wp-block-toolset-blocks-container tb-container\" data-toolset-blocks-container=\"01b93eab7b92e2d138b3d109f87a2b41\"><\/div>\n<\/div>\n\n\n\n<div class=\"wp-block-toolset-blocks-grid-column tb-grid-column tb-grid-align-center\" data-toolset-blocks-grid-column=\"5c90cbc0e579dc6511ccb4ae42faf52d\">\n<h3 class=\"tb-heading has-text-color has-background wa\" data-toolset-blocks-heading=\"70167636c124965d6f41237f13df8f2f\" data-last-update=\"1.4\"><strong>D\u00f3nde estamos<\/strong><\/h3>\n\n\n\n<p class=\"tb-heading\" data-toolset-blocks-heading=\"7a80f99f053dcfdc94c212c98e4698a3\" data-last-update=\"1.4\">Nuestro sistema funciona. A los clientes les encanta. Hemos reducido los costes de traducci\u00f3n de miles a casi cero, y el tiempo de entrega de semanas a minutos.  <\/p>\n\n\n\n<h3 class=\"tb-heading has-text-color has-background wa\" data-toolset-blocks-heading=\"028b22063056ab75f025b0113600f936\" data-last-update=\"1.4\"><strong><strong>Hacia d\u00f3nde vamos<\/strong><\/strong><\/h3>\n\n\n\n<p class=\"tb-heading\" data-toolset-blocks-heading=\"7a80f99f053dcfdc94c212c98e4698a3\" data-last-update=\"1.4\">Dentro de un a\u00f1o, nuestro objetivo es que muchos miles de empresas conf\u00eden en PTC. Ser\u00e1 nuestro tercer gran \u00e9xito despu\u00e9s de <a href=\"https:\/\/wpml.org\/es\" target=\"_blank\" rel=\"noreferrer noopener\">WPML<\/a> y la <a href=\"https:\/\/wpml.org\/documentation\/automatic-translation\/wpml-ai-wordpress-translation\/\" target=\"_blank\" rel=\"noreferrer noopener\">traducci\u00f3n con IA para WordPress<\/a>. Nuestros productos actuales ya prestan servicio a m\u00e1s de 250.000 clientes satisfechos. PTC es el siguiente.   <\/p>\n<\/div>\n<\/div>\n\n\n\n<p class=\"tb-heading\" data-toolset-blocks-heading=\"d2c5b3cbfd07fa6be7331b79a4fff836\" data-last-update=\"1.4\"><strong>No tenemos inversores a los que complacer, ni objetivos a corto plazo ni presentaciones que preparar.<br\/>Creamos productos s\u00f3lidos para clientes satisfechos<spam class=\"otgs-hightlight\">.<\/spam><\/strong><\/p>\n<\/div><\/div>\n\n<div class=\"wp-block-toolset-blocks-container tb-container alignfull\" data-toolset-blocks-container=\"ccd4ef76a39c8237ecc21840b994d2ad\"><div class=\"tb-container-inner\">\n<div class=\"wp-block-toolset-blocks-grid tb-grid\" data-toolset-blocks-grid=\"661de5295f27bf741908eff42357ddea\">\n<div class=\"wp-block-toolset-blocks-grid-column tb-grid-column tb-grid-align-center\" data-toolset-blocks-grid-column=\"f586ff7bfe1d7317c63162ec7b7039ed\">\n<h2 class=\"tb-heading has-text-color\" data-toolset-blocks-heading=\"df92eec2473d99c8947e5efe1a4d649b\" data-last-update=\"1.4\">La tecnolog\u00eda<\/h2>\n\n\n\n<p class=\"tb-heading\" data-toolset-blocks-heading=\"7a80f99f053dcfdc94c212c98e4698a3\" data-last-update=\"1.4\">PTC se ejecuta en RoR (backend) y React (frontend). Elegimos RoR por sus s\u00f3lidas convenciones, las pruebas integradas y el marco de trabajo completo. <\/p>\n\n\n\n<p class=\"tb-heading\" data-toolset-blocks-heading=\"7a80f99f053dcfdc94c212c98e4698a3\" data-last-update=\"1.4\">El tipo de problemas en los que estamos trabajando:<br\/><\/p>\n\n\n\n<ul style=\"font-size:18px\" class=\"wp-block-list\">\n<li>Patrones ling\u00fc\u00edsticos y c\u00f3mo manejarlos sistem\u00e1ticamente<\/li>\n\n\n\n<li>Autoescalado eficiente para trabajadores de trabajos retrasados<\/li>\n\n\n\n<li>Priorizaci\u00f3n de recursos para clientes en vivo y en segundo plano<\/li>\n\n\n\n<li>Pruebas automatizadas para un sistema no determinista<\/li>\n\n\n\n<li>C\u00f3mo explicar temas complejos a usuarios no expertos<\/li>\n\n\n\n<li>Y mucho m\u00e1s\u2026<\/li>\n<\/ul>\n\n\n\n<p class=\"tb-heading\" data-toolset-blocks-heading=\"7a80f99f053dcfdc94c212c98e4698a3\" data-last-update=\"1.4\">La infraestructura est\u00e1 en AWS ECS. Es rentable y flexible para un desarrollo r\u00e1pido. <\/p>\n\n\n\n<div class=\"wp-block-toolset-blocks-grid tb-grid\" data-toolset-blocks-grid=\"08c5a7834b29e339a2d75fe264e74b31\">\n<div class=\"wp-block-toolset-blocks-grid-column tb-grid-column tb-grid-align-top\" data-toolset-blocks-grid-column=\"3034fbe886c11054e95b46b09d3e4112\">\n<div class=\"wp-block-toolset-blocks-container tb-container\" data-toolset-blocks-container=\"ecd48b165fa0142d040ddc87b22bb190\"><div class=\"wp-block-image\">\n<figure class=\" tb-image tb-image-dynamic tb-image-frame-none aligncenter\" data-toolset-blocks-image=\"57ea648dad6542e262e02c63996e5a29\"><img decoding=\"async\" width=\"90\" height=\"32\" data-src=\"https:\/\/onthegosystems.com\/wp-content\/uploads\/2023\/04\/ror.svg\" alt=\"Ruby on Rails\" class=\"wp-image-16250 lazyload\" src=\"data:image\/svg+xml;base64,PHN2ZyB3aWR0aD0iMSIgaGVpZ2h0PSIxIiB4bWxucz0iaHR0cDovL3d3dy53My5vcmcvMjAwMC9zdmciPjwvc3ZnPg==\" style=\"--smush-placeholder-width: 90px; --smush-placeholder-aspect-ratio: 90\/32;\" \/><figcaption><div class=\"tb-image-caption\">RoR<\/div><\/figcaption><\/figure>\n<\/div><\/div>\n<\/div>\n\n\n\n<div class=\"wp-block-toolset-blocks-grid-column tb-grid-column tb-grid-align-top\" data-toolset-blocks-grid-column=\"3034fbe886c11054e95b46b09d3e4112\">\n<div class=\"wp-block-toolset-blocks-container tb-container\" data-toolset-blocks-container=\"ecd48b165fa0142d040ddc87b22bb190\"><div class=\"wp-block-image\">\n<figure class=\" tb-image tb-image-media tb-image-frame-none aligncenter\" data-toolset-blocks-image=\"5e3cd56829c7eaef9abe4dd8121d632b\"><img decoding=\"async\" width=\"598\" height=\"533\" data-src=\"https:\/\/onthegosystems.com\/wp-content\/uploads\/2020\/06\/react.png\" alt=\"React\" class=\"wp-image-10083 lazyload\" data-srcset=\"https:\/\/onthegosystems.com\/wp-content\/uploads\/2020\/06\/react.png 598w, https:\/\/onthegosystems.com\/wp-content\/uploads\/2020\/06\/react-300x267.png 300w\" data-sizes=\"auto, (max-width: 598px) 100vw, 598px\" src=\"data:image\/svg+xml;base64,PHN2ZyB3aWR0aD0iMSIgaGVpZ2h0PSIxIiB4bWxucz0iaHR0cDovL3d3dy53My5vcmcvMjAwMC9zdmciPjwvc3ZnPg==\" style=\"--smush-placeholder-width: 598px; --smush-placeholder-aspect-ratio: 598\/533;\" \/><figcaption><div class=\"tb-image-caption\">React<\/div><\/figcaption><\/figure>\n<\/div><\/div>\n<\/div>\n<\/div>\n<\/div>\n\n\n\n<div class=\"wp-block-toolset-blocks-grid-column tb-grid-column\" data-toolset-blocks-grid-column=\"a6e73c9bcfb6574667bd3043cd1e8d9d\">\n<div class=\"wp-block-toolset-blocks-container tb-container\" data-toolset-blocks-container=\"0461b7d2a691dae3d93aaa67d276bccc\">\n<h2 class=\"tb-heading has-text-color\" data-toolset-blocks-heading=\"df92eec2473d99c8947e5efe1a4d649b\" data-last-update=\"1.4\">El equipo<\/h2>\n\n\n\n<figure class=\"wp-block-image tb-image tb-image-dynamic tb-image-frame-none\" data-toolset-blocks-image=\"ebf8b73b664c670f19e68db6b12ff71a\"><img decoding=\"async\" width=\"512\" height=\"129\" data-src=\"https:\/\/onthegosystems.com\/wp-content\/uploads\/2025\/03\/team-1-1-min.png\" alt=\"\" class=\"wp-image-25500 lazyload\" data-srcset=\"https:\/\/onthegosystems.com\/wp-content\/uploads\/2025\/03\/team-1-1-min.png 512w, https:\/\/onthegosystems.com\/wp-content\/uploads\/2025\/03\/team-1-1-min-300x76.png 300w\" data-sizes=\"auto, (max-width: 512px) 100vw, 512px\" src=\"data:image\/svg+xml;base64,PHN2ZyB3aWR0aD0iMSIgaGVpZ2h0PSIxIiB4bWxucz0iaHR0cDovL3d3dy53My5vcmcvMjAwMC9zdmciPjwvc3ZnPg==\" style=\"--smush-placeholder-width: 512px; --smush-placeholder-aspect-ratio: 512\/129;\" \/><\/figure>\n\n\n\n<p class=\"tb-heading\" data-toolset-blocks-heading=\"7a80f99f053dcfdc94c212c98e4698a3\" data-last-update=\"1.4\">Trabajamos a distancia, con altos est\u00e1ndares y una s\u00f3lida colaboraci\u00f3n. Las horas de trabajo fijas significan que sus compa\u00f1eros de equipo est\u00e1n disponibles cuando los necesita. Buscamos la excelencia, aprendemos de los errores y mejoramos r\u00e1pidamente.  <\/p>\n\n\n\n<p class=\"tb-heading\" data-toolset-blocks-heading=\"7a80f99f053dcfdc94c212c98e4698a3\" data-last-update=\"1.4\">Todos los miembros de nuestro equipo son desarrolladores full-stack. Adem\u00e1s de escribir un c\u00f3digo excelente y pruebas completas, todos pueden contribuir en la arquitectura, los algoritmos y los flujos de trabajo. <\/p>\n<\/div>\n<\/div>\n<\/div>\n\n\n\n<h2 class=\"tb-heading has-text-color\" data-toolset-blocks-heading=\"6897679d9711eee240554b7252d6861c\" data-last-update=\"1.4\"><strong>C\u00f3mo trabajamos<\/strong><\/h2>\n\n\n\n<div class=\"wp-block-toolset-blocks-grid tb-grid\" data-toolset-blocks-grid=\"40035f3d184782c8ad7b78bdef69e411\">\n<div class=\"wp-block-toolset-blocks-grid-column tb-grid-column tb-grid-align-top\" data-toolset-blocks-grid-column=\"7508472afafd47a4a34ef8e2596f6f1d\">\n<p class=\"tb-heading has-text-color\" data-toolset-blocks-heading=\"cd965d022c9520f69ac92fef677d3733\" data-last-update=\"1.4\"><strong>01<\/strong><\/p>\n\n\n\n<p class=\"tb-heading has-text-color\" data-toolset-blocks-heading=\"5d81157abf819ea8dd0b6cb5fd797bd8\" data-last-update=\"1.4\"><strong>Sincronizaciones r\u00e1pidas diarias, con actualizaciones de estado preescritas<\/strong><\/p>\n<\/div>\n\n\n\n<div class=\"wp-block-toolset-blocks-grid-column tb-grid-column tb-grid-align-top\" data-toolset-blocks-grid-column=\"7508472afafd47a4a34ef8e2596f6f1d\">\n<p class=\"tb-heading has-text-color\" data-toolset-blocks-heading=\"cd965d022c9520f69ac92fef677d3733\" data-last-update=\"1.4\"><strong>02<\/strong><\/p>\n\n\n\n<p class=\"tb-heading has-text-color\" data-toolset-blocks-heading=\"5d81157abf819ea8dd0b6cb5fd797bd8\" data-last-update=\"1.4\"><strong>Objetivos claros del sprint<\/strong><\/p>\n<\/div>\n\n\n\n<div class=\"wp-block-toolset-blocks-grid-column tb-grid-column tb-grid-align-top\" data-toolset-blocks-grid-column=\"7508472afafd47a4a34ef8e2596f6f1d\">\n<p class=\"tb-heading has-text-color\" data-toolset-blocks-heading=\"cd965d022c9520f69ac92fef677d3733\" data-last-update=\"1.4\"><strong>03<\/strong><\/p>\n\n\n\n<p class=\"tb-heading has-text-color\" data-toolset-blocks-heading=\"5d81157abf819ea8dd0b6cb5fd797bd8\" data-last-update=\"1.4\"><strong>Demostraciones ad hoc cuando se alcanzan los hitos<\/strong><\/p>\n<\/div>\n<\/div>\n\n\n\n<div class=\"wp-block-toolset-blocks-grid tb-grid\" data-toolset-blocks-grid=\"49a0902d0d4d1dbe468c94fbb6812a9d\">\n<div class=\"wp-block-toolset-blocks-grid-column tb-grid-column tb-grid-align-top\" data-toolset-blocks-grid-column=\"7508472afafd47a4a34ef8e2596f6f1d\">\n<p class=\"tb-heading has-text-color\" data-toolset-blocks-heading=\"cd965d022c9520f69ac92fef677d3733\" data-last-update=\"1.4\"><strong>0<\/strong>4<\/p>\n\n\n\n<p class=\"tb-heading has-text-color\" data-toolset-blocks-heading=\"5d81157abf819ea8dd0b6cb5fd797bd8\" data-last-update=\"1.4\"><strong>Seguimiento transparente de problemas en lugar de correos electr\u00f3nicos de \u201cestado\u201d<\/strong><\/p>\n<\/div>\n\n\n\n<div class=\"wp-block-toolset-blocks-grid-column tb-grid-column tb-grid-align-top\" data-toolset-blocks-grid-column=\"7508472afafd47a4a34ef8e2596f6f1d\">\n<p class=\"tb-heading has-text-color\" data-toolset-blocks-heading=\"cd965d022c9520f69ac92fef677d3733\" data-last-update=\"1.4\"><strong>0<\/strong>5<\/p>\n\n\n\n<p class=\"tb-heading has-text-color\" data-toolset-blocks-heading=\"5d81157abf819ea8dd0b6cb5fd797bd8\" data-last-update=\"1.4\"><strong>Sin revisiones de c\u00f3digo ni equipo de control de calidad. Confiamos en los linters, CI\/CD y mucha responsabilidad <\/strong><\/p>\n<\/div>\n\n\n\n<div class=\"wp-block-toolset-blocks-grid-column tb-grid-column tb-grid-align-top\" data-toolset-blocks-grid-column=\"7508472afafd47a4a34ef8e2596f6f1d\">\n<p class=\"tb-heading has-text-color\" data-toolset-blocks-heading=\"cd965d022c9520f69ac92fef677d3733\" data-last-update=\"1.4\"><strong>0<\/strong>6<\/p>\n\n\n\n<p class=\"tb-heading has-text-color\" data-toolset-blocks-heading=\"5d81157abf819ea8dd0b6cb5fd797bd8\" data-last-update=\"1.4\"><strong>Valoramos la autonom\u00eda y nos mantenemos alineados como equipo<\/strong><\/p>\n<\/div>\n<\/div>\n\n\n\n<div class=\"wp-block-toolset-blocks-container tb-container\" data-toolset-blocks-container=\"91c6fc397b45cb91573384905a1897da\">\n<h2 class=\"tb-heading has-text-color\" data-toolset-blocks-heading=\"eef3bf0fcf9c4dc07759847e2965e3b5\" data-last-update=\"1.4\">\u00bfLe parece que este es su tipo de equipo?<\/h2>\n\n\n\n<div class=\"tb-button\" data-toolset-blocks-button=\"9302927e087ae4193c9fed95655d27d9\"><a class=\"tb-button__link\" href=\"https:\/\/onthegosystems.com\/es\/jobs\/senior-rorreact-developer\/\"><i class=\"tb-button__icon\"><\/i><span class=\"tb-button__content\">Solicite hoy mismo<\/span><\/a><\/div>\n<\/div>\n<\/div><\/div>\n","protected":false},"excerpt":{"rendered":"","protected":false},"author":34,"featured_media":0,"parent":25603,"menu_order":0,"comment_status":"closed","ping_status":"closed","template":"","meta":{"footnotes":""},"class_list":["post-25607","page","type-page","status-publish","hentry"],"yoast_head":"<!-- This site is optimized with the Yoast SEO plugin v27.4 - https:\/\/yoast.com\/product\/yoast-seo-wordpress\/ -->\n<title>Equipo de PTC - OnTheGoSystems<\/title>\n<meta name=\"robots\" content=\"index, follow, max-snippet:-1, max-image-preview:large, max-video-preview:-1\" \/>\n<link rel=\"canonical\" href=\"https:\/\/onthegosystems.com\/es\/equipos-y-proyectos\/ptc\/\" \/>\n<meta property=\"og:locale\" content=\"es_ES\" \/>\n<meta property=\"og:type\" content=\"article\" \/>\n<meta property=\"og:title\" content=\"Equipo de PTC - OnTheGoSystems\" \/>\n<meta property=\"og:url\" content=\"https:\/\/onthegosystems.com\/es\/equipos-y-proyectos\/ptc\/\" \/>\n<meta property=\"og:site_name\" content=\"OnTheGoSystems\" \/>\n<meta property=\"article:modified_time\" content=\"2025-10-03T08:52:59+00:00\" \/>\n<meta property=\"og:image\" content=\"https:\/\/onthegosystems.com\/wp-content\/uploads\/2025\/03\/Logo.png\" \/>\n\t<meta property=\"og:image:width\" content=\"152\" \/>\n\t<meta property=\"og:image:height\" content=\"152\" \/>\n\t<meta property=\"og:image:type\" content=\"image\/png\" \/>\n<meta name=\"twitter:card\" content=\"summary_large_image\" \/>\n<meta name=\"twitter:label1\" content=\"Tiempo de lectura\" \/>\n\t<meta name=\"twitter:data1\" content=\"3 minutos\" \/>\n<script type=\"application\/ld+json\" class=\"yoast-schema-graph\">{\"@context\":\"https:\\\/\\\/schema.org\",\"@graph\":[{\"@type\":\"WebPage\",\"@id\":\"https:\\\/\\\/onthegosystems.com\\\/es\\\/equipos-y-proyectos\\\/ptc\\\/\",\"url\":\"https:\\\/\\\/onthegosystems.com\\\/es\\\/equipos-y-proyectos\\\/ptc\\\/\",\"name\":\"Equipo de PTC - OnTheGoSystems\",\"isPartOf\":{\"@id\":\"https:\\\/\\\/onthegosystems.com\\\/es\\\/#website\"},\"primaryImageOfPage\":{\"@id\":\"https:\\\/\\\/onthegosystems.com\\\/es\\\/equipos-y-proyectos\\\/ptc\\\/#primaryimage\"},\"image\":{\"@id\":\"https:\\\/\\\/onthegosystems.com\\\/es\\\/equipos-y-proyectos\\\/ptc\\\/#primaryimage\"},\"thumbnailUrl\":\"https:\\\/\\\/onthegosystems.com\\\/wp-content\\\/uploads\\\/2025\\\/03\\\/Logo.png\",\"datePublished\":\"2025-03-27T09:02:58+00:00\",\"dateModified\":\"2025-10-03T08:52:59+00:00\",\"breadcrumb\":{\"@id\":\"https:\\\/\\\/onthegosystems.com\\\/es\\\/equipos-y-proyectos\\\/ptc\\\/#breadcrumb\"},\"inLanguage\":\"es\",\"potentialAction\":[{\"@type\":\"ReadAction\",\"target\":[\"https:\\\/\\\/onthegosystems.com\\\/es\\\/equipos-y-proyectos\\\/ptc\\\/\"]}]},{\"@type\":\"ImageObject\",\"inLanguage\":\"es\",\"@id\":\"https:\\\/\\\/onthegosystems.com\\\/es\\\/equipos-y-proyectos\\\/ptc\\\/#primaryimage\",\"url\":\"https:\\\/\\\/onthegosystems.com\\\/wp-content\\\/uploads\\\/2025\\\/03\\\/Logo.png\",\"contentUrl\":\"https:\\\/\\\/onthegosystems.com\\\/wp-content\\\/uploads\\\/2025\\\/03\\\/Logo.png\"},{\"@type\":\"BreadcrumbList\",\"@id\":\"https:\\\/\\\/onthegosystems.com\\\/es\\\/equipos-y-proyectos\\\/ptc\\\/#breadcrumb\",\"itemListElement\":[{\"@type\":\"ListItem\",\"position\":1,\"name\":\"Home\",\"item\":\"https:\\\/\\\/onthegosystems.com\\\/es\\\/pagina-de-inicio\\\/\"},{\"@type\":\"ListItem\",\"position\":2,\"name\":\"Equipos y proyectos\",\"item\":\"https:\\\/\\\/onthegosystems.com\\\/es\\\/equipos-y-proyectos\\\/\"},{\"@type\":\"ListItem\",\"position\":3,\"name\":\"PTC\"}]},{\"@type\":\"WebSite\",\"@id\":\"https:\\\/\\\/onthegosystems.com\\\/es\\\/#website\",\"url\":\"https:\\\/\\\/onthegosystems.com\\\/es\\\/\",\"name\":\"OnTheGoSystems\",\"description\":\"WordPress plugins and professional translation\",\"publisher\":{\"@id\":\"https:\\\/\\\/onthegosystems.com\\\/es\\\/#organization\"},\"potentialAction\":[{\"@type\":\"SearchAction\",\"target\":{\"@type\":\"EntryPoint\",\"urlTemplate\":\"https:\\\/\\\/onthegosystems.com\\\/es\\\/?s={search_term_string}\"},\"query-input\":{\"@type\":\"PropertyValueSpecification\",\"valueRequired\":true,\"valueName\":\"search_term_string\"}}],\"inLanguage\":\"es\"},{\"@type\":\"Organization\",\"@id\":\"https:\\\/\\\/onthegosystems.com\\\/es\\\/#organization\",\"name\":\"OnTheGoSystems\",\"url\":\"https:\\\/\\\/onthegosystems.com\\\/es\\\/\",\"logo\":{\"@type\":\"ImageObject\",\"inLanguage\":\"es\",\"@id\":\"https:\\\/\\\/onthegosystems.com\\\/es\\\/#\\\/schema\\\/logo\\\/image\\\/\",\"url\":\"https:\\\/\\\/onthegosystems.com\\\/wp-content\\\/uploads\\\/2020\\\/07\\\/cropped-favicon.png\",\"contentUrl\":\"https:\\\/\\\/onthegosystems.com\\\/wp-content\\\/uploads\\\/2020\\\/07\\\/cropped-favicon.png\",\"width\":512,\"height\":512,\"caption\":\"OnTheGoSystems\"},\"image\":{\"@id\":\"https:\\\/\\\/onthegosystems.com\\\/es\\\/#\\\/schema\\\/logo\\\/image\\\/\"}}]}<\/script>\n<!-- \/ Yoast SEO plugin. -->","yoast_head_json":{"title":"Equipo de PTC - OnTheGoSystems","robots":{"index":"index","follow":"follow","max-snippet":"max-snippet:-1","max-image-preview":"max-image-preview:large","max-video-preview":"max-video-preview:-1"},"canonical":"https:\/\/onthegosystems.com\/es\/equipos-y-proyectos\/ptc\/","og_locale":"es_ES","og_type":"article","og_title":"Equipo de PTC - OnTheGoSystems","og_url":"https:\/\/onthegosystems.com\/es\/equipos-y-proyectos\/ptc\/","og_site_name":"OnTheGoSystems","article_modified_time":"2025-10-03T08:52:59+00:00","og_image":[{"width":152,"height":152,"url":"https:\/\/onthegosystems.com\/wp-content\/uploads\/2025\/03\/Logo.png","type":"image\/png"}],"twitter_card":"summary_large_image","twitter_misc":{"Tiempo de lectura":"3 minutos"},"schema":{"@context":"https:\/\/schema.org","@graph":[{"@type":"WebPage","@id":"https:\/\/onthegosystems.com\/es\/equipos-y-proyectos\/ptc\/","url":"https:\/\/onthegosystems.com\/es\/equipos-y-proyectos\/ptc\/","name":"Equipo de PTC - OnTheGoSystems","isPartOf":{"@id":"https:\/\/onthegosystems.com\/es\/#website"},"primaryImageOfPage":{"@id":"https:\/\/onthegosystems.com\/es\/equipos-y-proyectos\/ptc\/#primaryimage"},"image":{"@id":"https:\/\/onthegosystems.com\/es\/equipos-y-proyectos\/ptc\/#primaryimage"},"thumbnailUrl":"https:\/\/onthegosystems.com\/wp-content\/uploads\/2025\/03\/Logo.png","datePublished":"2025-03-27T09:02:58+00:00","dateModified":"2025-10-03T08:52:59+00:00","breadcrumb":{"@id":"https:\/\/onthegosystems.com\/es\/equipos-y-proyectos\/ptc\/#breadcrumb"},"inLanguage":"es","potentialAction":[{"@type":"ReadAction","target":["https:\/\/onthegosystems.com\/es\/equipos-y-proyectos\/ptc\/"]}]},{"@type":"ImageObject","inLanguage":"es","@id":"https:\/\/onthegosystems.com\/es\/equipos-y-proyectos\/ptc\/#primaryimage","url":"https:\/\/onthegosystems.com\/wp-content\/uploads\/2025\/03\/Logo.png","contentUrl":"https:\/\/onthegosystems.com\/wp-content\/uploads\/2025\/03\/Logo.png"},{"@type":"BreadcrumbList","@id":"https:\/\/onthegosystems.com\/es\/equipos-y-proyectos\/ptc\/#breadcrumb","itemListElement":[{"@type":"ListItem","position":1,"name":"Home","item":"https:\/\/onthegosystems.com\/es\/pagina-de-inicio\/"},{"@type":"ListItem","position":2,"name":"Equipos y proyectos","item":"https:\/\/onthegosystems.com\/es\/equipos-y-proyectos\/"},{"@type":"ListItem","position":3,"name":"PTC"}]},{"@type":"WebSite","@id":"https:\/\/onthegosystems.com\/es\/#website","url":"https:\/\/onthegosystems.com\/es\/","name":"OnTheGoSystems","description":"WordPress plugins and professional translation","publisher":{"@id":"https:\/\/onthegosystems.com\/es\/#organization"},"potentialAction":[{"@type":"SearchAction","target":{"@type":"EntryPoint","urlTemplate":"https:\/\/onthegosystems.com\/es\/?s={search_term_string}"},"query-input":{"@type":"PropertyValueSpecification","valueRequired":true,"valueName":"search_term_string"}}],"inLanguage":"es"},{"@type":"Organization","@id":"https:\/\/onthegosystems.com\/es\/#organization","name":"OnTheGoSystems","url":"https:\/\/onthegosystems.com\/es\/","logo":{"@type":"ImageObject","inLanguage":"es","@id":"https:\/\/onthegosystems.com\/es\/#\/schema\/logo\/image\/","url":"https:\/\/onthegosystems.com\/wp-content\/uploads\/2020\/07\/cropped-favicon.png","contentUrl":"https:\/\/onthegosystems.com\/wp-content\/uploads\/2020\/07\/cropped-favicon.png","width":512,"height":512,"caption":"OnTheGoSystems"},"image":{"@id":"https:\/\/onthegosystems.com\/es\/#\/schema\/logo\/image\/"}}]}},"_links":{"self":[{"href":"https:\/\/onthegosystems.com\/es\/wp-json\/wp\/v2\/pages\/25607","targetHints":{"allow":["GET"]}}],"collection":[{"href":"https:\/\/onthegosystems.com\/es\/wp-json\/wp\/v2\/pages"}],"about":[{"href":"https:\/\/onthegosystems.com\/es\/wp-json\/wp\/v2\/types\/page"}],"author":[{"embeddable":true,"href":"https:\/\/onthegosystems.com\/es\/wp-json\/wp\/v2\/users\/34"}],"replies":[{"embeddable":true,"href":"https:\/\/onthegosystems.com\/es\/wp-json\/wp\/v2\/comments?post=25607"}],"version-history":[{"count":8,"href":"https:\/\/onthegosystems.com\/es\/wp-json\/wp\/v2\/pages\/25607\/revisions"}],"predecessor-version":[{"id":29555,"href":"https:\/\/onthegosystems.com\/es\/wp-json\/wp\/v2\/pages\/25607\/revisions\/29555"}],"up":[{"embeddable":true,"href":"https:\/\/onthegosystems.com\/es\/wp-json\/wp\/v2\/pages\/25603"}],"wp:attachment":[{"href":"https:\/\/onthegosystems.com\/es\/wp-json\/wp\/v2\/media?parent=25607"}],"curies":[{"name":"wp","href":"https:\/\/api.w.org\/{rel}","templated":true}]}}