{"id":26429,"date":"2025-04-03T12:36:28","date_gmt":"2025-04-03T12:36:28","guid":{"rendered":"https:\/\/onthegosystems.com\/equipos-y-proyectos\/wpml\/"},"modified":"2025-09-08T07:06:53","modified_gmt":"2025-09-08T07:06:53","slug":"wpml","status":"publish","type":"page","link":"https:\/\/onthegosystems.com\/es\/equipos-y-proyectos\/wpml\/","title":{"rendered":"WPML"},"content":{"rendered":"\n<div class=\"wp-block-toolset-blocks-container tb-container alignfull\" data-toolset-blocks-container=\"5e798a12eeb02b3fe605dccc7450c31b\"><div class=\"tb-container-inner\">\n<div class=\"wp-block-toolset-blocks-container tb-container\" data-toolset-blocks-container=\"b5bfde72cd2145cedd8d68bec55f6984\">\n<div class=\"wp-block-toolset-blocks-grid tb-grid\" data-toolset-blocks-grid=\"b15a6619db80649be02c8d3106aba7a9\">\n<div class=\"wp-block-toolset-blocks-grid-column tb-grid-column tb-grid-align-top\" data-toolset-blocks-grid-column=\"3034fbe886c11054e95b46b09d3e4112\">\n<figure class=\"wp-block-image tb-image tb-image-dynamic tb-image-frame-none\" data-toolset-blocks-image=\"31beb2a4e825eed36e8dbe5672de89c4\"><img decoding=\"async\" width=\"152\" height=\"158\" data-src=\"https:\/\/onthegosystems.com\/wp-content\/uploads\/2025\/04\/WPML-Logo-min.png\" alt=\"\" class=\"wp-image-26252 lazyload\" src=\"data:image\/svg+xml;base64,PHN2ZyB3aWR0aD0iMSIgaGVpZ2h0PSIxIiB4bWxucz0iaHR0cDovL3d3dy53My5vcmcvMjAwMC9zdmciPjwvc3ZnPg==\" style=\"--smush-placeholder-width: 152px; --smush-placeholder-aspect-ratio: 152\/158;\" \/><\/figure>\n\n\n\n<h1 class=\"tb-heading has-text-color\" data-toolset-blocks-heading=\"483c6abd8ead45808a4116412e13bee3\" data-last-update=\"1.4\">Construya el futuro de WordPress multiling\u00fce<\/h1>\n\n\n\n<p class=\"tb-heading has-text-color\" data-toolset-blocks-heading=\"c741422f696519177cf746f89c137505\" data-last-update=\"1.4\"><strong>WPML<\/strong> impulsa m\u00e1s de <strong>1,5 millones<\/strong> de sitios multiling\u00fces. Desde peque\u00f1as empresas hasta empresas globales, la gente conf\u00eda en nosotros para crecer a trav\u00e9s de idiomas y mercados. Como desarrollador del equipo de WPML, impactar\u00e1 directamente en la forma en que el mundo construye sitios multiling\u00fces.  <\/p>\n<\/div>\n\n\n\n<div class=\"wp-block-toolset-blocks-grid-column tb-grid-column tb-grid-align-top\" data-toolset-blocks-grid-column=\"3034fbe886c11054e95b46b09d3e4112\"><\/div>\n<\/div>\n<\/div>\n<\/div><\/div>\n\n<div class=\"wp-block-toolset-blocks-container tb-container alignfull\" data-toolset-blocks-container=\"3141fb03a3373fad70d2b1c173da7269\"><div class=\"tb-container-inner\">\n<div class=\"wp-block-toolset-blocks-grid tb-grid\" data-toolset-blocks-grid=\"2d1b173dba7f490108fd30834d08106c\">\n<div class=\"wp-block-toolset-blocks-grid-column tb-grid-column tb-grid-align-top\" data-toolset-blocks-grid-column=\"3034fbe886c11054e95b46b09d3e4112\">\n<h2 class=\"tb-heading has-text-color\" data-toolset-blocks-heading=\"e6b49bc46231e3a61ceda025bc36584a\" data-last-update=\"1.4\">\u00bfPor qu\u00e9 WPML?<\/h2>\n\n\n\n<p class=\"tb-heading\" data-toolset-blocks-heading=\"7a80f99f053dcfdc94c212c98e4698a3\" data-last-update=\"1.4\">WPML es un producto complejo y bien dise\u00f1ado, con desaf\u00edos reales y usuarios reales. Publicar\u00e1 c\u00f3digo de producci\u00f3n que se utiliza a escala, ver\u00e1 su impacto r\u00e1pidamente y resolver\u00e1 problemas que ampliar\u00e1n tanto sus habilidades de codificaci\u00f3n como de pensamiento. <\/p>\n\n\n\n<p class=\"tb-heading\" data-toolset-blocks-heading=\"7a80f99f053dcfdc94c212c98e4698a3\" data-last-update=\"1.4\">Trabajar\u00e1 en aspectos como:<\/p>\n\n\n\n<ul class=\"wp-block-list\">\n<li>Hacer que WPML sea incre\u00edblemente r\u00e1pido para sitios con bases de datos masivas<\/li>\n\n\n\n<li>Integraci\u00f3n perfecta con temas, plugins y constructores de p\u00e1ginas populares<\/li>\n\n\n\n<li>Un flujo de traducci\u00f3n con un solo clic que es a la vez potente e intuitivo<\/li>\n\n\n\n<li>Mejoras en la experiencia del usuario que permiten a los usuarios no t\u00e9cnicos ejecutar sitios multiling\u00fces sin esfuerzo<\/li>\n\n\n\n<li>Funciones de IA generativa que hacen que las traducciones no solo sean autom\u00e1ticas, sino mejores que las humanas<\/li>\n\n\n\n<li>Y mucho m\u00e1s&#8230;<br\/><\/li>\n<\/ul>\n<\/div>\n\n\n\n<div class=\"wp-block-toolset-blocks-grid-column tb-grid-column tb-grid-align-top\" data-toolset-blocks-grid-column=\"3034fbe886c11054e95b46b09d3e4112\"><\/div>\n<\/div>\n\n\n\n<div class=\"wp-block-toolset-blocks-grid tb-grid\" data-toolset-blocks-grid=\"4639a0bfe14bb54092419c92029faa5c\">\n<div class=\"wp-block-toolset-blocks-grid-column tb-grid-column\" data-toolset-blocks-grid-column=\"c777ff47b88bccde2288392889584581\">\n<div class=\"wp-block-toolset-blocks-container tb-container\" data-toolset-blocks-container=\"bb06182865d7dceb56d490e0423de912\"><\/div>\n<\/div>\n\n\n\n<div class=\"wp-block-toolset-blocks-grid-column tb-grid-column tb-grid-align-center\" data-toolset-blocks-grid-column=\"5c90cbc0e579dc6511ccb4ae42faf52d\">\n<h3 class=\"tb-heading has-text-color has-background wa\" data-toolset-blocks-heading=\"013ddf8122382834d40ca92889a89d29\" data-last-update=\"1.4\"><strong><strong>D\u00f3nde estamos<\/strong><\/strong><\/h3>\n\n\n\n<p class=\"tb-heading\" data-toolset-blocks-heading=\"7a80f99f053dcfdc94c212c98e4698a3\" data-last-update=\"1.4\">WPML ha sido el est\u00e1ndar de la industria durante m\u00e1s de una d\u00e9cada. Somos conocidos por nuestra fiabilidad, profundidad e innovaci\u00f3n constante. <\/p>\n\n\n\n<h3 class=\"tb-heading has-text-color has-background wa\" data-toolset-blocks-heading=\"cd88cbc5a434f828ce9eb52699644c02\" data-last-update=\"1.4\"><strong><strong>Hacia d\u00f3nde nos dirigimos<\/strong><\/strong><\/h3>\n\n\n\n<p class=\"tb-heading\" data-toolset-blocks-heading=\"7a80f99f053dcfdc94c212c98e4698a3\" data-last-update=\"1.4\">Este es un espacio competitivo. Para permanecer en la cima, trabajamos r\u00e1pido, mantenemos nuestros est\u00e1ndares altos y evolucionamos constantemente. Nuestro pr\u00f3ximo cap\u00edtulo incluye una profunda integraci\u00f3n de la IA y hacer que el producto sea a\u00fan m\u00e1s intuitivo, escalable y potente.  <\/p>\n<\/div>\n<\/div>\n<\/div><\/div>\n\n<div class=\"wp-block-toolset-blocks-container tb-container alignfull\" data-toolset-blocks-container=\"ccd4ef76a39c8237ecc21840b994d2ad\"><div class=\"tb-container-inner\">\n<div class=\"wp-block-toolset-blocks-grid tb-grid\" data-toolset-blocks-grid=\"661de5295f27bf741908eff42357ddea\">\n<div class=\"wp-block-toolset-blocks-grid-column tb-grid-column tb-grid-align-center\" data-toolset-blocks-grid-column=\"f586ff7bfe1d7317c63162ec7b7039ed\">\n<h2 class=\"tb-heading has-text-color\" data-toolset-blocks-heading=\"df92eec2473d99c8947e5efe1a4d649b\" data-last-update=\"1.4\">Nuestra pila tecnol\u00f3gica<\/h2>\n\n\n\n<p class=\"tb-heading\" data-toolset-blocks-heading=\"7a80f99f053dcfdc94c212c98e4698a3\" data-last-update=\"1.4\">Somos un plugin de WordPress construido en PHP, Vanilla JS y React. Nuestra base de c\u00f3digo es limpia y probada en el campo, con una alta cobertura de pruebas a trav\u00e9s de pruebas unitarias, de integraci\u00f3n y de extremo a extremo. <\/p>\n\n\n\n<div class=\"wp-block-toolset-blocks-grid tb-grid\" data-toolset-blocks-grid=\"25609f7b5fc92305dce5fd2c0a1a6814\">\n<div class=\"wp-block-toolset-blocks-grid-column tb-grid-column\" data-toolset-blocks-grid-column=\"a6e73c9bcfb6574667bd3043cd1e8d9d\">\n<div class=\"wp-block-toolset-blocks-container tb-container\" data-toolset-blocks-container=\"d570190941f716a7b4d3ae44db09ae73\"><div class=\"wp-block-image\">\n<figure class=\" tb-image tb-image-dynamic tb-image-frame-none aligncenter\" data-toolset-blocks-image=\"927bcced2ef5afff94a2f1c4d6b99451\"><img decoding=\"async\" width=\"200\" height=\"99\" data-src=\"https:\/\/onthegosystems.com\/wp-content\/uploads\/2020\/07\/php.png\" alt=\"\" class=\"wp-image-10130 lazyload\" src=\"data:image\/svg+xml;base64,PHN2ZyB3aWR0aD0iMSIgaGVpZ2h0PSIxIiB4bWxucz0iaHR0cDovL3d3dy53My5vcmcvMjAwMC9zdmciPjwvc3ZnPg==\" style=\"--smush-placeholder-width: 200px; --smush-placeholder-aspect-ratio: 200\/99;\" \/><figcaption><div class=\"tb-image-caption\">PHP<\/div><\/figcaption><\/figure>\n<\/div><\/div>\n<\/div>\n\n\n\n<div class=\"wp-block-toolset-blocks-grid-column tb-grid-column\" data-toolset-blocks-grid-column=\"a6e73c9bcfb6574667bd3043cd1e8d9d\">\n<div class=\"wp-block-toolset-blocks-container tb-container\" data-toolset-blocks-container=\"172de3e55c164511ac3fde00a2916a13\"><div class=\"wp-block-image\">\n<figure class=\" tb-image tb-image-dynamic tb-image-frame-none aligncenter\" data-toolset-blocks-image=\"e91654463d2948e877ad64122cc761f1\"><img decoding=\"async\" width=\"150\" height=\"150\" data-src=\"https:\/\/onthegosystems.com\/wp-content\/uploads\/2025\/04\/Unofficial_JavaScript_logo_2.svg-150x150-1.png\" alt=\"\" class=\"wp-image-26193 lazyload\" src=\"data:image\/svg+xml;base64,PHN2ZyB3aWR0aD0iMSIgaGVpZ2h0PSIxIiB4bWxucz0iaHR0cDovL3d3dy53My5vcmcvMjAwMC9zdmciPjwvc3ZnPg==\" style=\"--smush-placeholder-width: 150px; --smush-placeholder-aspect-ratio: 150\/150;\" \/><figcaption><div class=\"tb-image-caption\">Vanilla JS<\/div><\/figcaption><\/figure>\n<\/div><\/div>\n<\/div>\n\n\n\n<div class=\"wp-block-toolset-blocks-grid-column tb-grid-column\" data-toolset-blocks-grid-column=\"a6e73c9bcfb6574667bd3043cd1e8d9d\">\n<div class=\"wp-block-toolset-blocks-container tb-container\" data-toolset-blocks-container=\"d570190941f716a7b4d3ae44db09ae73\"><div class=\"wp-block-image\">\n<figure class=\" tb-image tb-image-media tb-image-frame-none aligncenter\" data-toolset-blocks-image=\"5e3cd56829c7eaef9abe4dd8121d632b\"><img decoding=\"async\" width=\"598\" height=\"533\" data-src=\"https:\/\/onthegosystems.com\/wp-content\/uploads\/2020\/06\/react.png\" alt=\"React\" class=\"wp-image-10083 lazyload\" data-srcset=\"https:\/\/onthegosystems.com\/wp-content\/uploads\/2020\/06\/react.png 598w, https:\/\/onthegosystems.com\/wp-content\/uploads\/2020\/06\/react-300x267.png 300w\" data-sizes=\"auto, (max-width: 598px) 100vw, 598px\" src=\"data:image\/svg+xml;base64,PHN2ZyB3aWR0aD0iMSIgaGVpZ2h0PSIxIiB4bWxucz0iaHR0cDovL3d3dy53My5vcmcvMjAwMC9zdmciPjwvc3ZnPg==\" style=\"--smush-placeholder-width: 598px; --smush-placeholder-aspect-ratio: 598\/533;\" \/><figcaption><div class=\"tb-image-caption\">React<\/div><\/figcaption><\/figure>\n<\/div><\/div>\n<\/div>\n<\/div>\n<\/div>\n\n\n\n<div class=\"wp-block-toolset-blocks-grid-column tb-grid-column\" data-toolset-blocks-grid-column=\"a6e73c9bcfb6574667bd3043cd1e8d9d\">\n<div class=\"wp-block-toolset-blocks-container tb-container\" data-toolset-blocks-container=\"6a6a6a02f861219f113e6c470558af04\">\n<h2 class=\"tb-heading has-text-color\" data-toolset-blocks-heading=\"df92eec2473d99c8947e5efe1a4d649b\" data-last-update=\"1.4\">El equipo<\/h2>\n\n\n\n<figure class=\"wp-block-image tb-image tb-image-dynamic tb-image-frame-none\" data-toolset-blocks-image=\"d085b6ef5ac24706c8f2717b4f6dbee6\"><img decoding=\"async\" width=\"600\" height=\"151\" data-src=\"https:\/\/onthegosystems.com\/wp-content\/uploads\/2025\/03\/team-1-min.png\" alt=\"\" class=\"wp-image-26052 lazyload\" data-srcset=\"https:\/\/onthegosystems.com\/wp-content\/uploads\/2025\/03\/team-1-min.png 600w, https:\/\/onthegosystems.com\/wp-content\/uploads\/2025\/03\/team-1-min-300x76.png 300w\" data-sizes=\"auto, (max-width: 600px) 100vw, 600px\" src=\"data:image\/svg+xml;base64,PHN2ZyB3aWR0aD0iMSIgaGVpZ2h0PSIxIiB4bWxucz0iaHR0cDovL3d3dy53My5vcmcvMjAwMC9zdmciPjwvc3ZnPg==\" style=\"--smush-placeholder-width: 600px; --smush-placeholder-aspect-ratio: 600\/151;\" \/><\/figure>\n\n\n\n<p class=\"tb-heading\" data-toolset-blocks-heading=\"7a80f99f053dcfdc94c212c98e4698a3\" data-last-update=\"1.4\">Somos un equipo remoto de desarrolladores full-stack inteligentes y colaborativos. Trabajamos a horas fijas para mantenernos sincronizados. Todos los miembros del equipo escriben c\u00f3digo y pruebas s\u00f3lidos, contribuyen a la arquitectura y ayudan a definir los flujos de trabajo.  <\/p>\n\n\n\n<p class=\"tb-heading\" data-toolset-blocks-heading=\"7a80f99f053dcfdc94c212c98e4698a3\" data-last-update=\"1.4\">Valoramos:<\/p>\n\n\n\n<ul class=\"wp-block-list\">\n<li>Un pensamiento claro y soluciones sencillas<\/li>\n\n\n\n<li>Un aprendizaje r\u00e1pido de los errores<\/li>\n\n\n\n<li>Apropiaci\u00f3n de las caracter\u00edsticas y los resultados<\/li>\n\n\n\n<li>Un trabajo colaborativo con una mentalidad constructiva<\/li>\n<\/ul>\n<\/div>\n<\/div>\n<\/div>\n\n\n\n<div class=\"wp-block-toolset-blocks-container tb-container\" data-toolset-blocks-container=\"4bd862e28df3145c3b696fd809824e81\">\n<p class=\"tb-heading has-text-color\" data-toolset-blocks-heading=\"ea7e768bbc3c8b049c8b8ce945382032\" data-last-update=\"1.4\">Si es el tipo de desarrollador que disfruta con los grandes retos, un impacto claro y un equipo s\u00f3lido, se sentir\u00e1 como en casa aqu\u00ed.<\/p>\n\n\n\n<div class=\"tb-button\" data-toolset-blocks-button=\"ff62b451043bb0a78714cdcd54d84f65\"><a class=\"tb-button__link\" href=\"https:\/\/onthegosystems.com\/fr\/jobs\/developpeur-full-stack\/\"><i class=\"tb-button__icon\"><\/i><span class=\"tb-button__content\">Solicite hoy mismo<\/span><\/a><\/div>\n<\/div>\n<\/div><\/div>\n","protected":false},"excerpt":{"rendered":"","protected":false},"author":34,"featured_media":0,"parent":25603,"menu_order":0,"comment_status":"closed","ping_status":"closed","template":"","meta":{"footnotes":""},"class_list":["post-26429","page","type-page","status-publish","hentry"],"yoast_head":"<!-- This site is optimized with the Yoast SEO plugin v27.3 - https:\/\/yoast.com\/product\/yoast-seo-wordpress\/ -->\n<title>Equipo de WPML - OnTheGoSystems<\/title>\n<meta name=\"robots\" content=\"index, follow, max-snippet:-1, max-image-preview:large, max-video-preview:-1\" \/>\n<link rel=\"canonical\" href=\"https:\/\/onthegosystems.com\/es\/equipos-y-proyectos\/wpml\/\" \/>\n<meta property=\"og:locale\" content=\"es_ES\" \/>\n<meta property=\"og:type\" content=\"article\" \/>\n<meta property=\"og:title\" content=\"Equipo de WPML - OnTheGoSystems\" \/>\n<meta property=\"og:url\" content=\"https:\/\/onthegosystems.com\/es\/equipos-y-proyectos\/wpml\/\" \/>\n<meta property=\"og:site_name\" content=\"OnTheGoSystems\" \/>\n<meta property=\"article:modified_time\" content=\"2025-09-08T07:06:53+00:00\" \/>\n<meta property=\"og:image\" content=\"https:\/\/onthegosystems.com\/wp-content\/uploads\/2025\/04\/WPML-Logo-min.png\" \/>\n\t<meta property=\"og:image:width\" content=\"152\" \/>\n\t<meta property=\"og:image:height\" content=\"158\" \/>\n\t<meta property=\"og:image:type\" content=\"image\/png\" \/>\n<meta name=\"twitter:card\" content=\"summary_large_image\" \/>\n<meta name=\"twitter:label1\" content=\"Tiempo de lectura\" \/>\n\t<meta name=\"twitter:data1\" content=\"2 minutos\" \/>\n<script type=\"application\/ld+json\" class=\"yoast-schema-graph\">{\"@context\":\"https:\\\/\\\/schema.org\",\"@graph\":[{\"@type\":\"WebPage\",\"@id\":\"https:\\\/\\\/onthegosystems.com\\\/es\\\/equipos-y-proyectos\\\/wpml\\\/\",\"url\":\"https:\\\/\\\/onthegosystems.com\\\/es\\\/equipos-y-proyectos\\\/wpml\\\/\",\"name\":\"Equipo de WPML - OnTheGoSystems\",\"isPartOf\":{\"@id\":\"https:\\\/\\\/onthegosystems.com\\\/es\\\/#website\"},\"primaryImageOfPage\":{\"@id\":\"https:\\\/\\\/onthegosystems.com\\\/es\\\/equipos-y-proyectos\\\/wpml\\\/#primaryimage\"},\"image\":{\"@id\":\"https:\\\/\\\/onthegosystems.com\\\/es\\\/equipos-y-proyectos\\\/wpml\\\/#primaryimage\"},\"thumbnailUrl\":\"https:\\\/\\\/onthegosystems.com\\\/wp-content\\\/uploads\\\/2025\\\/04\\\/WPML-Logo-min.png\",\"datePublished\":\"2025-04-03T12:36:28+00:00\",\"dateModified\":\"2025-09-08T07:06:53+00:00\",\"breadcrumb\":{\"@id\":\"https:\\\/\\\/onthegosystems.com\\\/es\\\/equipos-y-proyectos\\\/wpml\\\/#breadcrumb\"},\"inLanguage\":\"es\",\"potentialAction\":[{\"@type\":\"ReadAction\",\"target\":[\"https:\\\/\\\/onthegosystems.com\\\/es\\\/equipos-y-proyectos\\\/wpml\\\/\"]}]},{\"@type\":\"ImageObject\",\"inLanguage\":\"es\",\"@id\":\"https:\\\/\\\/onthegosystems.com\\\/es\\\/equipos-y-proyectos\\\/wpml\\\/#primaryimage\",\"url\":\"https:\\\/\\\/onthegosystems.com\\\/wp-content\\\/uploads\\\/2025\\\/04\\\/WPML-Logo-min.png\",\"contentUrl\":\"https:\\\/\\\/onthegosystems.com\\\/wp-content\\\/uploads\\\/2025\\\/04\\\/WPML-Logo-min.png\"},{\"@type\":\"BreadcrumbList\",\"@id\":\"https:\\\/\\\/onthegosystems.com\\\/es\\\/equipos-y-proyectos\\\/wpml\\\/#breadcrumb\",\"itemListElement\":[{\"@type\":\"ListItem\",\"position\":1,\"name\":\"Home\",\"item\":\"https:\\\/\\\/onthegosystems.com\\\/es\\\/pagina-de-inicio\\\/\"},{\"@type\":\"ListItem\",\"position\":2,\"name\":\"Equipos y proyectos\",\"item\":\"https:\\\/\\\/onthegosystems.com\\\/es\\\/equipos-y-proyectos\\\/\"},{\"@type\":\"ListItem\",\"position\":3,\"name\":\"WPML\"}]},{\"@type\":\"WebSite\",\"@id\":\"https:\\\/\\\/onthegosystems.com\\\/es\\\/#website\",\"url\":\"https:\\\/\\\/onthegosystems.com\\\/es\\\/\",\"name\":\"OnTheGoSystems\",\"description\":\"WordPress plugins and professional translation\",\"publisher\":{\"@id\":\"https:\\\/\\\/onthegosystems.com\\\/es\\\/#organization\"},\"potentialAction\":[{\"@type\":\"SearchAction\",\"target\":{\"@type\":\"EntryPoint\",\"urlTemplate\":\"https:\\\/\\\/onthegosystems.com\\\/es\\\/?s={search_term_string}\"},\"query-input\":{\"@type\":\"PropertyValueSpecification\",\"valueRequired\":true,\"valueName\":\"search_term_string\"}}],\"inLanguage\":\"es\"},{\"@type\":\"Organization\",\"@id\":\"https:\\\/\\\/onthegosystems.com\\\/es\\\/#organization\",\"name\":\"OnTheGoSystems\",\"url\":\"https:\\\/\\\/onthegosystems.com\\\/es\\\/\",\"logo\":{\"@type\":\"ImageObject\",\"inLanguage\":\"es\",\"@id\":\"https:\\\/\\\/onthegosystems.com\\\/es\\\/#\\\/schema\\\/logo\\\/image\\\/\",\"url\":\"https:\\\/\\\/onthegosystems.com\\\/wp-content\\\/uploads\\\/2020\\\/07\\\/cropped-favicon.png\",\"contentUrl\":\"https:\\\/\\\/onthegosystems.com\\\/wp-content\\\/uploads\\\/2020\\\/07\\\/cropped-favicon.png\",\"width\":512,\"height\":512,\"caption\":\"OnTheGoSystems\"},\"image\":{\"@id\":\"https:\\\/\\\/onthegosystems.com\\\/es\\\/#\\\/schema\\\/logo\\\/image\\\/\"}}]}<\/script>\n<!-- \/ Yoast SEO plugin. -->","yoast_head_json":{"title":"Equipo de WPML - OnTheGoSystems","robots":{"index":"index","follow":"follow","max-snippet":"max-snippet:-1","max-image-preview":"max-image-preview:large","max-video-preview":"max-video-preview:-1"},"canonical":"https:\/\/onthegosystems.com\/es\/equipos-y-proyectos\/wpml\/","og_locale":"es_ES","og_type":"article","og_title":"Equipo de WPML - OnTheGoSystems","og_url":"https:\/\/onthegosystems.com\/es\/equipos-y-proyectos\/wpml\/","og_site_name":"OnTheGoSystems","article_modified_time":"2025-09-08T07:06:53+00:00","og_image":[{"width":152,"height":158,"url":"https:\/\/onthegosystems.com\/wp-content\/uploads\/2025\/04\/WPML-Logo-min.png","type":"image\/png"}],"twitter_card":"summary_large_image","twitter_misc":{"Tiempo de lectura":"2 minutos"},"schema":{"@context":"https:\/\/schema.org","@graph":[{"@type":"WebPage","@id":"https:\/\/onthegosystems.com\/es\/equipos-y-proyectos\/wpml\/","url":"https:\/\/onthegosystems.com\/es\/equipos-y-proyectos\/wpml\/","name":"Equipo de WPML - OnTheGoSystems","isPartOf":{"@id":"https:\/\/onthegosystems.com\/es\/#website"},"primaryImageOfPage":{"@id":"https:\/\/onthegosystems.com\/es\/equipos-y-proyectos\/wpml\/#primaryimage"},"image":{"@id":"https:\/\/onthegosystems.com\/es\/equipos-y-proyectos\/wpml\/#primaryimage"},"thumbnailUrl":"https:\/\/onthegosystems.com\/wp-content\/uploads\/2025\/04\/WPML-Logo-min.png","datePublished":"2025-04-03T12:36:28+00:00","dateModified":"2025-09-08T07:06:53+00:00","breadcrumb":{"@id":"https:\/\/onthegosystems.com\/es\/equipos-y-proyectos\/wpml\/#breadcrumb"},"inLanguage":"es","potentialAction":[{"@type":"ReadAction","target":["https:\/\/onthegosystems.com\/es\/equipos-y-proyectos\/wpml\/"]}]},{"@type":"ImageObject","inLanguage":"es","@id":"https:\/\/onthegosystems.com\/es\/equipos-y-proyectos\/wpml\/#primaryimage","url":"https:\/\/onthegosystems.com\/wp-content\/uploads\/2025\/04\/WPML-Logo-min.png","contentUrl":"https:\/\/onthegosystems.com\/wp-content\/uploads\/2025\/04\/WPML-Logo-min.png"},{"@type":"BreadcrumbList","@id":"https:\/\/onthegosystems.com\/es\/equipos-y-proyectos\/wpml\/#breadcrumb","itemListElement":[{"@type":"ListItem","position":1,"name":"Home","item":"https:\/\/onthegosystems.com\/es\/pagina-de-inicio\/"},{"@type":"ListItem","position":2,"name":"Equipos y proyectos","item":"https:\/\/onthegosystems.com\/es\/equipos-y-proyectos\/"},{"@type":"ListItem","position":3,"name":"WPML"}]},{"@type":"WebSite","@id":"https:\/\/onthegosystems.com\/es\/#website","url":"https:\/\/onthegosystems.com\/es\/","name":"OnTheGoSystems","description":"WordPress plugins and professional translation","publisher":{"@id":"https:\/\/onthegosystems.com\/es\/#organization"},"potentialAction":[{"@type":"SearchAction","target":{"@type":"EntryPoint","urlTemplate":"https:\/\/onthegosystems.com\/es\/?s={search_term_string}"},"query-input":{"@type":"PropertyValueSpecification","valueRequired":true,"valueName":"search_term_string"}}],"inLanguage":"es"},{"@type":"Organization","@id":"https:\/\/onthegosystems.com\/es\/#organization","name":"OnTheGoSystems","url":"https:\/\/onthegosystems.com\/es\/","logo":{"@type":"ImageObject","inLanguage":"es","@id":"https:\/\/onthegosystems.com\/es\/#\/schema\/logo\/image\/","url":"https:\/\/onthegosystems.com\/wp-content\/uploads\/2020\/07\/cropped-favicon.png","contentUrl":"https:\/\/onthegosystems.com\/wp-content\/uploads\/2020\/07\/cropped-favicon.png","width":512,"height":512,"caption":"OnTheGoSystems"},"image":{"@id":"https:\/\/onthegosystems.com\/es\/#\/schema\/logo\/image\/"}}]}},"_links":{"self":[{"href":"https:\/\/onthegosystems.com\/es\/wp-json\/wp\/v2\/pages\/26429","targetHints":{"allow":["GET"]}}],"collection":[{"href":"https:\/\/onthegosystems.com\/es\/wp-json\/wp\/v2\/pages"}],"about":[{"href":"https:\/\/onthegosystems.com\/es\/wp-json\/wp\/v2\/types\/page"}],"author":[{"embeddable":true,"href":"https:\/\/onthegosystems.com\/es\/wp-json\/wp\/v2\/users\/34"}],"replies":[{"embeddable":true,"href":"https:\/\/onthegosystems.com\/es\/wp-json\/wp\/v2\/comments?post=26429"}],"version-history":[{"count":5,"href":"https:\/\/onthegosystems.com\/es\/wp-json\/wp\/v2\/pages\/26429\/revisions"}],"predecessor-version":[{"id":28855,"href":"https:\/\/onthegosystems.com\/es\/wp-json\/wp\/v2\/pages\/26429\/revisions\/28855"}],"up":[{"embeddable":true,"href":"https:\/\/onthegosystems.com\/es\/wp-json\/wp\/v2\/pages\/25603"}],"wp:attachment":[{"href":"https:\/\/onthegosystems.com\/es\/wp-json\/wp\/v2\/media?parent=26429"}],"curies":[{"name":"wp","href":"https:\/\/api.w.org\/{rel}","templated":true}]}}