{"id":22902,"date":"2024-06-12T13:27:23","date_gmt":"2024-06-12T13:27:23","guid":{"rendered":"https:\/\/onthegosystems.com\/wp-compatibility-politique-en-matiere-de-marques\/"},"modified":"2025-09-08T07:08:47","modified_gmt":"2025-09-08T07:08:47","slug":"wp-compatibility-politique-en-matiere-de-marques","status":"publish","type":"page","link":"https:\/\/onthegosystems.com\/fr\/juridique\/wp-compatibility-politique-en-matiere-de-marques\/","title":{"rendered":"Politique de marque WP-compatibility"},"content":{"rendered":"<p><strong>Principes d&rsquo;utilisation de la marque WP-compatibility<\/strong><\/p>\n<p>OnTheGoSystems Limited d\u00e9tient et supervise la marque WP-Compatibility. Ainsi, toute utilisation du nom dans le cadre d&rsquo;un projet, produit, service, domaine ou nom d&rsquo;entreprise identique ou similaire \u00e0 la marque WP-Compatibility est non autoris\u00e9e. <\/p>\n<p>Cependant, OnTheGoSystems Limited applique plusieurs principes pour autoriser l&rsquo;utilisation de la marque.<\/p>\n<p>Ce qui suit clarifie comment les entreprises et projets li\u00e9s \u00e0 OnTheGoSystems sont autoris\u00e9s \u00e0 utiliser le nom WP-Compatibility, et comment les entreprises et projets li\u00e9s \u00e0 OnTheGoSystems ne peuvent pas l&rsquo;utiliser.<\/p>\n<ol>\n<li>OnTheGoSystems Limited souhaite que d&rsquo;autres utilisent la marque WP-Compatibility d&rsquo;une mani\u00e8re qui favorisera les activit\u00e9s d&rsquo;OnTheGoSystems Limited.<\/li>\n<li>OnTheGoSystems Limited souhaite refuser \u00e0 quiconque l&rsquo;utilisation du nom WP-Compatibility pour en tirer un profit d\u00e9loyal ou cr\u00e9er de la confusion chez ceux qui recherchent des ressources officielles OnTheGoSystems.<\/li>\n<\/ol>\n<p><strong>Politique d&rsquo;utilisation de la marque WP-compatibility<\/strong><\/p>\n<p>OnTheGoSystems Limited emp\u00eachera l&rsquo;utilisation non autoris\u00e9e du nom dans le cadre d&rsquo;un projet, produit, service, domaine ou nom d&rsquo;entreprise identique ou similaire \u00e0 la marque WP-Compatibility.<\/p>\n<p>Cependant, OnTheGoSystems Limited peut accorder l&rsquo;autorisation \u00e0 une personne ou \u00e0 une soci\u00e9t\u00e9 (ci-apr\u00e8s \u00ab utilisateur \u00bb) d&rsquo;utiliser le nom WP-Compatibility pour des projets r\u00e9pondant \u00e0 TOUS les crit\u00e8res suivants :<\/p>\n<ul>\n<li>Le projet de l&rsquo;utilisateur fait la promotion des produits et services OnTheGoSystems<\/li>\n<li>Le projet de l&rsquo;utilisateur est de nature non commerciale, excluant la couverture des co\u00fbts ou la contribution \u00e0 des entit\u00e9s \u00e0 but non lucratif. L&rsquo;utilisation de la marque WP-Compatibility pour tout projet \u00e0 but lucratif est consid\u00e9r\u00e9e comme une utilisation non autoris\u00e9e. <\/li>\n<li>Le projet de l&rsquo;utilisateur ne fait pas la promotion d&rsquo;entit\u00e9s qui ne respectent pas la licence GPL (General Public License).<\/li>\n<li>Le projet de l&rsquo;utilisateur n&rsquo;est pas associ\u00e9 \u00e0 des entit\u00e9s qui ne respectent pas la licence GPL.<\/li>\n<\/ul>\n<p><strong>Utilisation autoris\u00e9e de la marque WP-compatibility<\/strong><\/p>\n<p>Si le projet de l&rsquo;utilisateur r\u00e9pond \u00e0 tous ces crit\u00e8res, OnTheGoSystems Limited autorise l&rsquo;utilisation du nom WP-Compatibility pour tout usage qui ne fait pas partie d&rsquo;un nom de domaine.<br \/>\nL&rsquo;utilisation autoris\u00e9e du nom WP-Compatibility est uniquement pour faire r\u00e9f\u00e9rence aux services de l&rsquo;utilisateur et\/ou les expliquer. L&rsquo;utilisateur n&rsquo;est pas autoris\u00e9 \u00e0 utiliser le nom WP-Compatibility dans le cadre d&rsquo;un nom de produit, projet, service, domaine ou entreprise. L&rsquo;utilisateur n&rsquo;est pas autoris\u00e9 \u00e0 utiliser le nom WP-Compatibility de mani\u00e8re \u00e0 sugg\u00e9rer une affiliation avec ou un soutien d&rsquo;OnTheGoSystems Limited ou du projet open source OnTheGoSystems.  <\/p>\n<p><strong>Exemples d&rsquo;utilisation autoris\u00e9e de la marque WP-compatibility<\/strong><\/p>\n<p>Par exemple, un utilisateur \u00e9tant une soci\u00e9t\u00e9 de conseil peut d\u00e9crire son activit\u00e9 comme une soci\u00e9t\u00e9 de services Web, offrant des produits ou services sous le conseil WP-Compatibility pour les petites entreprises ; l&rsquo;utilisateur \u00e9tant une soci\u00e9t\u00e9 de conseil ne peut pas appeler son entreprise \u00ab The WP-Compatibility Consulting Company \u00bb.<\/p>\n<p>Un utilisateur peut mentionner le nom WP-Compatibility dans le cadre d&rsquo;une page qui d\u00e9crit les produits ou services de l&rsquo;utilisateur ; l&rsquo;utilisateur ne peut pas utiliser le nom WP-Compatibility dans le cadre de l&rsquo;image de marque de l&rsquo;entreprise ou du produit de l&rsquo;utilisateur lui-m\u00eame.<\/p>\n<p>Aucun utilisateur n&rsquo;est autoris\u00e9 \u00e0 utiliser le nom WP-Compatibility dans le cadre d&rsquo;un nom de domaine, ou \u00e0 utiliser la marque dans la publicit\u00e9.<\/p>\n<p><strong>R\u00e9sum\u00e9<\/strong><\/p>\n<p>Cette politique n&rsquo;est pas destin\u00e9e \u00e0 limiter l&rsquo;activit\u00e9 commerciale autour d&rsquo;OnTheGoSystems. OnTheGoSystems encourage les entreprises bas\u00e9es sur OnTheGoSystems, et beaucoup d&rsquo;entre elles prosp\u00e8rent en conformit\u00e9 avec cette politique. <\/p>\n<p>L&rsquo;abr\u00e9viation \u00ab WP \u00bb n&rsquo;est pas couverte par la marque WP-Compatibility, et peut \u00eatre utilis\u00e9e librement de toute mani\u00e8re.<\/p>\n<p>En cas de doute concernant votre utilisation du nom WP-Compatibility, veuillez <a title=\"Contactez-nous\" href=\"https:\/\/onthegosystems.com\/fr\/contact\/\">contacter<\/a> OnTheGoSystems Limited pour clarification.<\/p>\n","protected":false},"excerpt":{"rendered":"<p>Principes d&rsquo;utilisation de la marque WP-compatibility OnTheGoSystems Limited d\u00e9tient et supervise la marque WP-Compatibility. Ainsi, toute utilisation du nom dans le cadre d&rsquo;un projet, produit, service, domaine ou nom d&rsquo;entreprise identique ou similaire \u00e0 la marque WP-Compatibility est non autoris\u00e9e. Cependant, OnTheGoSystems Limited applique plusieurs principes pour autoriser l&rsquo;utilisation de la marque. Ce qui suit [&hellip;]<\/p>\n","protected":false},"author":3,"featured_media":0,"parent":22971,"menu_order":0,"comment_status":"open","ping_status":"open","template":"","meta":{"footnotes":""},"class_list":["post-22902","page","type-page","status-publish","hentry"],"yoast_head":"<!-- This site is optimized with the Yoast SEO plugin v27.3 - https:\/\/yoast.com\/product\/yoast-seo-wordpress\/ -->\n<title>Politique de marque WP-compatibility - OnTheGoSystems<\/title>\n<meta name=\"robots\" content=\"index, follow, max-snippet:-1, max-image-preview:large, max-video-preview:-1\" \/>\n<link rel=\"canonical\" href=\"https:\/\/onthegosystems.com\/fr\/juridique\/wp-compatibility-politique-en-matiere-de-marques\/\" \/>\n<meta property=\"og:locale\" content=\"fr_FR\" \/>\n<meta property=\"og:type\" content=\"article\" \/>\n<meta property=\"og:title\" content=\"Politique de marque WP-compatibility - OnTheGoSystems\" \/>\n<meta property=\"og:description\" content=\"Principes d&rsquo;utilisation de la marque WP-compatibility OnTheGoSystems Limited d\u00e9tient et supervise la marque WP-Compatibility. Ainsi, toute utilisation du nom dans le cadre d&rsquo;un projet, produit, service, domaine ou nom d&rsquo;entreprise identique ou similaire \u00e0 la marque WP-Compatibility est non autoris\u00e9e. Cependant, OnTheGoSystems Limited applique plusieurs principes pour autoriser l&rsquo;utilisation de la marque. Ce qui suit [&hellip;]\" \/>\n<meta property=\"og:url\" content=\"https:\/\/onthegosystems.com\/fr\/juridique\/wp-compatibility-politique-en-matiere-de-marques\/\" \/>\n<meta property=\"og:site_name\" content=\"OnTheGoSystems\" \/>\n<meta property=\"article:modified_time\" content=\"2025-09-08T07:08:47+00:00\" \/>\n<meta name=\"twitter:card\" content=\"summary_large_image\" \/>\n<meta name=\"twitter:label1\" content=\"Dur\u00e9e de lecture estim\u00e9e\" \/>\n\t<meta name=\"twitter:data1\" content=\"3 minutes\" \/>\n<script type=\"application\/ld+json\" class=\"yoast-schema-graph\">{\"@context\":\"https:\\\/\\\/schema.org\",\"@graph\":[{\"@type\":\"WebPage\",\"@id\":\"https:\\\/\\\/onthegosystems.com\\\/fr\\\/juridique\\\/wp-compatibility-politique-en-matiere-de-marques\\\/\",\"url\":\"https:\\\/\\\/onthegosystems.com\\\/fr\\\/juridique\\\/wp-compatibility-politique-en-matiere-de-marques\\\/\",\"name\":\"Politique de marque WP-compatibility - OnTheGoSystems\",\"isPartOf\":{\"@id\":\"https:\\\/\\\/onthegosystems.com\\\/fr\\\/#website\"},\"datePublished\":\"2024-06-12T13:27:23+00:00\",\"dateModified\":\"2025-09-08T07:08:47+00:00\",\"breadcrumb\":{\"@id\":\"https:\\\/\\\/onthegosystems.com\\\/fr\\\/juridique\\\/wp-compatibility-politique-en-matiere-de-marques\\\/#breadcrumb\"},\"inLanguage\":\"fr-FR\",\"potentialAction\":[{\"@type\":\"ReadAction\",\"target\":[\"https:\\\/\\\/onthegosystems.com\\\/fr\\\/juridique\\\/wp-compatibility-politique-en-matiere-de-marques\\\/\"]}]},{\"@type\":\"BreadcrumbList\",\"@id\":\"https:\\\/\\\/onthegosystems.com\\\/fr\\\/juridique\\\/wp-compatibility-politique-en-matiere-de-marques\\\/#breadcrumb\",\"itemListElement\":[{\"@type\":\"ListItem\",\"position\":1,\"name\":\"Home\",\"item\":\"https:\\\/\\\/onthegosystems.com\\\/fr\\\/page-daccueil\\\/\"},{\"@type\":\"ListItem\",\"position\":2,\"name\":\"Juridique\",\"item\":\"https:\\\/\\\/onthegosystems.com\\\/fr\\\/juridique\\\/\"},{\"@type\":\"ListItem\",\"position\":3,\"name\":\"Politique de marque WP-compatibility\"}]},{\"@type\":\"WebSite\",\"@id\":\"https:\\\/\\\/onthegosystems.com\\\/fr\\\/#website\",\"url\":\"https:\\\/\\\/onthegosystems.com\\\/fr\\\/\",\"name\":\"OnTheGoSystems\",\"description\":\"WordPress plugins and professional translation\",\"publisher\":{\"@id\":\"https:\\\/\\\/onthegosystems.com\\\/fr\\\/#organization\"},\"potentialAction\":[{\"@type\":\"SearchAction\",\"target\":{\"@type\":\"EntryPoint\",\"urlTemplate\":\"https:\\\/\\\/onthegosystems.com\\\/fr\\\/?s={search_term_string}\"},\"query-input\":{\"@type\":\"PropertyValueSpecification\",\"valueRequired\":true,\"valueName\":\"search_term_string\"}}],\"inLanguage\":\"fr-FR\"},{\"@type\":\"Organization\",\"@id\":\"https:\\\/\\\/onthegosystems.com\\\/fr\\\/#organization\",\"name\":\"OnTheGoSystems\",\"url\":\"https:\\\/\\\/onthegosystems.com\\\/fr\\\/\",\"logo\":{\"@type\":\"ImageObject\",\"inLanguage\":\"fr-FR\",\"@id\":\"https:\\\/\\\/onthegosystems.com\\\/fr\\\/#\\\/schema\\\/logo\\\/image\\\/\",\"url\":\"https:\\\/\\\/onthegosystems.com\\\/wp-content\\\/uploads\\\/2020\\\/07\\\/cropped-favicon.png\",\"contentUrl\":\"https:\\\/\\\/onthegosystems.com\\\/wp-content\\\/uploads\\\/2020\\\/07\\\/cropped-favicon.png\",\"width\":512,\"height\":512,\"caption\":\"OnTheGoSystems\"},\"image\":{\"@id\":\"https:\\\/\\\/onthegosystems.com\\\/fr\\\/#\\\/schema\\\/logo\\\/image\\\/\"}}]}<\/script>\n<!-- \/ Yoast SEO plugin. -->","yoast_head_json":{"title":"Politique de marque WP-compatibility - OnTheGoSystems","robots":{"index":"index","follow":"follow","max-snippet":"max-snippet:-1","max-image-preview":"max-image-preview:large","max-video-preview":"max-video-preview:-1"},"canonical":"https:\/\/onthegosystems.com\/fr\/juridique\/wp-compatibility-politique-en-matiere-de-marques\/","og_locale":"fr_FR","og_type":"article","og_title":"Politique de marque WP-compatibility - OnTheGoSystems","og_description":"Principes d&rsquo;utilisation de la marque WP-compatibility OnTheGoSystems Limited d\u00e9tient et supervise la marque WP-Compatibility. Ainsi, toute utilisation du nom dans le cadre d&rsquo;un projet, produit, service, domaine ou nom d&rsquo;entreprise identique ou similaire \u00e0 la marque WP-Compatibility est non autoris\u00e9e. Cependant, OnTheGoSystems Limited applique plusieurs principes pour autoriser l&rsquo;utilisation de la marque. Ce qui suit [&hellip;]","og_url":"https:\/\/onthegosystems.com\/fr\/juridique\/wp-compatibility-politique-en-matiere-de-marques\/","og_site_name":"OnTheGoSystems","article_modified_time":"2025-09-08T07:08:47+00:00","twitter_card":"summary_large_image","twitter_misc":{"Dur\u00e9e de lecture estim\u00e9e":"3 minutes"},"schema":{"@context":"https:\/\/schema.org","@graph":[{"@type":"WebPage","@id":"https:\/\/onthegosystems.com\/fr\/juridique\/wp-compatibility-politique-en-matiere-de-marques\/","url":"https:\/\/onthegosystems.com\/fr\/juridique\/wp-compatibility-politique-en-matiere-de-marques\/","name":"Politique de marque WP-compatibility - OnTheGoSystems","isPartOf":{"@id":"https:\/\/onthegosystems.com\/fr\/#website"},"datePublished":"2024-06-12T13:27:23+00:00","dateModified":"2025-09-08T07:08:47+00:00","breadcrumb":{"@id":"https:\/\/onthegosystems.com\/fr\/juridique\/wp-compatibility-politique-en-matiere-de-marques\/#breadcrumb"},"inLanguage":"fr-FR","potentialAction":[{"@type":"ReadAction","target":["https:\/\/onthegosystems.com\/fr\/juridique\/wp-compatibility-politique-en-matiere-de-marques\/"]}]},{"@type":"BreadcrumbList","@id":"https:\/\/onthegosystems.com\/fr\/juridique\/wp-compatibility-politique-en-matiere-de-marques\/#breadcrumb","itemListElement":[{"@type":"ListItem","position":1,"name":"Home","item":"https:\/\/onthegosystems.com\/fr\/page-daccueil\/"},{"@type":"ListItem","position":2,"name":"Juridique","item":"https:\/\/onthegosystems.com\/fr\/juridique\/"},{"@type":"ListItem","position":3,"name":"Politique de marque WP-compatibility"}]},{"@type":"WebSite","@id":"https:\/\/onthegosystems.com\/fr\/#website","url":"https:\/\/onthegosystems.com\/fr\/","name":"OnTheGoSystems","description":"WordPress plugins and professional translation","publisher":{"@id":"https:\/\/onthegosystems.com\/fr\/#organization"},"potentialAction":[{"@type":"SearchAction","target":{"@type":"EntryPoint","urlTemplate":"https:\/\/onthegosystems.com\/fr\/?s={search_term_string}"},"query-input":{"@type":"PropertyValueSpecification","valueRequired":true,"valueName":"search_term_string"}}],"inLanguage":"fr-FR"},{"@type":"Organization","@id":"https:\/\/onthegosystems.com\/fr\/#organization","name":"OnTheGoSystems","url":"https:\/\/onthegosystems.com\/fr\/","logo":{"@type":"ImageObject","inLanguage":"fr-FR","@id":"https:\/\/onthegosystems.com\/fr\/#\/schema\/logo\/image\/","url":"https:\/\/onthegosystems.com\/wp-content\/uploads\/2020\/07\/cropped-favicon.png","contentUrl":"https:\/\/onthegosystems.com\/wp-content\/uploads\/2020\/07\/cropped-favicon.png","width":512,"height":512,"caption":"OnTheGoSystems"},"image":{"@id":"https:\/\/onthegosystems.com\/fr\/#\/schema\/logo\/image\/"}}]}},"_links":{"self":[{"href":"https:\/\/onthegosystems.com\/fr\/wp-json\/wp\/v2\/pages\/22902","targetHints":{"allow":["GET"]}}],"collection":[{"href":"https:\/\/onthegosystems.com\/fr\/wp-json\/wp\/v2\/pages"}],"about":[{"href":"https:\/\/onthegosystems.com\/fr\/wp-json\/wp\/v2\/types\/page"}],"author":[{"embeddable":true,"href":"https:\/\/onthegosystems.com\/fr\/wp-json\/wp\/v2\/users\/3"}],"replies":[{"embeddable":true,"href":"https:\/\/onthegosystems.com\/fr\/wp-json\/wp\/v2\/comments?post=22902"}],"version-history":[{"count":3,"href":"https:\/\/onthegosystems.com\/fr\/wp-json\/wp\/v2\/pages\/22902\/revisions"}],"predecessor-version":[{"id":28882,"href":"https:\/\/onthegosystems.com\/fr\/wp-json\/wp\/v2\/pages\/22902\/revisions\/28882"}],"up":[{"embeddable":true,"href":"https:\/\/onthegosystems.com\/fr\/wp-json\/wp\/v2\/pages\/22971"}],"wp:attachment":[{"href":"https:\/\/onthegosystems.com\/fr\/wp-json\/wp\/v2\/media?parent=22902"}],"curies":[{"name":"wp","href":"https:\/\/api.w.org\/{rel}","templated":true}]}}