{"id":22991,"date":"2024-06-12T13:28:39","date_gmt":"2024-06-12T13:28:39","guid":{"rendered":"https:\/\/onthegosystems.com\/concours-artistique-de-lotgs\/"},"modified":"2025-09-08T07:08:06","modified_gmt":"2025-09-08T07:08:06","slug":"concours-artistique-de-lotgs","status":"publish","type":"page","link":"https:\/\/onthegosystems.com\/fr\/actualites-onthegosystems\/concours-artistique-de-lotgs\/","title":{"rendered":"Concours d&rsquo;art OTGS"},"content":{"rendered":"\n<p>Le premier concours d&rsquo;art OTGS s&rsquo;est d\u00e9roul\u00e9 du 19 ao\u00fbt 2019 au 27 septembre 2019.<\/p>\n\n<h2 class=\"wp-block-heading\">Soumission n\u00b01<\/h2>\n\n<div class=\"wp-block-columns has-2-columns is-layout-flex wp-container-core-columns-is-layout-9d6595d7 wp-block-columns-is-layout-flex\">\n<div class=\"wp-block-column is-layout-flow wp-block-column-is-layout-flow\">\n<p><strong>Ouverture d&rsquo;esprit et cr\u00e9ativit\u00e9<\/strong><\/p>\n\n\n\n<p>  &#8211; J&rsquo;ai pris une bo\u00eete \u00e0 musique ordinaire, vous savez celle que vous pouvez acheter avec un certain air qui joue quand vous tournez sa manivelle.<br\/>&#8211; J&rsquo;ai install\u00e9 mon \u00e9quipement d&rsquo;enregistrement et j&rsquo;ai enregistr\u00e9 chacune des notes de la bo\u00eete \u00e0 musique, une par une, s\u00e9par\u00e9ment.<br\/>&#8211; J&rsquo;ai ensuite coup\u00e9 toutes ces notes et les ai transform\u00e9es en \u00e9chantillons s\u00e9par\u00e9s.<br\/>&#8211; Puis, j&rsquo;ai cr\u00e9\u00e9 mon propre \u00ab instrument VST \u00bb personnalis\u00e9 bas\u00e9 sur mes \u00e9chantillons. En gros, un instrument VST est un logiciel que vous pouvez ins\u00e9rer dans un logiciel de cr\u00e9ation musicale (Cubase, Ableton Live, etc.) et le jouer comme un instrument. <br\/>&#8211; Donc, voici comment cela fonctionne : vous lancez votre logiciel principal de cr\u00e9ation musicale, vous chargez l&rsquo;instrument virtuel, puis vous utilisez un clavier connect\u00e9 \u00e0 votre ordinateur pour jouer cet instrument. Lorsque vous appuyez sur une note du clavier, cela d\u00e9clenche la lecture de l&rsquo;un des \u00e9chantillons que j&rsquo;ai cr\u00e9\u00e9s en enregistrant ma bo\u00eete \u00e0 musique. <br\/>&#8211; Le meilleur, c&rsquo;est que je peux partager l&rsquo;instrument VST avec n&rsquo;importe qui et ils peuvent l&rsquo;utiliser pour cr\u00e9er leur propre musique.<\/p>\n\n\n\n<div class=\"wp-block-image\"><figure class=\"alignleft is-resized\"><img decoding=\"async\" data-src=\"https:\/\/onthegosystems.com\/wp-content\/uploads\/2014\/04\/dario2-wpcf_145x145.jpg\" alt=\"\" class=\"wp-image-5974 lazyload\" width=\"60\" height=\"60\" src=\"data:image\/svg+xml;base64,PHN2ZyB3aWR0aD0iMSIgaGVpZ2h0PSIxIiB4bWxucz0iaHR0cDovL3d3dy53My5vcmcvMjAwMC9zdmciPjwvc3ZnPg==\" style=\"--smush-placeholder-width: 60px; --smush-placeholder-aspect-ratio: 60\/60;\" \/><\/figure><\/div>\n\n\n\n<p><strong>Dario jazbec hrvatin<\/strong> <br\/>documentation<\/p>\n<\/div>\n\n\n\n<div class=\"wp-block-column is-layout-flow wp-block-column-is-layout-flow\">\n<figure class=\"wp-block-audio\"><audio controls=\"\" src=\"https:\/\/onthegosystems.com\/wp-content\/uploads\/2019\/10\/Toy-In-The-Rain.mp3\"><\/audio><figcaption>Jouet sous la pluie<\/figcaption><\/figure>\n<\/div>\n<\/div>\n\n<h2 class=\"wp-block-heading\">Soumission n\u00b02<\/h2>\n\n<div class=\"wp-block-columns has-2-columns is-layout-flex wp-container-core-columns-is-layout-9d6595d7 wp-block-columns-is-layout-flex\">\n<div class=\"wp-block-column is-layout-flow wp-block-column-is-layout-flow\">\n<figure class=\"wp-block-image\"><img decoding=\"async\" width=\"1024\" height=\"1024\" data-src=\"https:\/\/onthegosystems.com\/wp-content\/uploads\/2019\/10\/sand-table-1024x1024.jpg\" alt=\"\" class=\"wp-image-6225 lazyload\" data-srcset=\"https:\/\/onthegosystems.com\/wp-content\/uploads\/2019\/10\/sand-table-1024x1024.jpg 1024w, https:\/\/onthegosystems.com\/wp-content\/uploads\/2019\/10\/sand-table-1024x1024-150x150.jpg 150w, https:\/\/onthegosystems.com\/wp-content\/uploads\/2019\/10\/sand-table-1024x1024-300x300.jpg 300w, https:\/\/onthegosystems.com\/wp-content\/uploads\/2019\/10\/sand-table-1024x1024-400x400.jpg 400w, https:\/\/onthegosystems.com\/wp-content\/uploads\/2019\/10\/sand-table-1024x1024-600x600.jpg 600w\" data-sizes=\"(max-width: 1024px) 100vw, 1024px\" src=\"data:image\/svg+xml;base64,PHN2ZyB3aWR0aD0iMSIgaGVpZ2h0PSIxIiB4bWxucz0iaHR0cDovL3d3dy53My5vcmcvMjAwMC9zdmciPjwvc3ZnPg==\" style=\"--smush-placeholder-width: 1024px; --smush-placeholder-aspect-ratio: 1024\/1024;\" \/><\/figure>\n<\/div>\n\n\n\n<div class=\"wp-block-column is-layout-flow wp-block-column-is-layout-flow\">\n<p><strong>#la qualit\u00e9 d&rsquo;abord <\/strong><br\/>Ce projet impliquait une ing\u00e9nierie d\u00e9taill\u00e9e, l&rsquo;apprentissage de nouvelles comp\u00e9tences \u00e0 la fois manuelles et technologiques, et des MATH\u00c9MATIQUES pour produire de beaux motifs.<\/p>\n\n\n\n<p><strong>#ouverture d&rsquo;esprit et cr\u00e9ativit\u00e9 <\/strong><br\/>Quand j&rsquo;ai commenc\u00e9 ceci, je ne savais pas comment cela se d\u00e9roulerait. Chaque fois qu&rsquo;il y avait un obstacle, j&rsquo;ai d\u00fb trouver des solutions pour continuer \u00e0 avancer. Dans l&rsquo;ensemble, le r\u00e9sultat est bien meilleur que ce que j&rsquo;avais imagin\u00e9.   <\/p>\n\n\n\n<div class=\"wp-block-image\"><figure class=\"alignleft is-resized\"><img decoding=\"async\" data-src=\"https:\/\/onthegosystems.com\/wp-content\/uploads\/2013\/10\/Bruce2-wpcf_145x145.jpg\" alt=\"\" class=\"wp-image-5980 lazyload\" width=\"50\" height=\"50\" src=\"data:image\/svg+xml;base64,PHN2ZyB3aWR0aD0iMSIgaGVpZ2h0PSIxIiB4bWxucz0iaHR0cDovL3d3dy53My5vcmcvMjAwMC9zdmciPjwvc3ZnPg==\" style=\"--smush-placeholder-width: 50px; --smush-placeholder-aspect-ratio: 50\/50;\" \/><\/figure><\/div>\n\n\n\n<p><strong>Bruce Pearson<\/strong> <br\/>D\u00e9veloppeur WPML<\/p>\n<\/div>\n<\/div>\n\n<h2 class=\"wp-block-heading\">Soumission n\u00b03<\/h2>\n\n<div class=\"wp-block-columns has-2-columns is-layout-flex wp-container-core-columns-is-layout-9d6595d7 wp-block-columns-is-layout-flex\">\n<div class=\"wp-block-column is-layout-flow wp-block-column-is-layout-flow\">\n<p><\/p>\n\n\n\n<figure class=\"wp-block-audio\"><audio controls=\"\" src=\"https:\/\/onthegosystems.com\/wp-content\/uploads\/2019\/10\/Company-values.mp3\"><\/audio><figcaption>Valeurs de l&rsquo;entreprise<\/figcaption><\/figure>\n<\/div>\n\n\n\n<div class=\"wp-block-column is-layout-flow wp-block-column-is-layout-flow\">\n<p><strong>#La qualit\u00e9 d&rsquo;abord<br\/>#Excellent soutien<br\/>#Ouverture d&rsquo;esprit et cr\u00e9ativit\u00e9<br\/>#Attitude positive <br\/>#Honn\u00eatet\u00e9  <\/strong><\/p>\n\n\n\n<p>L&rsquo;une de mes comp\u00e9tences est la musique, alors j&rsquo;ai pens\u00e9 que ce serait un beau d\u00e9fi pour moi d&rsquo;essayer de cr\u00e9er une chanson qui parlerait des valeurs de notre entreprise. Je voulais aussi que ce soit \u00e0 la fois amusant et pratique. <br\/><br\/>Alors j&rsquo;ai pris ma guitare et j&rsquo;ai pass\u00e9 du temps \u00e0 trouver une id\u00e9e instrumentale &#8211; en faisant cela, j&rsquo;essayais aussi de rassembler quelques paroles qui s&rsquo;accorderaient et rimeraient bien avec l&rsquo;instrumental.<br\/><br\/>Je ne voulais pas que la chanson ait un rythme trop rapide mais je ne voulais pas non plus qu&rsquo;elle soit super lente et ennuyeuse, alors apr\u00e8s avoir pass\u00e9 quelques heures dessus (peut-\u00eatre 2-3 au total pour tout assembler) et apr\u00e8s l&rsquo;avoir enregistr\u00e9e plusieurs fois jusqu&rsquo;\u00e0 obtenir une version qui me plaisait (je pense avoir pass\u00e9 environ 1 heure au total), j&rsquo;en suis arriv\u00e9 \u00e0 cette id\u00e9e.<\/p>\n\n\n\n<div class=\"wp-block-image\"><figure class=\"alignleft is-resized\"><img decoding=\"async\" data-src=\"https:\/\/onthegosystems.com\/wp-content\/uploads\/2018\/07\/Mihai-Apetrei-wpcf_145x145.jpg\" alt=\"\" class=\"wp-image-5956 lazyload\" width=\"50\" height=\"50\" src=\"data:image\/svg+xml;base64,PHN2ZyB3aWR0aD0iMSIgaGVpZ2h0PSIxIiB4bWxucz0iaHR0cDovL3d3dy53My5vcmcvMjAwMC9zdmciPjwvc3ZnPg==\" style=\"--smush-placeholder-width: 50px; --smush-placeholder-aspect-ratio: 50\/50;\" \/><\/figure><\/div>\n\n\n\n<p><strong>Mihai apetrei<br\/><\/strong>Soutien WPML<\/p>\n<\/div>\n<\/div>\n\n<h2 class=\"wp-block-heading\">Soumission n\u00b04<\/h2>\n\n<div class=\"wp-block-columns has-2-columns is-layout-flex wp-container-core-columns-is-layout-9d6595d7 wp-block-columns-is-layout-flex\">\n<div class=\"wp-block-column is-layout-flow wp-block-column-is-layout-flow\">\n<p><strong>#La qualit\u00e9 d&rsquo;abord<br\/>#Excellent soutien<br\/>#Ouverture d&rsquo;esprit et cr\u00e9ativit\u00e9<br\/>#Attitude positive <br\/>#Honn\u00eatet\u00e9 <\/strong><br\/>Toutes les valeurs sont applicables \u00e0 un b\u00e9b\u00e9. :D   <\/p>\n\n\n\n<div class=\"wp-block-image\"><figure class=\"alignleft is-resized\"><img decoding=\"async\" data-src=\"https:\/\/onthegosystems.com\/wp-content\/uploads\/2014\/03\/Vuk1-wpcf_145x145.jpg\" alt=\"\" class=\"wp-image-5935 lazyload\" width=\"50\" height=\"50\" src=\"data:image\/svg+xml;base64,PHN2ZyB3aWR0aD0iMSIgaGVpZ2h0PSIxIiB4bWxucz0iaHR0cDovL3d3dy53My5vcmcvMjAwMC9zdmciPjwvc3ZnPg==\" style=\"--smush-placeholder-width: 50px; --smush-placeholder-aspect-ratio: 50\/50;\" \/><\/figure><\/div>\n\n\n\n<p><strong>Vuk vukovic<\/strong> <br\/>compatibilit\u00e9<\/p>\n<\/div>\n\n\n\n<div class=\"wp-block-column is-layout-flow wp-block-column-is-layout-flow\">\n<figure class=\"wp-block-image\"><a href=\"https:\/\/ourblog.onthegosystems.com\/wp-content\/uploads\/2019\/10\/baby.jpg\"><img decoding=\"async\" width=\"1024\" height=\"683\" data-src=\"https:\/\/onthegosystems.com\/wp-content\/uploads\/2019\/10\/baby-1024x683.jpg\" alt=\"\" class=\"wp-image-6230 lazyload\" data-srcset=\"https:\/\/onthegosystems.com\/wp-content\/uploads\/2019\/10\/baby-1024x683.jpg 1024w, https:\/\/onthegosystems.com\/wp-content\/uploads\/2019\/10\/baby-300x200.jpg 300w, https:\/\/onthegosystems.com\/wp-content\/uploads\/2019\/10\/baby-600x400.jpg 600w, https:\/\/onthegosystems.com\/wp-content\/uploads\/2019\/10\/baby.jpg 2000w\" data-sizes=\"(max-width: 1024px) 100vw, 1024px\" src=\"data:image\/svg+xml;base64,PHN2ZyB3aWR0aD0iMSIgaGVpZ2h0PSIxIiB4bWxucz0iaHR0cDovL3d3dy53My5vcmcvMjAwMC9zdmciPjwvc3ZnPg==\" style=\"--smush-placeholder-width: 1024px; --smush-placeholder-aspect-ratio: 1024\/683;\" \/><\/a><figcaption>B\u00e9b\u00e9<\/figcaption><\/figure>\n<\/div>\n<\/div>\n\n<h2 class=\"wp-block-heading\">Soumission n\u00b05<\/h2>\n\n<div class=\"wp-block-columns has-2-columns is-layout-flex wp-container-core-columns-is-layout-9d6595d7 wp-block-columns-is-layout-flex\">\n<div class=\"wp-block-column is-layout-flow wp-block-column-is-layout-flow\">\n<figure class=\"wp-block-audio\"><audio controls=\"\" src=\"https:\/\/onthegosystems.com\/wp-content\/uploads\/2019\/10\/Moses-Pelham-BGMB-Jocire-Remix.mp3\"><\/audio><figcaption>  Moses Pelham &#8211; BGMB jocire remix  <\/figcaption><\/figure>\n<\/div>\n\n\n\n<div class=\"wp-block-column is-layout-flow wp-block-column-is-layout-flow\">\n<p><strong>#Creativity<\/strong><\/p>\n\n\n\n<p>J&rsquo;ai particip\u00e9 \u00e0 un concours il y a environ 2 ans, dans le but de cr\u00e9er un remix. <br\/><br\/>Nous avions l&rsquo;habitude de recevoir un a cappella d&rsquo;un rappeur allemand assez c\u00e9l\u00e8bre et nous devions cr\u00e9er un tout nouvel instrumental autour &#8211; malheureusement je n&rsquo;ai pas gagn\u00e9 le concours mais j&rsquo;aime encore beaucoup la production. Je lui ai donn\u00e9 un nouveau mixage et j&rsquo;aimerais le soumettre sous la valeur fondamentale \u00ab cr\u00e9ativit\u00e9 \u00bb.  <\/p>\n\n\n\n<div class=\"wp-block-image\"><figure class=\"alignleft is-resized\"><img decoding=\"async\" data-src=\"https:\/\/onthegosystems.com\/wp-content\/uploads\/2018\/11\/andreas-wpcf_145x145.jpg\" alt=\"\" class=\"wp-image-5983 lazyload\" width=\"50\" height=\"50\" src=\"data:image\/svg+xml;base64,PHN2ZyB3aWR0aD0iMSIgaGVpZ2h0PSIxIiB4bWxucz0iaHR0cDovL3d3dy53My5vcmcvMjAwMC9zdmciPjwvc3ZnPg==\" style=\"--smush-placeholder-width: 50px; --smush-placeholder-aspect-ratio: 50\/50;\" \/><\/figure><\/div>\n\n\n\n<p><strong>Andreas walter<\/strong><br\/>Soutien WPML<\/p>\n<\/div>\n<\/div>\n","protected":false},"excerpt":{"rendered":"<p>Le premier concours d&rsquo;art OTGS s&rsquo;est d\u00e9roul\u00e9 du 19 ao\u00fbt 2019 au 27 septembre 2019. Soumission n\u00b01 Ouverture d&rsquo;esprit et cr\u00e9ativit\u00e9 &#8211; J&rsquo;ai pris une bo\u00eete \u00e0 musique ordinaire, vous savez celle que vous pouvez acheter avec un certain air qui joue quand vous tournez sa manivelle.&#8211; J&rsquo;ai install\u00e9 mon \u00e9quipement d&rsquo;enregistrement et j&rsquo;ai enregistr\u00e9 [&hellip;]<\/p>\n","protected":false},"author":19,"featured_media":0,"parent":23006,"menu_order":0,"comment_status":"closed","ping_status":"closed","template":"","meta":{"footnotes":""},"class_list":["post-22991","page","type-page","status-publish","hentry"],"yoast_head":"<!-- This site is optimized with the Yoast SEO plugin v27.4 - https:\/\/yoast.com\/product\/yoast-seo-wordpress\/ -->\n<title>Concours d&#039;art OTGS - OnTheGoSystems<\/title>\n<meta name=\"robots\" content=\"noindex, nofollow\" \/>\n<meta property=\"og:locale\" content=\"fr_FR\" \/>\n<meta property=\"og:type\" content=\"article\" \/>\n<meta property=\"og:title\" content=\"Concours d&#039;art OTGS - OnTheGoSystems\" \/>\n<meta property=\"og:description\" content=\"Le premier concours d&rsquo;art OTGS s&rsquo;est d\u00e9roul\u00e9 du 19 ao\u00fbt 2019 au 27 septembre 2019. Soumission n\u00b01 Ouverture d&rsquo;esprit et cr\u00e9ativit\u00e9 &#8211; J&rsquo;ai pris une bo\u00eete \u00e0 musique ordinaire, vous savez celle que vous pouvez acheter avec un certain air qui joue quand vous tournez sa manivelle.&#8211; J&rsquo;ai install\u00e9 mon \u00e9quipement d&rsquo;enregistrement et j&rsquo;ai enregistr\u00e9 [&hellip;]\" \/>\n<meta property=\"og:url\" content=\"https:\/\/onthegosystems.com\/fr\/actualites-onthegosystems\/concours-artistique-de-lotgs\/\" \/>\n<meta property=\"og:site_name\" content=\"OnTheGoSystems\" \/>\n<meta property=\"article:modified_time\" content=\"2025-09-08T07:08:06+00:00\" \/>\n<meta property=\"og:image\" content=\"https:\/\/onthegosystems.com\/wp-content\/uploads\/2014\/04\/dario2-wpcf_145x145.jpg\" \/>\n\t<meta property=\"og:image:width\" content=\"145\" \/>\n\t<meta property=\"og:image:height\" content=\"145\" \/>\n\t<meta property=\"og:image:type\" content=\"image\/jpeg\" \/>\n<meta name=\"twitter:card\" content=\"summary_large_image\" \/>\n<meta name=\"twitter:label1\" content=\"Dur\u00e9e de lecture estim\u00e9e\" \/>\n\t<meta name=\"twitter:data1\" content=\"3 minutes\" \/>\n<script type=\"application\/ld+json\" class=\"yoast-schema-graph\">{\"@context\":\"https:\\\/\\\/schema.org\",\"@graph\":[{\"@type\":\"WebPage\",\"@id\":\"https:\\\/\\\/onthegosystems.com\\\/fr\\\/actualites-onthegosystems\\\/concours-artistique-de-lotgs\\\/\",\"url\":\"https:\\\/\\\/onthegosystems.com\\\/fr\\\/actualites-onthegosystems\\\/concours-artistique-de-lotgs\\\/\",\"name\":\"Concours d'art OTGS - OnTheGoSystems\",\"isPartOf\":{\"@id\":\"https:\\\/\\\/onthegosystems.com\\\/fr\\\/#website\"},\"primaryImageOfPage\":{\"@id\":\"https:\\\/\\\/onthegosystems.com\\\/fr\\\/actualites-onthegosystems\\\/concours-artistique-de-lotgs\\\/#primaryimage\"},\"image\":{\"@id\":\"https:\\\/\\\/onthegosystems.com\\\/fr\\\/actualites-onthegosystems\\\/concours-artistique-de-lotgs\\\/#primaryimage\"},\"thumbnailUrl\":\"https:\\\/\\\/onthegosystems.com\\\/wp-content\\\/uploads\\\/2014\\\/04\\\/dario2-wpcf_145x145.jpg\",\"datePublished\":\"2024-06-12T13:28:39+00:00\",\"dateModified\":\"2025-09-08T07:08:06+00:00\",\"breadcrumb\":{\"@id\":\"https:\\\/\\\/onthegosystems.com\\\/fr\\\/actualites-onthegosystems\\\/concours-artistique-de-lotgs\\\/#breadcrumb\"},\"inLanguage\":\"fr-FR\",\"potentialAction\":[{\"@type\":\"ReadAction\",\"target\":[\"https:\\\/\\\/onthegosystems.com\\\/fr\\\/actualites-onthegosystems\\\/concours-artistique-de-lotgs\\\/\"]}]},{\"@type\":\"ImageObject\",\"inLanguage\":\"fr-FR\",\"@id\":\"https:\\\/\\\/onthegosystems.com\\\/fr\\\/actualites-onthegosystems\\\/concours-artistique-de-lotgs\\\/#primaryimage\",\"url\":\"https:\\\/\\\/onthegosystems.com\\\/wp-content\\\/uploads\\\/2014\\\/04\\\/dario2-wpcf_145x145.jpg\",\"contentUrl\":\"https:\\\/\\\/onthegosystems.com\\\/wp-content\\\/uploads\\\/2014\\\/04\\\/dario2-wpcf_145x145.jpg\"},{\"@type\":\"BreadcrumbList\",\"@id\":\"https:\\\/\\\/onthegosystems.com\\\/fr\\\/actualites-onthegosystems\\\/concours-artistique-de-lotgs\\\/#breadcrumb\",\"itemListElement\":[{\"@type\":\"ListItem\",\"position\":1,\"name\":\"Home\",\"item\":\"https:\\\/\\\/onthegosystems.com\\\/fr\\\/page-daccueil\\\/\"},{\"@type\":\"ListItem\",\"position\":2,\"name\":\"Actualit\u00e9s d&#8217;OnTheGoSystems\",\"item\":\"https:\\\/\\\/onthegosystems.com\\\/fr\\\/actualites-onthegosystems\\\/\"},{\"@type\":\"ListItem\",\"position\":3,\"name\":\"Concours d&#8217;art OTGS\"}]},{\"@type\":\"WebSite\",\"@id\":\"https:\\\/\\\/onthegosystems.com\\\/fr\\\/#website\",\"url\":\"https:\\\/\\\/onthegosystems.com\\\/fr\\\/\",\"name\":\"OnTheGoSystems\",\"description\":\"WordPress plugins and professional translation\",\"publisher\":{\"@id\":\"https:\\\/\\\/onthegosystems.com\\\/fr\\\/#organization\"},\"potentialAction\":[{\"@type\":\"SearchAction\",\"target\":{\"@type\":\"EntryPoint\",\"urlTemplate\":\"https:\\\/\\\/onthegosystems.com\\\/fr\\\/?s={search_term_string}\"},\"query-input\":{\"@type\":\"PropertyValueSpecification\",\"valueRequired\":true,\"valueName\":\"search_term_string\"}}],\"inLanguage\":\"fr-FR\"},{\"@type\":\"Organization\",\"@id\":\"https:\\\/\\\/onthegosystems.com\\\/fr\\\/#organization\",\"name\":\"OnTheGoSystems\",\"url\":\"https:\\\/\\\/onthegosystems.com\\\/fr\\\/\",\"logo\":{\"@type\":\"ImageObject\",\"inLanguage\":\"fr-FR\",\"@id\":\"https:\\\/\\\/onthegosystems.com\\\/fr\\\/#\\\/schema\\\/logo\\\/image\\\/\",\"url\":\"https:\\\/\\\/onthegosystems.com\\\/wp-content\\\/uploads\\\/2020\\\/07\\\/cropped-favicon.png\",\"contentUrl\":\"https:\\\/\\\/onthegosystems.com\\\/wp-content\\\/uploads\\\/2020\\\/07\\\/cropped-favicon.png\",\"width\":512,\"height\":512,\"caption\":\"OnTheGoSystems\"},\"image\":{\"@id\":\"https:\\\/\\\/onthegosystems.com\\\/fr\\\/#\\\/schema\\\/logo\\\/image\\\/\"}}]}<\/script>\n<!-- \/ Yoast SEO plugin. -->","yoast_head_json":{"title":"Concours d'art OTGS - OnTheGoSystems","robots":{"index":"noindex","follow":"nofollow"},"og_locale":"fr_FR","og_type":"article","og_title":"Concours d'art OTGS - OnTheGoSystems","og_description":"Le premier concours d&rsquo;art OTGS s&rsquo;est d\u00e9roul\u00e9 du 19 ao\u00fbt 2019 au 27 septembre 2019. Soumission n\u00b01 Ouverture d&rsquo;esprit et cr\u00e9ativit\u00e9 &#8211; J&rsquo;ai pris une bo\u00eete \u00e0 musique ordinaire, vous savez celle que vous pouvez acheter avec un certain air qui joue quand vous tournez sa manivelle.&#8211; J&rsquo;ai install\u00e9 mon \u00e9quipement d&rsquo;enregistrement et j&rsquo;ai enregistr\u00e9 [&hellip;]","og_url":"https:\/\/onthegosystems.com\/fr\/actualites-onthegosystems\/concours-artistique-de-lotgs\/","og_site_name":"OnTheGoSystems","article_modified_time":"2025-09-08T07:08:06+00:00","og_image":[{"width":145,"height":145,"url":"https:\/\/onthegosystems.com\/wp-content\/uploads\/2014\/04\/dario2-wpcf_145x145.jpg","type":"image\/jpeg"}],"twitter_card":"summary_large_image","twitter_misc":{"Dur\u00e9e de lecture estim\u00e9e":"3 minutes"},"schema":{"@context":"https:\/\/schema.org","@graph":[{"@type":"WebPage","@id":"https:\/\/onthegosystems.com\/fr\/actualites-onthegosystems\/concours-artistique-de-lotgs\/","url":"https:\/\/onthegosystems.com\/fr\/actualites-onthegosystems\/concours-artistique-de-lotgs\/","name":"Concours d'art OTGS - OnTheGoSystems","isPartOf":{"@id":"https:\/\/onthegosystems.com\/fr\/#website"},"primaryImageOfPage":{"@id":"https:\/\/onthegosystems.com\/fr\/actualites-onthegosystems\/concours-artistique-de-lotgs\/#primaryimage"},"image":{"@id":"https:\/\/onthegosystems.com\/fr\/actualites-onthegosystems\/concours-artistique-de-lotgs\/#primaryimage"},"thumbnailUrl":"https:\/\/onthegosystems.com\/wp-content\/uploads\/2014\/04\/dario2-wpcf_145x145.jpg","datePublished":"2024-06-12T13:28:39+00:00","dateModified":"2025-09-08T07:08:06+00:00","breadcrumb":{"@id":"https:\/\/onthegosystems.com\/fr\/actualites-onthegosystems\/concours-artistique-de-lotgs\/#breadcrumb"},"inLanguage":"fr-FR","potentialAction":[{"@type":"ReadAction","target":["https:\/\/onthegosystems.com\/fr\/actualites-onthegosystems\/concours-artistique-de-lotgs\/"]}]},{"@type":"ImageObject","inLanguage":"fr-FR","@id":"https:\/\/onthegosystems.com\/fr\/actualites-onthegosystems\/concours-artistique-de-lotgs\/#primaryimage","url":"https:\/\/onthegosystems.com\/wp-content\/uploads\/2014\/04\/dario2-wpcf_145x145.jpg","contentUrl":"https:\/\/onthegosystems.com\/wp-content\/uploads\/2014\/04\/dario2-wpcf_145x145.jpg"},{"@type":"BreadcrumbList","@id":"https:\/\/onthegosystems.com\/fr\/actualites-onthegosystems\/concours-artistique-de-lotgs\/#breadcrumb","itemListElement":[{"@type":"ListItem","position":1,"name":"Home","item":"https:\/\/onthegosystems.com\/fr\/page-daccueil\/"},{"@type":"ListItem","position":2,"name":"Actualit\u00e9s d&#8217;OnTheGoSystems","item":"https:\/\/onthegosystems.com\/fr\/actualites-onthegosystems\/"},{"@type":"ListItem","position":3,"name":"Concours d&#8217;art OTGS"}]},{"@type":"WebSite","@id":"https:\/\/onthegosystems.com\/fr\/#website","url":"https:\/\/onthegosystems.com\/fr\/","name":"OnTheGoSystems","description":"WordPress plugins and professional translation","publisher":{"@id":"https:\/\/onthegosystems.com\/fr\/#organization"},"potentialAction":[{"@type":"SearchAction","target":{"@type":"EntryPoint","urlTemplate":"https:\/\/onthegosystems.com\/fr\/?s={search_term_string}"},"query-input":{"@type":"PropertyValueSpecification","valueRequired":true,"valueName":"search_term_string"}}],"inLanguage":"fr-FR"},{"@type":"Organization","@id":"https:\/\/onthegosystems.com\/fr\/#organization","name":"OnTheGoSystems","url":"https:\/\/onthegosystems.com\/fr\/","logo":{"@type":"ImageObject","inLanguage":"fr-FR","@id":"https:\/\/onthegosystems.com\/fr\/#\/schema\/logo\/image\/","url":"https:\/\/onthegosystems.com\/wp-content\/uploads\/2020\/07\/cropped-favicon.png","contentUrl":"https:\/\/onthegosystems.com\/wp-content\/uploads\/2020\/07\/cropped-favicon.png","width":512,"height":512,"caption":"OnTheGoSystems"},"image":{"@id":"https:\/\/onthegosystems.com\/fr\/#\/schema\/logo\/image\/"}}]}},"_links":{"self":[{"href":"https:\/\/onthegosystems.com\/fr\/wp-json\/wp\/v2\/pages\/22991","targetHints":{"allow":["GET"]}}],"collection":[{"href":"https:\/\/onthegosystems.com\/fr\/wp-json\/wp\/v2\/pages"}],"about":[{"href":"https:\/\/onthegosystems.com\/fr\/wp-json\/wp\/v2\/types\/page"}],"author":[{"embeddable":true,"href":"https:\/\/onthegosystems.com\/fr\/wp-json\/wp\/v2\/users\/19"}],"replies":[{"embeddable":true,"href":"https:\/\/onthegosystems.com\/fr\/wp-json\/wp\/v2\/comments?post=22991"}],"version-history":[{"count":4,"href":"https:\/\/onthegosystems.com\/fr\/wp-json\/wp\/v2\/pages\/22991\/revisions"}],"predecessor-version":[{"id":28870,"href":"https:\/\/onthegosystems.com\/fr\/wp-json\/wp\/v2\/pages\/22991\/revisions\/28870"}],"up":[{"embeddable":true,"href":"https:\/\/onthegosystems.com\/fr\/wp-json\/wp\/v2\/pages\/23006"}],"wp:attachment":[{"href":"https:\/\/onthegosystems.com\/fr\/wp-json\/wp\/v2\/media?parent=22991"}],"curies":[{"name":"wp","href":"https:\/\/api.w.org\/{rel}","templated":true}]}}