{"id":23014,"date":"2024-06-12T13:30:04","date_gmt":"2024-06-12T13:30:04","guid":{"rendered":"https:\/\/onthegosystems.com\/juridique\/politique-en-matiere-de-marques-de-onthego-systems\/"},"modified":"2025-09-08T07:10:24","modified_gmt":"2025-09-08T07:10:24","slug":"politique-en-matiere-de-marques-de-onthego-systems","status":"publish","type":"page","link":"https:\/\/onthegosystems.com\/fr\/juridique\/politique-en-matiere-de-marques-de-onthego-systems\/","title":{"rendered":"Politique de marque commerciale d&rsquo;OnTheGo systems"},"content":{"rendered":"<p>OnTheGoSystems Limited d\u00e9tient et supervise la marque commerciale OnTheGoSystems. Ainsi, toute utilisation du nom dans le cadre d&rsquo;un projet, produit, service, domaine ou nom d&rsquo;entreprise identique ou similaire \u00e0 la marque commerciale OnTheGoSystems est non autoris\u00e9e. <\/p>\n<p>Cependant, OnTheGoSystems Limited applique plusieurs principes pour autoriser l&rsquo;utilisation de la marque.<\/p>\n<p>Ce qui suit clarifie comment les entreprises et projets li\u00e9s \u00e0 OnTheGoSystems sont autoris\u00e9s \u00e0 utiliser le nom OnTheGoSystems, et comment les entreprises et projets li\u00e9s \u00e0 OnTheGoSystems ne peuvent pas l&rsquo;utiliser.<\/p>\n<ol>\n<li>OnTheGoSystems Limited souhaite que d&rsquo;autres utilisent la marque commerciale OnTheGoSystems d&rsquo;une mani\u00e8re qui favorisera les activit\u00e9s d&rsquo;OnTheGoSystems Limited.<\/li>\n<li>OnTheGoSystems Limited souhaite refuser \u00e0 quiconque l&rsquo;utilisation du nom OnTheGoSystems pour en tirer un profit d\u00e9loyal ou cr\u00e9er de la confusion chez ceux qui recherchent des ressources officielles OnTheGoSystems.<\/li>\n<\/ol>\n<p><strong>Politique d&rsquo;utilisation de la marque commerciale ONTHEGOSYSTEMS<\/strong><\/p>\n<p>OnTheGoSystems Limited emp\u00eachera l&rsquo;utilisation non autoris\u00e9e du nom dans le cadre d&rsquo;un projet, produit, service, domaine ou nom d&rsquo;entreprise identique ou similaire \u00e0 la marque commerciale OnTheGoSystems.<\/p>\n<p>Cependant, OnTheGoSystems Limited peut accorder l&rsquo;autorisation \u00e0 une personne ou \u00e0 une soci\u00e9t\u00e9 (ci-apr\u00e8s \u00ab utilisateur \u00bb) d&rsquo;utiliser le nom OnTheGoSystems pour des projets r\u00e9pondant \u00e0 <strong><span style=\"text-decoration: underline;\">tous<\/span><\/strong> les crit\u00e8res suivants :<\/p>\n<ul>\n<li>Le projet de l&rsquo;utilisateur fait la promotion des produits et services OnTheGoSystems<\/li>\n<li>Le projet de l&rsquo;utilisateur est de nature non commerciale, excluant la couverture des co\u00fbts ou la contribution \u00e0 des entit\u00e9s \u00e0 but non lucratif. L&rsquo;utilisation de la marque OnTheGoSystems pour tout projet \u00e0 but lucratif est consid\u00e9r\u00e9e comme une utilisation non autoris\u00e9e. <\/li>\n<li>Le projet de l&rsquo;utilisateur ne fait pas la promotion d&rsquo;entit\u00e9s qui ne respectent pas la licence GPL (General Public License).<\/li>\n<li>Le projet de l&rsquo;utilisateur n&rsquo;est pas associ\u00e9 \u00e0 des entit\u00e9s qui ne respectent pas la licence GPL.<\/li>\n<\/ul>\n<p><strong>Utilisation autoris\u00e9e de la marque commerciale ONTHEGOSYSTEMS<\/strong><\/p>\n<p>Si le projet de l&rsquo;utilisateur r\u00e9pond \u00e0 tous ces crit\u00e8res, OnTheGoSystems Limited autorise l&rsquo;utilisation du nom OnTheGoSystems pour toute utilisation qui ne fait pas partie d&rsquo;un nom de domaine.<\/p>\n<p>L&rsquo;utilisation autoris\u00e9e du nom ONTHEGOSYSTEMS est uniquement pour faire r\u00e9f\u00e9rence aux services de l&rsquo;utilisateur et\/ou les expliquer. L&rsquo;utilisateur n&rsquo;est pas autoris\u00e9 \u00e0 utiliser le nom OnTheGoSystems dans le cadre d&rsquo;un nom de produit, projet, service, domaine ou entreprise. L&rsquo;utilisateur n&rsquo;est pas autoris\u00e9 \u00e0 utiliser le nom OnTheGoSystems de mani\u00e8re \u00e0 sugg\u00e9rer une affiliation avec ou un soutien d&rsquo;OnTheGoSystems Limited ou du projet open source OnTheGoSystems.  <\/p>\n<p><strong>Exemples d&rsquo;utilisation autoris\u00e9e de la marque commerciale OnTheGoSystems<\/strong><\/p>\n<p>Par exemple, un utilisateur \u00e9tant une soci\u00e9t\u00e9 de conseil peut d\u00e9crire son activit\u00e9 comme une soci\u00e9t\u00e9 de services Web, offrant des produits ou services sous le conseil OnTheGoSystems pour les petites entreprises ; l&rsquo;utilisateur \u00e9tant une soci\u00e9t\u00e9 de conseil ne peut <span style=\"text-decoration: underline;\">pas<\/span> appeler son entreprise \u00ab The OnTheGoSystems Consulting Company \u00bb.<\/p>\n<p>Un utilisateur peut mentionner le nom OnTheGoSystems dans le cadre d&rsquo;une page qui d\u00e9crit les produits ou services de l&rsquo;utilisateur ; l&rsquo;utilisateur ne peut <span style=\"text-decoration: underline;\">pas<\/span> utiliser le nom OnTheGoSystems dans le cadre de l&rsquo;image de marque de l&rsquo;entreprise ou du produit de l&rsquo;utilisateur.<\/p>\n<p>Aucun utilisateur n&rsquo;est autoris\u00e9 \u00e0 utiliser le nom OnTheGoSystems dans le cadre d&rsquo;un nom de domaine, ou \u00e0 utiliser la marque commerciale dans la publicit\u00e9.<\/p>\n<p><strong>R\u00e9sum\u00e9<\/strong><\/p>\n<p>Cette politique n&rsquo;est pas destin\u00e9e \u00e0 limiter l&rsquo;activit\u00e9 commerciale autour d&rsquo;OnTheGoSystems. OnTheGoSystems encourage les entreprises bas\u00e9es sur OnTheGoSystems, et beaucoup d&rsquo;entre elles prosp\u00e8rent en conformit\u00e9 avec cette politique. <\/p>\n<p>L&rsquo;abr\u00e9viation \u00ab OG \u00bb n&rsquo;est pas couverte par la marque commerciale OnTheGoSystems, et peut \u00eatre utilis\u00e9e librement de toute mani\u00e8re.<\/p>\n<p>En cas de doute concernant votre utilisation du nom OnTheGoSystems, veuillez <a title=\"Contact\" href=\"https:\/\/onthegosystems.com\/fr\/contact\/\">contacter<\/a> OnTheGoSystems Limited pour clarification.<\/p>\n","protected":false},"excerpt":{"rendered":"<p>OnTheGoSystems Limited d\u00e9tient et supervise la marque commerciale OnTheGoSystems. Ainsi, toute utilisation du nom dans le cadre d&rsquo;un projet, produit, service, domaine ou nom d&rsquo;entreprise identique ou similaire \u00e0 la marque commerciale OnTheGoSystems est non autoris\u00e9e. Cependant, OnTheGoSystems Limited applique plusieurs principes pour autoriser l&rsquo;utilisation de la marque. Ce qui suit clarifie comment les entreprises [&hellip;]<\/p>\n","protected":false},"author":3,"featured_media":0,"parent":22971,"menu_order":0,"comment_status":"open","ping_status":"closed","template":"","meta":{"footnotes":""},"class_list":["post-23014","page","type-page","status-publish","hentry"],"yoast_head":"<!-- This site is optimized with the Yoast SEO plugin v27.5 - https:\/\/yoast.com\/product\/yoast-seo-wordpress\/ -->\n<title>Politique de marque commerciale d&#039;OnTheGo systems - OnTheGoSystems<\/title>\n<meta name=\"robots\" content=\"index, follow, max-snippet:-1, max-image-preview:large, max-video-preview:-1\" \/>\n<link rel=\"canonical\" href=\"https:\/\/onthegosystems.com\/fr\/juridique\/politique-en-matiere-de-marques-de-onthego-systems\/\" \/>\n<meta property=\"og:locale\" content=\"fr_FR\" \/>\n<meta property=\"og:type\" content=\"article\" \/>\n<meta property=\"og:title\" content=\"Politique de marque commerciale d&#039;OnTheGo systems - OnTheGoSystems\" \/>\n<meta property=\"og:description\" content=\"OnTheGoSystems Limited d\u00e9tient et supervise la marque commerciale OnTheGoSystems. Ainsi, toute utilisation du nom dans le cadre d&rsquo;un projet, produit, service, domaine ou nom d&rsquo;entreprise identique ou similaire \u00e0 la marque commerciale OnTheGoSystems est non autoris\u00e9e. Cependant, OnTheGoSystems Limited applique plusieurs principes pour autoriser l&rsquo;utilisation de la marque. Ce qui suit clarifie comment les entreprises [&hellip;]\" \/>\n<meta property=\"og:url\" content=\"https:\/\/onthegosystems.com\/fr\/juridique\/politique-en-matiere-de-marques-de-onthego-systems\/\" \/>\n<meta property=\"og:site_name\" content=\"OnTheGoSystems\" \/>\n<meta property=\"article:modified_time\" content=\"2025-09-08T07:10:24+00:00\" \/>\n<meta name=\"twitter:card\" content=\"summary_large_image\" \/>\n<meta name=\"twitter:label1\" content=\"Dur\u00e9e de lecture estim\u00e9e\" \/>\n\t<meta name=\"twitter:data1\" content=\"3 minutes\" \/>\n<script type=\"application\/ld+json\" class=\"yoast-schema-graph\">{\"@context\":\"https:\\\/\\\/schema.org\",\"@graph\":[{\"@type\":\"WebPage\",\"@id\":\"https:\\\/\\\/onthegosystems.com\\\/fr\\\/juridique\\\/politique-en-matiere-de-marques-de-onthego-systems\\\/\",\"url\":\"https:\\\/\\\/onthegosystems.com\\\/fr\\\/juridique\\\/politique-en-matiere-de-marques-de-onthego-systems\\\/\",\"name\":\"Politique de marque commerciale d'OnTheGo systems - OnTheGoSystems\",\"isPartOf\":{\"@id\":\"https:\\\/\\\/onthegosystems.com\\\/fr\\\/#website\"},\"datePublished\":\"2024-06-12T13:30:04+00:00\",\"dateModified\":\"2025-09-08T07:10:24+00:00\",\"breadcrumb\":{\"@id\":\"https:\\\/\\\/onthegosystems.com\\\/fr\\\/juridique\\\/politique-en-matiere-de-marques-de-onthego-systems\\\/#breadcrumb\"},\"inLanguage\":\"fr-FR\",\"potentialAction\":[{\"@type\":\"ReadAction\",\"target\":[\"https:\\\/\\\/onthegosystems.com\\\/fr\\\/juridique\\\/politique-en-matiere-de-marques-de-onthego-systems\\\/\"]}]},{\"@type\":\"BreadcrumbList\",\"@id\":\"https:\\\/\\\/onthegosystems.com\\\/fr\\\/juridique\\\/politique-en-matiere-de-marques-de-onthego-systems\\\/#breadcrumb\",\"itemListElement\":[{\"@type\":\"ListItem\",\"position\":1,\"name\":\"Home\",\"item\":\"https:\\\/\\\/onthegosystems.com\\\/fr\\\/page-daccueil\\\/\"},{\"@type\":\"ListItem\",\"position\":2,\"name\":\"Juridique\",\"item\":\"https:\\\/\\\/onthegosystems.com\\\/fr\\\/juridique\\\/\"},{\"@type\":\"ListItem\",\"position\":3,\"name\":\"Politique de marque commerciale d&#8217;OnTheGo systems\"}]},{\"@type\":\"WebSite\",\"@id\":\"https:\\\/\\\/onthegosystems.com\\\/fr\\\/#website\",\"url\":\"https:\\\/\\\/onthegosystems.com\\\/fr\\\/\",\"name\":\"OnTheGoSystems\",\"description\":\"WordPress plugins and professional translation\",\"publisher\":{\"@id\":\"https:\\\/\\\/onthegosystems.com\\\/fr\\\/#organization\"},\"potentialAction\":[{\"@type\":\"SearchAction\",\"target\":{\"@type\":\"EntryPoint\",\"urlTemplate\":\"https:\\\/\\\/onthegosystems.com\\\/fr\\\/?s={search_term_string}\"},\"query-input\":{\"@type\":\"PropertyValueSpecification\",\"valueRequired\":true,\"valueName\":\"search_term_string\"}}],\"inLanguage\":\"fr-FR\"},{\"@type\":\"Organization\",\"@id\":\"https:\\\/\\\/onthegosystems.com\\\/fr\\\/#organization\",\"name\":\"OnTheGoSystems\",\"url\":\"https:\\\/\\\/onthegosystems.com\\\/fr\\\/\",\"logo\":{\"@type\":\"ImageObject\",\"inLanguage\":\"fr-FR\",\"@id\":\"https:\\\/\\\/onthegosystems.com\\\/fr\\\/#\\\/schema\\\/logo\\\/image\\\/\",\"url\":\"https:\\\/\\\/onthegosystems.com\\\/wp-content\\\/uploads\\\/2020\\\/07\\\/cropped-favicon.png\",\"contentUrl\":\"https:\\\/\\\/onthegosystems.com\\\/wp-content\\\/uploads\\\/2020\\\/07\\\/cropped-favicon.png\",\"width\":512,\"height\":512,\"caption\":\"OnTheGoSystems\"},\"image\":{\"@id\":\"https:\\\/\\\/onthegosystems.com\\\/fr\\\/#\\\/schema\\\/logo\\\/image\\\/\"}}]}<\/script>\n<!-- \/ Yoast SEO plugin. -->","yoast_head_json":{"title":"Politique de marque commerciale d'OnTheGo systems - OnTheGoSystems","robots":{"index":"index","follow":"follow","max-snippet":"max-snippet:-1","max-image-preview":"max-image-preview:large","max-video-preview":"max-video-preview:-1"},"canonical":"https:\/\/onthegosystems.com\/fr\/juridique\/politique-en-matiere-de-marques-de-onthego-systems\/","og_locale":"fr_FR","og_type":"article","og_title":"Politique de marque commerciale d'OnTheGo systems - OnTheGoSystems","og_description":"OnTheGoSystems Limited d\u00e9tient et supervise la marque commerciale OnTheGoSystems. Ainsi, toute utilisation du nom dans le cadre d&rsquo;un projet, produit, service, domaine ou nom d&rsquo;entreprise identique ou similaire \u00e0 la marque commerciale OnTheGoSystems est non autoris\u00e9e. Cependant, OnTheGoSystems Limited applique plusieurs principes pour autoriser l&rsquo;utilisation de la marque. Ce qui suit clarifie comment les entreprises [&hellip;]","og_url":"https:\/\/onthegosystems.com\/fr\/juridique\/politique-en-matiere-de-marques-de-onthego-systems\/","og_site_name":"OnTheGoSystems","article_modified_time":"2025-09-08T07:10:24+00:00","twitter_card":"summary_large_image","twitter_misc":{"Dur\u00e9e de lecture estim\u00e9e":"3 minutes"},"schema":{"@context":"https:\/\/schema.org","@graph":[{"@type":"WebPage","@id":"https:\/\/onthegosystems.com\/fr\/juridique\/politique-en-matiere-de-marques-de-onthego-systems\/","url":"https:\/\/onthegosystems.com\/fr\/juridique\/politique-en-matiere-de-marques-de-onthego-systems\/","name":"Politique de marque commerciale d'OnTheGo systems - OnTheGoSystems","isPartOf":{"@id":"https:\/\/onthegosystems.com\/fr\/#website"},"datePublished":"2024-06-12T13:30:04+00:00","dateModified":"2025-09-08T07:10:24+00:00","breadcrumb":{"@id":"https:\/\/onthegosystems.com\/fr\/juridique\/politique-en-matiere-de-marques-de-onthego-systems\/#breadcrumb"},"inLanguage":"fr-FR","potentialAction":[{"@type":"ReadAction","target":["https:\/\/onthegosystems.com\/fr\/juridique\/politique-en-matiere-de-marques-de-onthego-systems\/"]}]},{"@type":"BreadcrumbList","@id":"https:\/\/onthegosystems.com\/fr\/juridique\/politique-en-matiere-de-marques-de-onthego-systems\/#breadcrumb","itemListElement":[{"@type":"ListItem","position":1,"name":"Home","item":"https:\/\/onthegosystems.com\/fr\/page-daccueil\/"},{"@type":"ListItem","position":2,"name":"Juridique","item":"https:\/\/onthegosystems.com\/fr\/juridique\/"},{"@type":"ListItem","position":3,"name":"Politique de marque commerciale d&#8217;OnTheGo systems"}]},{"@type":"WebSite","@id":"https:\/\/onthegosystems.com\/fr\/#website","url":"https:\/\/onthegosystems.com\/fr\/","name":"OnTheGoSystems","description":"WordPress plugins and professional translation","publisher":{"@id":"https:\/\/onthegosystems.com\/fr\/#organization"},"potentialAction":[{"@type":"SearchAction","target":{"@type":"EntryPoint","urlTemplate":"https:\/\/onthegosystems.com\/fr\/?s={search_term_string}"},"query-input":{"@type":"PropertyValueSpecification","valueRequired":true,"valueName":"search_term_string"}}],"inLanguage":"fr-FR"},{"@type":"Organization","@id":"https:\/\/onthegosystems.com\/fr\/#organization","name":"OnTheGoSystems","url":"https:\/\/onthegosystems.com\/fr\/","logo":{"@type":"ImageObject","inLanguage":"fr-FR","@id":"https:\/\/onthegosystems.com\/fr\/#\/schema\/logo\/image\/","url":"https:\/\/onthegosystems.com\/wp-content\/uploads\/2020\/07\/cropped-favicon.png","contentUrl":"https:\/\/onthegosystems.com\/wp-content\/uploads\/2020\/07\/cropped-favicon.png","width":512,"height":512,"caption":"OnTheGoSystems"},"image":{"@id":"https:\/\/onthegosystems.com\/fr\/#\/schema\/logo\/image\/"}}]}},"_links":{"self":[{"href":"https:\/\/onthegosystems.com\/fr\/wp-json\/wp\/v2\/pages\/23014","targetHints":{"allow":["GET"]}}],"collection":[{"href":"https:\/\/onthegosystems.com\/fr\/wp-json\/wp\/v2\/pages"}],"about":[{"href":"https:\/\/onthegosystems.com\/fr\/wp-json\/wp\/v2\/types\/page"}],"author":[{"embeddable":true,"href":"https:\/\/onthegosystems.com\/fr\/wp-json\/wp\/v2\/users\/3"}],"replies":[{"embeddable":true,"href":"https:\/\/onthegosystems.com\/fr\/wp-json\/wp\/v2\/comments?post=23014"}],"version-history":[{"count":2,"href":"https:\/\/onthegosystems.com\/fr\/wp-json\/wp\/v2\/pages\/23014\/revisions"}],"predecessor-version":[{"id":28906,"href":"https:\/\/onthegosystems.com\/fr\/wp-json\/wp\/v2\/pages\/23014\/revisions\/28906"}],"up":[{"embeddable":true,"href":"https:\/\/onthegosystems.com\/fr\/wp-json\/wp\/v2\/pages\/22971"}],"wp:attachment":[{"href":"https:\/\/onthegosystems.com\/fr\/wp-json\/wp\/v2\/media?parent=23014"}],"curies":[{"name":"wp","href":"https:\/\/api.w.org\/{rel}","templated":true}]}}