{"id":24992,"date":"2025-01-23T15:05:24","date_gmt":"2025-01-23T15:05:24","guid":{"rendered":"https:\/\/onthegosystems.com\/principes-de-leadership-de-onthegosystems\/"},"modified":"2025-09-08T07:05:09","modified_gmt":"2025-09-08T07:05:09","slug":"principes-de-leadership-de-onthegosystems","status":"publish","type":"page","link":"https:\/\/onthegosystems.com\/fr\/principes-de-leadership-de-onthegosystems\/","title":{"rendered":"Principes de leadership d&rsquo;OnTheGoSystems"},"content":{"rendered":"\n<div class=\"wp-block-toolset-blocks-grid tb-grid\" data-toolset-blocks-grid=\"b8c014b8b8d5ace6679f922147d2eca3\">\n<div class=\"wp-block-toolset-blocks-grid-column tb-grid-column tb-grid-align-top\" data-toolset-blocks-grid-column=\"3034fbe886c11054e95b46b09d3e4112\">\n<div class=\"tb-fields-and-text\" data-toolset-blocks-fields-and-text=\"4c30f06475affe4238d332be7da1b010\"><p>Ces principes d\u00e9finissent notre mode de fonctionnement chez OnTheGoSystems.<br\/>  Ils guident nos d\u00e9cisions et notre culture dans une entreprise en croissance rapide, enti\u00e8rement en t\u00e9l\u00e9travail.<\/p><\/div>\n\n\n\n<h3 class=\"wp-block-heading\" id=\"customers-first\">\n  <a href=\"#customers-first\">\n    <strong>\n      <mark>\n  1. Les clients d&rsquo;abord\n      <\/mark>\n    <\/strong>\n  <\/a>\n<\/h3>\n\n\n\n<p>Nous commen\u00e7ons par nos clients &#8211; les d\u00e9veloppeurs de logiciels et de sites web &#8211; en comprenant leurs besoins. Chaque d\u00e9cision que nous prenons, de la conception de produits \u00e0 la documentation, en passant par le support et m\u00eame la publicit\u00e9, est con\u00e7ue pour offrir la meilleure exp\u00e9rience possible \u00e0 nos clients. <\/p>\n\n\n\n<h3 class=\"wp-block-heading\" id=\"deliver-results\">\n  <a href=\"#deliver-results\">\n    <strong>\n      <mark>2. Obtenir des r\u00e9sultats<\/mark>\n    <\/strong>\n  <\/a>\n<\/h3>\n\n\n\n<p>Les intentions et les efforts sont excellents, mais nous nous mesurons aux r\u00e9sultats. Malgr\u00e9 les revers et les d\u00e9fis, nous restons r\u00e9silients, nous nous adaptons et nous pers\u00e9v\u00e9rons jusqu&rsquo;\u00e0 ce que nous atteignions le succ\u00e8s. <\/p>\n\n\n\n<h3 class=\"wp-block-heading\" id=\"own-it-perfect-it\">\n  <a href=\"#own-it-perfect-it\">\n    <strong>\n      <mark>3. S&rsquo;approprier, perfectionner<\/mark>\n    <\/strong>\n  <\/a>\n<\/h3>\n\n\n\n<p>Nous assumons l&rsquo;enti\u00e8re responsabilit\u00e9 de notre travail et de son impact \u00e0 long terme. Nous ne transf\u00e9rons pas les probl\u00e8mes \u00e0 d&rsquo;autres &#8211; nous les r\u00e9solvons. Cela signifie porter une attention particuli\u00e8re aux d\u00e9tails, tester minutieusement notre travail et nous assurer que nos d\u00e9cisions sont bas\u00e9es sur des donn\u00e9es r\u00e9elles.  <\/p>\n\n\n\n<h3 class=\"wp-block-heading\" id=\"take-initiative\">\n  <a href=\"#take-initiative\">\n    <strong>\n      <mark>4. Prendre des initiatives<\/mark>\n    <\/strong>\n  <\/a>\n<\/h3>\n\n\n\n<p>Nous n&rsquo;attendons pas que quelqu&rsquo;un d&rsquo;autre agisse. Lorsque quelque chose d&rsquo;important doit \u00eatre fait, nous prenons les devants &#8211; que ce soit ou non dans notre r\u00f4le officiel. Nous aidons l\u00e0 o\u00f9 nous le pouvons, prenons des initiatives et surmontons les obstacles pour assurer le succ\u00e8s.  <\/p>\n\n\n\n<h3 class=\"wp-block-heading\" id=\"set-high-standards-stay-tolerant\">\n  <a href=\"#set-high-standards-stay-tolerant\">\n    <strong>\n      <mark>5. Fixer des standards \u00e9lev\u00e9s, rester tol\u00e9rant<\/mark>\n    <\/strong>\n  <\/a>\n<\/h3>\n\n\n\n<p>Nous fixons les standards les plus \u00e9lev\u00e9s pour notre propre travail, en visant toujours l&rsquo;excellence. En m\u00eame temps, nous reconnaissons que nos coll\u00e8gues font de leur mieux. Nous les soutenons avec patience tout en maintenant une culture de responsabilit\u00e9.  <\/p>\n\n\n\n<h3 class=\"wp-block-heading\" id=\"respect-time-work-smart\">\n  <a href=\"#respect-time-work-smart\">\n    <strong>\n      <mark>6. Respecter le temps, travailler intelligemment<\/mark>\n    <\/strong>\n  <\/a>\n<\/h3>\n\n\n\n<p>Nous valorisons l&rsquo;efficacit\u00e9, la collaboration et la concentration. Nous accomplissons notre travail, mais jamais au d\u00e9triment de la capacit\u00e9 de nos coll\u00e8gues \u00e0 faire le leur. Nous respectons le temps de chacun dans les r\u00e9unions, la communication et les flux de travail, en veillant \u00e0 ce que tout le monde puisse \u00eatre productif et efficace.  <\/p>\n\n\n\n<h3 class=\"wp-block-heading\" id=\"innovate-and-simplify\">\n  <a href=\"#innovate-and-simplify\">\n    <strong>\n      <mark>7. Innover et simplifier<\/mark>\n    <\/strong>\n  <\/a>\n<\/h3>\n\n\n\n<p>Nous remettons en question les hypoth\u00e8ses, embrassons les nouvelles id\u00e9es et cherchons des moyens de simplifier les processus pour nos clients et pour nous-m\u00eames. Nous reconnaissons que l&rsquo;innovation n\u00e9cessite de l&rsquo;exp\u00e9rimentation et sommes pr\u00eats \u00e0 prendre des risques calcul\u00e9s pour am\u00e9liorer nos produits et nos flux de travail. <\/p>\n\n\n\n<h3 class=\"wp-block-heading\" id=\"win-with-partners\">\n  <a href=\"#win-with-partners\"><strong><mark>8. Gagner avec les partenaires<\/mark><\/strong><\/a>\n<\/h3>\n\n\n\n<p>Notre succ\u00e8s est \u00e9troitement li\u00e9 au succ\u00e8s de nos partenaires. Nous adoptons une approche \u00e0 long terme en comprenant l&rsquo;environnement dans lequel nous op\u00e9rons, en favorisant la collaboration et en cr\u00e9ant des synergies. En travaillant \u00e9troitement avec nos partenaires, nous cr\u00e9ons une plus grande valeur pour nos clients.  <\/p>\n<\/div>\n\n\n\n<div class=\"wp-block-toolset-blocks-grid-column tb-grid-column tb-grid-align-top\" data-toolset-blocks-grid-column=\"1f03a892d2a437b578e6201c8aafdc51\"><\/div>\n<\/div>\n","protected":false},"excerpt":{"rendered":"","protected":false},"author":9,"featured_media":0,"parent":0,"menu_order":0,"comment_status":"closed","ping_status":"closed","template":"","meta":{"footnotes":""},"class_list":["post-24992","page","type-page","status-publish","hentry"],"yoast_head":"<!-- This site is optimized with the Yoast SEO plugin v27.4 - https:\/\/yoast.com\/product\/yoast-seo-wordpress\/ -->\n<title>Principes de leadership d&#039;OnTheGoSystems - OnTheGoSystems<\/title>\n<meta name=\"robots\" content=\"index, follow, max-snippet:-1, max-image-preview:large, max-video-preview:-1\" \/>\n<link rel=\"canonical\" href=\"https:\/\/onthegosystems.com\/fr\/principes-de-leadership-de-onthegosystems\/\" \/>\n<meta property=\"og:locale\" content=\"fr_FR\" \/>\n<meta property=\"og:type\" content=\"article\" \/>\n<meta property=\"og:title\" content=\"Principes de leadership d&#039;OnTheGoSystems - OnTheGoSystems\" \/>\n<meta property=\"og:url\" content=\"https:\/\/onthegosystems.com\/fr\/principes-de-leadership-de-onthegosystems\/\" \/>\n<meta property=\"og:site_name\" content=\"OnTheGoSystems\" \/>\n<meta property=\"article:modified_time\" content=\"2025-09-08T07:05:09+00:00\" \/>\n<meta name=\"twitter:card\" content=\"summary_large_image\" \/>\n<meta name=\"twitter:label1\" content=\"Dur\u00e9e de lecture estim\u00e9e\" \/>\n\t<meta name=\"twitter:data1\" content=\"2 minutes\" \/>\n<script type=\"application\/ld+json\" class=\"yoast-schema-graph\">{\"@context\":\"https:\\\/\\\/schema.org\",\"@graph\":[{\"@type\":\"WebPage\",\"@id\":\"https:\\\/\\\/onthegosystems.com\\\/fr\\\/principes-de-leadership-de-onthegosystems\\\/\",\"url\":\"https:\\\/\\\/onthegosystems.com\\\/fr\\\/principes-de-leadership-de-onthegosystems\\\/\",\"name\":\"Principes de leadership d'OnTheGoSystems - OnTheGoSystems\",\"isPartOf\":{\"@id\":\"https:\\\/\\\/onthegosystems.com\\\/fr\\\/#website\"},\"datePublished\":\"2025-01-23T15:05:24+00:00\",\"dateModified\":\"2025-09-08T07:05:09+00:00\",\"breadcrumb\":{\"@id\":\"https:\\\/\\\/onthegosystems.com\\\/fr\\\/principes-de-leadership-de-onthegosystems\\\/#breadcrumb\"},\"inLanguage\":\"fr-FR\",\"potentialAction\":[{\"@type\":\"ReadAction\",\"target\":[\"https:\\\/\\\/onthegosystems.com\\\/fr\\\/principes-de-leadership-de-onthegosystems\\\/\"]}]},{\"@type\":\"BreadcrumbList\",\"@id\":\"https:\\\/\\\/onthegosystems.com\\\/fr\\\/principes-de-leadership-de-onthegosystems\\\/#breadcrumb\",\"itemListElement\":[{\"@type\":\"ListItem\",\"position\":1,\"name\":\"Home\",\"item\":\"https:\\\/\\\/onthegosystems.com\\\/fr\\\/page-daccueil\\\/\"},{\"@type\":\"ListItem\",\"position\":2,\"name\":\"Principes de leadership d&#8217;OnTheGoSystems\"}]},{\"@type\":\"WebSite\",\"@id\":\"https:\\\/\\\/onthegosystems.com\\\/fr\\\/#website\",\"url\":\"https:\\\/\\\/onthegosystems.com\\\/fr\\\/\",\"name\":\"OnTheGoSystems\",\"description\":\"WordPress plugins and professional translation\",\"publisher\":{\"@id\":\"https:\\\/\\\/onthegosystems.com\\\/fr\\\/#organization\"},\"potentialAction\":[{\"@type\":\"SearchAction\",\"target\":{\"@type\":\"EntryPoint\",\"urlTemplate\":\"https:\\\/\\\/onthegosystems.com\\\/fr\\\/?s={search_term_string}\"},\"query-input\":{\"@type\":\"PropertyValueSpecification\",\"valueRequired\":true,\"valueName\":\"search_term_string\"}}],\"inLanguage\":\"fr-FR\"},{\"@type\":\"Organization\",\"@id\":\"https:\\\/\\\/onthegosystems.com\\\/fr\\\/#organization\",\"name\":\"OnTheGoSystems\",\"url\":\"https:\\\/\\\/onthegosystems.com\\\/fr\\\/\",\"logo\":{\"@type\":\"ImageObject\",\"inLanguage\":\"fr-FR\",\"@id\":\"https:\\\/\\\/onthegosystems.com\\\/fr\\\/#\\\/schema\\\/logo\\\/image\\\/\",\"url\":\"https:\\\/\\\/onthegosystems.com\\\/wp-content\\\/uploads\\\/2020\\\/07\\\/cropped-favicon.png\",\"contentUrl\":\"https:\\\/\\\/onthegosystems.com\\\/wp-content\\\/uploads\\\/2020\\\/07\\\/cropped-favicon.png\",\"width\":512,\"height\":512,\"caption\":\"OnTheGoSystems\"},\"image\":{\"@id\":\"https:\\\/\\\/onthegosystems.com\\\/fr\\\/#\\\/schema\\\/logo\\\/image\\\/\"}}]}<\/script>\n<!-- \/ Yoast SEO plugin. -->","yoast_head_json":{"title":"Principes de leadership d'OnTheGoSystems - OnTheGoSystems","robots":{"index":"index","follow":"follow","max-snippet":"max-snippet:-1","max-image-preview":"max-image-preview:large","max-video-preview":"max-video-preview:-1"},"canonical":"https:\/\/onthegosystems.com\/fr\/principes-de-leadership-de-onthegosystems\/","og_locale":"fr_FR","og_type":"article","og_title":"Principes de leadership d'OnTheGoSystems - OnTheGoSystems","og_url":"https:\/\/onthegosystems.com\/fr\/principes-de-leadership-de-onthegosystems\/","og_site_name":"OnTheGoSystems","article_modified_time":"2025-09-08T07:05:09+00:00","twitter_card":"summary_large_image","twitter_misc":{"Dur\u00e9e de lecture estim\u00e9e":"2 minutes"},"schema":{"@context":"https:\/\/schema.org","@graph":[{"@type":"WebPage","@id":"https:\/\/onthegosystems.com\/fr\/principes-de-leadership-de-onthegosystems\/","url":"https:\/\/onthegosystems.com\/fr\/principes-de-leadership-de-onthegosystems\/","name":"Principes de leadership d'OnTheGoSystems - OnTheGoSystems","isPartOf":{"@id":"https:\/\/onthegosystems.com\/fr\/#website"},"datePublished":"2025-01-23T15:05:24+00:00","dateModified":"2025-09-08T07:05:09+00:00","breadcrumb":{"@id":"https:\/\/onthegosystems.com\/fr\/principes-de-leadership-de-onthegosystems\/#breadcrumb"},"inLanguage":"fr-FR","potentialAction":[{"@type":"ReadAction","target":["https:\/\/onthegosystems.com\/fr\/principes-de-leadership-de-onthegosystems\/"]}]},{"@type":"BreadcrumbList","@id":"https:\/\/onthegosystems.com\/fr\/principes-de-leadership-de-onthegosystems\/#breadcrumb","itemListElement":[{"@type":"ListItem","position":1,"name":"Home","item":"https:\/\/onthegosystems.com\/fr\/page-daccueil\/"},{"@type":"ListItem","position":2,"name":"Principes de leadership d&#8217;OnTheGoSystems"}]},{"@type":"WebSite","@id":"https:\/\/onthegosystems.com\/fr\/#website","url":"https:\/\/onthegosystems.com\/fr\/","name":"OnTheGoSystems","description":"WordPress plugins and professional translation","publisher":{"@id":"https:\/\/onthegosystems.com\/fr\/#organization"},"potentialAction":[{"@type":"SearchAction","target":{"@type":"EntryPoint","urlTemplate":"https:\/\/onthegosystems.com\/fr\/?s={search_term_string}"},"query-input":{"@type":"PropertyValueSpecification","valueRequired":true,"valueName":"search_term_string"}}],"inLanguage":"fr-FR"},{"@type":"Organization","@id":"https:\/\/onthegosystems.com\/fr\/#organization","name":"OnTheGoSystems","url":"https:\/\/onthegosystems.com\/fr\/","logo":{"@type":"ImageObject","inLanguage":"fr-FR","@id":"https:\/\/onthegosystems.com\/fr\/#\/schema\/logo\/image\/","url":"https:\/\/onthegosystems.com\/wp-content\/uploads\/2020\/07\/cropped-favicon.png","contentUrl":"https:\/\/onthegosystems.com\/wp-content\/uploads\/2020\/07\/cropped-favicon.png","width":512,"height":512,"caption":"OnTheGoSystems"},"image":{"@id":"https:\/\/onthegosystems.com\/fr\/#\/schema\/logo\/image\/"}}]}},"_links":{"self":[{"href":"https:\/\/onthegosystems.com\/fr\/wp-json\/wp\/v2\/pages\/24992","targetHints":{"allow":["GET"]}}],"collection":[{"href":"https:\/\/onthegosystems.com\/fr\/wp-json\/wp\/v2\/pages"}],"about":[{"href":"https:\/\/onthegosystems.com\/fr\/wp-json\/wp\/v2\/types\/page"}],"author":[{"embeddable":true,"href":"https:\/\/onthegosystems.com\/fr\/wp-json\/wp\/v2\/users\/9"}],"replies":[{"embeddable":true,"href":"https:\/\/onthegosystems.com\/fr\/wp-json\/wp\/v2\/comments?post=24992"}],"version-history":[{"count":8,"href":"https:\/\/onthegosystems.com\/fr\/wp-json\/wp\/v2\/pages\/24992\/revisions"}],"predecessor-version":[{"id":28841,"href":"https:\/\/onthegosystems.com\/fr\/wp-json\/wp\/v2\/pages\/24992\/revisions\/28841"}],"wp:attachment":[{"href":"https:\/\/onthegosystems.com\/fr\/wp-json\/wp\/v2\/media?parent=24992"}],"curies":[{"name":"wp","href":"https:\/\/api.w.org\/{rel}","templated":true}]}}