{"id":25624,"date":"2025-03-27T09:02:58","date_gmt":"2025-03-27T09:02:58","guid":{"rendered":"https:\/\/onthegosystems.com\/equipes-et-projets\/ptc\/"},"modified":"2025-10-03T08:52:42","modified_gmt":"2025-10-03T08:52:42","slug":"ptc","status":"publish","type":"page","link":"https:\/\/onthegosystems.com\/fr\/equipes-et-projets\/ptc\/","title":{"rendered":"PTC"},"content":{"rendered":"\n<div class=\"wp-block-toolset-blocks-container tb-container alignfull\" data-toolset-blocks-container=\"d5b13fe0f15750ee8935945a6520de17\"><div class=\"tb-container-inner\">\n<div class=\"wp-block-toolset-blocks-container tb-container\" data-toolset-blocks-container=\"cf3061bf66e90cd7d320c1ae98d9739e\">\n<div class=\"wp-block-toolset-blocks-grid tb-grid\" data-toolset-blocks-grid=\"1ef7b967bec47466a3dcfeb9b520e178\">\n<div class=\"wp-block-toolset-blocks-grid-column tb-grid-column tb-grid-align-top\" data-toolset-blocks-grid-column=\"3034fbe886c11054e95b46b09d3e4112\">\n<figure class=\"wp-block-image tb-image tb-image-dynamic tb-image-frame-none\" data-toolset-blocks-image=\"7f99547068f87161b8785c89d1a5995c\"><img decoding=\"async\" width=\"152\" height=\"152\" data-src=\"https:\/\/onthegosystems.com\/wp-content\/uploads\/2025\/03\/Logo.png\" alt=\"\" class=\"wp-image-25272 lazyload\" data-srcset=\"https:\/\/onthegosystems.com\/wp-content\/uploads\/2025\/03\/Logo.png 152w, https:\/\/onthegosystems.com\/wp-content\/uploads\/2025\/03\/Logo-150x150.png 150w\" data-sizes=\"auto, (max-width: 152px) 100vw, 152px\" src=\"data:image\/svg+xml;base64,PHN2ZyB3aWR0aD0iMSIgaGVpZ2h0PSIxIiB4bWxucz0iaHR0cDovL3d3dy53My5vcmcvMjAwMC9zdmciPjwvc3ZnPg==\" style=\"--smush-placeholder-width: 152px; --smush-placeholder-aspect-ratio: 152\/152;\" \/><\/figure>\n\n\n\n<h1 class=\"tb-heading has-text-color\" data-toolset-blocks-heading=\"483c6abd8ead45808a4116412e13bee3\" data-last-update=\"1.4\">R\u00e9inventer la traduction &#8211; vous voulez participer ?<\/h1>\n\n\n\n<p class=\"tb-heading has-text-color\" data-toolset-blocks-heading=\"c741422f696519177cf746f89c137505\" data-last-update=\"1.4\"><a href=\"https:\/\/ptc.wpml.org\/fr\/a-propos\/\" target=\"_blank\" rel=\"noreferrer noopener\"><strong>Private Translation Cloud<\/strong> (PTC)<\/a> est un service web qui traduit des logiciels. Nous avons commenc\u00e9 par viser une traduction \u00ab meilleure que celle d&rsquo;un humain \u00bb. Maintenant que nous y sommes parvenus, nous visons encore plus haut pour atteindre une qualit\u00e9 que m\u00eame les meilleurs traducteurs humains ne peuvent \u00e9galer.  <\/p>\n<\/div>\n\n\n\n<div class=\"wp-block-toolset-blocks-grid-column tb-grid-column tb-grid-align-top\" data-toolset-blocks-grid-column=\"3034fbe886c11054e95b46b09d3e4112\"><\/div>\n<\/div>\n<\/div>\n<\/div><\/div>\n\n<div class=\"wp-block-toolset-blocks-container tb-container alignfull\" data-toolset-blocks-container=\"9cfd88b8b276254826641b9c88971d62\"><div class=\"tb-container-inner\">\n<div class=\"wp-block-toolset-blocks-grid tb-grid\" data-toolset-blocks-grid=\"04acaa22fda71f1629b6da44af4eaa3e\">\n<div class=\"wp-block-toolset-blocks-grid-column tb-grid-column tb-grid-align-top\" data-toolset-blocks-grid-column=\"3034fbe886c11054e95b46b09d3e4112\">\n<h2 class=\"tb-heading has-text-color\" data-toolset-blocks-heading=\"e6b49bc46231e3a61ceda025bc36584a\" data-last-update=\"1.4\">Pourquoi c&rsquo;est important<\/h2>\n\n\n\n<p class=\"tb-heading\" data-toolset-blocks-heading=\"7a80f99f053dcfdc94c212c98e4698a3\" data-last-update=\"1.4\">La traduction de logiciels est difficile \u2013 co\u00fbteuse, lente et frustrante. C&rsquo;est pourquoi c&rsquo;est un excellent secteur d&rsquo;activit\u00e9. La traduction automatique m\u00e9diocre ne suffit pas, et la traduction humaine experte reste co\u00fbteuse et souvent d\u00e9cevante. De nombreuses entreprises ont besoin d&rsquo;une vraie solution pour se d\u00e9velopper \u00e0 l&rsquo;international.   <\/p>\n<\/div>\n\n\n\n<div class=\"wp-block-toolset-blocks-grid-column tb-grid-column tb-grid-align-top\" data-toolset-blocks-grid-column=\"3034fbe886c11054e95b46b09d3e4112\"><\/div>\n<\/div>\n\n\n\n<div class=\"wp-block-toolset-blocks-grid tb-grid\" data-toolset-blocks-grid=\"4639a0bfe14bb54092419c92029faa5c\">\n<div class=\"wp-block-toolset-blocks-grid-column tb-grid-column\" data-toolset-blocks-grid-column=\"c777ff47b88bccde2288392889584581\">\n<div class=\"wp-block-toolset-blocks-container tb-container\" data-toolset-blocks-container=\"01b93eab7b92e2d138b3d109f87a2b41\"><\/div>\n<\/div>\n\n\n\n<div class=\"wp-block-toolset-blocks-grid-column tb-grid-column tb-grid-align-center\" data-toolset-blocks-grid-column=\"5c90cbc0e579dc6511ccb4ae42faf52d\">\n<h3 class=\"tb-heading has-text-color has-background wa\" data-toolset-blocks-heading=\"70167636c124965d6f41237f13df8f2f\" data-last-update=\"1.4\"><strong>O\u00f9 nous en sommes<\/strong><\/h3>\n\n\n\n<p class=\"tb-heading\" data-toolset-blocks-heading=\"7a80f99f053dcfdc94c212c98e4698a3\" data-last-update=\"1.4\">Notre syst\u00e8me fonctionne. Les clients l&rsquo;adorent. Nous avons r\u00e9duit les co\u00fbts de traduction de milliers d&rsquo;euros \u00e0 presque z\u00e9ro, et les d\u00e9lais de livraison de semaines \u00e0 quelques minutes.  <\/p>\n\n\n\n<h3 class=\"tb-heading has-text-color has-background wa\" data-toolset-blocks-heading=\"028b22063056ab75f025b0113600f936\" data-last-update=\"1.4\"><strong><strong>O\u00f9 nous allons<\/strong><\/strong><\/h3>\n\n\n\n<p class=\"tb-heading\" data-toolset-blocks-heading=\"7a80f99f053dcfdc94c212c98e4698a3\" data-last-update=\"1.4\">Dans un an, nous visons \u00e0 ce que des milliers d&rsquo;entreprises comptent sur PTC. Ce sera notre troisi\u00e8me grand succ\u00e8s apr\u00e8s <a href=\"https:\/\/wpml.org\/fr\/\" target=\"_blank\" rel=\"noreferrer noopener\">WPML<\/a> et <a href=\"https:\/\/wpml.org\/documentation\/automatic-translation\/wpml-ai-wordpress-translation\/\" target=\"_blank\" rel=\"noreferrer noopener\">la traduction IA pour WordPress<\/a>. Nos produits existants servent d\u00e9j\u00e0 plus de 250 000 clients satisfaits. PTC est le suivant.   <\/p>\n<\/div>\n<\/div>\n\n\n\n<p class=\"tb-heading\" data-toolset-blocks-heading=\"d2c5b3cbfd07fa6be7331b79a4fff836\" data-last-update=\"1.4\"><strong>Nous n&rsquo;avons aucun investisseur \u00e0 satisfaire, aucun objectif \u00e0 court terme et aucune pr\u00e9sentation \u00e0 pr\u00e9parer.<br\/>Nous cr\u00e9ons des produits solides pour des clients satisfaits<spam class=\"otgs-hightlight\">.<\/spam><\/strong><\/p>\n<\/div><\/div>\n\n<div class=\"wp-block-toolset-blocks-container tb-container alignfull\" data-toolset-blocks-container=\"ccd4ef76a39c8237ecc21840b994d2ad\"><div class=\"tb-container-inner\">\n<div class=\"wp-block-toolset-blocks-grid tb-grid\" data-toolset-blocks-grid=\"661de5295f27bf741908eff42357ddea\">\n<div class=\"wp-block-toolset-blocks-grid-column tb-grid-column tb-grid-align-center\" data-toolset-blocks-grid-column=\"f586ff7bfe1d7317c63162ec7b7039ed\">\n<h2 class=\"tb-heading has-text-color\" data-toolset-blocks-heading=\"df92eec2473d99c8947e5efe1a4d649b\" data-last-update=\"1.4\">La technologie<\/h2>\n\n\n\n<p class=\"tb-heading\" data-toolset-blocks-heading=\"7a80f99f053dcfdc94c212c98e4698a3\" data-last-update=\"1.4\">PTC fonctionne sur RoR (backend) et React (frontend). Nous avons choisi RoR pour ses conventions solides, ses tests int\u00e9gr\u00e9s et son framework complet. <\/p>\n\n\n\n<p class=\"tb-heading\" data-toolset-blocks-heading=\"7a80f99f053dcfdc94c212c98e4698a3\" data-last-update=\"1.4\">Le type de probl\u00e8mes sur lesquels nous travaillons :<br\/><\/p>\n\n\n\n<ul style=\"font-size:18px\" class=\"wp-block-list\">\n<li>Les mod\u00e8les linguistiques et comment les g\u00e9rer de mani\u00e8re syst\u00e9matique<\/li>\n\n\n\n<li>La mise \u00e0 l&rsquo;\u00e9chelle automatique efficace pour les workers de t\u00e2ches diff\u00e9r\u00e9es<\/li>\n\n\n\n<li>La priorisation des ressources pour les clients en direct et en arri\u00e8re-plan<\/li>\n\n\n\n<li>Les tests automatis\u00e9s pour un syst\u00e8me non d\u00e9terministe<\/li>\n\n\n\n<li>Comment expliquer des sujets complexes aux utilisateurs non experts<\/li>\n\n\n\n<li>Et bien plus encore\u2026<\/li>\n<\/ul>\n\n\n\n<p class=\"tb-heading\" data-toolset-blocks-heading=\"7a80f99f053dcfdc94c212c98e4698a3\" data-last-update=\"1.4\">L&rsquo;infrastructure est sur AWS ECS. C&rsquo;est rentable et flexible pour un d\u00e9veloppement rapide. <\/p>\n\n\n\n<div class=\"wp-block-toolset-blocks-grid tb-grid\" data-toolset-blocks-grid=\"08c5a7834b29e339a2d75fe264e74b31\">\n<div class=\"wp-block-toolset-blocks-grid-column tb-grid-column tb-grid-align-top\" data-toolset-blocks-grid-column=\"3034fbe886c11054e95b46b09d3e4112\">\n<div class=\"wp-block-toolset-blocks-container tb-container\" data-toolset-blocks-container=\"ecd48b165fa0142d040ddc87b22bb190\"><div class=\"wp-block-image\">\n<figure class=\" tb-image tb-image-dynamic tb-image-frame-none aligncenter\" data-toolset-blocks-image=\"57ea648dad6542e262e02c63996e5a29\"><img decoding=\"async\" width=\"90\" height=\"32\" data-src=\"https:\/\/onthegosystems.com\/wp-content\/uploads\/2023\/04\/ror.svg\" alt=\"Ruby on Rails\" class=\"wp-image-27629 lazyload\" src=\"data:image\/svg+xml;base64,PHN2ZyB3aWR0aD0iMSIgaGVpZ2h0PSIxIiB4bWxucz0iaHR0cDovL3d3dy53My5vcmcvMjAwMC9zdmciPjwvc3ZnPg==\" style=\"--smush-placeholder-width: 90px; --smush-placeholder-aspect-ratio: 90\/32;\" \/><figcaption><div class=\"tb-image-caption\">RoR<\/div><\/figcaption><\/figure>\n<\/div><\/div>\n<\/div>\n\n\n\n<div class=\"wp-block-toolset-blocks-grid-column tb-grid-column tb-grid-align-top\" data-toolset-blocks-grid-column=\"3034fbe886c11054e95b46b09d3e4112\">\n<div class=\"wp-block-toolset-blocks-container tb-container\" data-toolset-blocks-container=\"ecd48b165fa0142d040ddc87b22bb190\"><div class=\"wp-block-image\">\n<figure class=\" tb-image tb-image-media tb-image-frame-none aligncenter\" data-toolset-blocks-image=\"5e3cd56829c7eaef9abe4dd8121d632b\"><img decoding=\"async\" width=\"598\" height=\"533\" data-src=\"https:\/\/onthegosystems.com\/wp-content\/uploads\/2020\/06\/react.png\" alt=\"React\" class=\"wp-image-23949 lazyload\" data-srcset=\"https:\/\/onthegosystems.com\/wp-content\/uploads\/2020\/06\/react.png 598w, https:\/\/onthegosystems.com\/wp-content\/uploads\/2020\/06\/react-300x267.png 300w\" data-sizes=\"auto, (max-width: 598px) 100vw, 598px\" src=\"data:image\/svg+xml;base64,PHN2ZyB3aWR0aD0iMSIgaGVpZ2h0PSIxIiB4bWxucz0iaHR0cDovL3d3dy53My5vcmcvMjAwMC9zdmciPjwvc3ZnPg==\" style=\"--smush-placeholder-width: 598px; --smush-placeholder-aspect-ratio: 598\/533;\" \/><figcaption><div class=\"tb-image-caption\">React<\/div><\/figcaption><\/figure>\n<\/div><\/div>\n<\/div>\n<\/div>\n<\/div>\n\n\n\n<div class=\"wp-block-toolset-blocks-grid-column tb-grid-column\" data-toolset-blocks-grid-column=\"a6e73c9bcfb6574667bd3043cd1e8d9d\">\n<div class=\"wp-block-toolset-blocks-container tb-container\" data-toolset-blocks-container=\"0461b7d2a691dae3d93aaa67d276bccc\">\n<h2 class=\"tb-heading has-text-color\" data-toolset-blocks-heading=\"df92eec2473d99c8947e5efe1a4d649b\" data-last-update=\"1.4\">L&rsquo;\u00e9quipe<\/h2>\n\n\n\n<figure class=\"wp-block-image tb-image tb-image-dynamic tb-image-frame-none\" data-toolset-blocks-image=\"ebf8b73b664c670f19e68db6b12ff71a\"><img decoding=\"async\" width=\"512\" height=\"129\" data-src=\"https:\/\/onthegosystems.com\/wp-content\/uploads\/2025\/03\/team-1-1-min.png\" alt=\"\" class=\"wp-image-25498 lazyload\" data-srcset=\"https:\/\/onthegosystems.com\/wp-content\/uploads\/2025\/03\/team-1-1-min.png 512w, https:\/\/onthegosystems.com\/wp-content\/uploads\/2025\/03\/team-1-1-min-300x76.png 300w\" data-sizes=\"auto, (max-width: 512px) 100vw, 512px\" src=\"data:image\/svg+xml;base64,PHN2ZyB3aWR0aD0iMSIgaGVpZ2h0PSIxIiB4bWxucz0iaHR0cDovL3d3dy53My5vcmcvMjAwMC9zdmciPjwvc3ZnPg==\" style=\"--smush-placeholder-width: 512px; --smush-placeholder-aspect-ratio: 512\/129;\" \/><\/figure>\n\n\n\n<p class=\"tb-heading\" data-toolset-blocks-heading=\"7a80f99f053dcfdc94c212c98e4698a3\" data-last-update=\"1.4\">Nous travaillons \u00e0 distance, avec des standards \u00e9lev\u00e9s et une collaboration solide. Des horaires de travail fixes signifient que vos co\u00e9quipiers sont disponibles quand vous en avez besoin. Nous visons l&rsquo;excellence, apprenons de nos erreurs et nous am\u00e9liorons rapidement.  <\/p>\n\n\n\n<p class=\"tb-heading\" data-toolset-blocks-heading=\"7a80f99f053dcfdc94c212c98e4698a3\" data-last-update=\"1.4\">Tous les membres de notre \u00e9quipe sont des d\u00e9veloppeurs full-stack. En plus d&rsquo;\u00e9crire du code excellent et des tests complets, chacun est invit\u00e9 \u00e0 contribuer sur l&rsquo;architecture, les algorithmes et les workflows. <\/p>\n<\/div>\n<\/div>\n<\/div>\n\n\n\n<h2 class=\"tb-heading has-text-color\" data-toolset-blocks-heading=\"6897679d9711eee240554b7252d6861c\" data-last-update=\"1.4\"><strong>Comment nous travaillons<\/strong><\/h2>\n\n\n\n<div class=\"wp-block-toolset-blocks-grid tb-grid\" data-toolset-blocks-grid=\"40035f3d184782c8ad7b78bdef69e411\">\n<div class=\"wp-block-toolset-blocks-grid-column tb-grid-column tb-grid-align-top\" data-toolset-blocks-grid-column=\"7508472afafd47a4a34ef8e2596f6f1d\">\n<p class=\"tb-heading has-text-color\" data-toolset-blocks-heading=\"cd965d022c9520f69ac92fef677d3733\" data-last-update=\"1.4\"><strong>01<\/strong><\/p>\n\n\n\n<p class=\"tb-heading has-text-color\" data-toolset-blocks-heading=\"5d81157abf819ea8dd0b6cb5fd797bd8\" data-last-update=\"1.4\"><strong>Synchronisations quotidiennes rapides, avec des mises \u00e0 jour de statut pr\u00e9-r\u00e9dig\u00e9es<\/strong><\/p>\n<\/div>\n\n\n\n<div class=\"wp-block-toolset-blocks-grid-column tb-grid-column tb-grid-align-top\" data-toolset-blocks-grid-column=\"7508472afafd47a4a34ef8e2596f6f1d\">\n<p class=\"tb-heading has-text-color\" data-toolset-blocks-heading=\"cd965d022c9520f69ac92fef677d3733\" data-last-update=\"1.4\"><strong>02<\/strong><\/p>\n\n\n\n<p class=\"tb-heading has-text-color\" data-toolset-blocks-heading=\"5d81157abf819ea8dd0b6cb5fd797bd8\" data-last-update=\"1.4\"><strong>Objectifs de sprint clairs<\/strong><\/p>\n<\/div>\n\n\n\n<div class=\"wp-block-toolset-blocks-grid-column tb-grid-column tb-grid-align-top\" data-toolset-blocks-grid-column=\"7508472afafd47a4a34ef8e2596f6f1d\">\n<p class=\"tb-heading has-text-color\" data-toolset-blocks-heading=\"cd965d022c9520f69ac92fef677d3733\" data-last-update=\"1.4\"><strong>03<\/strong><\/p>\n\n\n\n<p class=\"tb-heading has-text-color\" data-toolset-blocks-heading=\"5d81157abf819ea8dd0b6cb5fd797bd8\" data-last-update=\"1.4\"><strong>D\u00e9monstrations ad-hoc lorsque les jalons sont atteints<\/strong><\/p>\n<\/div>\n<\/div>\n\n\n\n<div class=\"wp-block-toolset-blocks-grid tb-grid\" data-toolset-blocks-grid=\"49a0902d0d4d1dbe468c94fbb6812a9d\">\n<div class=\"wp-block-toolset-blocks-grid-column tb-grid-column tb-grid-align-top\" data-toolset-blocks-grid-column=\"7508472afafd47a4a34ef8e2596f6f1d\">\n<p class=\"tb-heading has-text-color\" data-toolset-blocks-heading=\"cd965d022c9520f69ac92fef677d3733\" data-last-update=\"1.4\"><strong>0<\/strong>4<\/p>\n\n\n\n<p class=\"tb-heading has-text-color\" data-toolset-blocks-heading=\"5d81157abf819ea8dd0b6cb5fd797bd8\" data-last-update=\"1.4\"><strong>Suivi transparent des probl\u00e8mes au lieu d&rsquo;e-mails de \u00ab statut \u00bb<\/strong><\/p>\n<\/div>\n\n\n\n<div class=\"wp-block-toolset-blocks-grid-column tb-grid-column tb-grid-align-top\" data-toolset-blocks-grid-column=\"7508472afafd47a4a34ef8e2596f6f1d\">\n<p class=\"tb-heading has-text-color\" data-toolset-blocks-heading=\"cd965d022c9520f69ac92fef677d3733\" data-last-update=\"1.4\"><strong>0<\/strong>5<\/p>\n\n\n\n<p class=\"tb-heading has-text-color\" data-toolset-blocks-heading=\"5d81157abf819ea8dd0b6cb5fd797bd8\" data-last-update=\"1.4\"><strong>Pas de revues de code ni d&rsquo;\u00e9quipe QA. Nous nous appuyons sur les linters, CI\/CD et beaucoup de responsabilit\u00e9 <\/strong><\/p>\n<\/div>\n\n\n\n<div class=\"wp-block-toolset-blocks-grid-column tb-grid-column tb-grid-align-top\" data-toolset-blocks-grid-column=\"7508472afafd47a4a34ef8e2596f6f1d\">\n<p class=\"tb-heading has-text-color\" data-toolset-blocks-heading=\"cd965d022c9520f69ac92fef677d3733\" data-last-update=\"1.4\"><strong>0<\/strong>6<\/p>\n\n\n\n<p class=\"tb-heading has-text-color\" data-toolset-blocks-heading=\"5d81157abf819ea8dd0b6cb5fd797bd8\" data-last-update=\"1.4\"><strong>Nous valorisons l&rsquo;autonomie et restons align\u00e9s en tant qu&rsquo;\u00e9quipe<\/strong><\/p>\n<\/div>\n<\/div>\n\n\n\n<div class=\"wp-block-toolset-blocks-container tb-container\" data-toolset-blocks-container=\"91c6fc397b45cb91573384905a1897da\">\n<h2 class=\"tb-heading has-text-color\" data-toolset-blocks-heading=\"eef3bf0fcf9c4dc07759847e2965e3b5\" data-last-update=\"1.4\">Cela ressemble \u00e0 votre type d&rsquo;\u00e9quipe ?<\/h2>\n\n\n\n<div class=\"tb-button\" data-toolset-blocks-button=\"675c0cc8aca9bb61a7ddaff978212ad8\"><a class=\"tb-button__link\" href=\"https:\/\/onthegosystems.com\/fr\/?post_type=jobs&#038;p=24667\"><i class=\"tb-button__icon\"><\/i><span class=\"tb-button__content\">Postulez d\u00e8s aujourd&rsquo;hui<\/span><\/a><\/div>\n<\/div>\n<\/div><\/div>\n","protected":false},"excerpt":{"rendered":"","protected":false},"author":34,"featured_media":0,"parent":25605,"menu_order":0,"comment_status":"closed","ping_status":"closed","template":"","meta":{"footnotes":""},"class_list":["post-25624","page","type-page","status-publish","hentry"],"yoast_head":"<!-- This site is optimized with the Yoast SEO plugin v27.4 - https:\/\/yoast.com\/product\/yoast-seo-wordpress\/ -->\n<title>\u00c9quipe PTC - OnTheGoSystems<\/title>\n<meta name=\"robots\" content=\"index, follow, max-snippet:-1, max-image-preview:large, max-video-preview:-1\" \/>\n<link rel=\"canonical\" href=\"https:\/\/onthegosystems.com\/fr\/equipes-et-projets\/ptc\/\" \/>\n<meta property=\"og:locale\" content=\"fr_FR\" \/>\n<meta property=\"og:type\" content=\"article\" \/>\n<meta property=\"og:title\" content=\"\u00c9quipe PTC - OnTheGoSystems\" \/>\n<meta property=\"og:url\" content=\"https:\/\/onthegosystems.com\/fr\/equipes-et-projets\/ptc\/\" \/>\n<meta property=\"og:site_name\" content=\"OnTheGoSystems\" \/>\n<meta property=\"article:modified_time\" content=\"2025-10-03T08:52:42+00:00\" \/>\n<meta property=\"og:image\" content=\"https:\/\/onthegosystems.com\/wp-content\/uploads\/2025\/03\/Logo.png\" \/>\n\t<meta property=\"og:image:width\" content=\"152\" \/>\n\t<meta property=\"og:image:height\" content=\"152\" \/>\n\t<meta property=\"og:image:type\" content=\"image\/png\" \/>\n<meta name=\"twitter:card\" content=\"summary_large_image\" \/>\n<meta name=\"twitter:label1\" content=\"Dur\u00e9e de lecture estim\u00e9e\" \/>\n\t<meta name=\"twitter:data1\" content=\"3 minutes\" \/>\n<script type=\"application\/ld+json\" class=\"yoast-schema-graph\">{\"@context\":\"https:\\\/\\\/schema.org\",\"@graph\":[{\"@type\":\"WebPage\",\"@id\":\"https:\\\/\\\/onthegosystems.com\\\/fr\\\/equipes-et-projets\\\/ptc\\\/\",\"url\":\"https:\\\/\\\/onthegosystems.com\\\/fr\\\/equipes-et-projets\\\/ptc\\\/\",\"name\":\"\u00c9quipe PTC - OnTheGoSystems\",\"isPartOf\":{\"@id\":\"https:\\\/\\\/onthegosystems.com\\\/fr\\\/#website\"},\"primaryImageOfPage\":{\"@id\":\"https:\\\/\\\/onthegosystems.com\\\/fr\\\/equipes-et-projets\\\/ptc\\\/#primaryimage\"},\"image\":{\"@id\":\"https:\\\/\\\/onthegosystems.com\\\/fr\\\/equipes-et-projets\\\/ptc\\\/#primaryimage\"},\"thumbnailUrl\":\"https:\\\/\\\/onthegosystems.com\\\/wp-content\\\/uploads\\\/2025\\\/03\\\/Logo.png\",\"datePublished\":\"2025-03-27T09:02:58+00:00\",\"dateModified\":\"2025-10-03T08:52:42+00:00\",\"breadcrumb\":{\"@id\":\"https:\\\/\\\/onthegosystems.com\\\/fr\\\/equipes-et-projets\\\/ptc\\\/#breadcrumb\"},\"inLanguage\":\"fr-FR\",\"potentialAction\":[{\"@type\":\"ReadAction\",\"target\":[\"https:\\\/\\\/onthegosystems.com\\\/fr\\\/equipes-et-projets\\\/ptc\\\/\"]}]},{\"@type\":\"ImageObject\",\"inLanguage\":\"fr-FR\",\"@id\":\"https:\\\/\\\/onthegosystems.com\\\/fr\\\/equipes-et-projets\\\/ptc\\\/#primaryimage\",\"url\":\"https:\\\/\\\/onthegosystems.com\\\/wp-content\\\/uploads\\\/2025\\\/03\\\/Logo.png\",\"contentUrl\":\"https:\\\/\\\/onthegosystems.com\\\/wp-content\\\/uploads\\\/2025\\\/03\\\/Logo.png\"},{\"@type\":\"BreadcrumbList\",\"@id\":\"https:\\\/\\\/onthegosystems.com\\\/fr\\\/equipes-et-projets\\\/ptc\\\/#breadcrumb\",\"itemListElement\":[{\"@type\":\"ListItem\",\"position\":1,\"name\":\"Home\",\"item\":\"https:\\\/\\\/onthegosystems.com\\\/fr\\\/page-daccueil\\\/\"},{\"@type\":\"ListItem\",\"position\":2,\"name\":\"\u00c9quipes et projets\",\"item\":\"https:\\\/\\\/onthegosystems.com\\\/fr\\\/equipes-et-projets\\\/\"},{\"@type\":\"ListItem\",\"position\":3,\"name\":\"PTC\"}]},{\"@type\":\"WebSite\",\"@id\":\"https:\\\/\\\/onthegosystems.com\\\/fr\\\/#website\",\"url\":\"https:\\\/\\\/onthegosystems.com\\\/fr\\\/\",\"name\":\"OnTheGoSystems\",\"description\":\"WordPress plugins and professional translation\",\"publisher\":{\"@id\":\"https:\\\/\\\/onthegosystems.com\\\/fr\\\/#organization\"},\"potentialAction\":[{\"@type\":\"SearchAction\",\"target\":{\"@type\":\"EntryPoint\",\"urlTemplate\":\"https:\\\/\\\/onthegosystems.com\\\/fr\\\/?s={search_term_string}\"},\"query-input\":{\"@type\":\"PropertyValueSpecification\",\"valueRequired\":true,\"valueName\":\"search_term_string\"}}],\"inLanguage\":\"fr-FR\"},{\"@type\":\"Organization\",\"@id\":\"https:\\\/\\\/onthegosystems.com\\\/fr\\\/#organization\",\"name\":\"OnTheGoSystems\",\"url\":\"https:\\\/\\\/onthegosystems.com\\\/fr\\\/\",\"logo\":{\"@type\":\"ImageObject\",\"inLanguage\":\"fr-FR\",\"@id\":\"https:\\\/\\\/onthegosystems.com\\\/fr\\\/#\\\/schema\\\/logo\\\/image\\\/\",\"url\":\"https:\\\/\\\/onthegosystems.com\\\/wp-content\\\/uploads\\\/2020\\\/07\\\/cropped-favicon.png\",\"contentUrl\":\"https:\\\/\\\/onthegosystems.com\\\/wp-content\\\/uploads\\\/2020\\\/07\\\/cropped-favicon.png\",\"width\":512,\"height\":512,\"caption\":\"OnTheGoSystems\"},\"image\":{\"@id\":\"https:\\\/\\\/onthegosystems.com\\\/fr\\\/#\\\/schema\\\/logo\\\/image\\\/\"}}]}<\/script>\n<!-- \/ Yoast SEO plugin. -->","yoast_head_json":{"title":"\u00c9quipe PTC - OnTheGoSystems","robots":{"index":"index","follow":"follow","max-snippet":"max-snippet:-1","max-image-preview":"max-image-preview:large","max-video-preview":"max-video-preview:-1"},"canonical":"https:\/\/onthegosystems.com\/fr\/equipes-et-projets\/ptc\/","og_locale":"fr_FR","og_type":"article","og_title":"\u00c9quipe PTC - OnTheGoSystems","og_url":"https:\/\/onthegosystems.com\/fr\/equipes-et-projets\/ptc\/","og_site_name":"OnTheGoSystems","article_modified_time":"2025-10-03T08:52:42+00:00","og_image":[{"width":152,"height":152,"url":"https:\/\/onthegosystems.com\/wp-content\/uploads\/2025\/03\/Logo.png","type":"image\/png"}],"twitter_card":"summary_large_image","twitter_misc":{"Dur\u00e9e de lecture estim\u00e9e":"3 minutes"},"schema":{"@context":"https:\/\/schema.org","@graph":[{"@type":"WebPage","@id":"https:\/\/onthegosystems.com\/fr\/equipes-et-projets\/ptc\/","url":"https:\/\/onthegosystems.com\/fr\/equipes-et-projets\/ptc\/","name":"\u00c9quipe PTC - OnTheGoSystems","isPartOf":{"@id":"https:\/\/onthegosystems.com\/fr\/#website"},"primaryImageOfPage":{"@id":"https:\/\/onthegosystems.com\/fr\/equipes-et-projets\/ptc\/#primaryimage"},"image":{"@id":"https:\/\/onthegosystems.com\/fr\/equipes-et-projets\/ptc\/#primaryimage"},"thumbnailUrl":"https:\/\/onthegosystems.com\/wp-content\/uploads\/2025\/03\/Logo.png","datePublished":"2025-03-27T09:02:58+00:00","dateModified":"2025-10-03T08:52:42+00:00","breadcrumb":{"@id":"https:\/\/onthegosystems.com\/fr\/equipes-et-projets\/ptc\/#breadcrumb"},"inLanguage":"fr-FR","potentialAction":[{"@type":"ReadAction","target":["https:\/\/onthegosystems.com\/fr\/equipes-et-projets\/ptc\/"]}]},{"@type":"ImageObject","inLanguage":"fr-FR","@id":"https:\/\/onthegosystems.com\/fr\/equipes-et-projets\/ptc\/#primaryimage","url":"https:\/\/onthegosystems.com\/wp-content\/uploads\/2025\/03\/Logo.png","contentUrl":"https:\/\/onthegosystems.com\/wp-content\/uploads\/2025\/03\/Logo.png"},{"@type":"BreadcrumbList","@id":"https:\/\/onthegosystems.com\/fr\/equipes-et-projets\/ptc\/#breadcrumb","itemListElement":[{"@type":"ListItem","position":1,"name":"Home","item":"https:\/\/onthegosystems.com\/fr\/page-daccueil\/"},{"@type":"ListItem","position":2,"name":"\u00c9quipes et projets","item":"https:\/\/onthegosystems.com\/fr\/equipes-et-projets\/"},{"@type":"ListItem","position":3,"name":"PTC"}]},{"@type":"WebSite","@id":"https:\/\/onthegosystems.com\/fr\/#website","url":"https:\/\/onthegosystems.com\/fr\/","name":"OnTheGoSystems","description":"WordPress plugins and professional translation","publisher":{"@id":"https:\/\/onthegosystems.com\/fr\/#organization"},"potentialAction":[{"@type":"SearchAction","target":{"@type":"EntryPoint","urlTemplate":"https:\/\/onthegosystems.com\/fr\/?s={search_term_string}"},"query-input":{"@type":"PropertyValueSpecification","valueRequired":true,"valueName":"search_term_string"}}],"inLanguage":"fr-FR"},{"@type":"Organization","@id":"https:\/\/onthegosystems.com\/fr\/#organization","name":"OnTheGoSystems","url":"https:\/\/onthegosystems.com\/fr\/","logo":{"@type":"ImageObject","inLanguage":"fr-FR","@id":"https:\/\/onthegosystems.com\/fr\/#\/schema\/logo\/image\/","url":"https:\/\/onthegosystems.com\/wp-content\/uploads\/2020\/07\/cropped-favicon.png","contentUrl":"https:\/\/onthegosystems.com\/wp-content\/uploads\/2020\/07\/cropped-favicon.png","width":512,"height":512,"caption":"OnTheGoSystems"},"image":{"@id":"https:\/\/onthegosystems.com\/fr\/#\/schema\/logo\/image\/"}}]}},"_links":{"self":[{"href":"https:\/\/onthegosystems.com\/fr\/wp-json\/wp\/v2\/pages\/25624","targetHints":{"allow":["GET"]}}],"collection":[{"href":"https:\/\/onthegosystems.com\/fr\/wp-json\/wp\/v2\/pages"}],"about":[{"href":"https:\/\/onthegosystems.com\/fr\/wp-json\/wp\/v2\/types\/page"}],"author":[{"embeddable":true,"href":"https:\/\/onthegosystems.com\/fr\/wp-json\/wp\/v2\/users\/34"}],"replies":[{"embeddable":true,"href":"https:\/\/onthegosystems.com\/fr\/wp-json\/wp\/v2\/comments?post=25624"}],"version-history":[{"count":8,"href":"https:\/\/onthegosystems.com\/fr\/wp-json\/wp\/v2\/pages\/25624\/revisions"}],"predecessor-version":[{"id":29551,"href":"https:\/\/onthegosystems.com\/fr\/wp-json\/wp\/v2\/pages\/25624\/revisions\/29551"}],"up":[{"embeddable":true,"href":"https:\/\/onthegosystems.com\/fr\/wp-json\/wp\/v2\/pages\/25605"}],"wp:attachment":[{"href":"https:\/\/onthegosystems.com\/fr\/wp-json\/wp\/v2\/media?parent=25624"}],"curies":[{"name":"wp","href":"https:\/\/api.w.org\/{rel}","templated":true}]}}