{"id":26427,"date":"2025-04-03T12:34:44","date_gmt":"2025-04-03T12:34:44","guid":{"rendered":"https:\/\/onthegosystems.com\/equipes-et-projets\/systemes\/"},"modified":"2025-09-08T07:06:52","modified_gmt":"2025-09-08T07:06:52","slug":"systemes","status":"publish","type":"page","link":"https:\/\/onthegosystems.com\/fr\/equipes-et-projets\/systemes\/","title":{"rendered":"Syst\u00e8mes"},"content":{"rendered":"\n<div class=\"wp-block-toolset-blocks-container tb-container alignfull\" data-toolset-blocks-container=\"5e798a12eeb02b3fe605dccc7450c31b\"><div class=\"tb-container-inner\">\n<div class=\"wp-block-toolset-blocks-container tb-container\" data-toolset-blocks-container=\"e39c7ae81f1ddf679bf1db473ccf659b\">\n<div class=\"wp-block-toolset-blocks-grid tb-grid\" data-toolset-blocks-grid=\"b15a6619db80649be02c8d3106aba7a9\">\n<div class=\"wp-block-toolset-blocks-grid-column tb-grid-column tb-grid-align-top\" data-toolset-blocks-grid-column=\"3034fbe886c11054e95b46b09d3e4112\">\n<figure class=\"wp-block-image tb-image tb-image-dynamic tb-image-frame-none\" data-toolset-blocks-image=\"31beb2a4e825eed36e8dbe5672de89c4\"><img decoding=\"async\" width=\"152\" height=\"158\" data-src=\"https:\/\/onthegosystems.com\/wp-content\/uploads\/2025\/04\/WPML-Logo-min.png\" alt=\"\" class=\"wp-image-26250 lazyload\" src=\"data:image\/svg+xml;base64,PHN2ZyB3aWR0aD0iMSIgaGVpZ2h0PSIxIiB4bWxucz0iaHR0cDovL3d3dy53My5vcmcvMjAwMC9zdmciPjwvc3ZnPg==\" style=\"--smush-placeholder-width: 152px; --smush-placeholder-aspect-ratio: 152\/158;\" \/><\/figure>\n\n\n\n<h1 class=\"tb-heading has-text-color\" data-toolset-blocks-heading=\"483c6abd8ead45808a4116412e13bee3\" data-last-update=\"1.4\">WPML.org &#8211; parmi les sites web les plus exigeants du web<\/h1>\n\n\n\n<p class=\"tb-heading has-text-color\" data-toolset-blocks-heading=\"c741422f696519177cf746f89c137505\" data-last-update=\"1.4\">Le plugin WPML alimente plus de 1,5 million de sites multilingues. WPML.org prend en charge des milliers de clients chaque jour, le pla\u00e7ant dans la liste des sites les plus complexes et les plus fr\u00e9quent\u00e9s d&rsquo;Internet. <\/p>\n<\/div>\n\n\n\n<div class=\"wp-block-toolset-blocks-grid-column tb-grid-column tb-grid-align-top\" data-toolset-blocks-grid-column=\"3034fbe886c11054e95b46b09d3e4112\"><\/div>\n<\/div>\n<\/div>\n<\/div><\/div>\n\n<div class=\"wp-block-toolset-blocks-container tb-container alignfull\" data-toolset-blocks-container=\"3141fb03a3373fad70d2b1c173da7269\"><div class=\"tb-container-inner\">\n<div class=\"wp-block-toolset-blocks-grid tb-grid\" data-toolset-blocks-grid=\"f7f99e7e9cf5b13fbbdf620e1c734519\">\n<div class=\"wp-block-toolset-blocks-grid-column tb-grid-column tb-grid-align-top\" data-toolset-blocks-grid-column=\"3034fbe886c11054e95b46b09d3e4112\">\n<h2 class=\"tb-heading has-text-color\" data-toolset-blocks-heading=\"e6b49bc46231e3a61ceda025bc36584a\" data-last-update=\"1.4\">WPML.org &#8211; e-Commerce \/ CRM \/ automatisation marketing \/ intelligence d&rsquo;affaires<\/h2>\n\n\n\n<p class=\"tb-heading\" data-toolset-blocks-heading=\"7a80f99f053dcfdc94c212c98e4698a3\" data-last-update=\"1.4\">Nous voulons que nos clients et notre \u00e9quipe b\u00e9n\u00e9ficient des processus les plus rationalis\u00e9s et efficaces possible. Nous avons donc construit sur mesure l&rsquo;ensemble de notre syst\u00e8me backend. <\/p>\n\n\n\n<ul class=\"wp-block-list\">\n<li>Un processus de paiement personnalis\u00e9 pour une large gamme de produits diff\u00e9rents<\/li>\n\n\n\n<li>Un syst\u00e8me de support enti\u00e8rement int\u00e9gr\u00e9<\/li>\n\n\n\n<li>Intelligence des donn\u00e9es pour orienter les d\u00e9cisions commerciales<\/li>\n\n\n\n<li>Int\u00e9gration entre le support et la gestion de projet<\/li>\n\n\n\n<li>Automatisations pour permettre aux processus complexes de se d\u00e9rouler sans surveillance<\/li>\n<\/ul>\n\n\n\n<p class=\"tb-heading\" data-toolset-blocks-heading=\"7a80f99f053dcfdc94c212c98e4698a3\" data-last-update=\"1.4\">Et, bien s\u00fbr, tout est soutenu par des tests automatis\u00e9s, afin que nous sachions qu&rsquo;une fois test\u00e9, cela continue de fonctionner.<br\/>Vous travaillerez sur des \u00e9l\u00e9ments tels que :<\/p>\n\n\n\n<ul class=\"wp-block-list\">\n<li>Int\u00e9grer l&rsquo;IA dans tous les aspects de notre entreprise \u2014 de l&rsquo;automatisation des processus de support \u00e0 l&rsquo;analyse de donn\u00e9es pour favoriser la prise de d\u00e9cision<\/li>\n\n\n\n<li>D\u00e9velopper de nouveaux flux et automatisations<\/li>\n\n\n\n<li>Optimisations de performance \u2014 analyser et am\u00e9liorer l&rsquo;un des sites WordPress les plus fr\u00e9quent\u00e9s du Web<\/li>\n\n\n\n<li>Et bien plus encore\u2026<\/li>\n<\/ul>\n<\/div>\n\n\n\n<div class=\"wp-block-toolset-blocks-grid-column tb-grid-column tb-grid-align-top\" data-toolset-blocks-grid-column=\"3034fbe886c11054e95b46b09d3e4112\"><\/div>\n<\/div>\n\n\n\n<div class=\"wp-block-toolset-blocks-grid tb-grid\" data-toolset-blocks-grid=\"4639a0bfe14bb54092419c92029faa5c\">\n<div class=\"wp-block-toolset-blocks-grid-column tb-grid-column\" data-toolset-blocks-grid-column=\"c777ff47b88bccde2288392889584581\">\n<div class=\"wp-block-toolset-blocks-container tb-container\" data-toolset-blocks-container=\"6f7cf607a1542babac0db741a94d9dba\"><\/div>\n<\/div>\n\n\n\n<div class=\"wp-block-toolset-blocks-grid-column tb-grid-column tb-grid-align-center\" data-toolset-blocks-grid-column=\"5c90cbc0e579dc6511ccb4ae42faf52d\">\n<h3 class=\"tb-heading has-text-color has-background wa\" data-toolset-blocks-heading=\"013ddf8122382834d40ca92889a89d29\" data-last-update=\"1.4\"><strong><strong>O\u00f9 nous en sommes<\/strong><\/strong><\/h3>\n\n\n\n<p class=\"tb-heading\" data-toolset-blocks-heading=\"7a80f99f053dcfdc94c212c98e4698a3\" data-last-update=\"1.4\">WPML est la r\u00e9f\u00e9rence de l&rsquo;industrie depuis plus d&rsquo;une d\u00e9cennie. Notre syst\u00e8me a \u00e9volu\u00e9 d&rsquo;un simple site WordPress vers un portail robuste, servant en douceur des milliers de clients chaque jour. <\/p>\n\n\n\n<h3 class=\"tb-heading has-text-color has-background wa\" data-toolset-blocks-heading=\"cd88cbc5a434f828ce9eb52699644c02\" data-last-update=\"1.4\"><strong><strong>O\u00f9 nous nous dirigeons<\/strong><\/strong><\/h3>\n\n\n\n<p class=\"tb-heading\" data-toolset-blocks-heading=\"7a80f99f053dcfdc94c212c98e4698a3\" data-last-update=\"1.4\">Nous ne faisons que commencer ! Alors que nous grandissons, nous changeons d&rsquo;architectures et reconstruisons des parties de notre syst\u00e8me. Dans un an, nous visons \u00e0 prendre en charge beaucoup plus de personnes, effectuant des t\u00e2ches encore plus complexes sur notre site.  <\/p>\n<\/div>\n<\/div>\n<\/div><\/div>\n\n<div class=\"wp-block-toolset-blocks-container tb-container alignfull\" data-toolset-blocks-container=\"ccd4ef76a39c8237ecc21840b994d2ad\"><div class=\"tb-container-inner\">\n<div class=\"wp-block-toolset-blocks-grid tb-grid\" data-toolset-blocks-grid=\"661de5295f27bf741908eff42357ddea\">\n<div class=\"wp-block-toolset-blocks-grid-column tb-grid-column tb-grid-align-center\" data-toolset-blocks-grid-column=\"f586ff7bfe1d7317c63162ec7b7039ed\">\n<h2 class=\"tb-heading has-text-color\" data-toolset-blocks-heading=\"df92eec2473d99c8947e5efe1a4d649b\" data-last-update=\"1.4\">Notre pile technologique<\/h2>\n\n\n\n<p class=\"tb-heading\" data-toolset-blocks-heading=\"7a80f99f053dcfdc94c212c98e4698a3\" data-last-update=\"1.4\">Nous utilisons une combinaison d&rsquo;outils pour accomplir les t\u00e2ches de la meilleure fa\u00e7on possible. Notre code int\u00e9gr\u00e9 \u00e0 WordPress utilise PHP et React. Notre code autonome utilise Node et RoR. Notre base de code est test\u00e9e sur le terrain, avec une excellente couverture de tests gr\u00e2ce aux tests unitaires, d&rsquo;int\u00e9gration et de bout en bout.   <\/p>\n\n\n\n<p class=\"tb-heading\" data-toolset-blocks-heading=\"7a80f99f053dcfdc94c212c98e4698a3\" data-last-update=\"1.4\">Nous utilisons AWS et ECS pour un d\u00e9ploiement et une mise \u00e0 l&rsquo;\u00e9chelle rapides et efficaces.<\/p>\n\n\n\n<div class=\"wp-block-toolset-blocks-grid tb-grid\" data-toolset-blocks-grid=\"7d0203ac155054728dbc0cd3bddb7dc4\">\n<div class=\"wp-block-toolset-blocks-grid-column tb-grid-column tb-grid-align-top\" data-toolset-blocks-grid-column=\"3034fbe886c11054e95b46b09d3e4112\">\n<div class=\"wp-block-toolset-blocks-container tb-container\" data-toolset-blocks-container=\"ecd48b165fa0142d040ddc87b22bb190\"><div class=\"wp-block-image\">\n<figure class=\" tb-image tb-image-dynamic tb-image-frame-none aligncenter\" data-toolset-blocks-image=\"927bcced2ef5afff94a2f1c4d6b99451\"><img decoding=\"async\" width=\"200\" height=\"99\" data-src=\"https:\/\/onthegosystems.com\/wp-content\/uploads\/2020\/07\/php.png\" alt=\"\" class=\"wp-image-8225 lazyload\" src=\"data:image\/svg+xml;base64,PHN2ZyB3aWR0aD0iMSIgaGVpZ2h0PSIxIiB4bWxucz0iaHR0cDovL3d3dy53My5vcmcvMjAwMC9zdmciPjwvc3ZnPg==\" style=\"--smush-placeholder-width: 200px; --smush-placeholder-aspect-ratio: 200\/99;\" \/><figcaption><div class=\"tb-image-caption\">PHP<\/div><\/figcaption><\/figure>\n<\/div><\/div>\n<\/div>\n\n\n\n<div class=\"wp-block-toolset-blocks-grid-column tb-grid-column tb-grid-align-top\" data-toolset-blocks-grid-column=\"3034fbe886c11054e95b46b09d3e4112\">\n<div class=\"wp-block-toolset-blocks-container tb-container\" data-toolset-blocks-container=\"ecd48b165fa0142d040ddc87b22bb190\"><div class=\"wp-block-image\">\n<figure class=\" tb-image tb-image-media tb-image-frame-none aligncenter\" data-toolset-blocks-image=\"5e3cd56829c7eaef9abe4dd8121d632b\"><img decoding=\"async\" width=\"598\" height=\"533\" data-src=\"https:\/\/onthegosystems.com\/wp-content\/uploads\/2020\/06\/react.png\" alt=\"React\" class=\"wp-image-23949 lazyload\" data-srcset=\"https:\/\/onthegosystems.com\/wp-content\/uploads\/2020\/06\/react.png 598w, https:\/\/onthegosystems.com\/wp-content\/uploads\/2020\/06\/react-300x267.png 300w\" data-sizes=\"auto, (max-width: 598px) 100vw, 598px\" src=\"data:image\/svg+xml;base64,PHN2ZyB3aWR0aD0iMSIgaGVpZ2h0PSIxIiB4bWxucz0iaHR0cDovL3d3dy53My5vcmcvMjAwMC9zdmciPjwvc3ZnPg==\" style=\"--smush-placeholder-width: 598px; --smush-placeholder-aspect-ratio: 598\/533;\" \/><figcaption><div class=\"tb-image-caption\">React<\/div><\/figcaption><\/figure>\n<\/div><\/div>\n<\/div>\n\n\n\n<div class=\"wp-block-toolset-blocks-grid-column tb-grid-column tb-grid-align-top\" data-toolset-blocks-grid-column=\"3034fbe886c11054e95b46b09d3e4112\">\n<div class=\"wp-block-toolset-blocks-container tb-container\" data-toolset-blocks-container=\"ecd48b165fa0142d040ddc87b22bb190\"><div class=\"wp-block-image\">\n<figure class=\" tb-image tb-image-dynamic tb-image-frame-none aligncenter\" data-toolset-blocks-image=\"c1d6a7fdabf259e16cc85ce527b13006\"><img decoding=\"async\" width=\"1200\" height=\"734\" data-src=\"https:\/\/onthegosystems.com\/wp-content\/uploads\/2020\/06\/Node-js.png\" alt=\"\" class=\"wp-image-23948 lazyload\" data-srcset=\"https:\/\/onthegosystems.com\/wp-content\/uploads\/2020\/06\/Node-js.png 1200w, https:\/\/onthegosystems.com\/wp-content\/uploads\/2020\/06\/Node-js-300x184.png 300w, https:\/\/onthegosystems.com\/wp-content\/uploads\/2020\/06\/Node-js-1024x626.png 1024w\" data-sizes=\"auto, (max-width: 1200px) 100vw, 1200px\" src=\"data:image\/svg+xml;base64,PHN2ZyB3aWR0aD0iMSIgaGVpZ2h0PSIxIiB4bWxucz0iaHR0cDovL3d3dy53My5vcmcvMjAwMC9zdmciPjwvc3ZnPg==\" style=\"--smush-placeholder-width: 1200px; --smush-placeholder-aspect-ratio: 1200\/734;\" \/><figcaption><div class=\"tb-image-caption\">Node<\/div><\/figcaption><\/figure>\n<\/div><\/div>\n<\/div>\n\n\n\n<div class=\"wp-block-toolset-blocks-grid-column tb-grid-column tb-grid-align-top\" data-toolset-blocks-grid-column=\"3034fbe886c11054e95b46b09d3e4112\">\n<div class=\"wp-block-toolset-blocks-container tb-container\" data-toolset-blocks-container=\"ecd48b165fa0142d040ddc87b22bb190\"><div class=\"wp-block-image\">\n<figure class=\" tb-image tb-image-dynamic tb-image-frame-none aligncenter\" data-toolset-blocks-image=\"57ea648dad6542e262e02c63996e5a29\"><img decoding=\"async\" width=\"90\" height=\"32\" data-src=\"https:\/\/onthegosystems.com\/wp-content\/uploads\/2023\/04\/ror.svg\" alt=\"Ruby on Rails\" class=\"wp-image-27629 lazyload\" src=\"data:image\/svg+xml;base64,PHN2ZyB3aWR0aD0iMSIgaGVpZ2h0PSIxIiB4bWxucz0iaHR0cDovL3d3dy53My5vcmcvMjAwMC9zdmciPjwvc3ZnPg==\" style=\"--smush-placeholder-width: 90px; --smush-placeholder-aspect-ratio: 90\/32;\" \/><figcaption><div class=\"tb-image-caption\">RoR<\/div><\/figcaption><\/figure>\n<\/div><\/div>\n<\/div>\n<\/div>\n<\/div>\n\n\n\n<div class=\"wp-block-toolset-blocks-grid-column tb-grid-column tb-grid-align-top\" data-toolset-blocks-grid-column=\"3034fbe886c11054e95b46b09d3e4112\">\n<div class=\"wp-block-toolset-blocks-container tb-container\" data-toolset-blocks-container=\"6a6a6a02f861219f113e6c470558af04\">\n<h2 class=\"tb-heading has-text-color\" data-toolset-blocks-heading=\"df92eec2473d99c8947e5efe1a4d649b\" data-last-update=\"1.4\">L&rsquo;\u00e9quipe<\/h2>\n\n\n\n<figure class=\"wp-block-image tb-image tb-image-dynamic tb-image-frame-none\" data-toolset-blocks-image=\"d085b6ef5ac24706c8f2717b4f6dbee6\"><img decoding=\"async\" width=\"600\" height=\"151\" data-src=\"https:\/\/onthegosystems.com\/wp-content\/uploads\/2025\/03\/team-1-min.png\" alt=\"\" class=\"wp-image-26050 lazyload\" data-srcset=\"https:\/\/onthegosystems.com\/wp-content\/uploads\/2025\/03\/team-1-min.png 600w, https:\/\/onthegosystems.com\/wp-content\/uploads\/2025\/03\/team-1-min-300x76.png 300w\" data-sizes=\"auto, (max-width: 600px) 100vw, 600px\" src=\"data:image\/svg+xml;base64,PHN2ZyB3aWR0aD0iMSIgaGVpZ2h0PSIxIiB4bWxucz0iaHR0cDovL3d3dy53My5vcmcvMjAwMC9zdmciPjwvc3ZnPg==\" style=\"--smush-placeholder-width: 600px; --smush-placeholder-aspect-ratio: 600\/151;\" \/><\/figure>\n\n\n\n<p class=\"tb-heading\" data-toolset-blocks-heading=\"7a80f99f053dcfdc94c212c98e4698a3\" data-last-update=\"1.4\">Nous sommes une \u00e9quipe distante de d\u00e9veloppeurs full-stack intelligents et collaboratifs. Nous travaillons \u00e0 horaires fixes pour rester synchronis\u00e9s. Chacun dans l&rsquo;\u00e9quipe \u00e9crit du code solide et des tests, contribue \u00e0 l&rsquo;architecture et aide \u00e0 d\u00e9finir les flux de travail.  <\/p>\n\n\n\n<p class=\"tb-heading\" data-toolset-blocks-heading=\"7a80f99f053dcfdc94c212c98e4698a3\" data-last-update=\"1.4\">Nous valorisons :<\/p>\n\n\n\n<ul class=\"wp-block-list\">\n<li>La pens\u00e9e claire et les solutions simples<\/li>\n\n\n\n<li>L&rsquo;apprentissage rapide des erreurs<\/li>\n\n\n\n<li>La responsabilit\u00e9 des fonctionnalit\u00e9s et des r\u00e9sultats<\/li>\n\n\n\n<li>Le travail collaboratif avec un \u00e9tat d&rsquo;esprit constructif<\/li>\n<\/ul>\n<\/div>\n<\/div>\n<\/div>\n\n\n\n<div class=\"wp-block-toolset-blocks-container tb-container\" data-toolset-blocks-container=\"600a8df47779db32f41f2b9b46e94917\">\n<p class=\"tb-heading\" data-toolset-blocks-heading=\"dcd7c1993f7c90270061023c52075e01\" data-last-update=\"1.4\">Si vous \u00eates le type de d\u00e9veloppeur qui appr\u00e9cie les grands d\u00e9fis, l&rsquo;impact clair et une \u00e9quipe solide, vous vous sentirez chez vous ici.<\/p>\n\n\n\n<div class=\"tb-button\" data-toolset-blocks-button=\"b49156ebd33eb520cd3dca645e360457\"><a class=\"tb-button__link\" href=\"https:\/\/onthegosystems.com\/fr\/jobs\/developpeur-full-stack\/\"><i class=\"tb-button__icon\"><\/i><span class=\"tb-button__content\">Postulez d\u00e8s aujourd&rsquo;hui<\/span><\/a><\/div>\n<\/div>\n<\/div><\/div>\n","protected":false},"excerpt":{"rendered":"","protected":false},"author":34,"featured_media":0,"parent":25605,"menu_order":0,"comment_status":"closed","ping_status":"closed","template":"","meta":{"footnotes":""},"class_list":["post-26427","page","type-page","status-publish","hentry"],"yoast_head":"<!-- This site is optimized with the Yoast SEO plugin v27.4 - https:\/\/yoast.com\/product\/yoast-seo-wordpress\/ -->\n<title>\u00c9quipe Syst\u00e8mes - OnTheGoSystems<\/title>\n<meta name=\"robots\" content=\"index, follow, max-snippet:-1, max-image-preview:large, max-video-preview:-1\" \/>\n<link rel=\"canonical\" href=\"https:\/\/onthegosystems.com\/fr\/equipes-et-projets\/systemes\/\" \/>\n<meta property=\"og:locale\" content=\"fr_FR\" \/>\n<meta property=\"og:type\" content=\"article\" \/>\n<meta property=\"og:title\" content=\"\u00c9quipe Syst\u00e8mes - OnTheGoSystems\" \/>\n<meta property=\"og:url\" content=\"https:\/\/onthegosystems.com\/fr\/equipes-et-projets\/systemes\/\" \/>\n<meta property=\"og:site_name\" content=\"OnTheGoSystems\" \/>\n<meta property=\"article:modified_time\" content=\"2025-09-08T07:06:52+00:00\" \/>\n<meta property=\"og:image\" content=\"https:\/\/onthegosystems.com\/wp-content\/uploads\/2025\/04\/WPML-Logo-min.png\" \/>\n\t<meta property=\"og:image:width\" content=\"152\" \/>\n\t<meta property=\"og:image:height\" content=\"158\" \/>\n\t<meta property=\"og:image:type\" content=\"image\/png\" \/>\n<meta name=\"twitter:card\" content=\"summary_large_image\" \/>\n<meta name=\"twitter:label1\" content=\"Dur\u00e9e de lecture estim\u00e9e\" \/>\n\t<meta name=\"twitter:data1\" content=\"3 minutes\" \/>\n<script type=\"application\/ld+json\" class=\"yoast-schema-graph\">{\"@context\":\"https:\\\/\\\/schema.org\",\"@graph\":[{\"@type\":\"WebPage\",\"@id\":\"https:\\\/\\\/onthegosystems.com\\\/fr\\\/equipes-et-projets\\\/systemes\\\/\",\"url\":\"https:\\\/\\\/onthegosystems.com\\\/fr\\\/equipes-et-projets\\\/systemes\\\/\",\"name\":\"\u00c9quipe Syst\u00e8mes - OnTheGoSystems\",\"isPartOf\":{\"@id\":\"https:\\\/\\\/onthegosystems.com\\\/fr\\\/#website\"},\"primaryImageOfPage\":{\"@id\":\"https:\\\/\\\/onthegosystems.com\\\/fr\\\/equipes-et-projets\\\/systemes\\\/#primaryimage\"},\"image\":{\"@id\":\"https:\\\/\\\/onthegosystems.com\\\/fr\\\/equipes-et-projets\\\/systemes\\\/#primaryimage\"},\"thumbnailUrl\":\"https:\\\/\\\/onthegosystems.com\\\/wp-content\\\/uploads\\\/2025\\\/04\\\/WPML-Logo-min.png\",\"datePublished\":\"2025-04-03T12:34:44+00:00\",\"dateModified\":\"2025-09-08T07:06:52+00:00\",\"breadcrumb\":{\"@id\":\"https:\\\/\\\/onthegosystems.com\\\/fr\\\/equipes-et-projets\\\/systemes\\\/#breadcrumb\"},\"inLanguage\":\"fr-FR\",\"potentialAction\":[{\"@type\":\"ReadAction\",\"target\":[\"https:\\\/\\\/onthegosystems.com\\\/fr\\\/equipes-et-projets\\\/systemes\\\/\"]}]},{\"@type\":\"ImageObject\",\"inLanguage\":\"fr-FR\",\"@id\":\"https:\\\/\\\/onthegosystems.com\\\/fr\\\/equipes-et-projets\\\/systemes\\\/#primaryimage\",\"url\":\"https:\\\/\\\/onthegosystems.com\\\/wp-content\\\/uploads\\\/2025\\\/04\\\/WPML-Logo-min.png\",\"contentUrl\":\"https:\\\/\\\/onthegosystems.com\\\/wp-content\\\/uploads\\\/2025\\\/04\\\/WPML-Logo-min.png\"},{\"@type\":\"BreadcrumbList\",\"@id\":\"https:\\\/\\\/onthegosystems.com\\\/fr\\\/equipes-et-projets\\\/systemes\\\/#breadcrumb\",\"itemListElement\":[{\"@type\":\"ListItem\",\"position\":1,\"name\":\"Home\",\"item\":\"https:\\\/\\\/onthegosystems.com\\\/fr\\\/page-daccueil\\\/\"},{\"@type\":\"ListItem\",\"position\":2,\"name\":\"\u00c9quipes et projets\",\"item\":\"https:\\\/\\\/onthegosystems.com\\\/fr\\\/equipes-et-projets\\\/\"},{\"@type\":\"ListItem\",\"position\":3,\"name\":\"Syst\u00e8mes\"}]},{\"@type\":\"WebSite\",\"@id\":\"https:\\\/\\\/onthegosystems.com\\\/fr\\\/#website\",\"url\":\"https:\\\/\\\/onthegosystems.com\\\/fr\\\/\",\"name\":\"OnTheGoSystems\",\"description\":\"WordPress plugins and professional translation\",\"publisher\":{\"@id\":\"https:\\\/\\\/onthegosystems.com\\\/fr\\\/#organization\"},\"potentialAction\":[{\"@type\":\"SearchAction\",\"target\":{\"@type\":\"EntryPoint\",\"urlTemplate\":\"https:\\\/\\\/onthegosystems.com\\\/fr\\\/?s={search_term_string}\"},\"query-input\":{\"@type\":\"PropertyValueSpecification\",\"valueRequired\":true,\"valueName\":\"search_term_string\"}}],\"inLanguage\":\"fr-FR\"},{\"@type\":\"Organization\",\"@id\":\"https:\\\/\\\/onthegosystems.com\\\/fr\\\/#organization\",\"name\":\"OnTheGoSystems\",\"url\":\"https:\\\/\\\/onthegosystems.com\\\/fr\\\/\",\"logo\":{\"@type\":\"ImageObject\",\"inLanguage\":\"fr-FR\",\"@id\":\"https:\\\/\\\/onthegosystems.com\\\/fr\\\/#\\\/schema\\\/logo\\\/image\\\/\",\"url\":\"https:\\\/\\\/onthegosystems.com\\\/wp-content\\\/uploads\\\/2020\\\/07\\\/cropped-favicon.png\",\"contentUrl\":\"https:\\\/\\\/onthegosystems.com\\\/wp-content\\\/uploads\\\/2020\\\/07\\\/cropped-favicon.png\",\"width\":512,\"height\":512,\"caption\":\"OnTheGoSystems\"},\"image\":{\"@id\":\"https:\\\/\\\/onthegosystems.com\\\/fr\\\/#\\\/schema\\\/logo\\\/image\\\/\"}}]}<\/script>\n<!-- \/ Yoast SEO plugin. -->","yoast_head_json":{"title":"\u00c9quipe Syst\u00e8mes - OnTheGoSystems","robots":{"index":"index","follow":"follow","max-snippet":"max-snippet:-1","max-image-preview":"max-image-preview:large","max-video-preview":"max-video-preview:-1"},"canonical":"https:\/\/onthegosystems.com\/fr\/equipes-et-projets\/systemes\/","og_locale":"fr_FR","og_type":"article","og_title":"\u00c9quipe Syst\u00e8mes - OnTheGoSystems","og_url":"https:\/\/onthegosystems.com\/fr\/equipes-et-projets\/systemes\/","og_site_name":"OnTheGoSystems","article_modified_time":"2025-09-08T07:06:52+00:00","og_image":[{"width":152,"height":158,"url":"https:\/\/onthegosystems.com\/wp-content\/uploads\/2025\/04\/WPML-Logo-min.png","type":"image\/png"}],"twitter_card":"summary_large_image","twitter_misc":{"Dur\u00e9e de lecture estim\u00e9e":"3 minutes"},"schema":{"@context":"https:\/\/schema.org","@graph":[{"@type":"WebPage","@id":"https:\/\/onthegosystems.com\/fr\/equipes-et-projets\/systemes\/","url":"https:\/\/onthegosystems.com\/fr\/equipes-et-projets\/systemes\/","name":"\u00c9quipe Syst\u00e8mes - OnTheGoSystems","isPartOf":{"@id":"https:\/\/onthegosystems.com\/fr\/#website"},"primaryImageOfPage":{"@id":"https:\/\/onthegosystems.com\/fr\/equipes-et-projets\/systemes\/#primaryimage"},"image":{"@id":"https:\/\/onthegosystems.com\/fr\/equipes-et-projets\/systemes\/#primaryimage"},"thumbnailUrl":"https:\/\/onthegosystems.com\/wp-content\/uploads\/2025\/04\/WPML-Logo-min.png","datePublished":"2025-04-03T12:34:44+00:00","dateModified":"2025-09-08T07:06:52+00:00","breadcrumb":{"@id":"https:\/\/onthegosystems.com\/fr\/equipes-et-projets\/systemes\/#breadcrumb"},"inLanguage":"fr-FR","potentialAction":[{"@type":"ReadAction","target":["https:\/\/onthegosystems.com\/fr\/equipes-et-projets\/systemes\/"]}]},{"@type":"ImageObject","inLanguage":"fr-FR","@id":"https:\/\/onthegosystems.com\/fr\/equipes-et-projets\/systemes\/#primaryimage","url":"https:\/\/onthegosystems.com\/wp-content\/uploads\/2025\/04\/WPML-Logo-min.png","contentUrl":"https:\/\/onthegosystems.com\/wp-content\/uploads\/2025\/04\/WPML-Logo-min.png"},{"@type":"BreadcrumbList","@id":"https:\/\/onthegosystems.com\/fr\/equipes-et-projets\/systemes\/#breadcrumb","itemListElement":[{"@type":"ListItem","position":1,"name":"Home","item":"https:\/\/onthegosystems.com\/fr\/page-daccueil\/"},{"@type":"ListItem","position":2,"name":"\u00c9quipes et projets","item":"https:\/\/onthegosystems.com\/fr\/equipes-et-projets\/"},{"@type":"ListItem","position":3,"name":"Syst\u00e8mes"}]},{"@type":"WebSite","@id":"https:\/\/onthegosystems.com\/fr\/#website","url":"https:\/\/onthegosystems.com\/fr\/","name":"OnTheGoSystems","description":"WordPress plugins and professional translation","publisher":{"@id":"https:\/\/onthegosystems.com\/fr\/#organization"},"potentialAction":[{"@type":"SearchAction","target":{"@type":"EntryPoint","urlTemplate":"https:\/\/onthegosystems.com\/fr\/?s={search_term_string}"},"query-input":{"@type":"PropertyValueSpecification","valueRequired":true,"valueName":"search_term_string"}}],"inLanguage":"fr-FR"},{"@type":"Organization","@id":"https:\/\/onthegosystems.com\/fr\/#organization","name":"OnTheGoSystems","url":"https:\/\/onthegosystems.com\/fr\/","logo":{"@type":"ImageObject","inLanguage":"fr-FR","@id":"https:\/\/onthegosystems.com\/fr\/#\/schema\/logo\/image\/","url":"https:\/\/onthegosystems.com\/wp-content\/uploads\/2020\/07\/cropped-favicon.png","contentUrl":"https:\/\/onthegosystems.com\/wp-content\/uploads\/2020\/07\/cropped-favicon.png","width":512,"height":512,"caption":"OnTheGoSystems"},"image":{"@id":"https:\/\/onthegosystems.com\/fr\/#\/schema\/logo\/image\/"}}]}},"_links":{"self":[{"href":"https:\/\/onthegosystems.com\/fr\/wp-json\/wp\/v2\/pages\/26427","targetHints":{"allow":["GET"]}}],"collection":[{"href":"https:\/\/onthegosystems.com\/fr\/wp-json\/wp\/v2\/pages"}],"about":[{"href":"https:\/\/onthegosystems.com\/fr\/wp-json\/wp\/v2\/types\/page"}],"author":[{"embeddable":true,"href":"https:\/\/onthegosystems.com\/fr\/wp-json\/wp\/v2\/users\/34"}],"replies":[{"embeddable":true,"href":"https:\/\/onthegosystems.com\/fr\/wp-json\/wp\/v2\/comments?post=26427"}],"version-history":[{"count":6,"href":"https:\/\/onthegosystems.com\/fr\/wp-json\/wp\/v2\/pages\/26427\/revisions"}],"predecessor-version":[{"id":28853,"href":"https:\/\/onthegosystems.com\/fr\/wp-json\/wp\/v2\/pages\/26427\/revisions\/28853"}],"up":[{"embeddable":true,"href":"https:\/\/onthegosystems.com\/fr\/wp-json\/wp\/v2\/pages\/25605"}],"wp:attachment":[{"href":"https:\/\/onthegosystems.com\/fr\/wp-json\/wp\/v2\/media?parent=26427"}],"curies":[{"name":"wp","href":"https:\/\/api.w.org\/{rel}","templated":true}]}}