{"id":26440,"date":"2025-04-03T12:36:28","date_gmt":"2025-04-03T12:36:28","guid":{"rendered":"https:\/\/onthegosystems.com\/equipes-et-projets\/wpml\/"},"modified":"2025-09-08T07:03:43","modified_gmt":"2025-09-08T07:03:43","slug":"wpml","status":"publish","type":"page","link":"https:\/\/onthegosystems.com\/fr\/equipes-et-projets\/wpml\/","title":{"rendered":"WPML"},"content":{"rendered":"\n<div class=\"wp-block-toolset-blocks-container tb-container alignfull\" data-toolset-blocks-container=\"5e798a12eeb02b3fe605dccc7450c31b\"><div class=\"tb-container-inner\">\n<div class=\"wp-block-toolset-blocks-container tb-container\" data-toolset-blocks-container=\"b5bfde72cd2145cedd8d68bec55f6984\">\n<div class=\"wp-block-toolset-blocks-grid tb-grid\" data-toolset-blocks-grid=\"b15a6619db80649be02c8d3106aba7a9\">\n<div class=\"wp-block-toolset-blocks-grid-column tb-grid-column tb-grid-align-top\" data-toolset-blocks-grid-column=\"3034fbe886c11054e95b46b09d3e4112\">\n<figure class=\"wp-block-image tb-image tb-image-dynamic tb-image-frame-none\" data-toolset-blocks-image=\"31beb2a4e825eed36e8dbe5672de89c4\"><img decoding=\"async\" width=\"152\" height=\"158\" data-src=\"https:\/\/onthegosystems.com\/wp-content\/uploads\/2025\/04\/WPML-Logo-min.png\" alt=\"\" class=\"wp-image-26250 lazyload\" src=\"data:image\/svg+xml;base64,PHN2ZyB3aWR0aD0iMSIgaGVpZ2h0PSIxIiB4bWxucz0iaHR0cDovL3d3dy53My5vcmcvMjAwMC9zdmciPjwvc3ZnPg==\" style=\"--smush-placeholder-width: 152px; --smush-placeholder-aspect-ratio: 152\/158;\" \/><\/figure>\n\n\n\n<h1 class=\"tb-heading has-text-color\" data-toolset-blocks-heading=\"483c6abd8ead45808a4116412e13bee3\" data-last-update=\"1.4\">Construisez l&rsquo;avenir du WordPress multilingue<\/h1>\n\n\n\n<p class=\"tb-heading has-text-color\" data-toolset-blocks-heading=\"c741422f696519177cf746f89c137505\" data-last-update=\"1.4\"><strong>WPML<\/strong> alimente plus de <strong>1,5 million<\/strong> de sites multilingues. Des petites entreprises aux grandes entreprises mondiales, les gens comptent sur nous pour se d\u00e9velopper \u00e0 travers les langues et les march\u00e9s. En tant que d\u00e9veloppeur dans l&rsquo;\u00e9quipe WPML, vous aurez un impact direct sur la fa\u00e7on dont le monde construit des sites multilingues.  <\/p>\n<\/div>\n\n\n\n<div class=\"wp-block-toolset-blocks-grid-column tb-grid-column tb-grid-align-top\" data-toolset-blocks-grid-column=\"3034fbe886c11054e95b46b09d3e4112\"><\/div>\n<\/div>\n<\/div>\n<\/div><\/div>\n\n<div class=\"wp-block-toolset-blocks-container tb-container alignfull\" data-toolset-blocks-container=\"3141fb03a3373fad70d2b1c173da7269\"><div class=\"tb-container-inner\">\n<div class=\"wp-block-toolset-blocks-grid tb-grid\" data-toolset-blocks-grid=\"2d1b173dba7f490108fd30834d08106c\">\n<div class=\"wp-block-toolset-blocks-grid-column tb-grid-column tb-grid-align-top\" data-toolset-blocks-grid-column=\"3034fbe886c11054e95b46b09d3e4112\">\n<h2 class=\"tb-heading has-text-color\" data-toolset-blocks-heading=\"e6b49bc46231e3a61ceda025bc36584a\" data-last-update=\"1.4\">Pourquoi WPML ?<\/h2>\n\n\n\n<p class=\"tb-heading\" data-toolset-blocks-heading=\"7a80f99f053dcfdc94c212c98e4698a3\" data-last-update=\"1.4\">WPML est un produit complexe et bien architectur\u00e9 avec de vrais d\u00e9fis et de vrais utilisateurs. Vous livrerez du code de production utilis\u00e9 \u00e0 grande \u00e9chelle, verrez votre impact rapidement, et r\u00e9soudrez des probl\u00e8mes qui sollicitent \u00e0 la fois vos comp\u00e9tences de codage et de r\u00e9flexion. <\/p>\n\n\n\n<p class=\"tb-heading\" data-toolset-blocks-heading=\"7a80f99f053dcfdc94c212c98e4698a3\" data-last-update=\"1.4\">Vous travaillerez sur des choses comme :<\/p>\n\n\n\n<ul class=\"wp-block-list\">\n<li>Rendre WPML ultra-rapide pour les sites avec des bases de donn\u00e9es massives<\/li>\n\n\n\n<li>Int\u00e9gration transparente avec les th\u00e8mes, plugins et constructeurs de pages populaires<\/li>\n\n\n\n<li>Un flux de traduction en un clic qui est \u00e0 la fois puissant et intuitif<\/li>\n\n\n\n<li>Am\u00e9liorations UX qui permettent aux utilisateurs non techniques de g\u00e9rer des sites multilingues sans effort<\/li>\n\n\n\n<li>Fonctionnalit\u00e9s d&rsquo;IA g\u00e9n\u00e9rative qui rendent les traductions non seulement automatiques, mais meilleures que celles des humains<\/li>\n\n\n\n<li>Et bien plus encore&#8230;<br\/><\/li>\n<\/ul>\n<\/div>\n\n\n\n<div class=\"wp-block-toolset-blocks-grid-column tb-grid-column tb-grid-align-top\" data-toolset-blocks-grid-column=\"3034fbe886c11054e95b46b09d3e4112\"><\/div>\n<\/div>\n\n\n\n<div class=\"wp-block-toolset-blocks-grid tb-grid\" data-toolset-blocks-grid=\"4639a0bfe14bb54092419c92029faa5c\">\n<div class=\"wp-block-toolset-blocks-grid-column tb-grid-column\" data-toolset-blocks-grid-column=\"c777ff47b88bccde2288392889584581\">\n<div class=\"wp-block-toolset-blocks-container tb-container\" data-toolset-blocks-container=\"bb06182865d7dceb56d490e0423de912\"><\/div>\n<\/div>\n\n\n\n<div class=\"wp-block-toolset-blocks-grid-column tb-grid-column tb-grid-align-center\" data-toolset-blocks-grid-column=\"5c90cbc0e579dc6511ccb4ae42faf52d\">\n<h3 class=\"tb-heading has-text-color has-background wa\" data-toolset-blocks-heading=\"013ddf8122382834d40ca92889a89d29\" data-last-update=\"1.4\"><strong><strong>O\u00f9 nous en sommes<\/strong><\/strong><\/h3>\n\n\n\n<p class=\"tb-heading\" data-toolset-blocks-heading=\"7a80f99f053dcfdc94c212c98e4698a3\" data-last-update=\"1.4\">WPML est la r\u00e9f\u00e9rence de l&rsquo;industrie depuis plus d&rsquo;une d\u00e9cennie. Nous sommes reconnus pour notre fiabilit\u00e9, notre profondeur et notre innovation constante. <\/p>\n\n\n\n<h3 class=\"tb-heading has-text-color has-background wa\" data-toolset-blocks-heading=\"cd88cbc5a434f828ce9eb52699644c02\" data-last-update=\"1.4\"><strong><strong>O\u00f9 nous nous dirigeons<\/strong><\/strong><\/h3>\n\n\n\n<p class=\"tb-heading\" data-toolset-blocks-heading=\"7a80f99f053dcfdc94c212c98e4698a3\" data-last-update=\"1.4\">C&rsquo;est un espace concurrentiel. Pour rester au sommet, nous travaillons rapidement, maintenons nos standards \u00e9lev\u00e9s et \u00e9voluons constamment. Notre prochain chapitre inclut une int\u00e9gration profonde de l&rsquo;IA et rendre le produit encore plus intuitif, \u00e9volutif et puissant.  <\/p>\n<\/div>\n<\/div>\n<\/div><\/div>\n\n<div class=\"wp-block-toolset-blocks-container tb-container alignfull\" data-toolset-blocks-container=\"ccd4ef76a39c8237ecc21840b994d2ad\"><div class=\"tb-container-inner\">\n<div class=\"wp-block-toolset-blocks-grid tb-grid\" data-toolset-blocks-grid=\"661de5295f27bf741908eff42357ddea\">\n<div class=\"wp-block-toolset-blocks-grid-column tb-grid-column tb-grid-align-center\" data-toolset-blocks-grid-column=\"f586ff7bfe1d7317c63162ec7b7039ed\">\n<h2 class=\"tb-heading has-text-color\" data-toolset-blocks-heading=\"df92eec2473d99c8947e5efe1a4d649b\" data-last-update=\"1.4\">Notre pile technologique<\/h2>\n\n\n\n<p class=\"tb-heading\" data-toolset-blocks-heading=\"7a80f99f053dcfdc94c212c98e4698a3\" data-last-update=\"1.4\">Nous sommes un plugin WordPress construit sur PHP, Vanilla JS et React. Notre base de code est propre et test\u00e9e sur le terrain, avec une couverture de test \u00e9lev\u00e9e gr\u00e2ce aux tests unitaires, d&rsquo;int\u00e9gration et de bout en bout. <\/p>\n\n\n\n<div class=\"wp-block-toolset-blocks-grid tb-grid\" data-toolset-blocks-grid=\"25609f7b5fc92305dce5fd2c0a1a6814\">\n<div class=\"wp-block-toolset-blocks-grid-column tb-grid-column\" data-toolset-blocks-grid-column=\"a6e73c9bcfb6574667bd3043cd1e8d9d\">\n<div class=\"wp-block-toolset-blocks-container tb-container\" data-toolset-blocks-container=\"d570190941f716a7b4d3ae44db09ae73\"><div class=\"wp-block-image\">\n<figure class=\" tb-image tb-image-dynamic tb-image-frame-none aligncenter\" data-toolset-blocks-image=\"927bcced2ef5afff94a2f1c4d6b99451\"><img decoding=\"async\" width=\"200\" height=\"99\" data-src=\"https:\/\/onthegosystems.com\/wp-content\/uploads\/2020\/07\/php.png\" alt=\"\" class=\"wp-image-8225 lazyload\" src=\"data:image\/svg+xml;base64,PHN2ZyB3aWR0aD0iMSIgaGVpZ2h0PSIxIiB4bWxucz0iaHR0cDovL3d3dy53My5vcmcvMjAwMC9zdmciPjwvc3ZnPg==\" style=\"--smush-placeholder-width: 200px; --smush-placeholder-aspect-ratio: 200\/99;\" \/><figcaption><div class=\"tb-image-caption\">PHP<\/div><\/figcaption><\/figure>\n<\/div><\/div>\n<\/div>\n\n\n\n<div class=\"wp-block-toolset-blocks-grid-column tb-grid-column\" data-toolset-blocks-grid-column=\"a6e73c9bcfb6574667bd3043cd1e8d9d\">\n<div class=\"wp-block-toolset-blocks-container tb-container\" data-toolset-blocks-container=\"172de3e55c164511ac3fde00a2916a13\"><div class=\"wp-block-image\">\n<figure class=\" tb-image tb-image-dynamic tb-image-frame-none aligncenter\" data-toolset-blocks-image=\"e91654463d2948e877ad64122cc761f1\"><img decoding=\"async\" width=\"150\" height=\"150\" data-src=\"https:\/\/onthegosystems.com\/wp-content\/uploads\/2025\/04\/Unofficial_JavaScript_logo_2.svg-150x150-1.png\" alt=\"\" class=\"wp-image-26191 lazyload\" src=\"data:image\/svg+xml;base64,PHN2ZyB3aWR0aD0iMSIgaGVpZ2h0PSIxIiB4bWxucz0iaHR0cDovL3d3dy53My5vcmcvMjAwMC9zdmciPjwvc3ZnPg==\" style=\"--smush-placeholder-width: 150px; --smush-placeholder-aspect-ratio: 150\/150;\" \/><figcaption><div class=\"tb-image-caption\">Vanilla JS<\/div><\/figcaption><\/figure>\n<\/div><\/div>\n<\/div>\n\n\n\n<div class=\"wp-block-toolset-blocks-grid-column tb-grid-column\" data-toolset-blocks-grid-column=\"a6e73c9bcfb6574667bd3043cd1e8d9d\">\n<div class=\"wp-block-toolset-blocks-container tb-container\" data-toolset-blocks-container=\"d570190941f716a7b4d3ae44db09ae73\"><div class=\"wp-block-image\">\n<figure class=\" tb-image tb-image-media tb-image-frame-none aligncenter\" data-toolset-blocks-image=\"5e3cd56829c7eaef9abe4dd8121d632b\"><img decoding=\"async\" width=\"598\" height=\"533\" data-src=\"https:\/\/onthegosystems.com\/wp-content\/uploads\/2020\/06\/react.png\" alt=\"React\" class=\"wp-image-23949 lazyload\" data-srcset=\"https:\/\/onthegosystems.com\/wp-content\/uploads\/2020\/06\/react.png 598w, https:\/\/onthegosystems.com\/wp-content\/uploads\/2020\/06\/react-300x267.png 300w\" data-sizes=\"auto, (max-width: 598px) 100vw, 598px\" src=\"data:image\/svg+xml;base64,PHN2ZyB3aWR0aD0iMSIgaGVpZ2h0PSIxIiB4bWxucz0iaHR0cDovL3d3dy53My5vcmcvMjAwMC9zdmciPjwvc3ZnPg==\" style=\"--smush-placeholder-width: 598px; --smush-placeholder-aspect-ratio: 598\/533;\" \/><figcaption><div class=\"tb-image-caption\">React<\/div><\/figcaption><\/figure>\n<\/div><\/div>\n<\/div>\n<\/div>\n<\/div>\n\n\n\n<div class=\"wp-block-toolset-blocks-grid-column tb-grid-column\" data-toolset-blocks-grid-column=\"a6e73c9bcfb6574667bd3043cd1e8d9d\">\n<div class=\"wp-block-toolset-blocks-container tb-container\" data-toolset-blocks-container=\"6a6a6a02f861219f113e6c470558af04\">\n<h2 class=\"tb-heading has-text-color\" data-toolset-blocks-heading=\"df92eec2473d99c8947e5efe1a4d649b\" data-last-update=\"1.4\">L&rsquo;\u00e9quipe<\/h2>\n\n\n\n<figure class=\"wp-block-image tb-image tb-image-dynamic tb-image-frame-none\" data-toolset-blocks-image=\"d085b6ef5ac24706c8f2717b4f6dbee6\"><img decoding=\"async\" width=\"600\" height=\"151\" data-src=\"https:\/\/onthegosystems.com\/wp-content\/uploads\/2025\/03\/team-1-min.png\" alt=\"\" class=\"wp-image-26050 lazyload\" data-srcset=\"https:\/\/onthegosystems.com\/wp-content\/uploads\/2025\/03\/team-1-min.png 600w, https:\/\/onthegosystems.com\/wp-content\/uploads\/2025\/03\/team-1-min-300x76.png 300w\" data-sizes=\"auto, (max-width: 600px) 100vw, 600px\" src=\"data:image\/svg+xml;base64,PHN2ZyB3aWR0aD0iMSIgaGVpZ2h0PSIxIiB4bWxucz0iaHR0cDovL3d3dy53My5vcmcvMjAwMC9zdmciPjwvc3ZnPg==\" style=\"--smush-placeholder-width: 600px; --smush-placeholder-aspect-ratio: 600\/151;\" \/><\/figure>\n\n\n\n<p class=\"tb-heading\" data-toolset-blocks-heading=\"7a80f99f053dcfdc94c212c98e4698a3\" data-last-update=\"1.4\">Nous sommes une \u00e9quipe distante de d\u00e9veloppeurs full-stack intelligents et collaboratifs. Nous travaillons \u00e0 horaires fixes pour rester synchronis\u00e9s. Chacun dans l&rsquo;\u00e9quipe \u00e9crit du code solide et des tests, contribue \u00e0 l&rsquo;architecture et aide \u00e0 d\u00e9finir les flux de travail.  <\/p>\n\n\n\n<p class=\"tb-heading\" data-toolset-blocks-heading=\"7a80f99f053dcfdc94c212c98e4698a3\" data-last-update=\"1.4\">Nous valorisons :<\/p>\n\n\n\n<ul class=\"wp-block-list\">\n<li>La pens\u00e9e claire et les solutions simples<\/li>\n\n\n\n<li>L&rsquo;apprentissage rapide des erreurs<\/li>\n\n\n\n<li>La responsabilit\u00e9 des fonctionnalit\u00e9s et des r\u00e9sultats<\/li>\n\n\n\n<li>Le travail collaboratif avec un \u00e9tat d&rsquo;esprit constructif<\/li>\n<\/ul>\n<\/div>\n<\/div>\n<\/div>\n\n\n\n<div class=\"wp-block-toolset-blocks-container tb-container\" data-toolset-blocks-container=\"4bd862e28df3145c3b696fd809824e81\">\n<p class=\"tb-heading has-text-color\" data-toolset-blocks-heading=\"ea7e768bbc3c8b049c8b8ce945382032\" data-last-update=\"1.4\">Si vous \u00eates le type de d\u00e9veloppeur qui appr\u00e9cie les grands d\u00e9fis, l&rsquo;impact clair et une \u00e9quipe solide, vous vous sentirez chez vous ici.<\/p>\n\n\n\n<div class=\"tb-button\" data-toolset-blocks-button=\"7e9bc238c5c5cd02a9e215541e3cf0f8\"><a class=\"tb-button__link\" href=\"https:\/\/onthegosystems.com\/fr\/jobs\/developpeur-full-stack\/\"><i class=\"tb-button__icon\"><\/i><span class=\"tb-button__content\">Postulez d\u00e8s aujourd&rsquo;hui<\/span><\/a><\/div>\n<\/div>\n<\/div><\/div>\n","protected":false},"excerpt":{"rendered":"","protected":false},"author":34,"featured_media":0,"parent":25605,"menu_order":0,"comment_status":"closed","ping_status":"closed","template":"","meta":{"footnotes":""},"class_list":["post-26440","page","type-page","status-publish","hentry"],"yoast_head":"<!-- This site is optimized with the Yoast SEO plugin v27.3 - https:\/\/yoast.com\/product\/yoast-seo-wordpress\/ -->\n<title>\u00c9quipe WPML - OnTheGoSystems<\/title>\n<meta name=\"robots\" content=\"index, follow, max-snippet:-1, max-image-preview:large, max-video-preview:-1\" \/>\n<link rel=\"canonical\" href=\"https:\/\/onthegosystems.com\/fr\/equipes-et-projets\/wpml\/\" \/>\n<meta property=\"og:locale\" content=\"fr_FR\" \/>\n<meta property=\"og:type\" content=\"article\" \/>\n<meta property=\"og:title\" content=\"\u00c9quipe WPML - OnTheGoSystems\" \/>\n<meta property=\"og:url\" content=\"https:\/\/onthegosystems.com\/fr\/equipes-et-projets\/wpml\/\" \/>\n<meta property=\"og:site_name\" content=\"OnTheGoSystems\" \/>\n<meta property=\"article:modified_time\" content=\"2025-09-08T07:03:43+00:00\" \/>\n<meta property=\"og:image\" content=\"https:\/\/onthegosystems.com\/wp-content\/uploads\/2025\/04\/WPML-Logo-min.png\" \/>\n\t<meta property=\"og:image:width\" content=\"152\" \/>\n\t<meta property=\"og:image:height\" content=\"158\" \/>\n\t<meta property=\"og:image:type\" content=\"image\/png\" \/>\n<meta name=\"twitter:card\" content=\"summary_large_image\" \/>\n<meta name=\"twitter:label1\" content=\"Dur\u00e9e de lecture estim\u00e9e\" \/>\n\t<meta name=\"twitter:data1\" content=\"2 minutes\" \/>\n<script type=\"application\/ld+json\" class=\"yoast-schema-graph\">{\"@context\":\"https:\\\/\\\/schema.org\",\"@graph\":[{\"@type\":\"WebPage\",\"@id\":\"https:\\\/\\\/onthegosystems.com\\\/fr\\\/equipes-et-projets\\\/wpml\\\/\",\"url\":\"https:\\\/\\\/onthegosystems.com\\\/fr\\\/equipes-et-projets\\\/wpml\\\/\",\"name\":\"\u00c9quipe WPML - OnTheGoSystems\",\"isPartOf\":{\"@id\":\"https:\\\/\\\/onthegosystems.com\\\/fr\\\/#website\"},\"primaryImageOfPage\":{\"@id\":\"https:\\\/\\\/onthegosystems.com\\\/fr\\\/equipes-et-projets\\\/wpml\\\/#primaryimage\"},\"image\":{\"@id\":\"https:\\\/\\\/onthegosystems.com\\\/fr\\\/equipes-et-projets\\\/wpml\\\/#primaryimage\"},\"thumbnailUrl\":\"https:\\\/\\\/onthegosystems.com\\\/wp-content\\\/uploads\\\/2025\\\/04\\\/WPML-Logo-min.png\",\"datePublished\":\"2025-04-03T12:36:28+00:00\",\"dateModified\":\"2025-09-08T07:03:43+00:00\",\"breadcrumb\":{\"@id\":\"https:\\\/\\\/onthegosystems.com\\\/fr\\\/equipes-et-projets\\\/wpml\\\/#breadcrumb\"},\"inLanguage\":\"fr-FR\",\"potentialAction\":[{\"@type\":\"ReadAction\",\"target\":[\"https:\\\/\\\/onthegosystems.com\\\/fr\\\/equipes-et-projets\\\/wpml\\\/\"]}]},{\"@type\":\"ImageObject\",\"inLanguage\":\"fr-FR\",\"@id\":\"https:\\\/\\\/onthegosystems.com\\\/fr\\\/equipes-et-projets\\\/wpml\\\/#primaryimage\",\"url\":\"https:\\\/\\\/onthegosystems.com\\\/wp-content\\\/uploads\\\/2025\\\/04\\\/WPML-Logo-min.png\",\"contentUrl\":\"https:\\\/\\\/onthegosystems.com\\\/wp-content\\\/uploads\\\/2025\\\/04\\\/WPML-Logo-min.png\"},{\"@type\":\"BreadcrumbList\",\"@id\":\"https:\\\/\\\/onthegosystems.com\\\/fr\\\/equipes-et-projets\\\/wpml\\\/#breadcrumb\",\"itemListElement\":[{\"@type\":\"ListItem\",\"position\":1,\"name\":\"Home\",\"item\":\"https:\\\/\\\/onthegosystems.com\\\/fr\\\/page-daccueil\\\/\"},{\"@type\":\"ListItem\",\"position\":2,\"name\":\"\u00c9quipes et projets\",\"item\":\"https:\\\/\\\/onthegosystems.com\\\/fr\\\/equipes-et-projets\\\/\"},{\"@type\":\"ListItem\",\"position\":3,\"name\":\"WPML\"}]},{\"@type\":\"WebSite\",\"@id\":\"https:\\\/\\\/onthegosystems.com\\\/fr\\\/#website\",\"url\":\"https:\\\/\\\/onthegosystems.com\\\/fr\\\/\",\"name\":\"OnTheGoSystems\",\"description\":\"WordPress plugins and professional translation\",\"publisher\":{\"@id\":\"https:\\\/\\\/onthegosystems.com\\\/fr\\\/#organization\"},\"potentialAction\":[{\"@type\":\"SearchAction\",\"target\":{\"@type\":\"EntryPoint\",\"urlTemplate\":\"https:\\\/\\\/onthegosystems.com\\\/fr\\\/?s={search_term_string}\"},\"query-input\":{\"@type\":\"PropertyValueSpecification\",\"valueRequired\":true,\"valueName\":\"search_term_string\"}}],\"inLanguage\":\"fr-FR\"},{\"@type\":\"Organization\",\"@id\":\"https:\\\/\\\/onthegosystems.com\\\/fr\\\/#organization\",\"name\":\"OnTheGoSystems\",\"url\":\"https:\\\/\\\/onthegosystems.com\\\/fr\\\/\",\"logo\":{\"@type\":\"ImageObject\",\"inLanguage\":\"fr-FR\",\"@id\":\"https:\\\/\\\/onthegosystems.com\\\/fr\\\/#\\\/schema\\\/logo\\\/image\\\/\",\"url\":\"https:\\\/\\\/onthegosystems.com\\\/wp-content\\\/uploads\\\/2020\\\/07\\\/cropped-favicon.png\",\"contentUrl\":\"https:\\\/\\\/onthegosystems.com\\\/wp-content\\\/uploads\\\/2020\\\/07\\\/cropped-favicon.png\",\"width\":512,\"height\":512,\"caption\":\"OnTheGoSystems\"},\"image\":{\"@id\":\"https:\\\/\\\/onthegosystems.com\\\/fr\\\/#\\\/schema\\\/logo\\\/image\\\/\"}}]}<\/script>\n<!-- \/ Yoast SEO plugin. -->","yoast_head_json":{"title":"\u00c9quipe WPML - OnTheGoSystems","robots":{"index":"index","follow":"follow","max-snippet":"max-snippet:-1","max-image-preview":"max-image-preview:large","max-video-preview":"max-video-preview:-1"},"canonical":"https:\/\/onthegosystems.com\/fr\/equipes-et-projets\/wpml\/","og_locale":"fr_FR","og_type":"article","og_title":"\u00c9quipe WPML - OnTheGoSystems","og_url":"https:\/\/onthegosystems.com\/fr\/equipes-et-projets\/wpml\/","og_site_name":"OnTheGoSystems","article_modified_time":"2025-09-08T07:03:43+00:00","og_image":[{"width":152,"height":158,"url":"https:\/\/onthegosystems.com\/wp-content\/uploads\/2025\/04\/WPML-Logo-min.png","type":"image\/png"}],"twitter_card":"summary_large_image","twitter_misc":{"Dur\u00e9e de lecture estim\u00e9e":"2 minutes"},"schema":{"@context":"https:\/\/schema.org","@graph":[{"@type":"WebPage","@id":"https:\/\/onthegosystems.com\/fr\/equipes-et-projets\/wpml\/","url":"https:\/\/onthegosystems.com\/fr\/equipes-et-projets\/wpml\/","name":"\u00c9quipe WPML - OnTheGoSystems","isPartOf":{"@id":"https:\/\/onthegosystems.com\/fr\/#website"},"primaryImageOfPage":{"@id":"https:\/\/onthegosystems.com\/fr\/equipes-et-projets\/wpml\/#primaryimage"},"image":{"@id":"https:\/\/onthegosystems.com\/fr\/equipes-et-projets\/wpml\/#primaryimage"},"thumbnailUrl":"https:\/\/onthegosystems.com\/wp-content\/uploads\/2025\/04\/WPML-Logo-min.png","datePublished":"2025-04-03T12:36:28+00:00","dateModified":"2025-09-08T07:03:43+00:00","breadcrumb":{"@id":"https:\/\/onthegosystems.com\/fr\/equipes-et-projets\/wpml\/#breadcrumb"},"inLanguage":"fr-FR","potentialAction":[{"@type":"ReadAction","target":["https:\/\/onthegosystems.com\/fr\/equipes-et-projets\/wpml\/"]}]},{"@type":"ImageObject","inLanguage":"fr-FR","@id":"https:\/\/onthegosystems.com\/fr\/equipes-et-projets\/wpml\/#primaryimage","url":"https:\/\/onthegosystems.com\/wp-content\/uploads\/2025\/04\/WPML-Logo-min.png","contentUrl":"https:\/\/onthegosystems.com\/wp-content\/uploads\/2025\/04\/WPML-Logo-min.png"},{"@type":"BreadcrumbList","@id":"https:\/\/onthegosystems.com\/fr\/equipes-et-projets\/wpml\/#breadcrumb","itemListElement":[{"@type":"ListItem","position":1,"name":"Home","item":"https:\/\/onthegosystems.com\/fr\/page-daccueil\/"},{"@type":"ListItem","position":2,"name":"\u00c9quipes et projets","item":"https:\/\/onthegosystems.com\/fr\/equipes-et-projets\/"},{"@type":"ListItem","position":3,"name":"WPML"}]},{"@type":"WebSite","@id":"https:\/\/onthegosystems.com\/fr\/#website","url":"https:\/\/onthegosystems.com\/fr\/","name":"OnTheGoSystems","description":"WordPress plugins and professional translation","publisher":{"@id":"https:\/\/onthegosystems.com\/fr\/#organization"},"potentialAction":[{"@type":"SearchAction","target":{"@type":"EntryPoint","urlTemplate":"https:\/\/onthegosystems.com\/fr\/?s={search_term_string}"},"query-input":{"@type":"PropertyValueSpecification","valueRequired":true,"valueName":"search_term_string"}}],"inLanguage":"fr-FR"},{"@type":"Organization","@id":"https:\/\/onthegosystems.com\/fr\/#organization","name":"OnTheGoSystems","url":"https:\/\/onthegosystems.com\/fr\/","logo":{"@type":"ImageObject","inLanguage":"fr-FR","@id":"https:\/\/onthegosystems.com\/fr\/#\/schema\/logo\/image\/","url":"https:\/\/onthegosystems.com\/wp-content\/uploads\/2020\/07\/cropped-favicon.png","contentUrl":"https:\/\/onthegosystems.com\/wp-content\/uploads\/2020\/07\/cropped-favicon.png","width":512,"height":512,"caption":"OnTheGoSystems"},"image":{"@id":"https:\/\/onthegosystems.com\/fr\/#\/schema\/logo\/image\/"}}]}},"_links":{"self":[{"href":"https:\/\/onthegosystems.com\/fr\/wp-json\/wp\/v2\/pages\/26440","targetHints":{"allow":["GET"]}}],"collection":[{"href":"https:\/\/onthegosystems.com\/fr\/wp-json\/wp\/v2\/pages"}],"about":[{"href":"https:\/\/onthegosystems.com\/fr\/wp-json\/wp\/v2\/types\/page"}],"author":[{"embeddable":true,"href":"https:\/\/onthegosystems.com\/fr\/wp-json\/wp\/v2\/users\/34"}],"replies":[{"embeddable":true,"href":"https:\/\/onthegosystems.com\/fr\/wp-json\/wp\/v2\/comments?post=26440"}],"version-history":[{"count":6,"href":"https:\/\/onthegosystems.com\/fr\/wp-json\/wp\/v2\/pages\/26440\/revisions"}],"predecessor-version":[{"id":28823,"href":"https:\/\/onthegosystems.com\/fr\/wp-json\/wp\/v2\/pages\/26440\/revisions\/28823"}],"up":[{"embeddable":true,"href":"https:\/\/onthegosystems.com\/fr\/wp-json\/wp\/v2\/pages\/25605"}],"wp:attachment":[{"href":"https:\/\/onthegosystems.com\/fr\/wp-json\/wp\/v2\/media?parent=26440"}],"curies":[{"name":"wp","href":"https:\/\/api.w.org\/{rel}","templated":true}]}}